{"id":278887,"date":"2011-09-02T19:53:40","date_gmt":"2011-09-02T23:53:40","guid":{"rendered":"https:\/\/content.carib-export.com\/exporters\/funding\/the-direct-assistance-grant-scheme-dags\/"},"modified":"2025-02-06T12:51:49","modified_gmt":"2025-02-06T16:51:49","slug":"the-direct-assistance-grant-scheme-dags","status":"publish","type":"page","link":"https:\/\/content.carib-export.com\/fr\/resources\/funding\/the-direct-assistance-grant-scheme-dags\/","title":{"rendered":"Le r\u00e9gime de subventions d&rsquo;assistance directe (DAGS)"},"content":{"rendered":"\n<p>Le DAGS est un m\u00e9canisme de financement des subventions de remboursement sp\u00e9cialement con\u00e7u pour fournir une aide financi\u00e8re aux entreprises\/individus\/organisations de soutien aux entreprises (OSB) l\u00e9galement enregistr\u00e9es ayant le potentiel d&rsquo;exporter leurs produits et services. La DAGS est une facilit\u00e9 de remboursement, ce qui signifie qu&rsquo;aucune somme n&rsquo;est avanc\u00e9e aux b\u00e9n\u00e9ficiaires et qu&rsquo;ils devront assumer le co\u00fbt total de leurs projets et \u00eatre rembours\u00e9s \u00e0 l&rsquo;ach\u00e8vement de leurs projets. Une subvention ne peut \u00eatre accord\u00e9e r\u00e9trospectivement. L&rsquo;objectif de DAGS est le suivant :<\/p>\n\n<ul class=\"wp-block-list\"><li>Ouverture de nouveaux march\u00e9s ; accro\u00eetre les exportations vers la r\u00e9gion des Cara\u00efbes et\/ou d&rsquo;autres march\u00e9s internationaux<\/li><li>R\u00e9duction des co\u00fbts de production<\/li><li>Identifier de nouvelles sources d&rsquo;approvisionnement en mati\u00e8res premi\u00e8res ou autres intrants<\/li><li>Accro\u00eetre la productivit\u00e9 gr\u00e2ce \u00e0 la formation et au d\u00e9veloppement du personnel<\/li><li>Faciliter la protection des marques, de la propri\u00e9t\u00e9 intellectuelle et du droit d&rsquo;auteur<\/li><li>R\u00e9duction de l&rsquo;impact environnemental<\/li><li>Tirer parti des avantages de l&rsquo;accord de partenariat \u00e9conomique (APE), de l&rsquo;\u00e9conomie de march\u00e9 unique de la CARICOM (EMC), de l&rsquo;ALE CARICOM-R\u00e9publique dominicaine ou de tout autre accord bilat\u00e9ral ou multilat\u00e9ral sign\u00e9 par la r\u00e9gion au sein de la r\u00e9gion ou avec des partenaires ACP ou UE<\/li><li>Favoriser la coop\u00e9ration intra-r\u00e9gionale pour am\u00e9liorer la productivit\u00e9 et tirer parti des \u00e9conomies d&rsquo;\u00e9chelle<\/li><li>Promouvoir des programmes qui auront un impact sur les zones sous-d\u00e9velopp\u00e9es ou les secteurs d\u00e9favoris\u00e9s de la r\u00e9gion (par exemple, d\u00e9veloppement des zones rurales et genre).<\/li><\/ul>\n\n<p><strong>Le prochain appel \u00e0 propositions aura lieu en 2021.<\/strong> <a href=\"http:\/\/eepurl.com\/FFUfv\"><strong>Abonnez-vous maintenant<\/strong><\/a> pour vous assurer de recevoir toutes les derni\u00e8res mises \u00e0 jour.<\/p>\n\n<p>Consultez le Direct Assistance Grant Scheme \u2013 DAGS \u2013 Brochure.<\/p>\n\n<div style=\"height:40px\" aria-hidden=\"true\" class=\"wp-block-spacer\"><\/div>\n\n<div class=\"wp-block-buttons is-layout-flex wp-block-buttons-is-layout-flex\">\n<div class=\"wp-block-button is-style-outline is-style-outline--2\"><a class=\"wp-block-button__link\" href=\"https:\/\/content.carib-export.com\/exporters\/funding\/dags\/grant-awardees\/\" style=\"border-radius:0px\">Les boursiers du 11e FED<\/a><\/div>\n<\/div>\n\n<div style=\"height:40px\" aria-hidden=\"true\" class=\"wp-block-spacer\"><\/div>\n\n<h2 class=\"wp-block-heading\" id=\"tablepress-6-name\">Conseillers nationaux r\u00e9gionaux du DAGS<\/h2>\n\n<p>Caribbean Export a form\u00e9 des conseillers nationaux pour aider les entreprises lors du processus de demande et de remboursement du programme. Connectez-vous avec un conseiller pays dans votre r\u00e9gion.<\/p>\n\n<figure class=\"wp-block-flexible-table-block-table\"><table class=\"\"><thead><tr><th>Pays<\/th> <th>Nom<\/th> de <th>l&rsquo;organisation<\/th> E- <th>mail<\/th><\/tr><\/thead><tbody><tr><td>Minist\u00e8re du commerce, du commerce et de l&rsquo;industrie d&rsquo;<\/td> <td>Antigua-et-Barbuda<\/td> <td>Mme Juray Roberts<\/td> <td>Juray.Roberts@ab.gov.ag<\/td><\/tr><tr><td>Antigua-et-Barbuda<\/td> <td>Antigua-et-Barbuda Investment Authority<\/td> <td>Mme Jacqueline Yearwood<\/td> <td>jacqueline.yearwood@ab.gov.ag<\/td><\/tr><tr><td>Antigua-et-Barbuda<\/td> <td>Antigua-et-Barbuda Investment Authority<\/td> <td>Mme Ayanna Baptiste<\/td> <td>ayanna.baptiste@ab.gov.ag<\/td><\/tr><tr><td>Bahamas<\/td> <td>BAIC<\/td> <td>Mme Debbie Strachan<\/td> <td>debbiemstrachan@baic.gov.bs<\/td><\/tr><tr><td>Bahamas<\/td> <td>BAIC<\/td> <td>M. John Burrows<\/td> <td>johnburrows@baic.gov.bs<\/td><\/tr><tr><td>Bahamas<\/td> <td>GBPA<\/td> <td>M. Charles Pratt<\/td> <td>cpratt@gbpa.com<\/td><\/tr><tr><td>Barbade<\/td> <td>BIDC<\/td> <td>M. Allan Lange<\/td> <td>alange@BIDC.ORG<\/td><\/tr><tr><td>Barbade<\/td> <td>BIDC<\/td> <td>M. Modou Diagne<\/td> <td>mdiagne@BIDC.ORG<\/td><\/tr><tr><td>Belize<\/td> <td>BELTRAIDE<\/td> <td>Mme Diana Hernandez<\/td> <td>diana@belizeinvest.org.bz<\/td><\/tr><tr><td>Belize<\/td> <td>BELTRAIDE<\/td> <td>Mme Shahera McKoy<\/td> <td>shahera@belizeinvest.org.bz<\/td><\/tr><tr><td>Dominique<\/td> <td>Dexia<\/td> <td>M. J. Lloyd Pascal<\/td> <td>lpascal@dexiaexport.com<\/td><\/tr><tr><td>Dominique<\/td> <td>Association de l&rsquo;industrie et du commerce de<\/td> la <td>Dominique Mme Lizra Fabien<\/td> <td>daic@cwdom.dm<\/td><\/tr><tr><td>R\u00e9publique dominicaine<\/td> <td>ADOEXPO<\/td> <td>Mme Noelia A Tavares<\/td> <td>NAlberto@adoexpo.org<\/td><\/tr><tr><td>Grenade<\/td> <td>Soci\u00e9t\u00e9 de d\u00e9veloppement industriel de la Grenade<\/td> <td>Mme Karen Boatswain<\/td> <td>kboatswain@grenadaidc.com<\/td><\/tr><tr><td>Grenade<\/td> <td>Soci\u00e9t\u00e9 de d\u00e9veloppement industriel de la Grenade<\/td> <td>Mme Khesha Mitchell<\/td> <td>kmitchell@grenadaidc.com<\/td><\/tr><tr><td>Guyane<\/td> <td>GOINVEST<\/td> <td>Mme Uchenna Gibson<\/td> <td>ugibson@goinvest.gov.gy<\/td><\/tr><tr><td>Guyana<\/td> <td>Small Business Bureau<\/td> <td>Dr. Lowell Porter<\/td> <td>lportersbb@gmail.com<\/td><\/tr><tr><td>Ha\u00efti<\/td> <td>CASELI<\/td> <td>M. Patrick Dessources<\/td> <td>patrick.dessources@caseli.org<\/td><\/tr><tr><td>YMCA<\/td> d&rsquo; <td>Ha\u00efti<\/td> <td>M. Roges Lamothe<\/td> <td>rogesl@gns.ht<\/td><\/tr><tr><td>Jama\u00efque<\/td> <td>Association des exportateurs de<\/td> la Jama\u00efque <td>Mme Carole Rowe<\/td> <td>cbrowe@exportja.org<\/td><\/tr><tr><td>Jama\u00efque<\/td> <td>Association des fabricants et exportateurs de<\/td> la Jama\u00efque <td>Mme Paula Hagley<\/td> <td>paula@jmea.org<\/td><\/tr><tr><td>Centre de d\u00e9veloppement des petites entreprises de<\/td> <td>Sainte-Lucie<\/td> <td>M. Jonathan Allain<\/td> <td>jonathan.allain@govt.lc<\/td><\/tr><tr><td>Saint-Kitts-et-Nevis<\/td> <td>Minist\u00e8re du commerce international, de l&rsquo;industrie, du commerce et de la consommation<\/td> <td>Mme Tonya Kelly<\/td> <td>tonya.kelly@gov.kn<\/td><\/tr><tr><td>Saint-Kitts<\/td> <td>-et-Nevis Chambre d&rsquo;industrie et de commerce de<\/td> Saint-Kitts-et-Nevis <td>Mme Brenda John<\/td> <td>bjohn@sknchamber.com<\/td><\/tr><tr><td>Centre pour le d\u00e9veloppement des entreprises de<\/td> <td>Saint-Vincent-et-les Grenadines<\/td> <td>Nisha Glasgow<\/td> <td>nglasgow@cedsvg.com<\/td><\/tr><tr><td>Centre pour le d\u00e9veloppement des entreprises de<\/td> <td>Saint-Vincent-et-les Grenadines<\/td> <td>Keisha Phillips<\/td> <td>kphillips@cedsvg.com<\/td><\/tr><tr><td>Saint-Vincent-et-les Grenadines<\/td> <td>Invest SVG<\/td> <td>Mme Hazell-Anne Nero-Roberts<\/td> <td>hnero@investsvg.com<\/td><\/tr><tr><td>Saint-Vincent-et-les Grenadines<\/td> <td>Invest SVG<\/td> <td>Sianne Timm<\/td> <td>stimm@investsvg.com<\/td><\/tr><tr><td>Saint-Vincent-et-les Grenadines<\/td> <td>Invest SVG<\/td> <td>Mme Angelella Young<\/td> <td>ayoung@investsvg.com<\/td><\/tr><tr><td>Suriname<\/td> <td>Centre de d\u00e9veloppement des entreprises du Suriname<\/td> <td>M. Ratanlal Kalka<\/td> <td>rkalka@sbc.sr<\/td><\/tr><tr><td>Trinit\u00e9-et-Tobago<\/td> <td>exportTT Ltd<\/td> <td>Mme Deborah Hoyte<\/td> <td>dhoyte-redman@exportt.co.tt<\/td><\/tr><tr><td>Trinit\u00e9-et-<\/td> <td>Tobago Association des fabricants de Trinit\u00e9<\/td> -et-Tobago <td>M. Ismahieel Ali<\/td> <td>tradeassist@ttma.com<\/td><\/tr><\/tbody><\/table><\/figure>\n","protected":false},"excerpt":{"rendered":"<p>Le DAGS est un m\u00e9canisme de financement des subventions de remboursement sp\u00e9cialement con\u00e7u pour fournir une aide financi\u00e8re aux entreprises\/individus\/organisations de soutien aux entreprises (OSB) l\u00e9galement enregistr\u00e9es ayant le potentiel d&rsquo;exporter leurs produits et services.<\/p>\n","protected":false},"author":9,"featured_media":245082,"parent":256255,"menu_order":0,"comment_status":"closed","ping_status":"closed","template":"","meta":{"_acf_changed":false,"inline_featured_image":false,"footnotes":""},"tags":[10638],"class_list":["post-278887","page","type-page","status-publish","has-post-thumbnail","hentry","tag-dags-fr"],"acf":[],"yoast_head":"<!-- This site is optimized with the Yoast SEO plugin v27.1.1 - https:\/\/yoast.com\/product\/yoast-seo-wordpress\/ -->\n<title>de Le r\u00e9gime de subventions d&#039;assistance directe (DAGS) - Exportation Cara\u00efbes<\/title>\n<meta name=\"robots\" content=\"index, follow, max-snippet:-1, max-image-preview:large, max-video-preview:-1\" \/>\n<link rel=\"canonical\" href=\"https:\/\/content.carib-export.com\/fr\/resources\/funding\/the-direct-assistance-grant-scheme-dags\/\" \/>\n<meta property=\"og:locale\" content=\"fr_FR\" \/>\n<meta property=\"og:type\" content=\"article\" \/>\n<meta property=\"og:title\" content=\"de Le r\u00e9gime de subventions d&#039;assistance directe (DAGS) - Exportation Cara\u00efbes\" \/>\n<meta property=\"og:description\" content=\"Le DAGS est un m\u00e9canisme de financement des subventions de remboursement sp\u00e9cialement con\u00e7u pour fournir une aide financi\u00e8re aux entreprises\/individus\/organisations de soutien aux entreprises (OSB) l\u00e9galement enregistr\u00e9es ayant le potentiel d&#039;exporter leurs produits et services.\" \/>\n<meta property=\"og:url\" content=\"https:\/\/content.carib-export.com\/fr\/resources\/funding\/the-direct-assistance-grant-scheme-dags\/\" \/>\n<meta property=\"og:site_name\" content=\"Exportation Cara\u00efbes\" \/>\n<meta property=\"article:publisher\" content=\"https:\/\/www.facebook.com\/CaribbeanExport\" \/>\n<meta property=\"article:modified_time\" content=\"2025-02-06T16:51:49+00:00\" \/>\n<meta property=\"og:image\" content=\"https:\/\/content.carib-export.com\/wp-content\/uploads\/2019\/04\/DAGs_Get-The-Edge_1000-x-376_Blue.jpg\" \/>\n\t<meta property=\"og:image:width\" content=\"1000\" \/>\n\t<meta property=\"og:image:height\" content=\"376\" \/>\n\t<meta property=\"og:image:type\" content=\"image\/jpeg\" \/>\n<meta name=\"twitter:card\" content=\"summary_large_image\" \/>\n<meta name=\"twitter:site\" content=\"@CaribXport\" \/>\n<meta name=\"twitter:label1\" content=\"Dur\u00e9e de lecture estim\u00e9e\" \/>\n\t<meta name=\"twitter:data1\" content=\"4 minutes\" \/>\n<script type=\"application\/ld+json\" class=\"yoast-schema-graph\">{\"@context\":\"https:\/\/schema.org\",\"@graph\":[{\"@type\":\"WebPage\",\"@id\":\"https:\/\/content.carib-export.com\/fr\/resources\/funding\/the-direct-assistance-grant-scheme-dags\/\",\"url\":\"https:\/\/content.carib-export.com\/fr\/resources\/funding\/the-direct-assistance-grant-scheme-dags\/\",\"name\":\"de Le r\u00e9gime de subventions d'assistance directe (DAGS) - Exportation Cara\u00efbes\",\"isPartOf\":{\"@id\":\"https:\/\/content.carib-export.com\/fr\/#website\"},\"primaryImageOfPage\":{\"@id\":\"https:\/\/content.carib-export.com\/fr\/resources\/funding\/the-direct-assistance-grant-scheme-dags\/#primaryimage\"},\"image\":{\"@id\":\"https:\/\/content.carib-export.com\/fr\/resources\/funding\/the-direct-assistance-grant-scheme-dags\/#primaryimage\"},\"thumbnailUrl\":\"https:\/\/content.carib-export.com\/wp-content\/uploads\/2019\/04\/DAGs_Get-The-Edge_1000-x-376_Blue.jpg\",\"datePublished\":\"2011-09-02T23:53:40+00:00\",\"dateModified\":\"2025-02-06T16:51:49+00:00\",\"breadcrumb\":{\"@id\":\"https:\/\/content.carib-export.com\/fr\/resources\/funding\/the-direct-assistance-grant-scheme-dags\/#breadcrumb\"},\"inLanguage\":\"fr-FR\",\"potentialAction\":[{\"@type\":\"ReadAction\",\"target\":[\"https:\/\/content.carib-export.com\/fr\/resources\/funding\/the-direct-assistance-grant-scheme-dags\/\"]}]},{\"@type\":\"ImageObject\",\"inLanguage\":\"fr-FR\",\"@id\":\"https:\/\/content.carib-export.com\/fr\/resources\/funding\/the-direct-assistance-grant-scheme-dags\/#primaryimage\",\"url\":\"https:\/\/content.carib-export.com\/wp-content\/uploads\/2019\/04\/DAGs_Get-The-Edge_1000-x-376_Blue.jpg\",\"contentUrl\":\"https:\/\/content.carib-export.com\/wp-content\/uploads\/2019\/04\/DAGs_Get-The-Edge_1000-x-376_Blue.jpg\",\"width\":1000,\"height\":376},{\"@type\":\"BreadcrumbList\",\"@id\":\"https:\/\/content.carib-export.com\/fr\/resources\/funding\/the-direct-assistance-grant-scheme-dags\/#breadcrumb\",\"itemListElement\":[{\"@type\":\"ListItem\",\"position\":1,\"name\":\"Accueil\",\"item\":\"https:\/\/content.carib-export.com\/fr\/home\/\"},{\"@type\":\"ListItem\",\"position\":2,\"name\":\"Ressources\",\"item\":\"https:\/\/content.carib-export.com\/fr\/resources\/\"},{\"@type\":\"ListItem\",\"position\":3,\"name\":\"Subventions\",\"item\":\"https:\/\/content.carib-export.com\/fr\/resources\/funding\/\"},{\"@type\":\"ListItem\",\"position\":4,\"name\":\"Le r\u00e9gime de subventions d&rsquo;assistance directe (DAGS)\"}]},{\"@type\":\"WebSite\",\"@id\":\"https:\/\/content.carib-export.com\/fr\/#website\",\"url\":\"https:\/\/content.carib-export.com\/fr\/\",\"name\":\"Exportation Cara\u00efbes\",\"description\":\"La seule agence r\u00e9gionale de promotion du commerce et des investissements du groupe Afrique, Cara\u00efbes et Pacifique.\",\"publisher\":{\"@id\":\"https:\/\/content.carib-export.com\/fr\/#organization\"},\"potentialAction\":[{\"@type\":\"SearchAction\",\"target\":{\"@type\":\"EntryPoint\",\"urlTemplate\":\"https:\/\/content.carib-export.com\/fr\/?s={search_term_string}\"},\"query-input\":{\"@type\":\"PropertyValueSpecification\",\"valueRequired\":true,\"valueName\":\"search_term_string\"}}],\"inLanguage\":\"fr-FR\"},{\"@type\":\"Organization\",\"@id\":\"https:\/\/content.carib-export.com\/fr\/#organization\",\"name\":\"Agence carib\u00e9enne de d\u00e9veloppement des exportations\",\"url\":\"https:\/\/content.carib-export.com\/fr\/\",\"logo\":{\"@type\":\"ImageObject\",\"inLanguage\":\"fr-FR\",\"@id\":\"https:\/\/content.carib-export.com\/fr\/#\/schema\/logo\/image\/\",\"url\":\"https:\/\/content.carib-export.com\/wp-content\/uploads\/2013\/03\/CE-Logo-2013.jpg\",\"contentUrl\":\"https:\/\/content.carib-export.com\/wp-content\/uploads\/2013\/03\/CE-Logo-2013.jpg\",\"width\":1024,\"height\":244,\"caption\":\"Agence carib\u00e9enne de d\u00e9veloppement des exportations\"},\"image\":{\"@id\":\"https:\/\/content.carib-export.com\/fr\/#\/schema\/logo\/image\/\"},\"sameAs\":[\"https:\/\/www.facebook.com\/CaribbeanExport\",\"https:\/\/x.com\/CaribXport\",\"https:\/\/www.instagram.com\/caribbeanexport\",\"https:\/\/www.linkedin.com\/company\/caribbeanexport\",\"https:\/\/www.youtube.com\/user\/TheCaribbeanExport\"]}]}<\/script>\n<!-- \/ Yoast SEO plugin. -->","yoast_head_json":{"title":"de Le r\u00e9gime de subventions d'assistance directe (DAGS) - Exportation Cara\u00efbes","robots":{"index":"index","follow":"follow","max-snippet":"max-snippet:-1","max-image-preview":"max-image-preview:large","max-video-preview":"max-video-preview:-1"},"canonical":"https:\/\/content.carib-export.com\/fr\/resources\/funding\/the-direct-assistance-grant-scheme-dags\/","og_locale":"fr_FR","og_type":"article","og_title":"de Le r\u00e9gime de subventions d'assistance directe (DAGS) - Exportation Cara\u00efbes","og_description":"Le DAGS est un m\u00e9canisme de financement des subventions de remboursement sp\u00e9cialement con\u00e7u pour fournir une aide financi\u00e8re aux entreprises\/individus\/organisations de soutien aux entreprises (OSB) l\u00e9galement enregistr\u00e9es ayant le potentiel d'exporter leurs produits et services.","og_url":"https:\/\/content.carib-export.com\/fr\/resources\/funding\/the-direct-assistance-grant-scheme-dags\/","og_site_name":"Exportation Cara\u00efbes","article_publisher":"https:\/\/www.facebook.com\/CaribbeanExport","article_modified_time":"2025-02-06T16:51:49+00:00","og_image":[{"width":1000,"height":376,"url":"https:\/\/content.carib-export.com\/wp-content\/uploads\/2019\/04\/DAGs_Get-The-Edge_1000-x-376_Blue.jpg","type":"image\/jpeg"}],"twitter_card":"summary_large_image","twitter_site":"@CaribXport","twitter_misc":{"Dur\u00e9e de lecture estim\u00e9e":"4 minutes"},"schema":{"@context":"https:\/\/schema.org","@graph":[{"@type":"WebPage","@id":"https:\/\/content.carib-export.com\/fr\/resources\/funding\/the-direct-assistance-grant-scheme-dags\/","url":"https:\/\/content.carib-export.com\/fr\/resources\/funding\/the-direct-assistance-grant-scheme-dags\/","name":"de Le r\u00e9gime de subventions d'assistance directe (DAGS) - Exportation Cara\u00efbes","isPartOf":{"@id":"https:\/\/content.carib-export.com\/fr\/#website"},"primaryImageOfPage":{"@id":"https:\/\/content.carib-export.com\/fr\/resources\/funding\/the-direct-assistance-grant-scheme-dags\/#primaryimage"},"image":{"@id":"https:\/\/content.carib-export.com\/fr\/resources\/funding\/the-direct-assistance-grant-scheme-dags\/#primaryimage"},"thumbnailUrl":"https:\/\/content.carib-export.com\/wp-content\/uploads\/2019\/04\/DAGs_Get-The-Edge_1000-x-376_Blue.jpg","datePublished":"2011-09-02T23:53:40+00:00","dateModified":"2025-02-06T16:51:49+00:00","breadcrumb":{"@id":"https:\/\/content.carib-export.com\/fr\/resources\/funding\/the-direct-assistance-grant-scheme-dags\/#breadcrumb"},"inLanguage":"fr-FR","potentialAction":[{"@type":"ReadAction","target":["https:\/\/content.carib-export.com\/fr\/resources\/funding\/the-direct-assistance-grant-scheme-dags\/"]}]},{"@type":"ImageObject","inLanguage":"fr-FR","@id":"https:\/\/content.carib-export.com\/fr\/resources\/funding\/the-direct-assistance-grant-scheme-dags\/#primaryimage","url":"https:\/\/content.carib-export.com\/wp-content\/uploads\/2019\/04\/DAGs_Get-The-Edge_1000-x-376_Blue.jpg","contentUrl":"https:\/\/content.carib-export.com\/wp-content\/uploads\/2019\/04\/DAGs_Get-The-Edge_1000-x-376_Blue.jpg","width":1000,"height":376},{"@type":"BreadcrumbList","@id":"https:\/\/content.carib-export.com\/fr\/resources\/funding\/the-direct-assistance-grant-scheme-dags\/#breadcrumb","itemListElement":[{"@type":"ListItem","position":1,"name":"Accueil","item":"https:\/\/content.carib-export.com\/fr\/home\/"},{"@type":"ListItem","position":2,"name":"Ressources","item":"https:\/\/content.carib-export.com\/fr\/resources\/"},{"@type":"ListItem","position":3,"name":"Subventions","item":"https:\/\/content.carib-export.com\/fr\/resources\/funding\/"},{"@type":"ListItem","position":4,"name":"Le r\u00e9gime de subventions d&rsquo;assistance directe (DAGS)"}]},{"@type":"WebSite","@id":"https:\/\/content.carib-export.com\/fr\/#website","url":"https:\/\/content.carib-export.com\/fr\/","name":"Exportation Cara\u00efbes","description":"La seule agence r\u00e9gionale de promotion du commerce et des investissements du groupe Afrique, Cara\u00efbes et Pacifique.","publisher":{"@id":"https:\/\/content.carib-export.com\/fr\/#organization"},"potentialAction":[{"@type":"SearchAction","target":{"@type":"EntryPoint","urlTemplate":"https:\/\/content.carib-export.com\/fr\/?s={search_term_string}"},"query-input":{"@type":"PropertyValueSpecification","valueRequired":true,"valueName":"search_term_string"}}],"inLanguage":"fr-FR"},{"@type":"Organization","@id":"https:\/\/content.carib-export.com\/fr\/#organization","name":"Agence carib\u00e9enne de d\u00e9veloppement des exportations","url":"https:\/\/content.carib-export.com\/fr\/","logo":{"@type":"ImageObject","inLanguage":"fr-FR","@id":"https:\/\/content.carib-export.com\/fr\/#\/schema\/logo\/image\/","url":"https:\/\/content.carib-export.com\/wp-content\/uploads\/2013\/03\/CE-Logo-2013.jpg","contentUrl":"https:\/\/content.carib-export.com\/wp-content\/uploads\/2013\/03\/CE-Logo-2013.jpg","width":1024,"height":244,"caption":"Agence carib\u00e9enne de d\u00e9veloppement des exportations"},"image":{"@id":"https:\/\/content.carib-export.com\/fr\/#\/schema\/logo\/image\/"},"sameAs":["https:\/\/www.facebook.com\/CaribbeanExport","https:\/\/x.com\/CaribXport","https:\/\/www.instagram.com\/caribbeanexport","https:\/\/www.linkedin.com\/company\/caribbeanexport","https:\/\/www.youtube.com\/user\/TheCaribbeanExport"]}]}},"_links":{"self":[{"href":"https:\/\/content.carib-export.com\/fr\/wp-json\/wp\/v2\/pages\/278887","targetHints":{"allow":["GET"]}}],"collection":[{"href":"https:\/\/content.carib-export.com\/fr\/wp-json\/wp\/v2\/pages"}],"about":[{"href":"https:\/\/content.carib-export.com\/fr\/wp-json\/wp\/v2\/types\/page"}],"author":[{"embeddable":true,"href":"https:\/\/content.carib-export.com\/fr\/wp-json\/wp\/v2\/users\/9"}],"replies":[{"embeddable":true,"href":"https:\/\/content.carib-export.com\/fr\/wp-json\/wp\/v2\/comments?post=278887"}],"version-history":[{"count":0,"href":"https:\/\/content.carib-export.com\/fr\/wp-json\/wp\/v2\/pages\/278887\/revisions"}],"up":[{"embeddable":true,"href":"https:\/\/content.carib-export.com\/fr\/wp-json\/wp\/v2\/pages\/256255"}],"wp:featuredmedia":[{"embeddable":true,"href":"https:\/\/content.carib-export.com\/fr\/wp-json\/wp\/v2\/media\/245082"}],"wp:attachment":[{"href":"https:\/\/content.carib-export.com\/fr\/wp-json\/wp\/v2\/media?parent=278887"}],"wp:term":[{"taxonomy":"post_tag","embeddable":true,"href":"https:\/\/content.carib-export.com\/fr\/wp-json\/wp\/v2\/tags?post=278887"}],"curies":[{"name":"wp","href":"https:\/\/api.w.org\/{rel}","templated":true}]}}