{"id":278905,"date":"2020-02-26T11:54:22","date_gmt":"2020-02-26T15:54:22","guid":{"rendered":"https:\/\/content.carib-export.com\/exporters\/funding\/dags\/"},"modified":"2025-02-06T12:15:54","modified_gmt":"2025-02-06T16:15:54","slug":"dags","status":"publish","type":"page","link":"https:\/\/content.carib-export.com\/fr\/resources\/funding\/dags\/","title":{"rendered":"Le r\u00e9gime de subventions d&rsquo;assistance directe (DAGS)"},"content":{"rendered":"\n<p>DAGS est un m\u00e9canisme de financement de subventions de remboursement sp\u00e9cialement con\u00e7u pour fournir une aide financi\u00e8re aux personnes l\u00e9galement enregistr\u00e9es. . La DAGS est une facilit\u00e9 de remboursement, ce qui signifie qu&rsquo;aucune somme n&rsquo;est avanc\u00e9e aux b\u00e9n\u00e9ficiaires et qu&rsquo;ils devront assumer le co\u00fbt total de leurs projets et \u00eatre rembours\u00e9s \u00e0 l&rsquo;ach\u00e8vement de leurs projets. Une subvention ne peut \u00eatre accord\u00e9e r\u00e9trospectivement. L&rsquo;objectif de DAGS est le suivant :<\/p>\n\n<div style=\"height:40px\" aria-hidden=\"true\" class=\"wp-block-spacer\"><\/div>\n\n<ul class=\"wp-block-list\">\n<li>Ouverture de nouveaux march\u00e9s ; accro\u00eetre les exportations vers la r\u00e9gion des Cara\u00efbes et\/ou d&rsquo;autres march\u00e9s internationaux<\/li>\n\n\n\n<li>R\u00e9duction des co\u00fbts de production<\/li>\n\n\n\n<li>Identifier de nouvelles sources d&rsquo;approvisionnement en mati\u00e8res premi\u00e8res ou autres intrants<\/li>\n\n\n\n<li>Accro\u00eetre la productivit\u00e9 gr\u00e2ce \u00e0 la formation et au d\u00e9veloppement du personnel<\/li>\n\n\n\n<li>Faciliter la protection des marques, de la propri\u00e9t\u00e9 intellectuelle et du droit d&rsquo;auteur<\/li>\n\n\n\n<li>R\u00e9duction de l&rsquo;impact environnemental<\/li>\n\n\n\n<li>Tirer parti des avantages de l&rsquo;accord de partenariat \u00e9conomique (APE), de l&rsquo;\u00e9conomie de march\u00e9 unique de la CARICOM (EMC), de l&rsquo;ALE CARICOM-R\u00e9publique dominicaine ou de tout autre accord bilat\u00e9ral ou multilat\u00e9ral sign\u00e9 par la r\u00e9gion au sein de la r\u00e9gion ou avec des partenaires ACP ou UE<\/li>\n\n\n\n<li>Favoriser la coop\u00e9ration intra-r\u00e9gionale pour am\u00e9liorer la productivit\u00e9 et tirer parti des \u00e9conomies d&rsquo;\u00e9chelle<\/li>\n\n\n\n<li>Promouvoir des programmes qui auront un impact sur les zones sous-d\u00e9velopp\u00e9es ou les secteurs d\u00e9favoris\u00e9s de la r\u00e9gion (par exemple, d\u00e9veloppement des zones rurales et genre).<\/li>\n<\/ul>\n\n<div style=\"height:40px\" aria-hidden=\"true\" class=\"wp-block-spacer\"><\/div>\n\n<h2 class=\"wp-block-heading\">Caribbean Export acceptera les demandes de propositions de subventions dans les cat\u00e9gories ci-dessous pour le 3e appel \u00e0 propositions :<\/h2>\n\n<div class=\"wp-block-media-text alignwide has-media-on-the-right is-stacked-on-mobile\"><div class=\"wp-block-media-text__content\">\n<ul class=\"wp-block-list\">\n<li>Efficacit\u00e9 \u00e9nerg\u00e9tique et \u00e9nergie renouvelable (syst\u00e8mes environnementaux);<\/li>\n\n\n\n<li>Marketing et promotions (image de marque, emballage et conception, conception de sites Web, brochures, etc.);<\/li>\n\n\n\n<li>Pr\u00e9paration \u00e0 l&rsquo;investissement (recherche et d\u00e9veloppement, innovation, mise \u00e0 niveau technologique, test de march\u00e9, etc.) ;<\/li>\n\n\n\n<li>Achat et mise \u00e0 niveau d&rsquo;\u00e9quipement ;<\/li>\n\n\n\n<li>Certification (normes, r\u00e9glementations, etc.) ;<\/li>\n\n\n\n<li>Renforcement des capacit\u00e9s (programmes de formation) ;<\/li>\n\n\n\n<li>Salons professionnels (frais de kiosque et frais d&rsquo;inscription); et<\/li>\n\n\n\n<li>Protection des droits de propri\u00e9t\u00e9 intellectuelle (d\u00e9p\u00f4t de marques, brevets, etc.).<\/li>\n<\/ul>\n<\/div><figure class=\"wp-block-media-text__media\"><img loading=\"lazy\" decoding=\"async\" width=\"1024\" height=\"1024\" src=\"https:\/\/content.carib-export.com\/wp-content\/uploads\/2020\/02\/CE-DAGS-2020-Square-Renewablef-1024x1024.jpg\" alt=\"\" class=\"wp-image-187979 size-full\" srcset=\"https:\/\/content.carib-export.com\/wp-content\/uploads\/2020\/02\/CE-DAGS-2020-Square-Renewablef-1024x1024.jpg 1024w, https:\/\/content.carib-export.com\/wp-content\/uploads\/2020\/02\/CE-DAGS-2020-Square-Renewablef-300x300.jpg 300w, https:\/\/content.carib-export.com\/wp-content\/uploads\/2020\/02\/CE-DAGS-2020-Square-Renewablef-150x150.jpg 150w, https:\/\/content.carib-export.com\/wp-content\/uploads\/2020\/02\/CE-DAGS-2020-Square-Renewablef-768x768.jpg 768w, https:\/\/content.carib-export.com\/wp-content\/uploads\/2020\/02\/CE-DAGS-2020-Square-Renewablef.jpg 1200w\" sizes=\"auto, (max-width: 1024px) 100vw, 1024px\" \/><\/figure><\/div>\n\n<div class=\"wp-block-buttons is-layout-flex wp-block-buttons-is-layout-flex\">\n<div class=\"wp-block-button is-style-outline is-style-outline--2\"><a class=\"wp-block-button__link wp-element-button\" href=\"https:\/\/content.carib-export.com\/exporters\/funding\/dags\/grant-awardees\/\" style=\"border-radius:0px\"> Les boursiers du 11e FED <\/a><\/div>\n<\/div>\n\n<h3 class=\"wp-block-heading\"><strong>Cet appel \u00e0 propositions est d\u00e9sormais clos.<\/strong><\/h3>\n","protected":false},"excerpt":{"rendered":"<p>DAGS est un m\u00e9canisme de financement de subventions de remboursement sp\u00e9cialement con\u00e7u pour fournir une aide financi\u00e8re aux personnes l\u00e9galement enregistr\u00e9es. . La DAGS est une facilit\u00e9 de remboursement, ce qui signifie qu&rsquo;aucune somme n&rsquo;est avanc\u00e9e aux b\u00e9n\u00e9ficiaires et qu&rsquo;ils devront assumer le co\u00fbt total de leurs projets et \u00eatre rembours\u00e9s \u00e0 l&rsquo;ach\u00e8vement de leurs [&hellip;]<\/p>\n","protected":false},"author":9,"featured_media":249596,"parent":256255,"menu_order":0,"comment_status":"closed","ping_status":"closed","template":"","meta":{"_acf_changed":false,"inline_featured_image":false,"footnotes":""},"tags":[],"class_list":["post-278905","page","type-page","status-publish","has-post-thumbnail","hentry"],"acf":[],"yoast_head":"<!-- This site is optimized with the Yoast SEO plugin v27.1.1 - https:\/\/yoast.com\/product\/yoast-seo-wordpress\/ -->\n<title>de Le r\u00e9gime de subventions d&#039;assistance directe (DAGS) - Exportation Cara\u00efbes<\/title>\n<meta name=\"robots\" content=\"index, follow, max-snippet:-1, max-image-preview:large, max-video-preview:-1\" \/>\n<link rel=\"canonical\" href=\"https:\/\/content.carib-export.com\/fr\/resources\/funding\/dags\/\" \/>\n<meta property=\"og:locale\" content=\"fr_FR\" \/>\n<meta property=\"og:type\" content=\"article\" \/>\n<meta property=\"og:title\" content=\"de Le r\u00e9gime de subventions d&#039;assistance directe (DAGS) - Exportation Cara\u00efbes\" \/>\n<meta property=\"og:description\" content=\"DAGS est un m\u00e9canisme de financement de subventions de remboursement sp\u00e9cialement con\u00e7u pour fournir une aide financi\u00e8re aux personnes l\u00e9galement enregistr\u00e9es. . La DAGS est une facilit\u00e9 de remboursement, ce qui signifie qu&rsquo;aucune somme n&rsquo;est avanc\u00e9e aux b\u00e9n\u00e9ficiaires et qu&rsquo;ils devront assumer le co\u00fbt total de leurs projets et \u00eatre rembours\u00e9s \u00e0 l&rsquo;ach\u00e8vement de leurs [&hellip;]\" \/>\n<meta property=\"og:url\" content=\"https:\/\/content.carib-export.com\/fr\/resources\/funding\/dags\/\" \/>\n<meta property=\"og:site_name\" content=\"Exportation Cara\u00efbes\" \/>\n<meta property=\"article:publisher\" content=\"https:\/\/www.facebook.com\/CaribbeanExport\" \/>\n<meta property=\"article:modified_time\" content=\"2025-02-06T16:15:54+00:00\" \/>\n<meta property=\"og:image\" content=\"https:\/\/content.carib-export.com\/wp-content\/uploads\/2020\/02\/CE-DAGS-2020-Square-CreativeIndusf.jpg\" \/>\n\t<meta property=\"og:image:width\" content=\"1200\" \/>\n\t<meta property=\"og:image:height\" content=\"1200\" \/>\n\t<meta property=\"og:image:type\" content=\"image\/jpeg\" \/>\n<meta name=\"twitter:card\" content=\"summary_large_image\" \/>\n<meta name=\"twitter:site\" content=\"@CaribXport\" \/>\n<meta name=\"twitter:label1\" content=\"Dur\u00e9e de lecture estim\u00e9e\" \/>\n\t<meta name=\"twitter:data1\" content=\"2 minutes\" \/>\n<script type=\"application\/ld+json\" class=\"yoast-schema-graph\">{\"@context\":\"https:\/\/schema.org\",\"@graph\":[{\"@type\":\"WebPage\",\"@id\":\"https:\/\/content.carib-export.com\/fr\/resources\/funding\/dags\/\",\"url\":\"https:\/\/content.carib-export.com\/fr\/resources\/funding\/dags\/\",\"name\":\"de Le r\u00e9gime de subventions d'assistance directe (DAGS) - Exportation Cara\u00efbes\",\"isPartOf\":{\"@id\":\"https:\/\/content.carib-export.com\/fr\/#website\"},\"primaryImageOfPage\":{\"@id\":\"https:\/\/content.carib-export.com\/fr\/resources\/funding\/dags\/#primaryimage\"},\"image\":{\"@id\":\"https:\/\/content.carib-export.com\/fr\/resources\/funding\/dags\/#primaryimage\"},\"thumbnailUrl\":\"https:\/\/content.carib-export.com\/wp-content\/uploads\/2020\/02\/CE-DAGS-2020-Square-CreativeIndusf.jpg\",\"datePublished\":\"2020-02-26T15:54:22+00:00\",\"dateModified\":\"2025-02-06T16:15:54+00:00\",\"breadcrumb\":{\"@id\":\"https:\/\/content.carib-export.com\/fr\/resources\/funding\/dags\/#breadcrumb\"},\"inLanguage\":\"fr-FR\",\"potentialAction\":[{\"@type\":\"ReadAction\",\"target\":[\"https:\/\/content.carib-export.com\/fr\/resources\/funding\/dags\/\"]}]},{\"@type\":\"ImageObject\",\"inLanguage\":\"fr-FR\",\"@id\":\"https:\/\/content.carib-export.com\/fr\/resources\/funding\/dags\/#primaryimage\",\"url\":\"https:\/\/content.carib-export.com\/wp-content\/uploads\/2020\/02\/CE-DAGS-2020-Square-CreativeIndusf.jpg\",\"contentUrl\":\"https:\/\/content.carib-export.com\/wp-content\/uploads\/2020\/02\/CE-DAGS-2020-Square-CreativeIndusf.jpg\",\"width\":1200,\"height\":1200},{\"@type\":\"BreadcrumbList\",\"@id\":\"https:\/\/content.carib-export.com\/fr\/resources\/funding\/dags\/#breadcrumb\",\"itemListElement\":[{\"@type\":\"ListItem\",\"position\":1,\"name\":\"Accueil\",\"item\":\"https:\/\/content.carib-export.com\/fr\/home\/\"},{\"@type\":\"ListItem\",\"position\":2,\"name\":\"Ressources\",\"item\":\"https:\/\/content.carib-export.com\/fr\/resources\/\"},{\"@type\":\"ListItem\",\"position\":3,\"name\":\"Subventions\",\"item\":\"https:\/\/content.carib-export.com\/fr\/resources\/funding\/\"},{\"@type\":\"ListItem\",\"position\":4,\"name\":\"Le r\u00e9gime de subventions d&rsquo;assistance directe (DAGS)\"}]},{\"@type\":\"WebSite\",\"@id\":\"https:\/\/content.carib-export.com\/fr\/#website\",\"url\":\"https:\/\/content.carib-export.com\/fr\/\",\"name\":\"Exportation Cara\u00efbes\",\"description\":\"La seule agence r\u00e9gionale de promotion du commerce et des investissements du groupe Afrique, Cara\u00efbes et Pacifique.\",\"publisher\":{\"@id\":\"https:\/\/content.carib-export.com\/fr\/#organization\"},\"potentialAction\":[{\"@type\":\"SearchAction\",\"target\":{\"@type\":\"EntryPoint\",\"urlTemplate\":\"https:\/\/content.carib-export.com\/fr\/?s={search_term_string}\"},\"query-input\":{\"@type\":\"PropertyValueSpecification\",\"valueRequired\":true,\"valueName\":\"search_term_string\"}}],\"inLanguage\":\"fr-FR\"},{\"@type\":\"Organization\",\"@id\":\"https:\/\/content.carib-export.com\/fr\/#organization\",\"name\":\"Agence carib\u00e9enne de d\u00e9veloppement des exportations\",\"url\":\"https:\/\/content.carib-export.com\/fr\/\",\"logo\":{\"@type\":\"ImageObject\",\"inLanguage\":\"fr-FR\",\"@id\":\"https:\/\/content.carib-export.com\/fr\/#\/schema\/logo\/image\/\",\"url\":\"https:\/\/content.carib-export.com\/wp-content\/uploads\/2013\/03\/CE-Logo-2013.jpg\",\"contentUrl\":\"https:\/\/content.carib-export.com\/wp-content\/uploads\/2013\/03\/CE-Logo-2013.jpg\",\"width\":1024,\"height\":244,\"caption\":\"Agence carib\u00e9enne de d\u00e9veloppement des exportations\"},\"image\":{\"@id\":\"https:\/\/content.carib-export.com\/fr\/#\/schema\/logo\/image\/\"},\"sameAs\":[\"https:\/\/www.facebook.com\/CaribbeanExport\",\"https:\/\/x.com\/CaribXport\",\"https:\/\/www.instagram.com\/caribbeanexport\",\"https:\/\/www.linkedin.com\/company\/caribbeanexport\",\"https:\/\/www.youtube.com\/user\/TheCaribbeanExport\"]}]}<\/script>\n<!-- \/ Yoast SEO plugin. -->","yoast_head_json":{"title":"de Le r\u00e9gime de subventions d'assistance directe (DAGS) - Exportation Cara\u00efbes","robots":{"index":"index","follow":"follow","max-snippet":"max-snippet:-1","max-image-preview":"max-image-preview:large","max-video-preview":"max-video-preview:-1"},"canonical":"https:\/\/content.carib-export.com\/fr\/resources\/funding\/dags\/","og_locale":"fr_FR","og_type":"article","og_title":"de Le r\u00e9gime de subventions d'assistance directe (DAGS) - Exportation Cara\u00efbes","og_description":"DAGS est un m\u00e9canisme de financement de subventions de remboursement sp\u00e9cialement con\u00e7u pour fournir une aide financi\u00e8re aux personnes l\u00e9galement enregistr\u00e9es. . La DAGS est une facilit\u00e9 de remboursement, ce qui signifie qu&rsquo;aucune somme n&rsquo;est avanc\u00e9e aux b\u00e9n\u00e9ficiaires et qu&rsquo;ils devront assumer le co\u00fbt total de leurs projets et \u00eatre rembours\u00e9s \u00e0 l&rsquo;ach\u00e8vement de leurs [&hellip;]","og_url":"https:\/\/content.carib-export.com\/fr\/resources\/funding\/dags\/","og_site_name":"Exportation Cara\u00efbes","article_publisher":"https:\/\/www.facebook.com\/CaribbeanExport","article_modified_time":"2025-02-06T16:15:54+00:00","og_image":[{"width":1200,"height":1200,"url":"https:\/\/content.carib-export.com\/wp-content\/uploads\/2020\/02\/CE-DAGS-2020-Square-CreativeIndusf.jpg","type":"image\/jpeg"}],"twitter_card":"summary_large_image","twitter_site":"@CaribXport","twitter_misc":{"Dur\u00e9e de lecture estim\u00e9e":"2 minutes"},"schema":{"@context":"https:\/\/schema.org","@graph":[{"@type":"WebPage","@id":"https:\/\/content.carib-export.com\/fr\/resources\/funding\/dags\/","url":"https:\/\/content.carib-export.com\/fr\/resources\/funding\/dags\/","name":"de Le r\u00e9gime de subventions d'assistance directe (DAGS) - Exportation Cara\u00efbes","isPartOf":{"@id":"https:\/\/content.carib-export.com\/fr\/#website"},"primaryImageOfPage":{"@id":"https:\/\/content.carib-export.com\/fr\/resources\/funding\/dags\/#primaryimage"},"image":{"@id":"https:\/\/content.carib-export.com\/fr\/resources\/funding\/dags\/#primaryimage"},"thumbnailUrl":"https:\/\/content.carib-export.com\/wp-content\/uploads\/2020\/02\/CE-DAGS-2020-Square-CreativeIndusf.jpg","datePublished":"2020-02-26T15:54:22+00:00","dateModified":"2025-02-06T16:15:54+00:00","breadcrumb":{"@id":"https:\/\/content.carib-export.com\/fr\/resources\/funding\/dags\/#breadcrumb"},"inLanguage":"fr-FR","potentialAction":[{"@type":"ReadAction","target":["https:\/\/content.carib-export.com\/fr\/resources\/funding\/dags\/"]}]},{"@type":"ImageObject","inLanguage":"fr-FR","@id":"https:\/\/content.carib-export.com\/fr\/resources\/funding\/dags\/#primaryimage","url":"https:\/\/content.carib-export.com\/wp-content\/uploads\/2020\/02\/CE-DAGS-2020-Square-CreativeIndusf.jpg","contentUrl":"https:\/\/content.carib-export.com\/wp-content\/uploads\/2020\/02\/CE-DAGS-2020-Square-CreativeIndusf.jpg","width":1200,"height":1200},{"@type":"BreadcrumbList","@id":"https:\/\/content.carib-export.com\/fr\/resources\/funding\/dags\/#breadcrumb","itemListElement":[{"@type":"ListItem","position":1,"name":"Accueil","item":"https:\/\/content.carib-export.com\/fr\/home\/"},{"@type":"ListItem","position":2,"name":"Ressources","item":"https:\/\/content.carib-export.com\/fr\/resources\/"},{"@type":"ListItem","position":3,"name":"Subventions","item":"https:\/\/content.carib-export.com\/fr\/resources\/funding\/"},{"@type":"ListItem","position":4,"name":"Le r\u00e9gime de subventions d&rsquo;assistance directe (DAGS)"}]},{"@type":"WebSite","@id":"https:\/\/content.carib-export.com\/fr\/#website","url":"https:\/\/content.carib-export.com\/fr\/","name":"Exportation Cara\u00efbes","description":"La seule agence r\u00e9gionale de promotion du commerce et des investissements du groupe Afrique, Cara\u00efbes et Pacifique.","publisher":{"@id":"https:\/\/content.carib-export.com\/fr\/#organization"},"potentialAction":[{"@type":"SearchAction","target":{"@type":"EntryPoint","urlTemplate":"https:\/\/content.carib-export.com\/fr\/?s={search_term_string}"},"query-input":{"@type":"PropertyValueSpecification","valueRequired":true,"valueName":"search_term_string"}}],"inLanguage":"fr-FR"},{"@type":"Organization","@id":"https:\/\/content.carib-export.com\/fr\/#organization","name":"Agence carib\u00e9enne de d\u00e9veloppement des exportations","url":"https:\/\/content.carib-export.com\/fr\/","logo":{"@type":"ImageObject","inLanguage":"fr-FR","@id":"https:\/\/content.carib-export.com\/fr\/#\/schema\/logo\/image\/","url":"https:\/\/content.carib-export.com\/wp-content\/uploads\/2013\/03\/CE-Logo-2013.jpg","contentUrl":"https:\/\/content.carib-export.com\/wp-content\/uploads\/2013\/03\/CE-Logo-2013.jpg","width":1024,"height":244,"caption":"Agence carib\u00e9enne de d\u00e9veloppement des exportations"},"image":{"@id":"https:\/\/content.carib-export.com\/fr\/#\/schema\/logo\/image\/"},"sameAs":["https:\/\/www.facebook.com\/CaribbeanExport","https:\/\/x.com\/CaribXport","https:\/\/www.instagram.com\/caribbeanexport","https:\/\/www.linkedin.com\/company\/caribbeanexport","https:\/\/www.youtube.com\/user\/TheCaribbeanExport"]}]}},"_links":{"self":[{"href":"https:\/\/content.carib-export.com\/fr\/wp-json\/wp\/v2\/pages\/278905","targetHints":{"allow":["GET"]}}],"collection":[{"href":"https:\/\/content.carib-export.com\/fr\/wp-json\/wp\/v2\/pages"}],"about":[{"href":"https:\/\/content.carib-export.com\/fr\/wp-json\/wp\/v2\/types\/page"}],"author":[{"embeddable":true,"href":"https:\/\/content.carib-export.com\/fr\/wp-json\/wp\/v2\/users\/9"}],"replies":[{"embeddable":true,"href":"https:\/\/content.carib-export.com\/fr\/wp-json\/wp\/v2\/comments?post=278905"}],"version-history":[{"count":0,"href":"https:\/\/content.carib-export.com\/fr\/wp-json\/wp\/v2\/pages\/278905\/revisions"}],"up":[{"embeddable":true,"href":"https:\/\/content.carib-export.com\/fr\/wp-json\/wp\/v2\/pages\/256255"}],"wp:featuredmedia":[{"embeddable":true,"href":"https:\/\/content.carib-export.com\/fr\/wp-json\/wp\/v2\/media\/249596"}],"wp:attachment":[{"href":"https:\/\/content.carib-export.com\/fr\/wp-json\/wp\/v2\/media?parent=278905"}],"wp:term":[{"taxonomy":"post_tag","embeddable":true,"href":"https:\/\/content.carib-export.com\/fr\/wp-json\/wp\/v2\/tags?post=278905"}],"curies":[{"name":"wp","href":"https:\/\/api.w.org\/{rel}","templated":true}]}}