{"id":279989,"date":"2022-05-17T14:02:50","date_gmt":"2022-05-17T18:02:50","guid":{"rendered":"https:\/\/content.carib-export.com\/exporters\/exporters-toolkit\/9-steps-to-get-your-brand-prepped-for-export\/deep-dive\/"},"modified":"2025-02-05T14:49:54","modified_gmt":"2025-02-05T18:49:54","slug":"deep-dive","status":"publish","type":"page","link":"https:\/\/content.carib-export.com\/fr\/resources\/exporters-toolkit\/9-steps-to-get-your-brand-prepped-for-export\/deep-dive\/","title":{"rendered":"Plong\u00e9e profonde"},"content":{"rendered":"\n<p><em>\u00c9tape 1<\/em> &#8211; Analyse approfondie<\/p>\n\n<blockquote class=\"wp-block-quote is-layout-flow wp-block-quote-is-layout-flow\"><p>Avant de commencer, il est essentiel d&rsquo;\u00e9valuer votre concurrence.<\/p><cite><em>La phase d&rsquo;exploration<\/em><\/cite><\/blockquote>\n\n<p>Avant de commencer, il est essentiel d&rsquo;\u00e9valuer votre concurrence. Vous devez conna\u00eetre votre march\u00e9 d&rsquo;exportation comme votre poche. Cela signifie vous poser des questions difficiles sur la fa\u00e7on dont votre produit se compare \u00e0 ce qui existe d\u00e9j\u00e0.<\/p>\n\n<p>Pour ce faire, vous devrez \u00eatre en contact avec les tendances de votre industrie. Il y aura des fa\u00e7ons sp\u00e9cifiques dont vos concurrents con\u00e7oivent leurs emballages, \u00e9laborent leurs campagnes, photographient leurs produits et ciblent leurs consommateurs. \u00c0 la fin de cette phase, vous devez avoir explor\u00e9 tous les magazines et sites majeurs de votre secteur pour avoir une perspective globale de ce \u00e0 quoi vous \u00eates confront\u00e9.<\/p>\n\n<p>Par exemple, en tant que marque alimentaire, vous voudrez \u00eatre au courant des modes alimentaires, des tendances des restaurants et de tout ce que disent les principaux influenceurs alimentaires\u2026<\/p>\n\n<p>En g\u00e9n\u00e9ral, il est crucial d&rsquo;identifier les principaux domaines de recherche qui sont importants pour votre marque et vos produits.<\/p>\n\n<figure class=\"wp-block-image size-full\"><img decoding=\"async\" src=\"https:\/\/content.carib-export.com\/wp-content\/uploads\/2017\/10\/Cross-Category.jpg\" alt=\"\" class=\"wp-image-179004\"\/><figcaption>Lorsqu&rsquo;on a demand\u00e9 \u00e0 Brand42 de repenser Top Gear, ils ont creus\u00e9 profond\u00e9ment et examin\u00e9 des sites de l&rsquo;industrie automobile ainsi que d&rsquo;autres plateformes num\u00e9riques inter-cat\u00e9gories.<\/figcaption><\/figure>\n","protected":false},"excerpt":{"rendered":"<p>\u00c9tape 1 &#8211; Analyse approfondie Avant de commencer, il est essentiel d&rsquo;\u00e9valuer votre concurrence. La phase d&rsquo;exploration Avant de commencer, il est essentiel d&rsquo;\u00e9valuer votre concurrence. Vous devez conna\u00eetre votre march\u00e9 d&rsquo;exportation comme votre poche. Cela signifie vous poser des questions difficiles sur la fa\u00e7on dont votre produit se compare \u00e0 ce qui existe d\u00e9j\u00e0. [&hellip;]<\/p>\n","protected":false},"author":9,"featured_media":0,"parent":270075,"menu_order":0,"comment_status":"closed","ping_status":"closed","template":"","meta":{"_acf_changed":false,"inline_featured_image":false,"footnotes":""},"tags":[],"class_list":["post-279989","page","type-page","status-publish","hentry"],"acf":[],"yoast_head":"<!-- This site is optimized with the Yoast SEO plugin v27.1.1 - https:\/\/yoast.com\/product\/yoast-seo-wordpress\/ -->\n<title>de Plong\u00e9e profonde - Exportation Cara\u00efbes<\/title>\n<meta name=\"robots\" content=\"index, follow, max-snippet:-1, max-image-preview:large, max-video-preview:-1\" \/>\n<link rel=\"canonical\" href=\"https:\/\/content.carib-export.com\/fr\/resources\/exporters-toolkit\/9-steps-to-get-your-brand-prepped-for-export\/deep-dive\/\" \/>\n<meta property=\"og:locale\" content=\"fr_FR\" \/>\n<meta property=\"og:type\" content=\"article\" \/>\n<meta property=\"og:title\" content=\"de Plong\u00e9e profonde - Exportation Cara\u00efbes\" \/>\n<meta property=\"og:description\" content=\"\u00c9tape 1 &#8211; Analyse approfondie Avant de commencer, il est essentiel d&rsquo;\u00e9valuer votre concurrence. La phase d&rsquo;exploration Avant de commencer, il est essentiel d&rsquo;\u00e9valuer votre concurrence. Vous devez conna\u00eetre votre march\u00e9 d&rsquo;exportation comme votre poche. Cela signifie vous poser des questions difficiles sur la fa\u00e7on dont votre produit se compare \u00e0 ce qui existe d\u00e9j\u00e0. [&hellip;]\" \/>\n<meta property=\"og:url\" content=\"https:\/\/content.carib-export.com\/fr\/resources\/exporters-toolkit\/9-steps-to-get-your-brand-prepped-for-export\/deep-dive\/\" \/>\n<meta property=\"og:site_name\" content=\"Exportation Cara\u00efbes\" \/>\n<meta property=\"article:publisher\" content=\"https:\/\/www.facebook.com\/CaribbeanExport\" \/>\n<meta property=\"article:modified_time\" content=\"2025-02-05T18:49:54+00:00\" \/>\n<meta property=\"og:image\" content=\"https:\/\/content.carib-export.com\/wp-content\/uploads\/2019\/06\/CEDA-default-square.jpg\" \/>\n\t<meta property=\"og:image:width\" content=\"1000\" \/>\n\t<meta property=\"og:image:height\" content=\"1000\" \/>\n\t<meta property=\"og:image:type\" content=\"image\/jpeg\" \/>\n<meta name=\"twitter:card\" content=\"summary_large_image\" \/>\n<meta name=\"twitter:site\" content=\"@CaribXport\" \/>\n<meta name=\"twitter:label1\" content=\"Dur\u00e9e de lecture estim\u00e9e\" \/>\n\t<meta name=\"twitter:data1\" content=\"1 minute\" \/>\n<script type=\"application\/ld+json\" class=\"yoast-schema-graph\">{\"@context\":\"https:\/\/schema.org\",\"@graph\":[{\"@type\":\"WebPage\",\"@id\":\"https:\/\/content.carib-export.com\/fr\/resources\/exporters-toolkit\/9-steps-to-get-your-brand-prepped-for-export\/deep-dive\/\",\"url\":\"https:\/\/content.carib-export.com\/fr\/resources\/exporters-toolkit\/9-steps-to-get-your-brand-prepped-for-export\/deep-dive\/\",\"name\":\"de Plong\u00e9e profonde - Exportation Cara\u00efbes\",\"isPartOf\":{\"@id\":\"https:\/\/content.carib-export.com\/fr\/#website\"},\"primaryImageOfPage\":{\"@id\":\"https:\/\/content.carib-export.com\/fr\/resources\/exporters-toolkit\/9-steps-to-get-your-brand-prepped-for-export\/deep-dive\/#primaryimage\"},\"image\":{\"@id\":\"https:\/\/content.carib-export.com\/fr\/resources\/exporters-toolkit\/9-steps-to-get-your-brand-prepped-for-export\/deep-dive\/#primaryimage\"},\"thumbnailUrl\":\"https:\/\/content.carib-export.com\/wp-content\/uploads\/2017\/10\/Cross-Category.jpg\",\"datePublished\":\"2022-05-17T18:02:50+00:00\",\"dateModified\":\"2025-02-05T18:49:54+00:00\",\"breadcrumb\":{\"@id\":\"https:\/\/content.carib-export.com\/fr\/resources\/exporters-toolkit\/9-steps-to-get-your-brand-prepped-for-export\/deep-dive\/#breadcrumb\"},\"inLanguage\":\"fr-FR\",\"potentialAction\":[{\"@type\":\"ReadAction\",\"target\":[\"https:\/\/content.carib-export.com\/fr\/resources\/exporters-toolkit\/9-steps-to-get-your-brand-prepped-for-export\/deep-dive\/\"]}]},{\"@type\":\"ImageObject\",\"inLanguage\":\"fr-FR\",\"@id\":\"https:\/\/content.carib-export.com\/fr\/resources\/exporters-toolkit\/9-steps-to-get-your-brand-prepped-for-export\/deep-dive\/#primaryimage\",\"url\":\"https:\/\/content.carib-export.com\/wp-content\/uploads\/2017\/10\/Cross-Category.jpg\",\"contentUrl\":\"https:\/\/content.carib-export.com\/wp-content\/uploads\/2017\/10\/Cross-Category.jpg\"},{\"@type\":\"BreadcrumbList\",\"@id\":\"https:\/\/content.carib-export.com\/fr\/resources\/exporters-toolkit\/9-steps-to-get-your-brand-prepped-for-export\/deep-dive\/#breadcrumb\",\"itemListElement\":[{\"@type\":\"ListItem\",\"position\":1,\"name\":\"Accueil\",\"item\":\"https:\/\/content.carib-export.com\/fr\/home\/\"},{\"@type\":\"ListItem\",\"position\":2,\"name\":\"Ressources\",\"item\":\"https:\/\/content.carib-export.com\/fr\/resources\/\"},{\"@type\":\"ListItem\",\"position\":3,\"name\":\"Bo\u00eete \u00e0 outils des exportateurs\",\"item\":\"https:\/\/content.carib-export.com\/fr\/resources\/exporters-toolkit\/\"},{\"@type\":\"ListItem\",\"position\":4,\"name\":\"9 \u00e9tapes pour pr\u00e9parer votre marque \u00e0 l'exportation\",\"item\":\"https:\/\/content.carib-export.com\/fr\/resources\/exporters-toolkit\/9-steps-to-get-your-brand-prepped-for-export\/\"},{\"@type\":\"ListItem\",\"position\":5,\"name\":\"Plong\u00e9e profonde\"}]},{\"@type\":\"WebSite\",\"@id\":\"https:\/\/content.carib-export.com\/fr\/#website\",\"url\":\"https:\/\/content.carib-export.com\/fr\/\",\"name\":\"Exportation Cara\u00efbes\",\"description\":\"La seule agence r\u00e9gionale de promotion du commerce et des investissements du groupe Afrique, Cara\u00efbes et Pacifique.\",\"publisher\":{\"@id\":\"https:\/\/content.carib-export.com\/fr\/#organization\"},\"potentialAction\":[{\"@type\":\"SearchAction\",\"target\":{\"@type\":\"EntryPoint\",\"urlTemplate\":\"https:\/\/content.carib-export.com\/fr\/?s={search_term_string}\"},\"query-input\":{\"@type\":\"PropertyValueSpecification\",\"valueRequired\":true,\"valueName\":\"search_term_string\"}}],\"inLanguage\":\"fr-FR\"},{\"@type\":\"Organization\",\"@id\":\"https:\/\/content.carib-export.com\/fr\/#organization\",\"name\":\"Agence carib\u00e9enne de d\u00e9veloppement des exportations\",\"url\":\"https:\/\/content.carib-export.com\/fr\/\",\"logo\":{\"@type\":\"ImageObject\",\"inLanguage\":\"fr-FR\",\"@id\":\"https:\/\/content.carib-export.com\/fr\/#\/schema\/logo\/image\/\",\"url\":\"https:\/\/content.carib-export.com\/wp-content\/uploads\/2013\/03\/CE-Logo-2013.jpg\",\"contentUrl\":\"https:\/\/content.carib-export.com\/wp-content\/uploads\/2013\/03\/CE-Logo-2013.jpg\",\"width\":1024,\"height\":244,\"caption\":\"Agence carib\u00e9enne de d\u00e9veloppement des exportations\"},\"image\":{\"@id\":\"https:\/\/content.carib-export.com\/fr\/#\/schema\/logo\/image\/\"},\"sameAs\":[\"https:\/\/www.facebook.com\/CaribbeanExport\",\"https:\/\/x.com\/CaribXport\",\"https:\/\/www.instagram.com\/caribbeanexport\",\"https:\/\/www.linkedin.com\/company\/caribbeanexport\",\"https:\/\/www.youtube.com\/user\/TheCaribbeanExport\"]}]}<\/script>\n<!-- \/ Yoast SEO plugin. -->","yoast_head_json":{"title":"de Plong\u00e9e profonde - Exportation Cara\u00efbes","robots":{"index":"index","follow":"follow","max-snippet":"max-snippet:-1","max-image-preview":"max-image-preview:large","max-video-preview":"max-video-preview:-1"},"canonical":"https:\/\/content.carib-export.com\/fr\/resources\/exporters-toolkit\/9-steps-to-get-your-brand-prepped-for-export\/deep-dive\/","og_locale":"fr_FR","og_type":"article","og_title":"de Plong\u00e9e profonde - Exportation Cara\u00efbes","og_description":"\u00c9tape 1 &#8211; Analyse approfondie Avant de commencer, il est essentiel d&rsquo;\u00e9valuer votre concurrence. La phase d&rsquo;exploration Avant de commencer, il est essentiel d&rsquo;\u00e9valuer votre concurrence. Vous devez conna\u00eetre votre march\u00e9 d&rsquo;exportation comme votre poche. Cela signifie vous poser des questions difficiles sur la fa\u00e7on dont votre produit se compare \u00e0 ce qui existe d\u00e9j\u00e0. [&hellip;]","og_url":"https:\/\/content.carib-export.com\/fr\/resources\/exporters-toolkit\/9-steps-to-get-your-brand-prepped-for-export\/deep-dive\/","og_site_name":"Exportation Cara\u00efbes","article_publisher":"https:\/\/www.facebook.com\/CaribbeanExport","article_modified_time":"2025-02-05T18:49:54+00:00","og_image":[{"width":1000,"height":1000,"url":"https:\/\/content.carib-export.com\/wp-content\/uploads\/2019\/06\/CEDA-default-square.jpg","type":"image\/jpeg"}],"twitter_card":"summary_large_image","twitter_site":"@CaribXport","twitter_misc":{"Dur\u00e9e de lecture estim\u00e9e":"1 minute"},"schema":{"@context":"https:\/\/schema.org","@graph":[{"@type":"WebPage","@id":"https:\/\/content.carib-export.com\/fr\/resources\/exporters-toolkit\/9-steps-to-get-your-brand-prepped-for-export\/deep-dive\/","url":"https:\/\/content.carib-export.com\/fr\/resources\/exporters-toolkit\/9-steps-to-get-your-brand-prepped-for-export\/deep-dive\/","name":"de Plong\u00e9e profonde - Exportation Cara\u00efbes","isPartOf":{"@id":"https:\/\/content.carib-export.com\/fr\/#website"},"primaryImageOfPage":{"@id":"https:\/\/content.carib-export.com\/fr\/resources\/exporters-toolkit\/9-steps-to-get-your-brand-prepped-for-export\/deep-dive\/#primaryimage"},"image":{"@id":"https:\/\/content.carib-export.com\/fr\/resources\/exporters-toolkit\/9-steps-to-get-your-brand-prepped-for-export\/deep-dive\/#primaryimage"},"thumbnailUrl":"https:\/\/content.carib-export.com\/wp-content\/uploads\/2017\/10\/Cross-Category.jpg","datePublished":"2022-05-17T18:02:50+00:00","dateModified":"2025-02-05T18:49:54+00:00","breadcrumb":{"@id":"https:\/\/content.carib-export.com\/fr\/resources\/exporters-toolkit\/9-steps-to-get-your-brand-prepped-for-export\/deep-dive\/#breadcrumb"},"inLanguage":"fr-FR","potentialAction":[{"@type":"ReadAction","target":["https:\/\/content.carib-export.com\/fr\/resources\/exporters-toolkit\/9-steps-to-get-your-brand-prepped-for-export\/deep-dive\/"]}]},{"@type":"ImageObject","inLanguage":"fr-FR","@id":"https:\/\/content.carib-export.com\/fr\/resources\/exporters-toolkit\/9-steps-to-get-your-brand-prepped-for-export\/deep-dive\/#primaryimage","url":"https:\/\/content.carib-export.com\/wp-content\/uploads\/2017\/10\/Cross-Category.jpg","contentUrl":"https:\/\/content.carib-export.com\/wp-content\/uploads\/2017\/10\/Cross-Category.jpg"},{"@type":"BreadcrumbList","@id":"https:\/\/content.carib-export.com\/fr\/resources\/exporters-toolkit\/9-steps-to-get-your-brand-prepped-for-export\/deep-dive\/#breadcrumb","itemListElement":[{"@type":"ListItem","position":1,"name":"Accueil","item":"https:\/\/content.carib-export.com\/fr\/home\/"},{"@type":"ListItem","position":2,"name":"Ressources","item":"https:\/\/content.carib-export.com\/fr\/resources\/"},{"@type":"ListItem","position":3,"name":"Bo\u00eete \u00e0 outils des exportateurs","item":"https:\/\/content.carib-export.com\/fr\/resources\/exporters-toolkit\/"},{"@type":"ListItem","position":4,"name":"9 \u00e9tapes pour pr\u00e9parer votre marque \u00e0 l'exportation","item":"https:\/\/content.carib-export.com\/fr\/resources\/exporters-toolkit\/9-steps-to-get-your-brand-prepped-for-export\/"},{"@type":"ListItem","position":5,"name":"Plong\u00e9e profonde"}]},{"@type":"WebSite","@id":"https:\/\/content.carib-export.com\/fr\/#website","url":"https:\/\/content.carib-export.com\/fr\/","name":"Exportation Cara\u00efbes","description":"La seule agence r\u00e9gionale de promotion du commerce et des investissements du groupe Afrique, Cara\u00efbes et Pacifique.","publisher":{"@id":"https:\/\/content.carib-export.com\/fr\/#organization"},"potentialAction":[{"@type":"SearchAction","target":{"@type":"EntryPoint","urlTemplate":"https:\/\/content.carib-export.com\/fr\/?s={search_term_string}"},"query-input":{"@type":"PropertyValueSpecification","valueRequired":true,"valueName":"search_term_string"}}],"inLanguage":"fr-FR"},{"@type":"Organization","@id":"https:\/\/content.carib-export.com\/fr\/#organization","name":"Agence carib\u00e9enne de d\u00e9veloppement des exportations","url":"https:\/\/content.carib-export.com\/fr\/","logo":{"@type":"ImageObject","inLanguage":"fr-FR","@id":"https:\/\/content.carib-export.com\/fr\/#\/schema\/logo\/image\/","url":"https:\/\/content.carib-export.com\/wp-content\/uploads\/2013\/03\/CE-Logo-2013.jpg","contentUrl":"https:\/\/content.carib-export.com\/wp-content\/uploads\/2013\/03\/CE-Logo-2013.jpg","width":1024,"height":244,"caption":"Agence carib\u00e9enne de d\u00e9veloppement des exportations"},"image":{"@id":"https:\/\/content.carib-export.com\/fr\/#\/schema\/logo\/image\/"},"sameAs":["https:\/\/www.facebook.com\/CaribbeanExport","https:\/\/x.com\/CaribXport","https:\/\/www.instagram.com\/caribbeanexport","https:\/\/www.linkedin.com\/company\/caribbeanexport","https:\/\/www.youtube.com\/user\/TheCaribbeanExport"]}]}},"_links":{"self":[{"href":"https:\/\/content.carib-export.com\/fr\/wp-json\/wp\/v2\/pages\/279989","targetHints":{"allow":["GET"]}}],"collection":[{"href":"https:\/\/content.carib-export.com\/fr\/wp-json\/wp\/v2\/pages"}],"about":[{"href":"https:\/\/content.carib-export.com\/fr\/wp-json\/wp\/v2\/types\/page"}],"author":[{"embeddable":true,"href":"https:\/\/content.carib-export.com\/fr\/wp-json\/wp\/v2\/users\/9"}],"replies":[{"embeddable":true,"href":"https:\/\/content.carib-export.com\/fr\/wp-json\/wp\/v2\/comments?post=279989"}],"version-history":[{"count":0,"href":"https:\/\/content.carib-export.com\/fr\/wp-json\/wp\/v2\/pages\/279989\/revisions"}],"up":[{"embeddable":true,"href":"https:\/\/content.carib-export.com\/fr\/wp-json\/wp\/v2\/pages\/270075"}],"wp:attachment":[{"href":"https:\/\/content.carib-export.com\/fr\/wp-json\/wp\/v2\/media?parent=279989"}],"wp:term":[{"taxonomy":"post_tag","embeddable":true,"href":"https:\/\/content.carib-export.com\/fr\/wp-json\/wp\/v2\/tags?post=279989"}],"curies":[{"name":"wp","href":"https:\/\/api.w.org\/{rel}","templated":true}]}}