{"id":280004,"date":"2022-05-17T14:15:48","date_gmt":"2022-05-17T18:15:48","guid":{"rendered":"https:\/\/content.carib-export.com\/exporters\/exporters-toolkit\/9-steps-to-get-your-brand-prepped-for-export\/define-your-look-and-feel\/"},"modified":"2025-02-05T14:53:25","modified_gmt":"2025-02-05T18:53:25","slug":"define-your-look-and-feel","status":"publish","type":"page","link":"https:\/\/content.carib-export.com\/fr\/resources\/exporters-toolkit\/9-steps-to-get-your-brand-prepped-for-export\/define-your-look-and-feel\/","title":{"rendered":"D\u00e9finissez votre apparence"},"content":{"rendered":"\n<p><em>\u00c9tape 4<\/em> &#8211; D\u00e9finissez votre look and feel<\/p>\n\n<blockquote class=\"wp-block-quote is-style-default is-layout-flow wp-block-quote-is-layout-flow\"><p>C&rsquo;est une \u00e9tape cruciale dans le d\u00e9veloppement de votre marque<\/p><cite><em>La phase de cr\u00e9ation<\/em><\/cite><\/blockquote>\n\n<p>C&rsquo;est une \u00e9tape cruciale dans le d\u00e9veloppement de votre marque. Votre \u00ab look and feel \u00bb doit refl\u00e9ter tout ce que vous avez acquis de la phase d&rsquo;exploration. Ce sera votre ton de voix visuel pour exprimer les arguments de vente uniques de votre marque. Ce sera \u00e9galement la principale influence pour votre emballage et doit donner \u00e0 votre produit un attrait remarquable en rayon pour l&rsquo;exportation internationale.<\/p>\n\n<p>Il est important de tester plusieurs parcours avant d&rsquo;en choisir un qui correspond exactement \u00e0 l&rsquo;identit\u00e9 de votre marque.<\/p>\n\n<p>C&rsquo;est tr\u00e8s simple; les produits ennuyeux sont laiss\u00e9s pour compte. Une \u00e9tude de Yankelovich Consumer Research a pr\u00e9dit que nous ing\u00e9rons jusqu&rsquo;\u00e0 <a href=\"http:\/\/www.marketing-made-simple.com\/articles\/promotional-clutter.htm#.VXr5qtNVhBd\" target=\"_blank\" rel=\"noreferrer noopener\">5 000 \u00e9l\u00e9ments<\/a> de communication par jour, mais notre cerveau ne peut absorber qu&rsquo;une infime partie de cette surcharge visuelle.<\/p>\n\n<p>Avec de telles chances, \u00eatre rappel\u00e9 ou d\u00e9p\u00e9rir\u2026<\/p>\n\n<figure class=\"wp-block-image size-large\"><img decoding=\"async\" src=\"https:\/\/content.carib-export.com\/wp-content\/uploads\/2017\/10\/CBN-1024x847.png\" alt=\"\" class=\"wp-image-179008\"\/><figcaption>Brand42 a choisi une sensation visuelle propre, lumineuse et minimale pour r\u00e9organiser Caribbean Blue Naturals. <\/figcaption><\/figure>\n","protected":false},"excerpt":{"rendered":"<p>\u00c9tape 4 &#8211; D\u00e9finissez votre look and feel C&rsquo;est une \u00e9tape cruciale dans le d\u00e9veloppement de votre marque La phase de cr\u00e9ation C&rsquo;est une \u00e9tape cruciale dans le d\u00e9veloppement de votre marque. Votre \u00ab look and feel \u00bb doit refl\u00e9ter tout ce que vous avez acquis de la phase d&rsquo;exploration. Ce sera votre ton de [&hellip;]<\/p>\n","protected":false},"author":9,"featured_media":0,"parent":270075,"menu_order":0,"comment_status":"closed","ping_status":"closed","template":"","meta":{"_acf_changed":false,"inline_featured_image":false,"footnotes":""},"tags":[],"class_list":["post-280004","page","type-page","status-publish","hentry"],"acf":[],"yoast_head":"<!-- This site is optimized with the Yoast SEO plugin v27.1.1 - https:\/\/yoast.com\/product\/yoast-seo-wordpress\/ -->\n<title>de D\u00e9finissez votre apparence - Exportation Cara\u00efbes<\/title>\n<meta name=\"robots\" content=\"index, follow, max-snippet:-1, max-image-preview:large, max-video-preview:-1\" \/>\n<link rel=\"canonical\" href=\"https:\/\/content.carib-export.com\/fr\/resources\/exporters-toolkit\/9-steps-to-get-your-brand-prepped-for-export\/define-your-look-and-feel\/\" \/>\n<meta property=\"og:locale\" content=\"fr_FR\" \/>\n<meta property=\"og:type\" content=\"article\" \/>\n<meta property=\"og:title\" content=\"de D\u00e9finissez votre apparence - Exportation Cara\u00efbes\" \/>\n<meta property=\"og:description\" content=\"\u00c9tape 4 &#8211; D\u00e9finissez votre look and feel C&rsquo;est une \u00e9tape cruciale dans le d\u00e9veloppement de votre marque La phase de cr\u00e9ation C&rsquo;est une \u00e9tape cruciale dans le d\u00e9veloppement de votre marque. Votre \u00ab look and feel \u00bb doit refl\u00e9ter tout ce que vous avez acquis de la phase d&rsquo;exploration. Ce sera votre ton de [&hellip;]\" \/>\n<meta property=\"og:url\" content=\"https:\/\/content.carib-export.com\/fr\/resources\/exporters-toolkit\/9-steps-to-get-your-brand-prepped-for-export\/define-your-look-and-feel\/\" \/>\n<meta property=\"og:site_name\" content=\"Exportation Cara\u00efbes\" \/>\n<meta property=\"article:publisher\" content=\"https:\/\/www.facebook.com\/CaribbeanExport\" \/>\n<meta property=\"article:modified_time\" content=\"2025-02-05T18:53:25+00:00\" \/>\n<meta property=\"og:image\" content=\"https:\/\/content.carib-export.com\/wp-content\/uploads\/2019\/06\/CEDA-default-square.jpg\" \/>\n\t<meta property=\"og:image:width\" content=\"1000\" \/>\n\t<meta property=\"og:image:height\" content=\"1000\" \/>\n\t<meta property=\"og:image:type\" content=\"image\/jpeg\" \/>\n<meta name=\"twitter:card\" content=\"summary_large_image\" \/>\n<meta name=\"twitter:site\" content=\"@CaribXport\" \/>\n<meta name=\"twitter:label1\" content=\"Dur\u00e9e de lecture estim\u00e9e\" \/>\n\t<meta name=\"twitter:data1\" content=\"1 minute\" \/>\n<script type=\"application\/ld+json\" class=\"yoast-schema-graph\">{\"@context\":\"https:\/\/schema.org\",\"@graph\":[{\"@type\":\"WebPage\",\"@id\":\"https:\/\/content.carib-export.com\/fr\/resources\/exporters-toolkit\/9-steps-to-get-your-brand-prepped-for-export\/define-your-look-and-feel\/\",\"url\":\"https:\/\/content.carib-export.com\/fr\/resources\/exporters-toolkit\/9-steps-to-get-your-brand-prepped-for-export\/define-your-look-and-feel\/\",\"name\":\"de D\u00e9finissez votre apparence - Exportation Cara\u00efbes\",\"isPartOf\":{\"@id\":\"https:\/\/content.carib-export.com\/fr\/#website\"},\"primaryImageOfPage\":{\"@id\":\"https:\/\/content.carib-export.com\/fr\/resources\/exporters-toolkit\/9-steps-to-get-your-brand-prepped-for-export\/define-your-look-and-feel\/#primaryimage\"},\"image\":{\"@id\":\"https:\/\/content.carib-export.com\/fr\/resources\/exporters-toolkit\/9-steps-to-get-your-brand-prepped-for-export\/define-your-look-and-feel\/#primaryimage\"},\"thumbnailUrl\":\"https:\/\/content.carib-export.com\/wp-content\/uploads\/2017\/10\/CBN-1024x847.png\",\"datePublished\":\"2022-05-17T18:15:48+00:00\",\"dateModified\":\"2025-02-05T18:53:25+00:00\",\"breadcrumb\":{\"@id\":\"https:\/\/content.carib-export.com\/fr\/resources\/exporters-toolkit\/9-steps-to-get-your-brand-prepped-for-export\/define-your-look-and-feel\/#breadcrumb\"},\"inLanguage\":\"fr-FR\",\"potentialAction\":[{\"@type\":\"ReadAction\",\"target\":[\"https:\/\/content.carib-export.com\/fr\/resources\/exporters-toolkit\/9-steps-to-get-your-brand-prepped-for-export\/define-your-look-and-feel\/\"]}]},{\"@type\":\"ImageObject\",\"inLanguage\":\"fr-FR\",\"@id\":\"https:\/\/content.carib-export.com\/fr\/resources\/exporters-toolkit\/9-steps-to-get-your-brand-prepped-for-export\/define-your-look-and-feel\/#primaryimage\",\"url\":\"https:\/\/content.carib-export.com\/wp-content\/uploads\/2017\/10\/CBN-1024x847.png\",\"contentUrl\":\"https:\/\/content.carib-export.com\/wp-content\/uploads\/2017\/10\/CBN-1024x847.png\"},{\"@type\":\"BreadcrumbList\",\"@id\":\"https:\/\/content.carib-export.com\/fr\/resources\/exporters-toolkit\/9-steps-to-get-your-brand-prepped-for-export\/define-your-look-and-feel\/#breadcrumb\",\"itemListElement\":[{\"@type\":\"ListItem\",\"position\":1,\"name\":\"Accueil\",\"item\":\"https:\/\/content.carib-export.com\/fr\/home\/\"},{\"@type\":\"ListItem\",\"position\":2,\"name\":\"Ressources\",\"item\":\"https:\/\/content.carib-export.com\/fr\/resources\/\"},{\"@type\":\"ListItem\",\"position\":3,\"name\":\"Bo\u00eete \u00e0 outils des exportateurs\",\"item\":\"https:\/\/content.carib-export.com\/fr\/resources\/exporters-toolkit\/\"},{\"@type\":\"ListItem\",\"position\":4,\"name\":\"9 \u00e9tapes pour pr\u00e9parer votre marque \u00e0 l'exportation\",\"item\":\"https:\/\/content.carib-export.com\/fr\/resources\/exporters-toolkit\/9-steps-to-get-your-brand-prepped-for-export\/\"},{\"@type\":\"ListItem\",\"position\":5,\"name\":\"D\u00e9finissez votre apparence\"}]},{\"@type\":\"WebSite\",\"@id\":\"https:\/\/content.carib-export.com\/fr\/#website\",\"url\":\"https:\/\/content.carib-export.com\/fr\/\",\"name\":\"Exportation Cara\u00efbes\",\"description\":\"La seule agence r\u00e9gionale de promotion du commerce et des investissements du groupe Afrique, Cara\u00efbes et Pacifique.\",\"publisher\":{\"@id\":\"https:\/\/content.carib-export.com\/fr\/#organization\"},\"potentialAction\":[{\"@type\":\"SearchAction\",\"target\":{\"@type\":\"EntryPoint\",\"urlTemplate\":\"https:\/\/content.carib-export.com\/fr\/?s={search_term_string}\"},\"query-input\":{\"@type\":\"PropertyValueSpecification\",\"valueRequired\":true,\"valueName\":\"search_term_string\"}}],\"inLanguage\":\"fr-FR\"},{\"@type\":\"Organization\",\"@id\":\"https:\/\/content.carib-export.com\/fr\/#organization\",\"name\":\"Agence carib\u00e9enne de d\u00e9veloppement des exportations\",\"url\":\"https:\/\/content.carib-export.com\/fr\/\",\"logo\":{\"@type\":\"ImageObject\",\"inLanguage\":\"fr-FR\",\"@id\":\"https:\/\/content.carib-export.com\/fr\/#\/schema\/logo\/image\/\",\"url\":\"https:\/\/content.carib-export.com\/wp-content\/uploads\/2013\/03\/CE-Logo-2013.jpg\",\"contentUrl\":\"https:\/\/content.carib-export.com\/wp-content\/uploads\/2013\/03\/CE-Logo-2013.jpg\",\"width\":1024,\"height\":244,\"caption\":\"Agence carib\u00e9enne de d\u00e9veloppement des exportations\"},\"image\":{\"@id\":\"https:\/\/content.carib-export.com\/fr\/#\/schema\/logo\/image\/\"},\"sameAs\":[\"https:\/\/www.facebook.com\/CaribbeanExport\",\"https:\/\/x.com\/CaribXport\",\"https:\/\/www.instagram.com\/caribbeanexport\",\"https:\/\/www.linkedin.com\/company\/caribbeanexport\",\"https:\/\/www.youtube.com\/user\/TheCaribbeanExport\"]}]}<\/script>\n<!-- \/ Yoast SEO plugin. -->","yoast_head_json":{"title":"de D\u00e9finissez votre apparence - Exportation Cara\u00efbes","robots":{"index":"index","follow":"follow","max-snippet":"max-snippet:-1","max-image-preview":"max-image-preview:large","max-video-preview":"max-video-preview:-1"},"canonical":"https:\/\/content.carib-export.com\/fr\/resources\/exporters-toolkit\/9-steps-to-get-your-brand-prepped-for-export\/define-your-look-and-feel\/","og_locale":"fr_FR","og_type":"article","og_title":"de D\u00e9finissez votre apparence - Exportation Cara\u00efbes","og_description":"\u00c9tape 4 &#8211; D\u00e9finissez votre look and feel C&rsquo;est une \u00e9tape cruciale dans le d\u00e9veloppement de votre marque La phase de cr\u00e9ation C&rsquo;est une \u00e9tape cruciale dans le d\u00e9veloppement de votre marque. Votre \u00ab look and feel \u00bb doit refl\u00e9ter tout ce que vous avez acquis de la phase d&rsquo;exploration. Ce sera votre ton de [&hellip;]","og_url":"https:\/\/content.carib-export.com\/fr\/resources\/exporters-toolkit\/9-steps-to-get-your-brand-prepped-for-export\/define-your-look-and-feel\/","og_site_name":"Exportation Cara\u00efbes","article_publisher":"https:\/\/www.facebook.com\/CaribbeanExport","article_modified_time":"2025-02-05T18:53:25+00:00","og_image":[{"width":1000,"height":1000,"url":"https:\/\/content.carib-export.com\/wp-content\/uploads\/2019\/06\/CEDA-default-square.jpg","type":"image\/jpeg"}],"twitter_card":"summary_large_image","twitter_site":"@CaribXport","twitter_misc":{"Dur\u00e9e de lecture estim\u00e9e":"1 minute"},"schema":{"@context":"https:\/\/schema.org","@graph":[{"@type":"WebPage","@id":"https:\/\/content.carib-export.com\/fr\/resources\/exporters-toolkit\/9-steps-to-get-your-brand-prepped-for-export\/define-your-look-and-feel\/","url":"https:\/\/content.carib-export.com\/fr\/resources\/exporters-toolkit\/9-steps-to-get-your-brand-prepped-for-export\/define-your-look-and-feel\/","name":"de D\u00e9finissez votre apparence - Exportation Cara\u00efbes","isPartOf":{"@id":"https:\/\/content.carib-export.com\/fr\/#website"},"primaryImageOfPage":{"@id":"https:\/\/content.carib-export.com\/fr\/resources\/exporters-toolkit\/9-steps-to-get-your-brand-prepped-for-export\/define-your-look-and-feel\/#primaryimage"},"image":{"@id":"https:\/\/content.carib-export.com\/fr\/resources\/exporters-toolkit\/9-steps-to-get-your-brand-prepped-for-export\/define-your-look-and-feel\/#primaryimage"},"thumbnailUrl":"https:\/\/content.carib-export.com\/wp-content\/uploads\/2017\/10\/CBN-1024x847.png","datePublished":"2022-05-17T18:15:48+00:00","dateModified":"2025-02-05T18:53:25+00:00","breadcrumb":{"@id":"https:\/\/content.carib-export.com\/fr\/resources\/exporters-toolkit\/9-steps-to-get-your-brand-prepped-for-export\/define-your-look-and-feel\/#breadcrumb"},"inLanguage":"fr-FR","potentialAction":[{"@type":"ReadAction","target":["https:\/\/content.carib-export.com\/fr\/resources\/exporters-toolkit\/9-steps-to-get-your-brand-prepped-for-export\/define-your-look-and-feel\/"]}]},{"@type":"ImageObject","inLanguage":"fr-FR","@id":"https:\/\/content.carib-export.com\/fr\/resources\/exporters-toolkit\/9-steps-to-get-your-brand-prepped-for-export\/define-your-look-and-feel\/#primaryimage","url":"https:\/\/content.carib-export.com\/wp-content\/uploads\/2017\/10\/CBN-1024x847.png","contentUrl":"https:\/\/content.carib-export.com\/wp-content\/uploads\/2017\/10\/CBN-1024x847.png"},{"@type":"BreadcrumbList","@id":"https:\/\/content.carib-export.com\/fr\/resources\/exporters-toolkit\/9-steps-to-get-your-brand-prepped-for-export\/define-your-look-and-feel\/#breadcrumb","itemListElement":[{"@type":"ListItem","position":1,"name":"Accueil","item":"https:\/\/content.carib-export.com\/fr\/home\/"},{"@type":"ListItem","position":2,"name":"Ressources","item":"https:\/\/content.carib-export.com\/fr\/resources\/"},{"@type":"ListItem","position":3,"name":"Bo\u00eete \u00e0 outils des exportateurs","item":"https:\/\/content.carib-export.com\/fr\/resources\/exporters-toolkit\/"},{"@type":"ListItem","position":4,"name":"9 \u00e9tapes pour pr\u00e9parer votre marque \u00e0 l'exportation","item":"https:\/\/content.carib-export.com\/fr\/resources\/exporters-toolkit\/9-steps-to-get-your-brand-prepped-for-export\/"},{"@type":"ListItem","position":5,"name":"D\u00e9finissez votre apparence"}]},{"@type":"WebSite","@id":"https:\/\/content.carib-export.com\/fr\/#website","url":"https:\/\/content.carib-export.com\/fr\/","name":"Exportation Cara\u00efbes","description":"La seule agence r\u00e9gionale de promotion du commerce et des investissements du groupe Afrique, Cara\u00efbes et Pacifique.","publisher":{"@id":"https:\/\/content.carib-export.com\/fr\/#organization"},"potentialAction":[{"@type":"SearchAction","target":{"@type":"EntryPoint","urlTemplate":"https:\/\/content.carib-export.com\/fr\/?s={search_term_string}"},"query-input":{"@type":"PropertyValueSpecification","valueRequired":true,"valueName":"search_term_string"}}],"inLanguage":"fr-FR"},{"@type":"Organization","@id":"https:\/\/content.carib-export.com\/fr\/#organization","name":"Agence carib\u00e9enne de d\u00e9veloppement des exportations","url":"https:\/\/content.carib-export.com\/fr\/","logo":{"@type":"ImageObject","inLanguage":"fr-FR","@id":"https:\/\/content.carib-export.com\/fr\/#\/schema\/logo\/image\/","url":"https:\/\/content.carib-export.com\/wp-content\/uploads\/2013\/03\/CE-Logo-2013.jpg","contentUrl":"https:\/\/content.carib-export.com\/wp-content\/uploads\/2013\/03\/CE-Logo-2013.jpg","width":1024,"height":244,"caption":"Agence carib\u00e9enne de d\u00e9veloppement des exportations"},"image":{"@id":"https:\/\/content.carib-export.com\/fr\/#\/schema\/logo\/image\/"},"sameAs":["https:\/\/www.facebook.com\/CaribbeanExport","https:\/\/x.com\/CaribXport","https:\/\/www.instagram.com\/caribbeanexport","https:\/\/www.linkedin.com\/company\/caribbeanexport","https:\/\/www.youtube.com\/user\/TheCaribbeanExport"]}]}},"_links":{"self":[{"href":"https:\/\/content.carib-export.com\/fr\/wp-json\/wp\/v2\/pages\/280004","targetHints":{"allow":["GET"]}}],"collection":[{"href":"https:\/\/content.carib-export.com\/fr\/wp-json\/wp\/v2\/pages"}],"about":[{"href":"https:\/\/content.carib-export.com\/fr\/wp-json\/wp\/v2\/types\/page"}],"author":[{"embeddable":true,"href":"https:\/\/content.carib-export.com\/fr\/wp-json\/wp\/v2\/users\/9"}],"replies":[{"embeddable":true,"href":"https:\/\/content.carib-export.com\/fr\/wp-json\/wp\/v2\/comments?post=280004"}],"version-history":[{"count":0,"href":"https:\/\/content.carib-export.com\/fr\/wp-json\/wp\/v2\/pages\/280004\/revisions"}],"up":[{"embeddable":true,"href":"https:\/\/content.carib-export.com\/fr\/wp-json\/wp\/v2\/pages\/270075"}],"wp:attachment":[{"href":"https:\/\/content.carib-export.com\/fr\/wp-json\/wp\/v2\/media?parent=280004"}],"wp:term":[{"taxonomy":"post_tag","embeddable":true,"href":"https:\/\/content.carib-export.com\/fr\/wp-json\/wp\/v2\/tags?post=280004"}],"curies":[{"name":"wp","href":"https:\/\/api.w.org\/{rel}","templated":true}]}}