{"id":280019,"date":"2022-05-17T14:22:55","date_gmt":"2022-05-17T18:22:55","guid":{"rendered":"https:\/\/content.carib-export.com\/exporters\/exporters-toolkit\/9-steps-to-get-your-brand-prepped-for-export\/future-proof-your-brand-architecture\/"},"modified":"2025-02-05T14:57:53","modified_gmt":"2025-02-05T18:57:53","slug":"future-proof-your-brand-architecture","status":"publish","type":"page","link":"https:\/\/content.carib-export.com\/fr\/resources\/exporters-toolkit\/9-steps-to-get-your-brand-prepped-for-export\/future-proof-your-brand-architecture\/","title":{"rendered":"P\u00e9rennit\u00e9 de l&rsquo;architecture de votre marque"},"content":{"rendered":"\n<p><em>\u00c9tape 6<\/em> &#8211; L&rsquo;architecture de votre marque \u00e0 l&rsquo;\u00e9preuve du temps<\/p>\n\n<blockquote class=\"wp-block-quote is-style-default is-layout-flow wp-block-quote-is-layout-flow\"><p>Essentiel si vous \u00eates dans l&rsquo;entreprise pour le long terme<\/p><cite><em>La phase de cr\u00e9ation<\/em><\/cite><\/blockquote>\n\n<p>Si vous \u00eates dans l&rsquo;entreprise sur le long terme, il est crucial de vous assurer que l&rsquo;architecture de votre marque est suffisamment mall\u00e9able pour survivre. Vous devez vous poser une question cl\u00e9 lors de la phase de cr\u00e9ation : votre marque est-elle p\u00e9renne ?<\/p>\n\n<p>Lorsque votre marque est en plein essor, vous souhaiterez peut-\u00eatre \u00e9tendre votre gamme de produits. Si votre apparence est simple mais distincte, votre marque pourra \u00eatre appliqu\u00e9e \u00e0 n&rsquo;importe quoi sans trop de tracas\u2026<\/p>\n\n<p>Les marques trop compliqu\u00e9es sans r\u00e9cit clair seront beaucoup plus difficiles \u00e0 diversifier.<\/p>\n\n<figure class=\"wp-block-image size-full is-resized\"><img loading=\"lazy\" decoding=\"async\" src=\"https:\/\/content.carib-export.com\/wp-content\/uploads\/2017\/10\/ceda-9-steps-step-6-image.png\" alt=\"\" class=\"wp-image-178857\" width=\"697\" height=\"333\"\/><\/figure>\n\n<p><strong>Lorsque Brand42 a travaill\u00e9 pour CNN, ils ont cr\u00e9\u00e9 un guide de style afin que tout nouveau service puisse facilement \u00eatre adapt\u00e9 \u00e0 l&rsquo;apparence de la marque.<\/strong><\/p>\n","protected":false},"excerpt":{"rendered":"<p>\u00c9tape 6 &#8211; L&rsquo;architecture de votre marque \u00e0 l&rsquo;\u00e9preuve du temps Essentiel si vous \u00eates dans l&rsquo;entreprise pour le long terme La phase de cr\u00e9ation Si vous \u00eates dans l&rsquo;entreprise sur le long terme, il est crucial de vous assurer que l&rsquo;architecture de votre marque est suffisamment mall\u00e9able pour survivre. Vous devez vous poser une [&hellip;]<\/p>\n","protected":false},"author":9,"featured_media":0,"parent":270075,"menu_order":0,"comment_status":"closed","ping_status":"closed","template":"","meta":{"_acf_changed":false,"inline_featured_image":false,"footnotes":""},"tags":[],"class_list":["post-280019","page","type-page","status-publish","hentry"],"acf":[],"yoast_head":"<!-- This site is optimized with the Yoast SEO plugin v27.1.1 - https:\/\/yoast.com\/product\/yoast-seo-wordpress\/ -->\n<title>de P\u00e9rennit\u00e9 de l&#039;architecture de votre marque - Exportation Cara\u00efbes<\/title>\n<meta name=\"robots\" content=\"index, follow, max-snippet:-1, max-image-preview:large, max-video-preview:-1\" \/>\n<link rel=\"canonical\" href=\"https:\/\/content.carib-export.com\/fr\/resources\/exporters-toolkit\/9-steps-to-get-your-brand-prepped-for-export\/future-proof-your-brand-architecture\/\" \/>\n<meta property=\"og:locale\" content=\"fr_FR\" \/>\n<meta property=\"og:type\" content=\"article\" \/>\n<meta property=\"og:title\" content=\"de P\u00e9rennit\u00e9 de l&#039;architecture de votre marque - Exportation Cara\u00efbes\" \/>\n<meta property=\"og:description\" content=\"\u00c9tape 6 &#8211; L&rsquo;architecture de votre marque \u00e0 l&rsquo;\u00e9preuve du temps Essentiel si vous \u00eates dans l&rsquo;entreprise pour le long terme La phase de cr\u00e9ation Si vous \u00eates dans l&rsquo;entreprise sur le long terme, il est crucial de vous assurer que l&rsquo;architecture de votre marque est suffisamment mall\u00e9able pour survivre. Vous devez vous poser une [&hellip;]\" \/>\n<meta property=\"og:url\" content=\"https:\/\/content.carib-export.com\/fr\/resources\/exporters-toolkit\/9-steps-to-get-your-brand-prepped-for-export\/future-proof-your-brand-architecture\/\" \/>\n<meta property=\"og:site_name\" content=\"Exportation Cara\u00efbes\" \/>\n<meta property=\"article:publisher\" content=\"https:\/\/www.facebook.com\/CaribbeanExport\" \/>\n<meta property=\"article:modified_time\" content=\"2025-02-05T18:57:53+00:00\" \/>\n<meta property=\"og:image\" content=\"https:\/\/content.carib-export.com\/wp-content\/uploads\/2019\/06\/CEDA-default-square.jpg\" \/>\n\t<meta property=\"og:image:width\" content=\"1000\" \/>\n\t<meta property=\"og:image:height\" content=\"1000\" \/>\n\t<meta property=\"og:image:type\" content=\"image\/jpeg\" \/>\n<meta name=\"twitter:card\" content=\"summary_large_image\" \/>\n<meta name=\"twitter:site\" content=\"@CaribXport\" \/>\n<meta name=\"twitter:label1\" content=\"Dur\u00e9e de lecture estim\u00e9e\" \/>\n\t<meta name=\"twitter:data1\" content=\"1 minute\" \/>\n<script type=\"application\/ld+json\" class=\"yoast-schema-graph\">{\"@context\":\"https:\/\/schema.org\",\"@graph\":[{\"@type\":\"WebPage\",\"@id\":\"https:\/\/content.carib-export.com\/fr\/resources\/exporters-toolkit\/9-steps-to-get-your-brand-prepped-for-export\/future-proof-your-brand-architecture\/\",\"url\":\"https:\/\/content.carib-export.com\/fr\/resources\/exporters-toolkit\/9-steps-to-get-your-brand-prepped-for-export\/future-proof-your-brand-architecture\/\",\"name\":\"de P\u00e9rennit\u00e9 de l'architecture de votre marque - Exportation Cara\u00efbes\",\"isPartOf\":{\"@id\":\"https:\/\/content.carib-export.com\/fr\/#website\"},\"primaryImageOfPage\":{\"@id\":\"https:\/\/content.carib-export.com\/fr\/resources\/exporters-toolkit\/9-steps-to-get-your-brand-prepped-for-export\/future-proof-your-brand-architecture\/#primaryimage\"},\"image\":{\"@id\":\"https:\/\/content.carib-export.com\/fr\/resources\/exporters-toolkit\/9-steps-to-get-your-brand-prepped-for-export\/future-proof-your-brand-architecture\/#primaryimage\"},\"thumbnailUrl\":\"https:\/\/content.carib-export.com\/wp-content\/uploads\/2017\/10\/ceda-9-steps-step-6-image.png\",\"datePublished\":\"2022-05-17T18:22:55+00:00\",\"dateModified\":\"2025-02-05T18:57:53+00:00\",\"breadcrumb\":{\"@id\":\"https:\/\/content.carib-export.com\/fr\/resources\/exporters-toolkit\/9-steps-to-get-your-brand-prepped-for-export\/future-proof-your-brand-architecture\/#breadcrumb\"},\"inLanguage\":\"fr-FR\",\"potentialAction\":[{\"@type\":\"ReadAction\",\"target\":[\"https:\/\/content.carib-export.com\/fr\/resources\/exporters-toolkit\/9-steps-to-get-your-brand-prepped-for-export\/future-proof-your-brand-architecture\/\"]}]},{\"@type\":\"ImageObject\",\"inLanguage\":\"fr-FR\",\"@id\":\"https:\/\/content.carib-export.com\/fr\/resources\/exporters-toolkit\/9-steps-to-get-your-brand-prepped-for-export\/future-proof-your-brand-architecture\/#primaryimage\",\"url\":\"https:\/\/content.carib-export.com\/wp-content\/uploads\/2017\/10\/ceda-9-steps-step-6-image.png\",\"contentUrl\":\"https:\/\/content.carib-export.com\/wp-content\/uploads\/2017\/10\/ceda-9-steps-step-6-image.png\"},{\"@type\":\"BreadcrumbList\",\"@id\":\"https:\/\/content.carib-export.com\/fr\/resources\/exporters-toolkit\/9-steps-to-get-your-brand-prepped-for-export\/future-proof-your-brand-architecture\/#breadcrumb\",\"itemListElement\":[{\"@type\":\"ListItem\",\"position\":1,\"name\":\"Accueil\",\"item\":\"https:\/\/content.carib-export.com\/fr\/home\/\"},{\"@type\":\"ListItem\",\"position\":2,\"name\":\"Ressources\",\"item\":\"https:\/\/content.carib-export.com\/fr\/resources\/\"},{\"@type\":\"ListItem\",\"position\":3,\"name\":\"Bo\u00eete \u00e0 outils des exportateurs\",\"item\":\"https:\/\/content.carib-export.com\/fr\/resources\/exporters-toolkit\/\"},{\"@type\":\"ListItem\",\"position\":4,\"name\":\"9 \u00e9tapes pour pr\u00e9parer votre marque \u00e0 l'exportation\",\"item\":\"https:\/\/content.carib-export.com\/fr\/resources\/exporters-toolkit\/9-steps-to-get-your-brand-prepped-for-export\/\"},{\"@type\":\"ListItem\",\"position\":5,\"name\":\"P\u00e9rennit\u00e9 de l&rsquo;architecture de votre marque\"}]},{\"@type\":\"WebSite\",\"@id\":\"https:\/\/content.carib-export.com\/fr\/#website\",\"url\":\"https:\/\/content.carib-export.com\/fr\/\",\"name\":\"Exportation Cara\u00efbes\",\"description\":\"La seule agence r\u00e9gionale de promotion du commerce et des investissements du groupe Afrique, Cara\u00efbes et Pacifique.\",\"publisher\":{\"@id\":\"https:\/\/content.carib-export.com\/fr\/#organization\"},\"potentialAction\":[{\"@type\":\"SearchAction\",\"target\":{\"@type\":\"EntryPoint\",\"urlTemplate\":\"https:\/\/content.carib-export.com\/fr\/?s={search_term_string}\"},\"query-input\":{\"@type\":\"PropertyValueSpecification\",\"valueRequired\":true,\"valueName\":\"search_term_string\"}}],\"inLanguage\":\"fr-FR\"},{\"@type\":\"Organization\",\"@id\":\"https:\/\/content.carib-export.com\/fr\/#organization\",\"name\":\"Agence carib\u00e9enne de d\u00e9veloppement des exportations\",\"url\":\"https:\/\/content.carib-export.com\/fr\/\",\"logo\":{\"@type\":\"ImageObject\",\"inLanguage\":\"fr-FR\",\"@id\":\"https:\/\/content.carib-export.com\/fr\/#\/schema\/logo\/image\/\",\"url\":\"https:\/\/content.carib-export.com\/wp-content\/uploads\/2013\/03\/CE-Logo-2013.jpg\",\"contentUrl\":\"https:\/\/content.carib-export.com\/wp-content\/uploads\/2013\/03\/CE-Logo-2013.jpg\",\"width\":1024,\"height\":244,\"caption\":\"Agence carib\u00e9enne de d\u00e9veloppement des exportations\"},\"image\":{\"@id\":\"https:\/\/content.carib-export.com\/fr\/#\/schema\/logo\/image\/\"},\"sameAs\":[\"https:\/\/www.facebook.com\/CaribbeanExport\",\"https:\/\/x.com\/CaribXport\",\"https:\/\/www.instagram.com\/caribbeanexport\",\"https:\/\/www.linkedin.com\/company\/caribbeanexport\",\"https:\/\/www.youtube.com\/user\/TheCaribbeanExport\"]}]}<\/script>\n<!-- \/ Yoast SEO plugin. -->","yoast_head_json":{"title":"de P\u00e9rennit\u00e9 de l'architecture de votre marque - Exportation Cara\u00efbes","robots":{"index":"index","follow":"follow","max-snippet":"max-snippet:-1","max-image-preview":"max-image-preview:large","max-video-preview":"max-video-preview:-1"},"canonical":"https:\/\/content.carib-export.com\/fr\/resources\/exporters-toolkit\/9-steps-to-get-your-brand-prepped-for-export\/future-proof-your-brand-architecture\/","og_locale":"fr_FR","og_type":"article","og_title":"de P\u00e9rennit\u00e9 de l'architecture de votre marque - Exportation Cara\u00efbes","og_description":"\u00c9tape 6 &#8211; L&rsquo;architecture de votre marque \u00e0 l&rsquo;\u00e9preuve du temps Essentiel si vous \u00eates dans l&rsquo;entreprise pour le long terme La phase de cr\u00e9ation Si vous \u00eates dans l&rsquo;entreprise sur le long terme, il est crucial de vous assurer que l&rsquo;architecture de votre marque est suffisamment mall\u00e9able pour survivre. Vous devez vous poser une [&hellip;]","og_url":"https:\/\/content.carib-export.com\/fr\/resources\/exporters-toolkit\/9-steps-to-get-your-brand-prepped-for-export\/future-proof-your-brand-architecture\/","og_site_name":"Exportation Cara\u00efbes","article_publisher":"https:\/\/www.facebook.com\/CaribbeanExport","article_modified_time":"2025-02-05T18:57:53+00:00","og_image":[{"width":1000,"height":1000,"url":"https:\/\/content.carib-export.com\/wp-content\/uploads\/2019\/06\/CEDA-default-square.jpg","type":"image\/jpeg"}],"twitter_card":"summary_large_image","twitter_site":"@CaribXport","twitter_misc":{"Dur\u00e9e de lecture estim\u00e9e":"1 minute"},"schema":{"@context":"https:\/\/schema.org","@graph":[{"@type":"WebPage","@id":"https:\/\/content.carib-export.com\/fr\/resources\/exporters-toolkit\/9-steps-to-get-your-brand-prepped-for-export\/future-proof-your-brand-architecture\/","url":"https:\/\/content.carib-export.com\/fr\/resources\/exporters-toolkit\/9-steps-to-get-your-brand-prepped-for-export\/future-proof-your-brand-architecture\/","name":"de P\u00e9rennit\u00e9 de l'architecture de votre marque - Exportation Cara\u00efbes","isPartOf":{"@id":"https:\/\/content.carib-export.com\/fr\/#website"},"primaryImageOfPage":{"@id":"https:\/\/content.carib-export.com\/fr\/resources\/exporters-toolkit\/9-steps-to-get-your-brand-prepped-for-export\/future-proof-your-brand-architecture\/#primaryimage"},"image":{"@id":"https:\/\/content.carib-export.com\/fr\/resources\/exporters-toolkit\/9-steps-to-get-your-brand-prepped-for-export\/future-proof-your-brand-architecture\/#primaryimage"},"thumbnailUrl":"https:\/\/content.carib-export.com\/wp-content\/uploads\/2017\/10\/ceda-9-steps-step-6-image.png","datePublished":"2022-05-17T18:22:55+00:00","dateModified":"2025-02-05T18:57:53+00:00","breadcrumb":{"@id":"https:\/\/content.carib-export.com\/fr\/resources\/exporters-toolkit\/9-steps-to-get-your-brand-prepped-for-export\/future-proof-your-brand-architecture\/#breadcrumb"},"inLanguage":"fr-FR","potentialAction":[{"@type":"ReadAction","target":["https:\/\/content.carib-export.com\/fr\/resources\/exporters-toolkit\/9-steps-to-get-your-brand-prepped-for-export\/future-proof-your-brand-architecture\/"]}]},{"@type":"ImageObject","inLanguage":"fr-FR","@id":"https:\/\/content.carib-export.com\/fr\/resources\/exporters-toolkit\/9-steps-to-get-your-brand-prepped-for-export\/future-proof-your-brand-architecture\/#primaryimage","url":"https:\/\/content.carib-export.com\/wp-content\/uploads\/2017\/10\/ceda-9-steps-step-6-image.png","contentUrl":"https:\/\/content.carib-export.com\/wp-content\/uploads\/2017\/10\/ceda-9-steps-step-6-image.png"},{"@type":"BreadcrumbList","@id":"https:\/\/content.carib-export.com\/fr\/resources\/exporters-toolkit\/9-steps-to-get-your-brand-prepped-for-export\/future-proof-your-brand-architecture\/#breadcrumb","itemListElement":[{"@type":"ListItem","position":1,"name":"Accueil","item":"https:\/\/content.carib-export.com\/fr\/home\/"},{"@type":"ListItem","position":2,"name":"Ressources","item":"https:\/\/content.carib-export.com\/fr\/resources\/"},{"@type":"ListItem","position":3,"name":"Bo\u00eete \u00e0 outils des exportateurs","item":"https:\/\/content.carib-export.com\/fr\/resources\/exporters-toolkit\/"},{"@type":"ListItem","position":4,"name":"9 \u00e9tapes pour pr\u00e9parer votre marque \u00e0 l'exportation","item":"https:\/\/content.carib-export.com\/fr\/resources\/exporters-toolkit\/9-steps-to-get-your-brand-prepped-for-export\/"},{"@type":"ListItem","position":5,"name":"P\u00e9rennit\u00e9 de l&rsquo;architecture de votre marque"}]},{"@type":"WebSite","@id":"https:\/\/content.carib-export.com\/fr\/#website","url":"https:\/\/content.carib-export.com\/fr\/","name":"Exportation Cara\u00efbes","description":"La seule agence r\u00e9gionale de promotion du commerce et des investissements du groupe Afrique, Cara\u00efbes et Pacifique.","publisher":{"@id":"https:\/\/content.carib-export.com\/fr\/#organization"},"potentialAction":[{"@type":"SearchAction","target":{"@type":"EntryPoint","urlTemplate":"https:\/\/content.carib-export.com\/fr\/?s={search_term_string}"},"query-input":{"@type":"PropertyValueSpecification","valueRequired":true,"valueName":"search_term_string"}}],"inLanguage":"fr-FR"},{"@type":"Organization","@id":"https:\/\/content.carib-export.com\/fr\/#organization","name":"Agence carib\u00e9enne de d\u00e9veloppement des exportations","url":"https:\/\/content.carib-export.com\/fr\/","logo":{"@type":"ImageObject","inLanguage":"fr-FR","@id":"https:\/\/content.carib-export.com\/fr\/#\/schema\/logo\/image\/","url":"https:\/\/content.carib-export.com\/wp-content\/uploads\/2013\/03\/CE-Logo-2013.jpg","contentUrl":"https:\/\/content.carib-export.com\/wp-content\/uploads\/2013\/03\/CE-Logo-2013.jpg","width":1024,"height":244,"caption":"Agence carib\u00e9enne de d\u00e9veloppement des exportations"},"image":{"@id":"https:\/\/content.carib-export.com\/fr\/#\/schema\/logo\/image\/"},"sameAs":["https:\/\/www.facebook.com\/CaribbeanExport","https:\/\/x.com\/CaribXport","https:\/\/www.instagram.com\/caribbeanexport","https:\/\/www.linkedin.com\/company\/caribbeanexport","https:\/\/www.youtube.com\/user\/TheCaribbeanExport"]}]}},"_links":{"self":[{"href":"https:\/\/content.carib-export.com\/fr\/wp-json\/wp\/v2\/pages\/280019","targetHints":{"allow":["GET"]}}],"collection":[{"href":"https:\/\/content.carib-export.com\/fr\/wp-json\/wp\/v2\/pages"}],"about":[{"href":"https:\/\/content.carib-export.com\/fr\/wp-json\/wp\/v2\/types\/page"}],"author":[{"embeddable":true,"href":"https:\/\/content.carib-export.com\/fr\/wp-json\/wp\/v2\/users\/9"}],"replies":[{"embeddable":true,"href":"https:\/\/content.carib-export.com\/fr\/wp-json\/wp\/v2\/comments?post=280019"}],"version-history":[{"count":0,"href":"https:\/\/content.carib-export.com\/fr\/wp-json\/wp\/v2\/pages\/280019\/revisions"}],"up":[{"embeddable":true,"href":"https:\/\/content.carib-export.com\/fr\/wp-json\/wp\/v2\/pages\/270075"}],"wp:attachment":[{"href":"https:\/\/content.carib-export.com\/fr\/wp-json\/wp\/v2\/media?parent=280019"}],"wp:term":[{"taxonomy":"post_tag","embeddable":true,"href":"https:\/\/content.carib-export.com\/fr\/wp-json\/wp\/v2\/tags?post=280019"}],"curies":[{"name":"wp","href":"https:\/\/api.w.org\/{rel}","templated":true}]}}