{"id":280110,"date":"2022-05-17T18:07:01","date_gmt":"2022-05-17T22:07:01","guid":{"rendered":"https:\/\/content.carib-export.com\/exporters\/exporters-toolkit\/10-steps-to-exporting\/step-10-start-exporting\/"},"modified":"2025-02-05T15:37:37","modified_gmt":"2025-02-05T19:37:37","slug":"step-10-start-exporting","status":"publish","type":"page","link":"https:\/\/content.carib-export.com\/fr\/resources\/exporters-toolkit\/10-steps-to-exporting\/step-10-start-exporting\/","title":{"rendered":"\u00c9tape 10 | Commencer \u00e0 exporter"},"content":{"rendered":"\n<p><em>\u00c9tape 10<\/em><\/p>\n\n<blockquote class=\"wp-block-quote is-style-default is-layout-flow wp-block-quote-is-layout-flow\"><p><em>Commencer \u00e0 exporter<\/em><\/p><\/blockquote>\n\n<p>Vous vous \u00eates engag\u00e9 \u00e0 exporter et avez \u00e9valu\u00e9 votre \u00e9tat de pr\u00e9paration. Vous avez les comp\u00e9tences et les ressources pour relever le d\u00e9fi. Vous avez effectu\u00e9 des recherches sur le march\u00e9 et pr\u00e9par\u00e9 votre plan d&rsquo;exportation, votre plan de marketing international et votre plan financier. Votre strat\u00e9gie d&rsquo;entr\u00e9e sur le march\u00e9 est claire et les syst\u00e8mes de soutien (c.-\u00e0-d. transitaire, courtier en douane, pr\u00eateurs financiers, conseillers juridiques) sont en place. Vous avez suivi le processus d&rsquo;exportation \u00e9tape par \u00e9tape et vous \u00eates s\u00fbr d&rsquo;avoir couvert toutes les bases. Maintenant, il est temps de mettre toutes ces comp\u00e9tences et connaissances \u00e0 profit.<\/p>\n\n<p><strong>Le monde attend votre produit ou service !<\/strong><\/p>\n","protected":false},"excerpt":{"rendered":"<p>\u00c9tape 10 Commencer \u00e0 exporter Vous vous \u00eates engag\u00e9 \u00e0 exporter et avez \u00e9valu\u00e9 votre \u00e9tat de pr\u00e9paration. Vous avez les comp\u00e9tences et les ressources pour relever le d\u00e9fi. Vous avez effectu\u00e9 des recherches sur le march\u00e9 et pr\u00e9par\u00e9 votre plan d&rsquo;exportation, votre plan de marketing international et votre plan financier. Votre strat\u00e9gie d&rsquo;entr\u00e9e sur [&hellip;]<\/p>\n","protected":false},"author":9,"featured_media":0,"parent":270052,"menu_order":0,"comment_status":"closed","ping_status":"closed","template":"","meta":{"_acf_changed":false,"inline_featured_image":false,"footnotes":""},"tags":[],"class_list":["post-280110","page","type-page","status-publish","hentry"],"acf":[],"yoast_head":"<!-- This site is optimized with the Yoast SEO plugin v27.1.1 - https:\/\/yoast.com\/product\/yoast-seo-wordpress\/ -->\n<title>de \u00c9tape 10 | Commencer \u00e0 exporter - Exportation Cara\u00efbes<\/title>\n<meta name=\"robots\" content=\"index, follow, max-snippet:-1, max-image-preview:large, max-video-preview:-1\" \/>\n<link rel=\"canonical\" href=\"https:\/\/content.carib-export.com\/fr\/resources\/exporters-toolkit\/10-steps-to-exporting\/step-10-start-exporting\/\" \/>\n<meta property=\"og:locale\" content=\"fr_FR\" \/>\n<meta property=\"og:type\" content=\"article\" \/>\n<meta property=\"og:title\" content=\"de \u00c9tape 10 | Commencer \u00e0 exporter - Exportation Cara\u00efbes\" \/>\n<meta property=\"og:description\" content=\"\u00c9tape 10 Commencer \u00e0 exporter Vous vous \u00eates engag\u00e9 \u00e0 exporter et avez \u00e9valu\u00e9 votre \u00e9tat de pr\u00e9paration. Vous avez les comp\u00e9tences et les ressources pour relever le d\u00e9fi. Vous avez effectu\u00e9 des recherches sur le march\u00e9 et pr\u00e9par\u00e9 votre plan d&rsquo;exportation, votre plan de marketing international et votre plan financier. Votre strat\u00e9gie d&rsquo;entr\u00e9e sur [&hellip;]\" \/>\n<meta property=\"og:url\" content=\"https:\/\/content.carib-export.com\/fr\/resources\/exporters-toolkit\/10-steps-to-exporting\/step-10-start-exporting\/\" \/>\n<meta property=\"og:site_name\" content=\"Exportation Cara\u00efbes\" \/>\n<meta property=\"article:publisher\" content=\"https:\/\/www.facebook.com\/CaribbeanExport\" \/>\n<meta property=\"article:modified_time\" content=\"2025-02-05T19:37:37+00:00\" \/>\n<meta property=\"og:image\" content=\"https:\/\/content.carib-export.com\/wp-content\/uploads\/2019\/06\/CEDA-default-square.jpg\" \/>\n\t<meta property=\"og:image:width\" content=\"1000\" \/>\n\t<meta property=\"og:image:height\" content=\"1000\" \/>\n\t<meta property=\"og:image:type\" content=\"image\/jpeg\" \/>\n<meta name=\"twitter:card\" content=\"summary_large_image\" \/>\n<meta name=\"twitter:site\" content=\"@CaribXport\" \/>\n<meta name=\"twitter:label1\" content=\"Dur\u00e9e de lecture estim\u00e9e\" \/>\n\t<meta name=\"twitter:data1\" content=\"1 minute\" \/>\n<script type=\"application\/ld+json\" class=\"yoast-schema-graph\">{\"@context\":\"https:\/\/schema.org\",\"@graph\":[{\"@type\":\"WebPage\",\"@id\":\"https:\/\/content.carib-export.com\/fr\/resources\/exporters-toolkit\/10-steps-to-exporting\/step-10-start-exporting\/\",\"url\":\"https:\/\/content.carib-export.com\/fr\/resources\/exporters-toolkit\/10-steps-to-exporting\/step-10-start-exporting\/\",\"name\":\"de \u00c9tape 10 | Commencer \u00e0 exporter - Exportation Cara\u00efbes\",\"isPartOf\":{\"@id\":\"https:\/\/content.carib-export.com\/fr\/#website\"},\"datePublished\":\"2022-05-17T22:07:01+00:00\",\"dateModified\":\"2025-02-05T19:37:37+00:00\",\"breadcrumb\":{\"@id\":\"https:\/\/content.carib-export.com\/fr\/resources\/exporters-toolkit\/10-steps-to-exporting\/step-10-start-exporting\/#breadcrumb\"},\"inLanguage\":\"fr-FR\",\"potentialAction\":[{\"@type\":\"ReadAction\",\"target\":[\"https:\/\/content.carib-export.com\/fr\/resources\/exporters-toolkit\/10-steps-to-exporting\/step-10-start-exporting\/\"]}]},{\"@type\":\"BreadcrumbList\",\"@id\":\"https:\/\/content.carib-export.com\/fr\/resources\/exporters-toolkit\/10-steps-to-exporting\/step-10-start-exporting\/#breadcrumb\",\"itemListElement\":[{\"@type\":\"ListItem\",\"position\":1,\"name\":\"Accueil\",\"item\":\"https:\/\/content.carib-export.com\/fr\/home\/\"},{\"@type\":\"ListItem\",\"position\":2,\"name\":\"Ressources\",\"item\":\"https:\/\/content.carib-export.com\/fr\/resources\/\"},{\"@type\":\"ListItem\",\"position\":3,\"name\":\"Bo\u00eete \u00e0 outils des exportateurs\",\"item\":\"https:\/\/content.carib-export.com\/fr\/resources\/exporters-toolkit\/\"},{\"@type\":\"ListItem\",\"position\":4,\"name\":\"10 \u00e9tapes pour exporter\",\"item\":\"https:\/\/content.carib-export.com\/fr\/resources\/exporters-toolkit\/10-steps-to-exporting\/\"},{\"@type\":\"ListItem\",\"position\":5,\"name\":\"\u00c9tape 10 | Commencer \u00e0 exporter\"}]},{\"@type\":\"WebSite\",\"@id\":\"https:\/\/content.carib-export.com\/fr\/#website\",\"url\":\"https:\/\/content.carib-export.com\/fr\/\",\"name\":\"Exportation Cara\u00efbes\",\"description\":\"La seule agence r\u00e9gionale de promotion du commerce et des investissements du groupe Afrique, Cara\u00efbes et Pacifique.\",\"publisher\":{\"@id\":\"https:\/\/content.carib-export.com\/fr\/#organization\"},\"potentialAction\":[{\"@type\":\"SearchAction\",\"target\":{\"@type\":\"EntryPoint\",\"urlTemplate\":\"https:\/\/content.carib-export.com\/fr\/?s={search_term_string}\"},\"query-input\":{\"@type\":\"PropertyValueSpecification\",\"valueRequired\":true,\"valueName\":\"search_term_string\"}}],\"inLanguage\":\"fr-FR\"},{\"@type\":\"Organization\",\"@id\":\"https:\/\/content.carib-export.com\/fr\/#organization\",\"name\":\"Agence carib\u00e9enne de d\u00e9veloppement des exportations\",\"url\":\"https:\/\/content.carib-export.com\/fr\/\",\"logo\":{\"@type\":\"ImageObject\",\"inLanguage\":\"fr-FR\",\"@id\":\"https:\/\/content.carib-export.com\/fr\/#\/schema\/logo\/image\/\",\"url\":\"https:\/\/content.carib-export.com\/wp-content\/uploads\/2013\/03\/CE-Logo-2013.jpg\",\"contentUrl\":\"https:\/\/content.carib-export.com\/wp-content\/uploads\/2013\/03\/CE-Logo-2013.jpg\",\"width\":1024,\"height\":244,\"caption\":\"Agence carib\u00e9enne de d\u00e9veloppement des exportations\"},\"image\":{\"@id\":\"https:\/\/content.carib-export.com\/fr\/#\/schema\/logo\/image\/\"},\"sameAs\":[\"https:\/\/www.facebook.com\/CaribbeanExport\",\"https:\/\/x.com\/CaribXport\",\"https:\/\/www.instagram.com\/caribbeanexport\",\"https:\/\/www.linkedin.com\/company\/caribbeanexport\",\"https:\/\/www.youtube.com\/user\/TheCaribbeanExport\"]}]}<\/script>\n<!-- \/ Yoast SEO plugin. -->","yoast_head_json":{"title":"de \u00c9tape 10 | Commencer \u00e0 exporter - Exportation Cara\u00efbes","robots":{"index":"index","follow":"follow","max-snippet":"max-snippet:-1","max-image-preview":"max-image-preview:large","max-video-preview":"max-video-preview:-1"},"canonical":"https:\/\/content.carib-export.com\/fr\/resources\/exporters-toolkit\/10-steps-to-exporting\/step-10-start-exporting\/","og_locale":"fr_FR","og_type":"article","og_title":"de \u00c9tape 10 | Commencer \u00e0 exporter - Exportation Cara\u00efbes","og_description":"\u00c9tape 10 Commencer \u00e0 exporter Vous vous \u00eates engag\u00e9 \u00e0 exporter et avez \u00e9valu\u00e9 votre \u00e9tat de pr\u00e9paration. Vous avez les comp\u00e9tences et les ressources pour relever le d\u00e9fi. Vous avez effectu\u00e9 des recherches sur le march\u00e9 et pr\u00e9par\u00e9 votre plan d&rsquo;exportation, votre plan de marketing international et votre plan financier. Votre strat\u00e9gie d&rsquo;entr\u00e9e sur [&hellip;]","og_url":"https:\/\/content.carib-export.com\/fr\/resources\/exporters-toolkit\/10-steps-to-exporting\/step-10-start-exporting\/","og_site_name":"Exportation Cara\u00efbes","article_publisher":"https:\/\/www.facebook.com\/CaribbeanExport","article_modified_time":"2025-02-05T19:37:37+00:00","og_image":[{"width":1000,"height":1000,"url":"https:\/\/content.carib-export.com\/wp-content\/uploads\/2019\/06\/CEDA-default-square.jpg","type":"image\/jpeg"}],"twitter_card":"summary_large_image","twitter_site":"@CaribXport","twitter_misc":{"Dur\u00e9e de lecture estim\u00e9e":"1 minute"},"schema":{"@context":"https:\/\/schema.org","@graph":[{"@type":"WebPage","@id":"https:\/\/content.carib-export.com\/fr\/resources\/exporters-toolkit\/10-steps-to-exporting\/step-10-start-exporting\/","url":"https:\/\/content.carib-export.com\/fr\/resources\/exporters-toolkit\/10-steps-to-exporting\/step-10-start-exporting\/","name":"de \u00c9tape 10 | Commencer \u00e0 exporter - Exportation Cara\u00efbes","isPartOf":{"@id":"https:\/\/content.carib-export.com\/fr\/#website"},"datePublished":"2022-05-17T22:07:01+00:00","dateModified":"2025-02-05T19:37:37+00:00","breadcrumb":{"@id":"https:\/\/content.carib-export.com\/fr\/resources\/exporters-toolkit\/10-steps-to-exporting\/step-10-start-exporting\/#breadcrumb"},"inLanguage":"fr-FR","potentialAction":[{"@type":"ReadAction","target":["https:\/\/content.carib-export.com\/fr\/resources\/exporters-toolkit\/10-steps-to-exporting\/step-10-start-exporting\/"]}]},{"@type":"BreadcrumbList","@id":"https:\/\/content.carib-export.com\/fr\/resources\/exporters-toolkit\/10-steps-to-exporting\/step-10-start-exporting\/#breadcrumb","itemListElement":[{"@type":"ListItem","position":1,"name":"Accueil","item":"https:\/\/content.carib-export.com\/fr\/home\/"},{"@type":"ListItem","position":2,"name":"Ressources","item":"https:\/\/content.carib-export.com\/fr\/resources\/"},{"@type":"ListItem","position":3,"name":"Bo\u00eete \u00e0 outils des exportateurs","item":"https:\/\/content.carib-export.com\/fr\/resources\/exporters-toolkit\/"},{"@type":"ListItem","position":4,"name":"10 \u00e9tapes pour exporter","item":"https:\/\/content.carib-export.com\/fr\/resources\/exporters-toolkit\/10-steps-to-exporting\/"},{"@type":"ListItem","position":5,"name":"\u00c9tape 10 | Commencer \u00e0 exporter"}]},{"@type":"WebSite","@id":"https:\/\/content.carib-export.com\/fr\/#website","url":"https:\/\/content.carib-export.com\/fr\/","name":"Exportation Cara\u00efbes","description":"La seule agence r\u00e9gionale de promotion du commerce et des investissements du groupe Afrique, Cara\u00efbes et Pacifique.","publisher":{"@id":"https:\/\/content.carib-export.com\/fr\/#organization"},"potentialAction":[{"@type":"SearchAction","target":{"@type":"EntryPoint","urlTemplate":"https:\/\/content.carib-export.com\/fr\/?s={search_term_string}"},"query-input":{"@type":"PropertyValueSpecification","valueRequired":true,"valueName":"search_term_string"}}],"inLanguage":"fr-FR"},{"@type":"Organization","@id":"https:\/\/content.carib-export.com\/fr\/#organization","name":"Agence carib\u00e9enne de d\u00e9veloppement des exportations","url":"https:\/\/content.carib-export.com\/fr\/","logo":{"@type":"ImageObject","inLanguage":"fr-FR","@id":"https:\/\/content.carib-export.com\/fr\/#\/schema\/logo\/image\/","url":"https:\/\/content.carib-export.com\/wp-content\/uploads\/2013\/03\/CE-Logo-2013.jpg","contentUrl":"https:\/\/content.carib-export.com\/wp-content\/uploads\/2013\/03\/CE-Logo-2013.jpg","width":1024,"height":244,"caption":"Agence carib\u00e9enne de d\u00e9veloppement des exportations"},"image":{"@id":"https:\/\/content.carib-export.com\/fr\/#\/schema\/logo\/image\/"},"sameAs":["https:\/\/www.facebook.com\/CaribbeanExport","https:\/\/x.com\/CaribXport","https:\/\/www.instagram.com\/caribbeanexport","https:\/\/www.linkedin.com\/company\/caribbeanexport","https:\/\/www.youtube.com\/user\/TheCaribbeanExport"]}]}},"_links":{"self":[{"href":"https:\/\/content.carib-export.com\/fr\/wp-json\/wp\/v2\/pages\/280110","targetHints":{"allow":["GET"]}}],"collection":[{"href":"https:\/\/content.carib-export.com\/fr\/wp-json\/wp\/v2\/pages"}],"about":[{"href":"https:\/\/content.carib-export.com\/fr\/wp-json\/wp\/v2\/types\/page"}],"author":[{"embeddable":true,"href":"https:\/\/content.carib-export.com\/fr\/wp-json\/wp\/v2\/users\/9"}],"replies":[{"embeddable":true,"href":"https:\/\/content.carib-export.com\/fr\/wp-json\/wp\/v2\/comments?post=280110"}],"version-history":[{"count":0,"href":"https:\/\/content.carib-export.com\/fr\/wp-json\/wp\/v2\/pages\/280110\/revisions"}],"up":[{"embeddable":true,"href":"https:\/\/content.carib-export.com\/fr\/wp-json\/wp\/v2\/pages\/270052"}],"wp:attachment":[{"href":"https:\/\/content.carib-export.com\/fr\/wp-json\/wp\/v2\/media?parent=280110"}],"wp:term":[{"taxonomy":"post_tag","embeddable":true,"href":"https:\/\/content.carib-export.com\/fr\/wp-json\/wp\/v2\/tags?post=280110"}],"curies":[{"name":"wp","href":"https:\/\/api.w.org\/{rel}","templated":true}]}}