{"id":280128,"date":"2022-05-17T17:53:22","date_gmt":"2022-05-17T21:53:22","guid":{"rendered":"https:\/\/content.carib-export.com\/exporters\/exporters-toolkit\/10-steps-to-exporting\/step-3-conduct-market-research\/"},"modified":"2025-02-05T15:53:04","modified_gmt":"2025-02-05T19:53:04","slug":"step-3-conduct-market-research","status":"publish","type":"page","link":"https:\/\/content.carib-export.com\/fr\/resources\/exporters-toolkit\/10-steps-to-exporting\/step-3-conduct-market-research\/","title":{"rendered":"\u00c9tape 3 | Mener des \u00e9tudes de march\u00e9"},"content":{"rendered":"\n<p><em>\u00c9tape 3<\/em><\/p>\n\n<blockquote class=\"wp-block-quote is-style-default is-layout-flow wp-block-quote-is-layout-flow\"><p><em>Mener des \u00e9tudes de march\u00e9<\/em><\/p><\/blockquote>\n\n<p>Avoir une compr\u00e9hension approfondie de votre march\u00e9 d&rsquo;exportation vous aidera \u00e0 prendre des d\u00e9cisions \u00e9clair\u00e9es en mati\u00e8re de marketing \u00e0 l&rsquo;exportation en vous donnant une image claire des facteurs \u00e9conomiques, politiques et culturels qui influent sur votre capacit\u00e9 \u00e0 vendre votre produit ou service. En fin de compte, cela vous aidera \u00e0 \u00e9viter des erreurs co\u00fbteuses en r\u00e9duisant votre exposition aux inconnues. La recherche documentaire initiale vous aidera \u00e0 prioriser les march\u00e9s les plus attractifs en examinant les statistiques commerciales publi\u00e9es, les informations sur le march\u00e9 et l&rsquo;industrie, les partenaires potentiels, les pistes commerciales et m\u00eame identifier les obstacles techniques tels que les droits excessifs ou les pratiques restrictives qui peuvent exclure les territoires d&rsquo;exportation avant vous commencer \u00e0 investir beaucoup de temps et d&rsquo;argent.<\/p>\n\n<p>Caribbean Export a d\u00e9velopp\u00e9 le <a href=\"http:\/\/ceintelligence.com\/\" target=\"_blank\" rel=\"noreferrer noopener\">Caribbean Export Market Intelligence Portal (CE-MIP)<\/a> pour vous accompagner dans vos \u00e9tudes de march\u00e9. Il existe \u00e9galement une suite ou des ressources pour vous. Voici quelques recommandations : consultez la s\u00e9rie de sept <strong>s\u00e9ances d&rsquo;information sur les obstacles techniques au commerce du <\/strong> <a href=\"http:\/\/www.intracen.org\/BB-2010-09-29-Technical-Barriers-to-Trade\/\" target=\"_blank\" rel=\"noreferrer noopener\">Centre du commerce international (CCI).<\/a> En outre, apr\u00e8s vous \u00eatre familiaris\u00e9 avec le march\u00e9 potentiel gr\u00e2ce \u00e0 vos recherches documentaires, il convient d&rsquo;\u00e9tablir un contact direct avec des experts cl\u00e9s, des clients ou d&rsquo;autres sources d&rsquo;information par le biais de techniques telles que les entretiens et les consultations. Une visite du march\u00e9 sera cruciale une fois que vous aurez une certaine compr\u00e9hension de la dynamique du march\u00e9 et de l&rsquo;opportunit\u00e9. Votre produit ou service peut \u00e9galement b\u00e9n\u00e9ficier de l&rsquo;accord de <a href=\"https:\/\/www.carib-export.com\/download\/187554\/\" target=\"_blank\" rel=\"noreferrer noopener\">partenariat \u00e9conomique (APE)<\/a> ainsi que d&rsquo;autres <a href=\"http:\/\/www.sice.oas.org\/agreements_e.asp\" target=\"_blank\" rel=\"noreferrer noopener\">accords commerciaux<\/a> <strong>.<\/strong> Vous pouvez \u00e9galement choisir d&rsquo;acc\u00e9der \u00e0 un certain nombre de rapports et d&rsquo;\u00e9tudes de Caribbean Exports. Notre s\u00e9rie compl\u00e8te de rapports nationaux <strong>\u00ab Faire des affaires avec \u00bb<\/strong> fournit des conseils et des orientations pratiques sur la mani\u00e8re de faire des affaires dans un certain nombre de pays du monde, en explorant en d\u00e9tail les normes r\u00e9glementaires locales, les influences politiques et les d\u00e9fis culturels. Ces documents vous donneront une compr\u00e9hension de premi\u00e8re main des march\u00e9s d&rsquo;exportation que vous envisagez d&rsquo;entrer.<\/p>\n\n<p>Les Opportunit\u00e9s de faire des affaires dans les FCOR vous donnent de pr\u00e9cieuses informations sur le march\u00e9 :<\/p>\n\n<ul class=\"wp-block-list\"><li><a href=\"http:\/\/carib-export.mamp\/obic\/documents\/Final_Consolidated_Report_November_2010.pdf\" target=\"_blank\" rel=\"noreferrer noopener\">Opportunit\u00e9s pour faire des affaires entre les \u00c9tats du CARIFORUM et les r\u00e9gions ultrap\u00e9riph\u00e9riques de la Cara\u00efbe fran\u00e7aise (RCOR) : Volume 1. Rapport consolide<\/a><\/li><li><a href=\"http:\/\/carib-export.mamp\/obic\/documents\/Final_Individual_Reports_November_2010.pdf\" target=\"_blank\" rel=\"noreferrer noopener\">Opportunit\u00e9s de faire des affaires entre les \u00c9tats du CARIFORUM et les r\u00e9gions ultrap\u00e9riph\u00e9riques des Cara\u00efbes fran\u00e7aises (RCOR) : Volume 2 \u2013 Rapports individuels par pays<\/a><\/li><\/ul>\n\n<p>Pour ceux qui sont impliqu\u00e9s dans les <strong>industries de services<\/strong> , veuillez consulter :<\/p>\n\n<ul class=\"wp-block-list\"><li><a href=\"http:\/\/carib-export.mamp\/obic\/documents\/Final_Report_Saint_Lucia.pdf\" target=\"_blank\" rel=\"noreferrer noopener\">Plan de marketing strat\u00e9gique pour la promotion des exportations de services professionnels \u2013 Sainte-Lucie<\/a><\/li><li><a href=\"http:\/\/carib-export.mamp\/obic\/documents\/Final_Report_Dominica.pdf\" target=\"_blank\" rel=\"noreferrer noopener\">Plan de marketing strat\u00e9gique pour la promotion des exportations de services professionnels &#8211; Commonwealth de la Dominique<\/a><\/li><li><a href=\"http:\/\/carib-export.mamp\/obic\/documents\/Final_Report_Trinidad_%26_Tobago.pdf\" target=\"_blank\" rel=\"noreferrer noopener\">Plan de marketing strat\u00e9gique pour la promotion des exportations de services professionnels \u2013 Trinit\u00e9-et-Tobago<\/a><\/li><li><a href=\"http:\/\/carib-export.mamp\/obic\/documents\/Final_Report_Barbados.pdf\" target=\"_blank\" rel=\"noreferrer noopener\">Plan de marketing strat\u00e9gique pour la promotion des exportations de services professionnels \u2013 Barbade<\/a><\/li><\/ul>\n\n<p>Pour ceux qui travaillent dans le secteur de l&rsquo;artisanat, veuillez consulter les informations contenues dans le <a href=\"http:\/\/carib-export.mamp\/obic\/documents\/Export_Marketing_Manual_2007.pdf\" target=\"_blank\" rel=\"noreferrer noopener\">manuel de marketing \u00e0 l&rsquo;exportation<\/a> . Pour vous aider dans vos recherches, consultez les sites Web suivants;<\/p>\n\n<ul class=\"wp-block-list\"><li><a href=\"http:\/\/www.caricomstats.org\/\" target=\"_blank\" rel=\"noreferrer noopener\">Secr\u00e9tariat de la CARICOM D\u00e9partement des statistiques<\/a> : Fournit des statistiques sur le commerce r\u00e9gional.<\/li><li><a href=\"https:\/\/www.cbi.eu\/\" target=\"_blank\" rel=\"noreferrer noopener\">Centre pour la promotion des importations (CBI)<\/a> : Fournit des \u00e9tudes de march\u00e9 t\u00e9l\u00e9chargeables contenant des informations sur les produits, des bases de donn\u00e9es et des outils d&rsquo;exportation, tels qu&rsquo;un v\u00e9rificateur de pr\u00e9paration \u00e0 l&rsquo;exportation, des mod\u00e8les pour l&rsquo;\u00e9laboration d&rsquo;un plan de marketing \u00e0 l&rsquo;exportation et un plan d&rsquo;action d&rsquo;\u00e9tude de march\u00e9.<\/li><li>Service d&rsquo;assistance \u00e0 l&rsquo;exportation de l&rsquo; <a href=\"https:\/\/trade.ec.europa.eu\/tradehelp\/\" target=\"_blank\" rel=\"noreferrer noopener\">UE<\/a> : Le service d&rsquo;assistance \u00e0 l&rsquo;exportation de l&rsquo;UE est un service en ligne, fourni par la Commission europ\u00e9enne, pour faciliter l&rsquo;acc\u00e8s au march\u00e9 pour les entreprises des pays en d\u00e9veloppement afin d&rsquo;acc\u00e9der \u00e0 l&rsquo;Union europ\u00e9enne. Ce service fournit un aper\u00e7u des r\u00e9gimes commerciaux pr\u00e9f\u00e9rentiels de l&rsquo;UE \u00e9tablis pour les pays en d\u00e9veloppement ainsi que la liste de tous les tarifs, taxes et autres exigences pour les exportateurs des pays en d\u00e9veloppement int\u00e9ress\u00e9s \u00e0 approvisionner le march\u00e9 de l&rsquo;UE.<\/li><li><a href=\"http:\/\/www.intracen.org\/\" target=\"_blank\" rel=\"noreferrer noopener\">Centre du commerce international (ITC)<\/a> : Ce site contient des informations sur le commerce international et les profils des march\u00e9s, les statistiques commerciales et les prix.<\/li><li><a href=\"http:\/\/www.tfocanada.ca\/home.php\" target=\"_blank\" rel=\"noreferrer noopener\">TFO Canada<\/a>: Les produits et services mis \u00e0 la disposition des utilisateurs enregistr\u00e9s comprennent le manuel Exportation au Canada ainsi que plus de 20 documents d&rsquo;information sur les march\u00e9s sectoriels, des \u00e9v\u00e9nements et des nouvelles commerciales, des liens vers des ressources canadiennes et internationales, des conseils sur la recherche d&rsquo;acheteurs, les taux tarifaires, les pr\u00e9f\u00e9rences et les tendances des consommateurs, les exigences r\u00e9glementaires et des conseils pratiques sur la pr\u00e9paration au march\u00e9 canadien, ainsi que la promotion gratuite des entreprises enregistr\u00e9es et de leurs produits.<\/li><li><a href=\"https:\/\/www.hubspot.com\/\" target=\"_blank\" rel=\"noreferrer noopener\">HubSpot.com<\/a> : HubSpot est un logiciel marketing tout-en-un qui aide les entreprises \u00e0 attirer des prospects et \u00e0 les convertir en clients. HubSpot est un pionnier du marketing entrant et vise \u00e0 aider ses clients \u00e0 faire du marketing que les gens aiment r\u00e9ellement.<\/li><li><a href=\"http:\/\/www.marketresearch.com\/\" target=\"_blank\" rel=\"noreferrer noopener\">Market Reseach.com<\/a> : MarketResearch.com est la collection la plus compl\u00e8te de produits et services d&rsquo;information commerciale sur le Web. Ils proposent des rapports de plus de 720 \u00e9diteurs de premier plan et mettent \u00e0 jour leur collection quotidiennement pour fournir aux entreprises un acc\u00e8s en ligne instantan\u00e9 \u00e0 la base de donn\u00e9es d&rsquo;experts la plus compl\u00e8te et la plus actuelle au monde sur les industries, les entreprises, les produits et les tendances mondiales.<\/li><li><a href=\"http:\/\/www.crosq.org\/\" target=\"_blank\" rel=\"noreferrer noopener\">Organisation r\u00e9gionale des normes et de la qualit\u00e9 des Cara\u00efbes (CROSQ)<\/a> : L&rsquo;Organisation r\u00e9gionale des normes et de la qualit\u00e9 de la CARICOM (CROSQ) est une organisation intergouvernementale regroupant les quinze \u00c9tats membres de la Communaut\u00e9 des Cara\u00efbes (CARICOM). Il soutient le mandat de la CARICOM dans l&rsquo;expansion du commerce intra-r\u00e9gional et extra-r\u00e9gional des biens et services. Le CROSQ est le centre r\u00e9gional de promotion de l&rsquo;efficacit\u00e9 et de la comp\u00e9titivit\u00e9 de la production de biens et de services, \u00e0 travers le processus de normalisation et de v\u00e9rification de la qualit\u00e9. Il a pour mandat de repr\u00e9senter les int\u00e9r\u00eats de la r\u00e9gion dans les travaux de normalisation h\u00e9misph\u00e9riques internationaux, de promouvoir l&rsquo;harmonisation des syst\u00e8mes et des normes de m\u00e9trologie et d&rsquo;acc\u00e9l\u00e9rer le rythme d&rsquo;\u00e9laboration des normes r\u00e9gionales pour la production durable de biens et de services dans le march\u00e9 unique de la CARICOM et \u00e9conomique (CSME) et l&rsquo;am\u00e9lioration du d\u00e9veloppement social et \u00e9conomique.<\/li><li> <a href=\"https:\/\/www.indocal.gob.do\/\" target=\"_blank\" rel=\"noreferrer noopener\">Instituto Dominicano Para La Calidad (INDOCAL)<\/a> : est le bureau gouvernemental de la R\u00e9publique dominicaine charg\u00e9 de l&rsquo;application des r\u00e9glementations sur le marquage, l&rsquo;\u00e9tiquetage ainsi que les contr\u00f4les de qualit\u00e9.<\/li><\/ul>\n","protected":false},"excerpt":{"rendered":"<p>\u00c9tape 3 Mener des \u00e9tudes de march\u00e9 Avoir une compr\u00e9hension approfondie de votre march\u00e9 d&rsquo;exportation vous aidera \u00e0 prendre des d\u00e9cisions \u00e9clair\u00e9es en mati\u00e8re de marketing \u00e0 l&rsquo;exportation en vous donnant une image claire des facteurs \u00e9conomiques, politiques et culturels qui influent sur votre capacit\u00e9 \u00e0 vendre votre produit ou service. En fin de compte, [&hellip;]<\/p>\n","protected":false},"author":9,"featured_media":0,"parent":270052,"menu_order":0,"comment_status":"closed","ping_status":"closed","template":"","meta":{"_acf_changed":false,"inline_featured_image":false,"footnotes":""},"tags":[],"class_list":["post-280128","page","type-page","status-publish","hentry"],"acf":[],"yoast_head":"<!-- This site is optimized with the Yoast SEO plugin v27.1.1 - https:\/\/yoast.com\/product\/yoast-seo-wordpress\/ -->\n<title>de \u00c9tape 3 | Mener des \u00e9tudes de march\u00e9 - Exportation Cara\u00efbes<\/title>\n<meta name=\"robots\" content=\"index, follow, max-snippet:-1, max-image-preview:large, max-video-preview:-1\" \/>\n<link rel=\"canonical\" href=\"https:\/\/content.carib-export.com\/fr\/resources\/exporters-toolkit\/10-steps-to-exporting\/step-3-conduct-market-research\/\" \/>\n<meta property=\"og:locale\" content=\"fr_FR\" \/>\n<meta property=\"og:type\" content=\"article\" \/>\n<meta property=\"og:title\" content=\"de \u00c9tape 3 | Mener des \u00e9tudes de march\u00e9 - Exportation Cara\u00efbes\" \/>\n<meta property=\"og:description\" content=\"\u00c9tape 3 Mener des \u00e9tudes de march\u00e9 Avoir une compr\u00e9hension approfondie de votre march\u00e9 d&rsquo;exportation vous aidera \u00e0 prendre des d\u00e9cisions \u00e9clair\u00e9es en mati\u00e8re de marketing \u00e0 l&rsquo;exportation en vous donnant une image claire des facteurs \u00e9conomiques, politiques et culturels qui influent sur votre capacit\u00e9 \u00e0 vendre votre produit ou service. En fin de compte, [&hellip;]\" \/>\n<meta property=\"og:url\" content=\"https:\/\/content.carib-export.com\/fr\/resources\/exporters-toolkit\/10-steps-to-exporting\/step-3-conduct-market-research\/\" \/>\n<meta property=\"og:site_name\" content=\"Exportation Cara\u00efbes\" \/>\n<meta property=\"article:publisher\" content=\"https:\/\/www.facebook.com\/CaribbeanExport\" \/>\n<meta property=\"article:modified_time\" content=\"2025-02-05T19:53:04+00:00\" \/>\n<meta property=\"og:image\" content=\"https:\/\/content.carib-export.com\/wp-content\/uploads\/2019\/06\/CEDA-default-square.jpg\" \/>\n\t<meta property=\"og:image:width\" content=\"1000\" \/>\n\t<meta property=\"og:image:height\" content=\"1000\" \/>\n\t<meta property=\"og:image:type\" content=\"image\/jpeg\" \/>\n<meta name=\"twitter:card\" content=\"summary_large_image\" \/>\n<meta name=\"twitter:site\" content=\"@CaribXport\" \/>\n<meta name=\"twitter:label1\" content=\"Dur\u00e9e de lecture estim\u00e9e\" \/>\n\t<meta name=\"twitter:data1\" content=\"6 minutes\" \/>\n<script type=\"application\/ld+json\" class=\"yoast-schema-graph\">{\"@context\":\"https:\/\/schema.org\",\"@graph\":[{\"@type\":\"WebPage\",\"@id\":\"https:\/\/content.carib-export.com\/fr\/resources\/exporters-toolkit\/10-steps-to-exporting\/step-3-conduct-market-research\/\",\"url\":\"https:\/\/content.carib-export.com\/fr\/resources\/exporters-toolkit\/10-steps-to-exporting\/step-3-conduct-market-research\/\",\"name\":\"de \u00c9tape 3 | Mener des \u00e9tudes de march\u00e9 - Exportation Cara\u00efbes\",\"isPartOf\":{\"@id\":\"https:\/\/content.carib-export.com\/fr\/#website\"},\"datePublished\":\"2022-05-17T21:53:22+00:00\",\"dateModified\":\"2025-02-05T19:53:04+00:00\",\"breadcrumb\":{\"@id\":\"https:\/\/content.carib-export.com\/fr\/resources\/exporters-toolkit\/10-steps-to-exporting\/step-3-conduct-market-research\/#breadcrumb\"},\"inLanguage\":\"fr-FR\",\"potentialAction\":[{\"@type\":\"ReadAction\",\"target\":[\"https:\/\/content.carib-export.com\/fr\/resources\/exporters-toolkit\/10-steps-to-exporting\/step-3-conduct-market-research\/\"]}]},{\"@type\":\"BreadcrumbList\",\"@id\":\"https:\/\/content.carib-export.com\/fr\/resources\/exporters-toolkit\/10-steps-to-exporting\/step-3-conduct-market-research\/#breadcrumb\",\"itemListElement\":[{\"@type\":\"ListItem\",\"position\":1,\"name\":\"Accueil\",\"item\":\"https:\/\/content.carib-export.com\/fr\/home\/\"},{\"@type\":\"ListItem\",\"position\":2,\"name\":\"Ressources\",\"item\":\"https:\/\/content.carib-export.com\/fr\/resources\/\"},{\"@type\":\"ListItem\",\"position\":3,\"name\":\"Bo\u00eete \u00e0 outils des exportateurs\",\"item\":\"https:\/\/content.carib-export.com\/fr\/resources\/exporters-toolkit\/\"},{\"@type\":\"ListItem\",\"position\":4,\"name\":\"10 \u00e9tapes pour exporter\",\"item\":\"https:\/\/content.carib-export.com\/fr\/resources\/exporters-toolkit\/10-steps-to-exporting\/\"},{\"@type\":\"ListItem\",\"position\":5,\"name\":\"\u00c9tape 3 | Mener des \u00e9tudes de march\u00e9\"}]},{\"@type\":\"WebSite\",\"@id\":\"https:\/\/content.carib-export.com\/fr\/#website\",\"url\":\"https:\/\/content.carib-export.com\/fr\/\",\"name\":\"Exportation Cara\u00efbes\",\"description\":\"La seule agence r\u00e9gionale de promotion du commerce et des investissements du groupe Afrique, Cara\u00efbes et Pacifique.\",\"publisher\":{\"@id\":\"https:\/\/content.carib-export.com\/fr\/#organization\"},\"potentialAction\":[{\"@type\":\"SearchAction\",\"target\":{\"@type\":\"EntryPoint\",\"urlTemplate\":\"https:\/\/content.carib-export.com\/fr\/?s={search_term_string}\"},\"query-input\":{\"@type\":\"PropertyValueSpecification\",\"valueRequired\":true,\"valueName\":\"search_term_string\"}}],\"inLanguage\":\"fr-FR\"},{\"@type\":\"Organization\",\"@id\":\"https:\/\/content.carib-export.com\/fr\/#organization\",\"name\":\"Agence carib\u00e9enne de d\u00e9veloppement des exportations\",\"url\":\"https:\/\/content.carib-export.com\/fr\/\",\"logo\":{\"@type\":\"ImageObject\",\"inLanguage\":\"fr-FR\",\"@id\":\"https:\/\/content.carib-export.com\/fr\/#\/schema\/logo\/image\/\",\"url\":\"https:\/\/content.carib-export.com\/wp-content\/uploads\/2013\/03\/CE-Logo-2013.jpg\",\"contentUrl\":\"https:\/\/content.carib-export.com\/wp-content\/uploads\/2013\/03\/CE-Logo-2013.jpg\",\"width\":1024,\"height\":244,\"caption\":\"Agence carib\u00e9enne de d\u00e9veloppement des exportations\"},\"image\":{\"@id\":\"https:\/\/content.carib-export.com\/fr\/#\/schema\/logo\/image\/\"},\"sameAs\":[\"https:\/\/www.facebook.com\/CaribbeanExport\",\"https:\/\/x.com\/CaribXport\",\"https:\/\/www.instagram.com\/caribbeanexport\",\"https:\/\/www.linkedin.com\/company\/caribbeanexport\",\"https:\/\/www.youtube.com\/user\/TheCaribbeanExport\"]}]}<\/script>\n<!-- \/ Yoast SEO plugin. -->","yoast_head_json":{"title":"de \u00c9tape 3 | Mener des \u00e9tudes de march\u00e9 - Exportation Cara\u00efbes","robots":{"index":"index","follow":"follow","max-snippet":"max-snippet:-1","max-image-preview":"max-image-preview:large","max-video-preview":"max-video-preview:-1"},"canonical":"https:\/\/content.carib-export.com\/fr\/resources\/exporters-toolkit\/10-steps-to-exporting\/step-3-conduct-market-research\/","og_locale":"fr_FR","og_type":"article","og_title":"de \u00c9tape 3 | Mener des \u00e9tudes de march\u00e9 - Exportation Cara\u00efbes","og_description":"\u00c9tape 3 Mener des \u00e9tudes de march\u00e9 Avoir une compr\u00e9hension approfondie de votre march\u00e9 d&rsquo;exportation vous aidera \u00e0 prendre des d\u00e9cisions \u00e9clair\u00e9es en mati\u00e8re de marketing \u00e0 l&rsquo;exportation en vous donnant une image claire des facteurs \u00e9conomiques, politiques et culturels qui influent sur votre capacit\u00e9 \u00e0 vendre votre produit ou service. En fin de compte, [&hellip;]","og_url":"https:\/\/content.carib-export.com\/fr\/resources\/exporters-toolkit\/10-steps-to-exporting\/step-3-conduct-market-research\/","og_site_name":"Exportation Cara\u00efbes","article_publisher":"https:\/\/www.facebook.com\/CaribbeanExport","article_modified_time":"2025-02-05T19:53:04+00:00","og_image":[{"width":1000,"height":1000,"url":"https:\/\/content.carib-export.com\/wp-content\/uploads\/2019\/06\/CEDA-default-square.jpg","type":"image\/jpeg"}],"twitter_card":"summary_large_image","twitter_site":"@CaribXport","twitter_misc":{"Dur\u00e9e de lecture estim\u00e9e":"6 minutes"},"schema":{"@context":"https:\/\/schema.org","@graph":[{"@type":"WebPage","@id":"https:\/\/content.carib-export.com\/fr\/resources\/exporters-toolkit\/10-steps-to-exporting\/step-3-conduct-market-research\/","url":"https:\/\/content.carib-export.com\/fr\/resources\/exporters-toolkit\/10-steps-to-exporting\/step-3-conduct-market-research\/","name":"de \u00c9tape 3 | Mener des \u00e9tudes de march\u00e9 - Exportation Cara\u00efbes","isPartOf":{"@id":"https:\/\/content.carib-export.com\/fr\/#website"},"datePublished":"2022-05-17T21:53:22+00:00","dateModified":"2025-02-05T19:53:04+00:00","breadcrumb":{"@id":"https:\/\/content.carib-export.com\/fr\/resources\/exporters-toolkit\/10-steps-to-exporting\/step-3-conduct-market-research\/#breadcrumb"},"inLanguage":"fr-FR","potentialAction":[{"@type":"ReadAction","target":["https:\/\/content.carib-export.com\/fr\/resources\/exporters-toolkit\/10-steps-to-exporting\/step-3-conduct-market-research\/"]}]},{"@type":"BreadcrumbList","@id":"https:\/\/content.carib-export.com\/fr\/resources\/exporters-toolkit\/10-steps-to-exporting\/step-3-conduct-market-research\/#breadcrumb","itemListElement":[{"@type":"ListItem","position":1,"name":"Accueil","item":"https:\/\/content.carib-export.com\/fr\/home\/"},{"@type":"ListItem","position":2,"name":"Ressources","item":"https:\/\/content.carib-export.com\/fr\/resources\/"},{"@type":"ListItem","position":3,"name":"Bo\u00eete \u00e0 outils des exportateurs","item":"https:\/\/content.carib-export.com\/fr\/resources\/exporters-toolkit\/"},{"@type":"ListItem","position":4,"name":"10 \u00e9tapes pour exporter","item":"https:\/\/content.carib-export.com\/fr\/resources\/exporters-toolkit\/10-steps-to-exporting\/"},{"@type":"ListItem","position":5,"name":"\u00c9tape 3 | Mener des \u00e9tudes de march\u00e9"}]},{"@type":"WebSite","@id":"https:\/\/content.carib-export.com\/fr\/#website","url":"https:\/\/content.carib-export.com\/fr\/","name":"Exportation Cara\u00efbes","description":"La seule agence r\u00e9gionale de promotion du commerce et des investissements du groupe Afrique, Cara\u00efbes et Pacifique.","publisher":{"@id":"https:\/\/content.carib-export.com\/fr\/#organization"},"potentialAction":[{"@type":"SearchAction","target":{"@type":"EntryPoint","urlTemplate":"https:\/\/content.carib-export.com\/fr\/?s={search_term_string}"},"query-input":{"@type":"PropertyValueSpecification","valueRequired":true,"valueName":"search_term_string"}}],"inLanguage":"fr-FR"},{"@type":"Organization","@id":"https:\/\/content.carib-export.com\/fr\/#organization","name":"Agence carib\u00e9enne de d\u00e9veloppement des exportations","url":"https:\/\/content.carib-export.com\/fr\/","logo":{"@type":"ImageObject","inLanguage":"fr-FR","@id":"https:\/\/content.carib-export.com\/fr\/#\/schema\/logo\/image\/","url":"https:\/\/content.carib-export.com\/wp-content\/uploads\/2013\/03\/CE-Logo-2013.jpg","contentUrl":"https:\/\/content.carib-export.com\/wp-content\/uploads\/2013\/03\/CE-Logo-2013.jpg","width":1024,"height":244,"caption":"Agence carib\u00e9enne de d\u00e9veloppement des exportations"},"image":{"@id":"https:\/\/content.carib-export.com\/fr\/#\/schema\/logo\/image\/"},"sameAs":["https:\/\/www.facebook.com\/CaribbeanExport","https:\/\/x.com\/CaribXport","https:\/\/www.instagram.com\/caribbeanexport","https:\/\/www.linkedin.com\/company\/caribbeanexport","https:\/\/www.youtube.com\/user\/TheCaribbeanExport"]}]}},"_links":{"self":[{"href":"https:\/\/content.carib-export.com\/fr\/wp-json\/wp\/v2\/pages\/280128","targetHints":{"allow":["GET"]}}],"collection":[{"href":"https:\/\/content.carib-export.com\/fr\/wp-json\/wp\/v2\/pages"}],"about":[{"href":"https:\/\/content.carib-export.com\/fr\/wp-json\/wp\/v2\/types\/page"}],"author":[{"embeddable":true,"href":"https:\/\/content.carib-export.com\/fr\/wp-json\/wp\/v2\/users\/9"}],"replies":[{"embeddable":true,"href":"https:\/\/content.carib-export.com\/fr\/wp-json\/wp\/v2\/comments?post=280128"}],"version-history":[{"count":0,"href":"https:\/\/content.carib-export.com\/fr\/wp-json\/wp\/v2\/pages\/280128\/revisions"}],"up":[{"embeddable":true,"href":"https:\/\/content.carib-export.com\/fr\/wp-json\/wp\/v2\/pages\/270052"}],"wp:attachment":[{"href":"https:\/\/content.carib-export.com\/fr\/wp-json\/wp\/v2\/media?parent=280128"}],"wp:term":[{"taxonomy":"post_tag","embeddable":true,"href":"https:\/\/content.carib-export.com\/fr\/wp-json\/wp\/v2\/tags?post=280128"}],"curies":[{"name":"wp","href":"https:\/\/api.w.org\/{rel}","templated":true}]}}