{"id":280164,"date":"2022-05-17T18:02:47","date_gmt":"2022-05-17T22:02:47","guid":{"rendered":"https:\/\/content.carib-export.com\/exporters\/exporters-toolkit\/10-steps-to-exporting\/step-7-getting-your-product-or-service-to-market\/"},"modified":"2025-02-06T00:49:10","modified_gmt":"2025-02-06T04:49:10","slug":"step-7-getting-your-product-or-service-to-market","status":"publish","type":"page","link":"https:\/\/content.carib-export.com\/fr\/resources\/exporters-toolkit\/10-steps-to-exporting\/step-7-getting-your-product-or-service-to-market\/","title":{"rendered":"\u00c9tape 7 | Mettre votre produit ou service sur le march\u00e9"},"content":{"rendered":"\n<p><em>\u00c9tape 7<\/em><\/p>\n\n<blockquote class=\"wp-block-quote is-style-default is-layout-flow wp-block-quote-is-layout-flow\"><p><em>Mettre votre produit ou service sur le march\u00e9<\/em><\/p><\/blockquote>\n\n<p>Chaque march\u00e9 a son propre ensemble de r\u00e8gles et de r\u00e9glementations couvrant la s\u00e9curit\u00e9, la sant\u00e9, l&#8217;emballage et l&rsquo;\u00e9tiquetage, les douanes et les droits, entre autres, et celles-ci peuvent varier en fonction du produit ou du service que vous exportez. Il est essentiel que vous compreniez les r\u00e8gles et r\u00e9glementations qui s&rsquo;appliquent \u00e0 votre produit ou service avant d&rsquo;exp\u00e9dier vos marchandises ou m\u00eame de vous lancer dans l&rsquo;ouverture d&rsquo;un site commercial \u00e0 l&rsquo;\u00e9tranger.<\/p>\n\n<p>De nombreux primo-exportateurs font appel \u00e0 un transitaire pour les aider dans les inspections internationales et la documentation d&rsquo;exportation. Les transitaires sont exp\u00e9riment\u00e9s dans les r\u00e8gles et r\u00e9glementations des pays importateurs, les m\u00e9thodes d&rsquo;exp\u00e9dition, les r\u00e9glementations d&rsquo;exportation et la r\u00e9daction des documents en temps opportun. Il est de la responsabilit\u00e9 de l&rsquo;exportateur d&rsquo;engager un transitaire ; les importateurs le font rarement (voire jamais). Le service de fret commence par la coordination des exp\u00e9ditions sur le lieu de production jusqu&rsquo;\u00e0 la finalisation des documents commerciaux.<\/p>\n\n<p>Pensez \u00e9galement \u00e0 participer \u00e0 nos <a href=\"https:\/\/www.carib-export.com\/export-development\/export-training\/\">ateliers PRONET Export Marketing<\/a> , qui vous aideront \u00e0 comprendre les d\u00e9fis de l&rsquo;exportation et vous guideront \u00e0 travers une approche syst\u00e9matique dans la pr\u00e9paration \u00e0 l&rsquo;exportation.<\/p>\n\n<p>En fonction du march\u00e9 et de l&rsquo;itin\u00e9raire que vous empruntez, les comp\u00e9tences n\u00e9cessaires peuvent inclure la ma\u00eetrise de la langue, une bonne compr\u00e9hension des diff\u00e9rences culturelles, la capacit\u00e9 de rechercher et d&rsquo;\u00e9valuer votre march\u00e9 cible et une exp\u00e9rience des relations avec les transitaires ou les agents des douanes. Vous devrez \u00e9galement d\u00e9finir les principales \u00e9tapes, t\u00e2ches et budgets n\u00e9cessaires \u00e0 la mise en \u0153uvre de votre strat\u00e9gie d&rsquo;entr\u00e9e sur le march\u00e9. Vous devrez \u00e9galement envisager de former le personnel existant, d&#8217;employer de nouveaux employ\u00e9s poss\u00e9dant les comp\u00e9tences et l&rsquo;exp\u00e9rience requises ou d&rsquo;utiliser des consultants pour travailler avec vous en Irlande et\/ou \u00e0 l&rsquo;\u00e9tranger.<\/p>\n\n<p>Jetez un \u0153il \u00e0 nos petits guides sur :<\/p>\n","protected":false},"excerpt":{"rendered":"<p>\u00c9tape 7 Mettre votre produit ou service sur le march\u00e9 Chaque march\u00e9 a son propre ensemble de r\u00e8gles et de r\u00e9glementations couvrant la s\u00e9curit\u00e9, la sant\u00e9, l&#8217;emballage et l&rsquo;\u00e9tiquetage, les douanes et les droits, entre autres, et celles-ci peuvent varier en fonction du produit ou du service que vous exportez. Il est essentiel que vous [&hellip;]<\/p>\n","protected":false},"author":9,"featured_media":0,"parent":270052,"menu_order":0,"comment_status":"closed","ping_status":"closed","template":"","meta":{"_acf_changed":false,"inline_featured_image":false,"footnotes":""},"tags":[],"class_list":["post-280164","page","type-page","status-publish","hentry"],"acf":[],"yoast_head":"<!-- This site is optimized with the Yoast SEO plugin v27.1.1 - https:\/\/yoast.com\/product\/yoast-seo-wordpress\/ -->\n<title>de \u00c9tape 7 | Mettre votre produit ou service sur le march\u00e9 - Exportation Cara\u00efbes<\/title>\n<meta name=\"robots\" content=\"index, follow, max-snippet:-1, max-image-preview:large, max-video-preview:-1\" \/>\n<link rel=\"canonical\" href=\"https:\/\/content.carib-export.com\/fr\/resources\/exporters-toolkit\/10-steps-to-exporting\/step-7-getting-your-product-or-service-to-market\/\" \/>\n<meta property=\"og:locale\" content=\"fr_FR\" \/>\n<meta property=\"og:type\" content=\"article\" \/>\n<meta property=\"og:title\" content=\"de \u00c9tape 7 | Mettre votre produit ou service sur le march\u00e9 - Exportation Cara\u00efbes\" \/>\n<meta property=\"og:description\" content=\"\u00c9tape 7 Mettre votre produit ou service sur le march\u00e9 Chaque march\u00e9 a son propre ensemble de r\u00e8gles et de r\u00e9glementations couvrant la s\u00e9curit\u00e9, la sant\u00e9, l&#8217;emballage et l&rsquo;\u00e9tiquetage, les douanes et les droits, entre autres, et celles-ci peuvent varier en fonction du produit ou du service que vous exportez. Il est essentiel que vous [&hellip;]\" \/>\n<meta property=\"og:url\" content=\"https:\/\/content.carib-export.com\/fr\/resources\/exporters-toolkit\/10-steps-to-exporting\/step-7-getting-your-product-or-service-to-market\/\" \/>\n<meta property=\"og:site_name\" content=\"Exportation Cara\u00efbes\" \/>\n<meta property=\"article:publisher\" content=\"https:\/\/www.facebook.com\/CaribbeanExport\" \/>\n<meta property=\"article:modified_time\" content=\"2025-02-06T04:49:10+00:00\" \/>\n<meta property=\"og:image\" content=\"https:\/\/content.carib-export.com\/wp-content\/uploads\/2019\/06\/CEDA-default-square.jpg\" \/>\n\t<meta property=\"og:image:width\" content=\"1000\" \/>\n\t<meta property=\"og:image:height\" content=\"1000\" \/>\n\t<meta property=\"og:image:type\" content=\"image\/jpeg\" \/>\n<meta name=\"twitter:card\" content=\"summary_large_image\" \/>\n<meta name=\"twitter:site\" content=\"@CaribXport\" \/>\n<meta name=\"twitter:label1\" content=\"Dur\u00e9e de lecture estim\u00e9e\" \/>\n\t<meta name=\"twitter:data1\" content=\"2 minutes\" \/>\n<script type=\"application\/ld+json\" class=\"yoast-schema-graph\">{\"@context\":\"https:\/\/schema.org\",\"@graph\":[{\"@type\":\"WebPage\",\"@id\":\"https:\/\/content.carib-export.com\/fr\/resources\/exporters-toolkit\/10-steps-to-exporting\/step-7-getting-your-product-or-service-to-market\/\",\"url\":\"https:\/\/content.carib-export.com\/fr\/resources\/exporters-toolkit\/10-steps-to-exporting\/step-7-getting-your-product-or-service-to-market\/\",\"name\":\"de \u00c9tape 7 | Mettre votre produit ou service sur le march\u00e9 - Exportation Cara\u00efbes\",\"isPartOf\":{\"@id\":\"https:\/\/content.carib-export.com\/fr\/#website\"},\"datePublished\":\"2022-05-17T22:02:47+00:00\",\"dateModified\":\"2025-02-06T04:49:10+00:00\",\"breadcrumb\":{\"@id\":\"https:\/\/content.carib-export.com\/fr\/resources\/exporters-toolkit\/10-steps-to-exporting\/step-7-getting-your-product-or-service-to-market\/#breadcrumb\"},\"inLanguage\":\"fr-FR\",\"potentialAction\":[{\"@type\":\"ReadAction\",\"target\":[\"https:\/\/content.carib-export.com\/fr\/resources\/exporters-toolkit\/10-steps-to-exporting\/step-7-getting-your-product-or-service-to-market\/\"]}]},{\"@type\":\"BreadcrumbList\",\"@id\":\"https:\/\/content.carib-export.com\/fr\/resources\/exporters-toolkit\/10-steps-to-exporting\/step-7-getting-your-product-or-service-to-market\/#breadcrumb\",\"itemListElement\":[{\"@type\":\"ListItem\",\"position\":1,\"name\":\"Accueil\",\"item\":\"https:\/\/content.carib-export.com\/fr\/home\/\"},{\"@type\":\"ListItem\",\"position\":2,\"name\":\"Ressources\",\"item\":\"https:\/\/content.carib-export.com\/fr\/resources\/\"},{\"@type\":\"ListItem\",\"position\":3,\"name\":\"Bo\u00eete \u00e0 outils des exportateurs\",\"item\":\"https:\/\/content.carib-export.com\/fr\/resources\/exporters-toolkit\/\"},{\"@type\":\"ListItem\",\"position\":4,\"name\":\"10 \u00e9tapes pour exporter\",\"item\":\"https:\/\/content.carib-export.com\/fr\/resources\/exporters-toolkit\/10-steps-to-exporting\/\"},{\"@type\":\"ListItem\",\"position\":5,\"name\":\"\u00c9tape 7 | Mettre votre produit ou service sur le march\u00e9\"}]},{\"@type\":\"WebSite\",\"@id\":\"https:\/\/content.carib-export.com\/fr\/#website\",\"url\":\"https:\/\/content.carib-export.com\/fr\/\",\"name\":\"Exportation Cara\u00efbes\",\"description\":\"La seule agence r\u00e9gionale de promotion du commerce et des investissements du groupe Afrique, Cara\u00efbes et Pacifique.\",\"publisher\":{\"@id\":\"https:\/\/content.carib-export.com\/fr\/#organization\"},\"potentialAction\":[{\"@type\":\"SearchAction\",\"target\":{\"@type\":\"EntryPoint\",\"urlTemplate\":\"https:\/\/content.carib-export.com\/fr\/?s={search_term_string}\"},\"query-input\":{\"@type\":\"PropertyValueSpecification\",\"valueRequired\":true,\"valueName\":\"search_term_string\"}}],\"inLanguage\":\"fr-FR\"},{\"@type\":\"Organization\",\"@id\":\"https:\/\/content.carib-export.com\/fr\/#organization\",\"name\":\"Agence carib\u00e9enne de d\u00e9veloppement des exportations\",\"url\":\"https:\/\/content.carib-export.com\/fr\/\",\"logo\":{\"@type\":\"ImageObject\",\"inLanguage\":\"fr-FR\",\"@id\":\"https:\/\/content.carib-export.com\/fr\/#\/schema\/logo\/image\/\",\"url\":\"https:\/\/content.carib-export.com\/wp-content\/uploads\/2013\/03\/CE-Logo-2013.jpg\",\"contentUrl\":\"https:\/\/content.carib-export.com\/wp-content\/uploads\/2013\/03\/CE-Logo-2013.jpg\",\"width\":1024,\"height\":244,\"caption\":\"Agence carib\u00e9enne de d\u00e9veloppement des exportations\"},\"image\":{\"@id\":\"https:\/\/content.carib-export.com\/fr\/#\/schema\/logo\/image\/\"},\"sameAs\":[\"https:\/\/www.facebook.com\/CaribbeanExport\",\"https:\/\/x.com\/CaribXport\",\"https:\/\/www.instagram.com\/caribbeanexport\",\"https:\/\/www.linkedin.com\/company\/caribbeanexport\",\"https:\/\/www.youtube.com\/user\/TheCaribbeanExport\"]}]}<\/script>\n<!-- \/ Yoast SEO plugin. -->","yoast_head_json":{"title":"de \u00c9tape 7 | Mettre votre produit ou service sur le march\u00e9 - Exportation Cara\u00efbes","robots":{"index":"index","follow":"follow","max-snippet":"max-snippet:-1","max-image-preview":"max-image-preview:large","max-video-preview":"max-video-preview:-1"},"canonical":"https:\/\/content.carib-export.com\/fr\/resources\/exporters-toolkit\/10-steps-to-exporting\/step-7-getting-your-product-or-service-to-market\/","og_locale":"fr_FR","og_type":"article","og_title":"de \u00c9tape 7 | Mettre votre produit ou service sur le march\u00e9 - Exportation Cara\u00efbes","og_description":"\u00c9tape 7 Mettre votre produit ou service sur le march\u00e9 Chaque march\u00e9 a son propre ensemble de r\u00e8gles et de r\u00e9glementations couvrant la s\u00e9curit\u00e9, la sant\u00e9, l&#8217;emballage et l&rsquo;\u00e9tiquetage, les douanes et les droits, entre autres, et celles-ci peuvent varier en fonction du produit ou du service que vous exportez. Il est essentiel que vous [&hellip;]","og_url":"https:\/\/content.carib-export.com\/fr\/resources\/exporters-toolkit\/10-steps-to-exporting\/step-7-getting-your-product-or-service-to-market\/","og_site_name":"Exportation Cara\u00efbes","article_publisher":"https:\/\/www.facebook.com\/CaribbeanExport","article_modified_time":"2025-02-06T04:49:10+00:00","og_image":[{"width":1000,"height":1000,"url":"https:\/\/content.carib-export.com\/wp-content\/uploads\/2019\/06\/CEDA-default-square.jpg","type":"image\/jpeg"}],"twitter_card":"summary_large_image","twitter_site":"@CaribXport","twitter_misc":{"Dur\u00e9e de lecture estim\u00e9e":"2 minutes"},"schema":{"@context":"https:\/\/schema.org","@graph":[{"@type":"WebPage","@id":"https:\/\/content.carib-export.com\/fr\/resources\/exporters-toolkit\/10-steps-to-exporting\/step-7-getting-your-product-or-service-to-market\/","url":"https:\/\/content.carib-export.com\/fr\/resources\/exporters-toolkit\/10-steps-to-exporting\/step-7-getting-your-product-or-service-to-market\/","name":"de \u00c9tape 7 | Mettre votre produit ou service sur le march\u00e9 - Exportation Cara\u00efbes","isPartOf":{"@id":"https:\/\/content.carib-export.com\/fr\/#website"},"datePublished":"2022-05-17T22:02:47+00:00","dateModified":"2025-02-06T04:49:10+00:00","breadcrumb":{"@id":"https:\/\/content.carib-export.com\/fr\/resources\/exporters-toolkit\/10-steps-to-exporting\/step-7-getting-your-product-or-service-to-market\/#breadcrumb"},"inLanguage":"fr-FR","potentialAction":[{"@type":"ReadAction","target":["https:\/\/content.carib-export.com\/fr\/resources\/exporters-toolkit\/10-steps-to-exporting\/step-7-getting-your-product-or-service-to-market\/"]}]},{"@type":"BreadcrumbList","@id":"https:\/\/content.carib-export.com\/fr\/resources\/exporters-toolkit\/10-steps-to-exporting\/step-7-getting-your-product-or-service-to-market\/#breadcrumb","itemListElement":[{"@type":"ListItem","position":1,"name":"Accueil","item":"https:\/\/content.carib-export.com\/fr\/home\/"},{"@type":"ListItem","position":2,"name":"Ressources","item":"https:\/\/content.carib-export.com\/fr\/resources\/"},{"@type":"ListItem","position":3,"name":"Bo\u00eete \u00e0 outils des exportateurs","item":"https:\/\/content.carib-export.com\/fr\/resources\/exporters-toolkit\/"},{"@type":"ListItem","position":4,"name":"10 \u00e9tapes pour exporter","item":"https:\/\/content.carib-export.com\/fr\/resources\/exporters-toolkit\/10-steps-to-exporting\/"},{"@type":"ListItem","position":5,"name":"\u00c9tape 7 | Mettre votre produit ou service sur le march\u00e9"}]},{"@type":"WebSite","@id":"https:\/\/content.carib-export.com\/fr\/#website","url":"https:\/\/content.carib-export.com\/fr\/","name":"Exportation Cara\u00efbes","description":"La seule agence r\u00e9gionale de promotion du commerce et des investissements du groupe Afrique, Cara\u00efbes et Pacifique.","publisher":{"@id":"https:\/\/content.carib-export.com\/fr\/#organization"},"potentialAction":[{"@type":"SearchAction","target":{"@type":"EntryPoint","urlTemplate":"https:\/\/content.carib-export.com\/fr\/?s={search_term_string}"},"query-input":{"@type":"PropertyValueSpecification","valueRequired":true,"valueName":"search_term_string"}}],"inLanguage":"fr-FR"},{"@type":"Organization","@id":"https:\/\/content.carib-export.com\/fr\/#organization","name":"Agence carib\u00e9enne de d\u00e9veloppement des exportations","url":"https:\/\/content.carib-export.com\/fr\/","logo":{"@type":"ImageObject","inLanguage":"fr-FR","@id":"https:\/\/content.carib-export.com\/fr\/#\/schema\/logo\/image\/","url":"https:\/\/content.carib-export.com\/wp-content\/uploads\/2013\/03\/CE-Logo-2013.jpg","contentUrl":"https:\/\/content.carib-export.com\/wp-content\/uploads\/2013\/03\/CE-Logo-2013.jpg","width":1024,"height":244,"caption":"Agence carib\u00e9enne de d\u00e9veloppement des exportations"},"image":{"@id":"https:\/\/content.carib-export.com\/fr\/#\/schema\/logo\/image\/"},"sameAs":["https:\/\/www.facebook.com\/CaribbeanExport","https:\/\/x.com\/CaribXport","https:\/\/www.instagram.com\/caribbeanexport","https:\/\/www.linkedin.com\/company\/caribbeanexport","https:\/\/www.youtube.com\/user\/TheCaribbeanExport"]}]}},"_links":{"self":[{"href":"https:\/\/content.carib-export.com\/fr\/wp-json\/wp\/v2\/pages\/280164","targetHints":{"allow":["GET"]}}],"collection":[{"href":"https:\/\/content.carib-export.com\/fr\/wp-json\/wp\/v2\/pages"}],"about":[{"href":"https:\/\/content.carib-export.com\/fr\/wp-json\/wp\/v2\/types\/page"}],"author":[{"embeddable":true,"href":"https:\/\/content.carib-export.com\/fr\/wp-json\/wp\/v2\/users\/9"}],"replies":[{"embeddable":true,"href":"https:\/\/content.carib-export.com\/fr\/wp-json\/wp\/v2\/comments?post=280164"}],"version-history":[{"count":0,"href":"https:\/\/content.carib-export.com\/fr\/wp-json\/wp\/v2\/pages\/280164\/revisions"}],"up":[{"embeddable":true,"href":"https:\/\/content.carib-export.com\/fr\/wp-json\/wp\/v2\/pages\/270052"}],"wp:attachment":[{"href":"https:\/\/content.carib-export.com\/fr\/wp-json\/wp\/v2\/media?parent=280164"}],"wp:term":[{"taxonomy":"post_tag","embeddable":true,"href":"https:\/\/content.carib-export.com\/fr\/wp-json\/wp\/v2\/tags?post=280164"}],"curies":[{"name":"wp","href":"https:\/\/api.w.org\/{rel}","templated":true}]}}