{"id":280182,"date":"2022-05-17T18:06:00","date_gmt":"2022-05-17T22:06:00","guid":{"rendered":"https:\/\/content.carib-export.com\/exporters\/exporters-toolkit\/10-steps-to-exporting\/step-9-legal-considerations\/"},"modified":"2025-02-06T00:55:05","modified_gmt":"2025-02-06T04:55:05","slug":"step-9-legal-considerations","status":"publish","type":"page","link":"https:\/\/content.carib-export.com\/fr\/resources\/exporters-toolkit\/10-steps-to-exporting\/step-9-legal-considerations\/","title":{"rendered":"\u00c9tape 9 | Consid\u00e9rations l\u00e9gales"},"content":{"rendered":"\n<p><em>\u00c9tape 9<\/em><\/p>\n\n<blockquote class=\"wp-block-quote is-style-default is-layout-flow wp-block-quote-is-layout-flow\"><p><em>Consid\u00e9rations l\u00e9gales<\/em><\/p><\/blockquote>\n\n<p>L&rsquo;exportation expose les entreprises carib\u00e9ennes \u00e0 des lois et r\u00e9glementations inconnues. Il existe de nombreuses conventions internationales, trait\u00e9s et r\u00e8gles nationales, r\u00e9gionales et municipales qui peuvent affecter votre capacit\u00e9 \u00e0 op\u00e9rer avec succ\u00e8s sur les march\u00e9s \u00e9trangers tels que l&rsquo;Accord de partenariat \u00e9conomique (APE). Les exportateurs peuvent \u00e9galement rencontrer des diff\u00e9rends avec des agents ou des distributeurs, des clients ou des cr\u00e9anciers. Il est important de comprendre vos droits et obligations lors de la r\u00e9solution de litiges, de la vente de biens ou de services et de la protection de la propri\u00e9t\u00e9 intellectuelle. Veuillez visiter la <a href=\"http:\/\/www.ijrcenter.org\/regional-communities\/caribbean-court-of-justice\/\" target=\"_blank\" rel=\"noreferrer noopener\">Cour de justice des Cara\u00efbes<\/a> pour le r\u00e8glement des diff\u00e9rends.<\/p>\n\n<p>Jetez un \u0153il \u00e0 notre petit guide sur :<\/p>\n","protected":false},"excerpt":{"rendered":"<p>\u00c9tape 9 Consid\u00e9rations l\u00e9gales L&rsquo;exportation expose les entreprises carib\u00e9ennes \u00e0 des lois et r\u00e9glementations inconnues. Il existe de nombreuses conventions internationales, trait\u00e9s et r\u00e8gles nationales, r\u00e9gionales et municipales qui peuvent affecter votre capacit\u00e9 \u00e0 op\u00e9rer avec succ\u00e8s sur les march\u00e9s \u00e9trangers tels que l&rsquo;Accord de partenariat \u00e9conomique (APE). Les exportateurs peuvent \u00e9galement rencontrer des diff\u00e9rends [&hellip;]<\/p>\n","protected":false},"author":9,"featured_media":0,"parent":270052,"menu_order":0,"comment_status":"closed","ping_status":"closed","template":"","meta":{"_acf_changed":false,"inline_featured_image":false,"footnotes":""},"tags":[],"class_list":["post-280182","page","type-page","status-publish","hentry"],"acf":[],"yoast_head":"<!-- This site is optimized with the Yoast SEO plugin v27.1.1 - https:\/\/yoast.com\/product\/yoast-seo-wordpress\/ -->\n<title>de \u00c9tape 9 | Consid\u00e9rations l\u00e9gales - Exportation Cara\u00efbes<\/title>\n<meta name=\"robots\" content=\"index, follow, max-snippet:-1, max-image-preview:large, max-video-preview:-1\" \/>\n<link rel=\"canonical\" href=\"https:\/\/content.carib-export.com\/fr\/resources\/exporters-toolkit\/10-steps-to-exporting\/step-9-legal-considerations\/\" \/>\n<meta property=\"og:locale\" content=\"fr_FR\" \/>\n<meta property=\"og:type\" content=\"article\" \/>\n<meta property=\"og:title\" content=\"de \u00c9tape 9 | Consid\u00e9rations l\u00e9gales - Exportation Cara\u00efbes\" \/>\n<meta property=\"og:description\" content=\"\u00c9tape 9 Consid\u00e9rations l\u00e9gales L&rsquo;exportation expose les entreprises carib\u00e9ennes \u00e0 des lois et r\u00e9glementations inconnues. Il existe de nombreuses conventions internationales, trait\u00e9s et r\u00e8gles nationales, r\u00e9gionales et municipales qui peuvent affecter votre capacit\u00e9 \u00e0 op\u00e9rer avec succ\u00e8s sur les march\u00e9s \u00e9trangers tels que l&rsquo;Accord de partenariat \u00e9conomique (APE). Les exportateurs peuvent \u00e9galement rencontrer des diff\u00e9rends [&hellip;]\" \/>\n<meta property=\"og:url\" content=\"https:\/\/content.carib-export.com\/fr\/resources\/exporters-toolkit\/10-steps-to-exporting\/step-9-legal-considerations\/\" \/>\n<meta property=\"og:site_name\" content=\"Exportation Cara\u00efbes\" \/>\n<meta property=\"article:publisher\" content=\"https:\/\/www.facebook.com\/CaribbeanExport\" \/>\n<meta property=\"article:modified_time\" content=\"2025-02-06T04:55:05+00:00\" \/>\n<meta property=\"og:image\" content=\"https:\/\/content.carib-export.com\/wp-content\/uploads\/2019\/06\/CEDA-default-square.jpg\" \/>\n\t<meta property=\"og:image:width\" content=\"1000\" \/>\n\t<meta property=\"og:image:height\" content=\"1000\" \/>\n\t<meta property=\"og:image:type\" content=\"image\/jpeg\" \/>\n<meta name=\"twitter:card\" content=\"summary_large_image\" \/>\n<meta name=\"twitter:site\" content=\"@CaribXport\" \/>\n<meta name=\"twitter:label1\" content=\"Dur\u00e9e de lecture estim\u00e9e\" \/>\n\t<meta name=\"twitter:data1\" content=\"1 minute\" \/>\n<script type=\"application\/ld+json\" class=\"yoast-schema-graph\">{\"@context\":\"https:\/\/schema.org\",\"@graph\":[{\"@type\":\"WebPage\",\"@id\":\"https:\/\/content.carib-export.com\/fr\/resources\/exporters-toolkit\/10-steps-to-exporting\/step-9-legal-considerations\/\",\"url\":\"https:\/\/content.carib-export.com\/fr\/resources\/exporters-toolkit\/10-steps-to-exporting\/step-9-legal-considerations\/\",\"name\":\"de \u00c9tape 9 | Consid\u00e9rations l\u00e9gales - Exportation Cara\u00efbes\",\"isPartOf\":{\"@id\":\"https:\/\/content.carib-export.com\/fr\/#website\"},\"datePublished\":\"2022-05-17T22:06:00+00:00\",\"dateModified\":\"2025-02-06T04:55:05+00:00\",\"breadcrumb\":{\"@id\":\"https:\/\/content.carib-export.com\/fr\/resources\/exporters-toolkit\/10-steps-to-exporting\/step-9-legal-considerations\/#breadcrumb\"},\"inLanguage\":\"fr-FR\",\"potentialAction\":[{\"@type\":\"ReadAction\",\"target\":[\"https:\/\/content.carib-export.com\/fr\/resources\/exporters-toolkit\/10-steps-to-exporting\/step-9-legal-considerations\/\"]}]},{\"@type\":\"BreadcrumbList\",\"@id\":\"https:\/\/content.carib-export.com\/fr\/resources\/exporters-toolkit\/10-steps-to-exporting\/step-9-legal-considerations\/#breadcrumb\",\"itemListElement\":[{\"@type\":\"ListItem\",\"position\":1,\"name\":\"Accueil\",\"item\":\"https:\/\/content.carib-export.com\/fr\/home\/\"},{\"@type\":\"ListItem\",\"position\":2,\"name\":\"Ressources\",\"item\":\"https:\/\/content.carib-export.com\/fr\/resources\/\"},{\"@type\":\"ListItem\",\"position\":3,\"name\":\"Bo\u00eete \u00e0 outils des exportateurs\",\"item\":\"https:\/\/content.carib-export.com\/fr\/resources\/exporters-toolkit\/\"},{\"@type\":\"ListItem\",\"position\":4,\"name\":\"10 \u00e9tapes pour exporter\",\"item\":\"https:\/\/content.carib-export.com\/fr\/resources\/exporters-toolkit\/10-steps-to-exporting\/\"},{\"@type\":\"ListItem\",\"position\":5,\"name\":\"\u00c9tape 9 | Consid\u00e9rations l\u00e9gales\"}]},{\"@type\":\"WebSite\",\"@id\":\"https:\/\/content.carib-export.com\/fr\/#website\",\"url\":\"https:\/\/content.carib-export.com\/fr\/\",\"name\":\"Exportation Cara\u00efbes\",\"description\":\"La seule agence r\u00e9gionale de promotion du commerce et des investissements du groupe Afrique, Cara\u00efbes et Pacifique.\",\"publisher\":{\"@id\":\"https:\/\/content.carib-export.com\/fr\/#organization\"},\"potentialAction\":[{\"@type\":\"SearchAction\",\"target\":{\"@type\":\"EntryPoint\",\"urlTemplate\":\"https:\/\/content.carib-export.com\/fr\/?s={search_term_string}\"},\"query-input\":{\"@type\":\"PropertyValueSpecification\",\"valueRequired\":true,\"valueName\":\"search_term_string\"}}],\"inLanguage\":\"fr-FR\"},{\"@type\":\"Organization\",\"@id\":\"https:\/\/content.carib-export.com\/fr\/#organization\",\"name\":\"Agence carib\u00e9enne de d\u00e9veloppement des exportations\",\"url\":\"https:\/\/content.carib-export.com\/fr\/\",\"logo\":{\"@type\":\"ImageObject\",\"inLanguage\":\"fr-FR\",\"@id\":\"https:\/\/content.carib-export.com\/fr\/#\/schema\/logo\/image\/\",\"url\":\"https:\/\/content.carib-export.com\/wp-content\/uploads\/2013\/03\/CE-Logo-2013.jpg\",\"contentUrl\":\"https:\/\/content.carib-export.com\/wp-content\/uploads\/2013\/03\/CE-Logo-2013.jpg\",\"width\":1024,\"height\":244,\"caption\":\"Agence carib\u00e9enne de d\u00e9veloppement des exportations\"},\"image\":{\"@id\":\"https:\/\/content.carib-export.com\/fr\/#\/schema\/logo\/image\/\"},\"sameAs\":[\"https:\/\/www.facebook.com\/CaribbeanExport\",\"https:\/\/x.com\/CaribXport\",\"https:\/\/www.instagram.com\/caribbeanexport\",\"https:\/\/www.linkedin.com\/company\/caribbeanexport\",\"https:\/\/www.youtube.com\/user\/TheCaribbeanExport\"]}]}<\/script>\n<!-- \/ Yoast SEO plugin. -->","yoast_head_json":{"title":"de \u00c9tape 9 | Consid\u00e9rations l\u00e9gales - Exportation Cara\u00efbes","robots":{"index":"index","follow":"follow","max-snippet":"max-snippet:-1","max-image-preview":"max-image-preview:large","max-video-preview":"max-video-preview:-1"},"canonical":"https:\/\/content.carib-export.com\/fr\/resources\/exporters-toolkit\/10-steps-to-exporting\/step-9-legal-considerations\/","og_locale":"fr_FR","og_type":"article","og_title":"de \u00c9tape 9 | Consid\u00e9rations l\u00e9gales - Exportation Cara\u00efbes","og_description":"\u00c9tape 9 Consid\u00e9rations l\u00e9gales L&rsquo;exportation expose les entreprises carib\u00e9ennes \u00e0 des lois et r\u00e9glementations inconnues. Il existe de nombreuses conventions internationales, trait\u00e9s et r\u00e8gles nationales, r\u00e9gionales et municipales qui peuvent affecter votre capacit\u00e9 \u00e0 op\u00e9rer avec succ\u00e8s sur les march\u00e9s \u00e9trangers tels que l&rsquo;Accord de partenariat \u00e9conomique (APE). Les exportateurs peuvent \u00e9galement rencontrer des diff\u00e9rends [&hellip;]","og_url":"https:\/\/content.carib-export.com\/fr\/resources\/exporters-toolkit\/10-steps-to-exporting\/step-9-legal-considerations\/","og_site_name":"Exportation Cara\u00efbes","article_publisher":"https:\/\/www.facebook.com\/CaribbeanExport","article_modified_time":"2025-02-06T04:55:05+00:00","og_image":[{"width":1000,"height":1000,"url":"https:\/\/content.carib-export.com\/wp-content\/uploads\/2019\/06\/CEDA-default-square.jpg","type":"image\/jpeg"}],"twitter_card":"summary_large_image","twitter_site":"@CaribXport","twitter_misc":{"Dur\u00e9e de lecture estim\u00e9e":"1 minute"},"schema":{"@context":"https:\/\/schema.org","@graph":[{"@type":"WebPage","@id":"https:\/\/content.carib-export.com\/fr\/resources\/exporters-toolkit\/10-steps-to-exporting\/step-9-legal-considerations\/","url":"https:\/\/content.carib-export.com\/fr\/resources\/exporters-toolkit\/10-steps-to-exporting\/step-9-legal-considerations\/","name":"de \u00c9tape 9 | Consid\u00e9rations l\u00e9gales - Exportation Cara\u00efbes","isPartOf":{"@id":"https:\/\/content.carib-export.com\/fr\/#website"},"datePublished":"2022-05-17T22:06:00+00:00","dateModified":"2025-02-06T04:55:05+00:00","breadcrumb":{"@id":"https:\/\/content.carib-export.com\/fr\/resources\/exporters-toolkit\/10-steps-to-exporting\/step-9-legal-considerations\/#breadcrumb"},"inLanguage":"fr-FR","potentialAction":[{"@type":"ReadAction","target":["https:\/\/content.carib-export.com\/fr\/resources\/exporters-toolkit\/10-steps-to-exporting\/step-9-legal-considerations\/"]}]},{"@type":"BreadcrumbList","@id":"https:\/\/content.carib-export.com\/fr\/resources\/exporters-toolkit\/10-steps-to-exporting\/step-9-legal-considerations\/#breadcrumb","itemListElement":[{"@type":"ListItem","position":1,"name":"Accueil","item":"https:\/\/content.carib-export.com\/fr\/home\/"},{"@type":"ListItem","position":2,"name":"Ressources","item":"https:\/\/content.carib-export.com\/fr\/resources\/"},{"@type":"ListItem","position":3,"name":"Bo\u00eete \u00e0 outils des exportateurs","item":"https:\/\/content.carib-export.com\/fr\/resources\/exporters-toolkit\/"},{"@type":"ListItem","position":4,"name":"10 \u00e9tapes pour exporter","item":"https:\/\/content.carib-export.com\/fr\/resources\/exporters-toolkit\/10-steps-to-exporting\/"},{"@type":"ListItem","position":5,"name":"\u00c9tape 9 | Consid\u00e9rations l\u00e9gales"}]},{"@type":"WebSite","@id":"https:\/\/content.carib-export.com\/fr\/#website","url":"https:\/\/content.carib-export.com\/fr\/","name":"Exportation Cara\u00efbes","description":"La seule agence r\u00e9gionale de promotion du commerce et des investissements du groupe Afrique, Cara\u00efbes et Pacifique.","publisher":{"@id":"https:\/\/content.carib-export.com\/fr\/#organization"},"potentialAction":[{"@type":"SearchAction","target":{"@type":"EntryPoint","urlTemplate":"https:\/\/content.carib-export.com\/fr\/?s={search_term_string}"},"query-input":{"@type":"PropertyValueSpecification","valueRequired":true,"valueName":"search_term_string"}}],"inLanguage":"fr-FR"},{"@type":"Organization","@id":"https:\/\/content.carib-export.com\/fr\/#organization","name":"Agence carib\u00e9enne de d\u00e9veloppement des exportations","url":"https:\/\/content.carib-export.com\/fr\/","logo":{"@type":"ImageObject","inLanguage":"fr-FR","@id":"https:\/\/content.carib-export.com\/fr\/#\/schema\/logo\/image\/","url":"https:\/\/content.carib-export.com\/wp-content\/uploads\/2013\/03\/CE-Logo-2013.jpg","contentUrl":"https:\/\/content.carib-export.com\/wp-content\/uploads\/2013\/03\/CE-Logo-2013.jpg","width":1024,"height":244,"caption":"Agence carib\u00e9enne de d\u00e9veloppement des exportations"},"image":{"@id":"https:\/\/content.carib-export.com\/fr\/#\/schema\/logo\/image\/"},"sameAs":["https:\/\/www.facebook.com\/CaribbeanExport","https:\/\/x.com\/CaribXport","https:\/\/www.instagram.com\/caribbeanexport","https:\/\/www.linkedin.com\/company\/caribbeanexport","https:\/\/www.youtube.com\/user\/TheCaribbeanExport"]}]}},"_links":{"self":[{"href":"https:\/\/content.carib-export.com\/fr\/wp-json\/wp\/v2\/pages\/280182","targetHints":{"allow":["GET"]}}],"collection":[{"href":"https:\/\/content.carib-export.com\/fr\/wp-json\/wp\/v2\/pages"}],"about":[{"href":"https:\/\/content.carib-export.com\/fr\/wp-json\/wp\/v2\/types\/page"}],"author":[{"embeddable":true,"href":"https:\/\/content.carib-export.com\/fr\/wp-json\/wp\/v2\/users\/9"}],"replies":[{"embeddable":true,"href":"https:\/\/content.carib-export.com\/fr\/wp-json\/wp\/v2\/comments?post=280182"}],"version-history":[{"count":0,"href":"https:\/\/content.carib-export.com\/fr\/wp-json\/wp\/v2\/pages\/280182\/revisions"}],"up":[{"embeddable":true,"href":"https:\/\/content.carib-export.com\/fr\/wp-json\/wp\/v2\/pages\/270052"}],"wp:attachment":[{"href":"https:\/\/content.carib-export.com\/fr\/wp-json\/wp\/v2\/media?parent=280182"}],"wp:term":[{"taxonomy":"post_tag","embeddable":true,"href":"https:\/\/content.carib-export.com\/fr\/wp-json\/wp\/v2\/tags?post=280182"}],"curies":[{"name":"wp","href":"https:\/\/api.w.org\/{rel}","templated":true}]}}