{"id":280312,"date":"2019-03-04T14:41:16","date_gmt":"2019-03-04T18:41:16","guid":{"rendered":"https:\/\/content.carib-export.com\/exporters\/technical-assistance\/caribbean-fashion-showroom\/"},"modified":"2025-02-06T14:10:28","modified_gmt":"2025-02-06T18:10:28","slug":"caribbean-fashion-showroom","status":"publish","type":"page","link":"https:\/\/content.carib-export.com\/fr\/resources\/technical-assistance\/caribbean-fashion-showroom\/","title":{"rendered":"Salle d&rsquo;exposition de la mode des Cara\u00efbes"},"content":{"rendered":"\n<figure class=\"wp-block-embed aligncenter is-type-video is-provider-youtube wp-block-embed-youtube wp-embed-aspect-16-9 wp-has-aspect-ratio\"><div class=\"wp-block-embed__wrapper\">\n<iframe loading=\"lazy\" title=\"Caribbean Fashion Showroom Virtual Pop Up\" width=\"640\" height=\"360\" src=\"https:\/\/www.youtube.com\/embed\/VPrD_cDZIMM?feature=oembed\" frameborder=\"0\" allow=\"accelerometer; autoplay; clipboard-write; encrypted-media; gyroscope; picture-in-picture; web-share\" referrerpolicy=\"strict-origin-when-cross-origin\" allowfullscreen><\/iframe>\n<\/div><figcaption><em>Caribbean Fashion Showroom en collaboration avec le Fashion Arch a organis\u00e9 un pop up virtuel le samedi 29 mai 2021.<\/em><\/figcaption><\/figure>\n\n<div style=\"height:40px\" aria-hidden=\"true\" class=\"wp-block-spacer\"><\/div>\n\n<p>Le Caribbean Fashion Showroom accueille les plus grands cr\u00e9ateurs de la r\u00e9gion et a fait ses d\u00e9buts \u00e0 la Market Week LA le 11 mars 2019. Sur une p\u00e9riode de neuf mois, les acheteurs ont pu voir les collections d&rsquo;une gamme de cr\u00e9ateurs, rencontrer un agent et s&rsquo;approvisionner en mode carib\u00e9enne authentiquement con\u00e7ue.<\/p>\n\n<p>Le Caribbean Fashion Showroom \u00e9tait situ\u00e9 au 127 E 9th St #707, Los Angeles, Californie, 90015, \u00c9tats-Unis.<\/p>\n\n<p>Si vous \u00eates un designer des Cara\u00efbes, avec une collection compl\u00e8te pr\u00eate pour les ventes commerciales et que vous souhaitez faire partie de la salle d&rsquo;exposition, veuillez nous contacter sur <a aria-label=\"Facebook (opens in a new tab)\" rel=\"noreferrer noopener\" href=\"https:\/\/www.facebook.com\/caribbeanfashionshowroom\" target=\"_blank\"><strong>Facebook<\/strong><\/a> ou <a aria-label=\"Instagram (opens in a new tab)\" rel=\"noreferrer noopener\" href=\"https:\/\/www.instagram.com\/caribbeanfashionshowroom\/\" target=\"_blank\"><strong>Instagram<\/strong><\/a> o\u00f9 nous pr\u00e9senterons les cr\u00e9ations de la r\u00e9gion.<\/p>\n","protected":false},"excerpt":{"rendered":"<p>Le Caribbean Fashion Showroom accueille les plus grands cr\u00e9ateurs de la r\u00e9gion et a fait ses d\u00e9buts \u00e0 la Market Week LA le 11 mars 2019. Sur une p\u00e9riode de neuf mois, les acheteurs ont pu voir les collections d&rsquo;une gamme de cr\u00e9ateurs, rencontrer un agent et s&rsquo;approvisionner en mode carib\u00e9enne authentiquement con\u00e7ue. Le Caribbean [&hellip;]<\/p>\n","protected":false},"author":3,"featured_media":0,"parent":256321,"menu_order":0,"comment_status":"closed","ping_status":"closed","template":"","meta":{"_acf_changed":false,"inline_featured_image":false,"footnotes":""},"tags":[],"class_list":["post-280312","page","type-page","status-publish","hentry"],"acf":[],"yoast_head":"<!-- This site is optimized with the Yoast SEO plugin v27.1.1 - https:\/\/yoast.com\/product\/yoast-seo-wordpress\/ -->\n<title>de Salle d&#039;exposition de la mode des Cara\u00efbes - Exportation Cara\u00efbes<\/title>\n<meta name=\"robots\" content=\"index, follow, max-snippet:-1, max-image-preview:large, max-video-preview:-1\" \/>\n<link rel=\"canonical\" href=\"https:\/\/content.carib-export.com\/fr\/resources\/technical-assistance\/caribbean-fashion-showroom\/\" \/>\n<meta property=\"og:locale\" content=\"fr_FR\" \/>\n<meta property=\"og:type\" content=\"article\" \/>\n<meta property=\"og:title\" content=\"de Salle d&#039;exposition de la mode des Cara\u00efbes - Exportation Cara\u00efbes\" \/>\n<meta property=\"og:description\" content=\"Le Caribbean Fashion Showroom accueille les plus grands cr\u00e9ateurs de la r\u00e9gion et a fait ses d\u00e9buts \u00e0 la Market Week LA le 11 mars 2019. Sur une p\u00e9riode de neuf mois, les acheteurs ont pu voir les collections d&rsquo;une gamme de cr\u00e9ateurs, rencontrer un agent et s&rsquo;approvisionner en mode carib\u00e9enne authentiquement con\u00e7ue. Le Caribbean [&hellip;]\" \/>\n<meta property=\"og:url\" content=\"https:\/\/content.carib-export.com\/fr\/resources\/technical-assistance\/caribbean-fashion-showroom\/\" \/>\n<meta property=\"og:site_name\" content=\"Exportation Cara\u00efbes\" \/>\n<meta property=\"article:publisher\" content=\"https:\/\/www.facebook.com\/CaribbeanExport\" \/>\n<meta property=\"article:modified_time\" content=\"2025-02-06T18:10:28+00:00\" \/>\n<meta property=\"og:image\" content=\"https:\/\/content.carib-export.com\/wp-content\/uploads\/2019\/06\/CEDA-default-square.jpg\" \/>\n\t<meta property=\"og:image:width\" content=\"1000\" \/>\n\t<meta property=\"og:image:height\" content=\"1000\" \/>\n\t<meta property=\"og:image:type\" content=\"image\/jpeg\" \/>\n<meta name=\"twitter:card\" content=\"summary_large_image\" \/>\n<meta name=\"twitter:site\" content=\"@CaribXport\" \/>\n<meta name=\"twitter:label1\" content=\"Dur\u00e9e de lecture estim\u00e9e\" \/>\n\t<meta name=\"twitter:data1\" content=\"1 minute\" \/>\n<script type=\"application\/ld+json\" class=\"yoast-schema-graph\">{\"@context\":\"https:\/\/schema.org\",\"@graph\":[{\"@type\":\"WebPage\",\"@id\":\"https:\/\/content.carib-export.com\/fr\/resources\/technical-assistance\/caribbean-fashion-showroom\/\",\"url\":\"https:\/\/content.carib-export.com\/fr\/resources\/technical-assistance\/caribbean-fashion-showroom\/\",\"name\":\"de Salle d'exposition de la mode des Cara\u00efbes - Exportation Cara\u00efbes\",\"isPartOf\":{\"@id\":\"https:\/\/content.carib-export.com\/fr\/#website\"},\"datePublished\":\"2019-03-04T18:41:16+00:00\",\"dateModified\":\"2025-02-06T18:10:28+00:00\",\"breadcrumb\":{\"@id\":\"https:\/\/content.carib-export.com\/fr\/resources\/technical-assistance\/caribbean-fashion-showroom\/#breadcrumb\"},\"inLanguage\":\"fr-FR\",\"potentialAction\":[{\"@type\":\"ReadAction\",\"target\":[\"https:\/\/content.carib-export.com\/fr\/resources\/technical-assistance\/caribbean-fashion-showroom\/\"]}]},{\"@type\":\"BreadcrumbList\",\"@id\":\"https:\/\/content.carib-export.com\/fr\/resources\/technical-assistance\/caribbean-fashion-showroom\/#breadcrumb\",\"itemListElement\":[{\"@type\":\"ListItem\",\"position\":1,\"name\":\"Accueil\",\"item\":\"https:\/\/content.carib-export.com\/fr\/home\/\"},{\"@type\":\"ListItem\",\"position\":2,\"name\":\"Ressources\",\"item\":\"https:\/\/content.carib-export.com\/fr\/resources\/\"},{\"@type\":\"ListItem\",\"position\":3,\"name\":\"Assistance technique\",\"item\":\"https:\/\/content.carib-export.com\/fr\/resources\/technical-assistance\/\"},{\"@type\":\"ListItem\",\"position\":4,\"name\":\"Salle d'exposition de la mode des Cara\u00efbes\"}]},{\"@type\":\"WebSite\",\"@id\":\"https:\/\/content.carib-export.com\/fr\/#website\",\"url\":\"https:\/\/content.carib-export.com\/fr\/\",\"name\":\"Exportation Cara\u00efbes\",\"description\":\"La seule agence r\u00e9gionale de promotion du commerce et des investissements du groupe Afrique, Cara\u00efbes et Pacifique.\",\"publisher\":{\"@id\":\"https:\/\/content.carib-export.com\/fr\/#organization\"},\"potentialAction\":[{\"@type\":\"SearchAction\",\"target\":{\"@type\":\"EntryPoint\",\"urlTemplate\":\"https:\/\/content.carib-export.com\/fr\/?s={search_term_string}\"},\"query-input\":{\"@type\":\"PropertyValueSpecification\",\"valueRequired\":true,\"valueName\":\"search_term_string\"}}],\"inLanguage\":\"fr-FR\"},{\"@type\":\"Organization\",\"@id\":\"https:\/\/content.carib-export.com\/fr\/#organization\",\"name\":\"Agence carib\u00e9enne de d\u00e9veloppement des exportations\",\"url\":\"https:\/\/content.carib-export.com\/fr\/\",\"logo\":{\"@type\":\"ImageObject\",\"inLanguage\":\"fr-FR\",\"@id\":\"https:\/\/content.carib-export.com\/fr\/#\/schema\/logo\/image\/\",\"url\":\"https:\/\/content.carib-export.com\/wp-content\/uploads\/2013\/03\/CE-Logo-2013.jpg\",\"contentUrl\":\"https:\/\/content.carib-export.com\/wp-content\/uploads\/2013\/03\/CE-Logo-2013.jpg\",\"width\":1024,\"height\":244,\"caption\":\"Agence carib\u00e9enne de d\u00e9veloppement des exportations\"},\"image\":{\"@id\":\"https:\/\/content.carib-export.com\/fr\/#\/schema\/logo\/image\/\"},\"sameAs\":[\"https:\/\/www.facebook.com\/CaribbeanExport\",\"https:\/\/x.com\/CaribXport\",\"https:\/\/www.instagram.com\/caribbeanexport\",\"https:\/\/www.linkedin.com\/company\/caribbeanexport\",\"https:\/\/www.youtube.com\/user\/TheCaribbeanExport\"]}]}<\/script>\n<!-- \/ Yoast SEO plugin. -->","yoast_head_json":{"title":"de Salle d'exposition de la mode des Cara\u00efbes - Exportation Cara\u00efbes","robots":{"index":"index","follow":"follow","max-snippet":"max-snippet:-1","max-image-preview":"max-image-preview:large","max-video-preview":"max-video-preview:-1"},"canonical":"https:\/\/content.carib-export.com\/fr\/resources\/technical-assistance\/caribbean-fashion-showroom\/","og_locale":"fr_FR","og_type":"article","og_title":"de Salle d'exposition de la mode des Cara\u00efbes - Exportation Cara\u00efbes","og_description":"Le Caribbean Fashion Showroom accueille les plus grands cr\u00e9ateurs de la r\u00e9gion et a fait ses d\u00e9buts \u00e0 la Market Week LA le 11 mars 2019. Sur une p\u00e9riode de neuf mois, les acheteurs ont pu voir les collections d&rsquo;une gamme de cr\u00e9ateurs, rencontrer un agent et s&rsquo;approvisionner en mode carib\u00e9enne authentiquement con\u00e7ue. Le Caribbean [&hellip;]","og_url":"https:\/\/content.carib-export.com\/fr\/resources\/technical-assistance\/caribbean-fashion-showroom\/","og_site_name":"Exportation Cara\u00efbes","article_publisher":"https:\/\/www.facebook.com\/CaribbeanExport","article_modified_time":"2025-02-06T18:10:28+00:00","og_image":[{"width":1000,"height":1000,"url":"https:\/\/content.carib-export.com\/wp-content\/uploads\/2019\/06\/CEDA-default-square.jpg","type":"image\/jpeg"}],"twitter_card":"summary_large_image","twitter_site":"@CaribXport","twitter_misc":{"Dur\u00e9e de lecture estim\u00e9e":"1 minute"},"schema":{"@context":"https:\/\/schema.org","@graph":[{"@type":"WebPage","@id":"https:\/\/content.carib-export.com\/fr\/resources\/technical-assistance\/caribbean-fashion-showroom\/","url":"https:\/\/content.carib-export.com\/fr\/resources\/technical-assistance\/caribbean-fashion-showroom\/","name":"de Salle d'exposition de la mode des Cara\u00efbes - Exportation Cara\u00efbes","isPartOf":{"@id":"https:\/\/content.carib-export.com\/fr\/#website"},"datePublished":"2019-03-04T18:41:16+00:00","dateModified":"2025-02-06T18:10:28+00:00","breadcrumb":{"@id":"https:\/\/content.carib-export.com\/fr\/resources\/technical-assistance\/caribbean-fashion-showroom\/#breadcrumb"},"inLanguage":"fr-FR","potentialAction":[{"@type":"ReadAction","target":["https:\/\/content.carib-export.com\/fr\/resources\/technical-assistance\/caribbean-fashion-showroom\/"]}]},{"@type":"BreadcrumbList","@id":"https:\/\/content.carib-export.com\/fr\/resources\/technical-assistance\/caribbean-fashion-showroom\/#breadcrumb","itemListElement":[{"@type":"ListItem","position":1,"name":"Accueil","item":"https:\/\/content.carib-export.com\/fr\/home\/"},{"@type":"ListItem","position":2,"name":"Ressources","item":"https:\/\/content.carib-export.com\/fr\/resources\/"},{"@type":"ListItem","position":3,"name":"Assistance technique","item":"https:\/\/content.carib-export.com\/fr\/resources\/technical-assistance\/"},{"@type":"ListItem","position":4,"name":"Salle d'exposition de la mode des Cara\u00efbes"}]},{"@type":"WebSite","@id":"https:\/\/content.carib-export.com\/fr\/#website","url":"https:\/\/content.carib-export.com\/fr\/","name":"Exportation Cara\u00efbes","description":"La seule agence r\u00e9gionale de promotion du commerce et des investissements du groupe Afrique, Cara\u00efbes et Pacifique.","publisher":{"@id":"https:\/\/content.carib-export.com\/fr\/#organization"},"potentialAction":[{"@type":"SearchAction","target":{"@type":"EntryPoint","urlTemplate":"https:\/\/content.carib-export.com\/fr\/?s={search_term_string}"},"query-input":{"@type":"PropertyValueSpecification","valueRequired":true,"valueName":"search_term_string"}}],"inLanguage":"fr-FR"},{"@type":"Organization","@id":"https:\/\/content.carib-export.com\/fr\/#organization","name":"Agence carib\u00e9enne de d\u00e9veloppement des exportations","url":"https:\/\/content.carib-export.com\/fr\/","logo":{"@type":"ImageObject","inLanguage":"fr-FR","@id":"https:\/\/content.carib-export.com\/fr\/#\/schema\/logo\/image\/","url":"https:\/\/content.carib-export.com\/wp-content\/uploads\/2013\/03\/CE-Logo-2013.jpg","contentUrl":"https:\/\/content.carib-export.com\/wp-content\/uploads\/2013\/03\/CE-Logo-2013.jpg","width":1024,"height":244,"caption":"Agence carib\u00e9enne de d\u00e9veloppement des exportations"},"image":{"@id":"https:\/\/content.carib-export.com\/fr\/#\/schema\/logo\/image\/"},"sameAs":["https:\/\/www.facebook.com\/CaribbeanExport","https:\/\/x.com\/CaribXport","https:\/\/www.instagram.com\/caribbeanexport","https:\/\/www.linkedin.com\/company\/caribbeanexport","https:\/\/www.youtube.com\/user\/TheCaribbeanExport"]}]}},"_links":{"self":[{"href":"https:\/\/content.carib-export.com\/fr\/wp-json\/wp\/v2\/pages\/280312","targetHints":{"allow":["GET"]}}],"collection":[{"href":"https:\/\/content.carib-export.com\/fr\/wp-json\/wp\/v2\/pages"}],"about":[{"href":"https:\/\/content.carib-export.com\/fr\/wp-json\/wp\/v2\/types\/page"}],"author":[{"embeddable":true,"href":"https:\/\/content.carib-export.com\/fr\/wp-json\/wp\/v2\/users\/3"}],"replies":[{"embeddable":true,"href":"https:\/\/content.carib-export.com\/fr\/wp-json\/wp\/v2\/comments?post=280312"}],"version-history":[{"count":0,"href":"https:\/\/content.carib-export.com\/fr\/wp-json\/wp\/v2\/pages\/280312\/revisions"}],"up":[{"embeddable":true,"href":"https:\/\/content.carib-export.com\/fr\/wp-json\/wp\/v2\/pages\/256321"}],"wp:attachment":[{"href":"https:\/\/content.carib-export.com\/fr\/wp-json\/wp\/v2\/media?parent=280312"}],"wp:term":[{"taxonomy":"post_tag","embeddable":true,"href":"https:\/\/content.carib-export.com\/fr\/wp-json\/wp\/v2\/tags?post=280312"}],"curies":[{"name":"wp","href":"https:\/\/api.w.org\/{rel}","templated":true}]}}