{"id":280749,"date":"2020-02-21T12:00:23","date_gmt":"2020-02-21T16:00:23","guid":{"rendered":"https:\/\/content.carib-export.com\/exporters\/funding\/angel-investing\/angel-groups\/"},"modified":"2025-02-06T11:03:31","modified_gmt":"2025-02-06T15:03:31","slug":"angel-groups","status":"publish","type":"page","link":"https:\/\/content.carib-export.com\/fr\/resources\/funding\/angel-investing\/angel-groups\/","title":{"rendered":"Groupes d&rsquo;anges"},"content":{"rendered":"\n<p><strong>Dans les Cara\u00efbes, il existe un certain nombre de groupes d&rsquo;investisseurs providentiels qui soutiennent les entreprises en d\u00e9marrage et en d\u00e9marrage. Connectez-vous avec un groupe d&rsquo;anges dans votre pays.<\/strong><\/p>\n\n<div style=\"height:40px\" aria-hidden=\"true\" class=\"wp-block-spacer\"><\/div>\n\n<div class=\"wp-block-media-text alignwide is-stacked-on-mobile\" style=\"grid-template-columns:33% auto\"><figure class=\"wp-block-media-text__media\"><img decoding=\"async\" src=\"https:\/\/content.carib-export.com\/wp-content\/uploads\/2017\/03\/alphaangels_logo.png\" alt=\"anges alpha jama\u00efque\" class=\"wp-image-187202 size-full\"\/><\/figure><div class=\"wp-block-media-text__content\">\n<p class=\"has-medium-font-size\">Alpha Angels est un r\u00e9seau d&rsquo;investisseurs leaders de la communaut\u00e9 entrepreneuriale dans les Cara\u00efbes. Le groupe est principalement bas\u00e9 \u00e0 Montego Bay et encourage la croissance d&rsquo;entreprises en d\u00e9marrage en Jama\u00efque et dans les Cara\u00efbes gr\u00e2ce \u00e0 des investissements de d\u00e9marrage.<\/p>\n<\/div><\/div>\n\n<div style=\"height:40px\" aria-hidden=\"true\" class=\"wp-block-spacer\"><\/div>\n\n<div class=\"wp-block-media-text alignwide is-stacked-on-mobile\" style=\"grid-template-columns:33% auto\"><figure class=\"wp-block-media-text__media\"><img decoding=\"async\" src=\"https:\/\/content.carib-export.com\/wp-content\/uploads\/2017\/03\/firstangelsja_logo.png\" alt=\"Premier Ange Jama\u00efque\" class=\"wp-image-187201 size-full\"\/><\/figure><div class=\"wp-block-media-text__content\">\n<p class=\"has-medium-font-size\">First Angels Jamaica (FAJ) facilite l&rsquo;introduction d&rsquo;entrepreneurs aupr\u00e8s d&rsquo;investisseurs potentiels. Les membres de la FAJ sont int\u00e9ress\u00e9s par le financement d&rsquo;entreprises ou d&rsquo;entreprises priv\u00e9es g\u00e9n\u00e9ralement \u00e0 un stade pr\u00e9coce de d\u00e9veloppement. FAJ se concentre sur les investissements potentiels dans les applications num\u00e9riques, les m\u00e9dias num\u00e9riques, les industries cr\u00e9atives et d&rsquo;autres entreprises innovantes.<\/p>\n<\/div><\/div>\n\n<div style=\"height:40px\" aria-hidden=\"true\" class=\"wp-block-spacer\"><\/div>\n\n<div class=\"wp-block-media-text alignwide is-stacked-on-mobile\" style=\"grid-template-columns:33% auto\"><figure class=\"wp-block-media-text__media\"><img loading=\"lazy\" decoding=\"async\" width=\"175\" height=\"89\" src=\"https:\/\/content.carib-export.com\/wp-content\/uploads\/2020\/02\/Enlaces-logo.png\" alt=\"Enlace\" class=\"wp-image-188029 size-full\"\/><\/figure><div class=\"wp-block-media-text__content\">\n<p class=\"has-medium-font-size\">Enlaces est un r\u00e9seau d&rsquo;investisseurs providentiels qui promeut et facilite l&rsquo;investissement dans des entreprises dynamiques \u00e0 fort impact en R\u00e9publique dominicaine. Son travail vise \u00e0 identifier les opportunit\u00e9s d&rsquo;investissement \u00e0 fort potentiel de croissance, analyser et \u00e9valuer les projets, conseiller leurs entrepreneurs et structurer l&rsquo;opportunit\u00e9 d&rsquo;affaires dans le but de faciliter le processus d&rsquo;investissement. Enlaces soutient les entreprises innovantes \u00e0 fort potentiel de croissance qui sont en phase de d\u00e9marrage ou de croissance, c&rsquo;est-\u00e0-dire qu&rsquo;elles ont au moins un produit viable minimum et des premi\u00e8res ventes sur le march\u00e9.<\/p>\n<\/div><\/div>\n\n<div style=\"height:40px\" aria-hidden=\"true\" class=\"wp-block-spacer\"><\/div>\n\n<div class=\"wp-block-media-text alignwide is-stacked-on-mobile\" style=\"grid-template-columns:33% auto\"><figure class=\"wp-block-media-text__media\"><img loading=\"lazy\" decoding=\"async\" width=\"300\" height=\"73\" src=\"https:\/\/content.carib-export.com\/wp-content\/uploads\/2020\/02\/First-Angels-Oecs-1-300x73.jpg\" alt=\"\" class=\"wp-image-188031 size-medium\" srcset=\"https:\/\/content.carib-export.com\/wp-content\/uploads\/2020\/02\/First-Angels-Oecs-1-300x73.jpg 300w, https:\/\/content.carib-export.com\/wp-content\/uploads\/2020\/02\/First-Angels-Oecs-1.jpg 649w\" sizes=\"auto, (max-width: 300px) 100vw, 300px\" \/><\/figure><div class=\"wp-block-media-text__content\">\n<p class=\"has-medium-font-size\">First Angels OECS est un chapitre de la FAJ qui suit les r\u00e8gles d&rsquo;engagement pour les membres du chapitre de la FAJ. Bien qu&rsquo;il soit situ\u00e9 dans l&rsquo;OECO, le chapitre utilise les ressources fournies par la FAJ pour encadrer et investir dans de grandes entreprises afin de les faire grandir.<\/p>\n<\/div><\/div>\n\n<div style=\"height:40px\" aria-hidden=\"true\" class=\"wp-block-spacer\"><\/div>\n\n<p>Si vous \u00eates un investisseur, int\u00e9ress\u00e9 par l&rsquo;investissement providentiel et souhaitez en savoir plus sur la formation d&rsquo;un groupe d&rsquo;investisseurs locaux dans votre r\u00e9gion, Caribbean Export (via CBAN) peut offrir une assistance technique ou un soutien consultatif. Veuillez contacter Damie Sinanan &#8211; Responsable, Comp\u00e9titivit\u00e9 et Innovation \u00e0 <a href=\"mailto:dsinanan@carib-export.com\">dsinanan@carib-export.com<\/a> <\/p>\n\n<div style=\"height:40px\" aria-hidden=\"true\" class=\"wp-block-spacer\"><\/div>\n\n<div class=\"wp-block-media-text alignwide is-stacked-on-mobile\"><figure class=\"wp-block-media-text__media\"><img loading=\"lazy\" decoding=\"async\" width=\"1000\" height=\"376\" src=\"https:\/\/content.carib-export.com\/wp-content\/uploads\/2017\/03\/CBAN.png\" alt=\"R\u00e9seau des Business Angels des Cara\u00efbes\" class=\"wp-image-187815 size-full\" srcset=\"https:\/\/content.carib-export.com\/wp-content\/uploads\/2017\/03\/CBAN.png 1000w, https:\/\/content.carib-export.com\/wp-content\/uploads\/2017\/03\/CBAN-300x113.png 300w, https:\/\/content.carib-export.com\/wp-content\/uploads\/2017\/03\/CBAN-768x289.png 768w\" sizes=\"auto, (max-width: 1000px) 100vw, 1000px\" \/><\/figure><div class=\"wp-block-media-text__content\">\n<p>Acc\u00e9dez au flux de transactions pan-carib\u00e9enne pr\u00e9s\u00e9lectionn\u00e9 avec <a href=\"https:\/\/content.carib-export.com\/exporters\/funding\/angel-investing\/caribbean-business-angel-network\/\">CBAN.<\/a> <\/p>\n<\/div><\/div>\n","protected":false},"excerpt":{"rendered":"<p>Dans les Cara\u00efbes, il existe un certain nombre de groupes d&rsquo;investisseurs providentiels qui soutiennent les entreprises en d\u00e9marrage et en d\u00e9marrage. Connectez-vous avec un groupe d&rsquo;anges dans votre pays. Alpha Angels est un r\u00e9seau d&rsquo;investisseurs leaders de la communaut\u00e9 entrepreneuriale dans les Cara\u00efbes. Le groupe est principalement bas\u00e9 \u00e0 Montego Bay et encourage la croissance [&hellip;]<\/p>\n","protected":false},"author":10,"featured_media":0,"parent":270178,"menu_order":0,"comment_status":"closed","ping_status":"closed","template":"","meta":{"_acf_changed":false,"inline_featured_image":false,"footnotes":""},"tags":[],"class_list":["post-280749","page","type-page","status-publish","hentry"],"acf":[],"yoast_head":"<!-- This site is optimized with the Yoast SEO plugin v27.1.1 - https:\/\/yoast.com\/product\/yoast-seo-wordpress\/ -->\n<title>de Groupes d&#039;anges - Exportation Cara\u00efbes<\/title>\n<meta name=\"robots\" content=\"index, follow, max-snippet:-1, max-image-preview:large, max-video-preview:-1\" \/>\n<link rel=\"canonical\" href=\"https:\/\/content.carib-export.com\/fr\/resources\/funding\/angel-investing\/angel-groups\/\" \/>\n<meta property=\"og:locale\" content=\"fr_FR\" \/>\n<meta property=\"og:type\" content=\"article\" \/>\n<meta property=\"og:title\" content=\"de Groupes d&#039;anges - Exportation Cara\u00efbes\" \/>\n<meta property=\"og:description\" content=\"Dans les Cara\u00efbes, il existe un certain nombre de groupes d&rsquo;investisseurs providentiels qui soutiennent les entreprises en d\u00e9marrage et en d\u00e9marrage. Connectez-vous avec un groupe d&rsquo;anges dans votre pays. Alpha Angels est un r\u00e9seau d&rsquo;investisseurs leaders de la communaut\u00e9 entrepreneuriale dans les Cara\u00efbes. Le groupe est principalement bas\u00e9 \u00e0 Montego Bay et encourage la croissance [&hellip;]\" \/>\n<meta property=\"og:url\" content=\"https:\/\/content.carib-export.com\/fr\/resources\/funding\/angel-investing\/angel-groups\/\" \/>\n<meta property=\"og:site_name\" content=\"Exportation Cara\u00efbes\" \/>\n<meta property=\"article:publisher\" content=\"https:\/\/www.facebook.com\/CaribbeanExport\" \/>\n<meta property=\"article:modified_time\" content=\"2025-02-06T15:03:31+00:00\" \/>\n<meta property=\"og:image\" content=\"https:\/\/content.carib-export.com\/wp-content\/uploads\/2019\/06\/CEDA-default-square.jpg\" \/>\n\t<meta property=\"og:image:width\" content=\"1000\" \/>\n\t<meta property=\"og:image:height\" content=\"1000\" \/>\n\t<meta property=\"og:image:type\" content=\"image\/jpeg\" \/>\n<meta name=\"twitter:card\" content=\"summary_large_image\" \/>\n<meta name=\"twitter:site\" content=\"@CaribXport\" \/>\n<meta name=\"twitter:label1\" content=\"Dur\u00e9e de lecture estim\u00e9e\" \/>\n\t<meta name=\"twitter:data1\" content=\"2 minutes\" \/>\n<script type=\"application\/ld+json\" class=\"yoast-schema-graph\">{\"@context\":\"https:\/\/schema.org\",\"@graph\":[{\"@type\":\"WebPage\",\"@id\":\"https:\/\/content.carib-export.com\/fr\/resources\/funding\/angel-investing\/angel-groups\/\",\"url\":\"https:\/\/content.carib-export.com\/fr\/resources\/funding\/angel-investing\/angel-groups\/\",\"name\":\"de Groupes d'anges - Exportation Cara\u00efbes\",\"isPartOf\":{\"@id\":\"https:\/\/content.carib-export.com\/fr\/#website\"},\"primaryImageOfPage\":{\"@id\":\"https:\/\/content.carib-export.com\/fr\/resources\/funding\/angel-investing\/angel-groups\/#primaryimage\"},\"image\":{\"@id\":\"https:\/\/content.carib-export.com\/fr\/resources\/funding\/angel-investing\/angel-groups\/#primaryimage\"},\"thumbnailUrl\":\"https:\/\/content.carib-export.com\/wp-content\/uploads\/2017\/03\/alphaangels_logo.png\",\"datePublished\":\"2020-02-21T16:00:23+00:00\",\"dateModified\":\"2025-02-06T15:03:31+00:00\",\"breadcrumb\":{\"@id\":\"https:\/\/content.carib-export.com\/fr\/resources\/funding\/angel-investing\/angel-groups\/#breadcrumb\"},\"inLanguage\":\"fr-FR\",\"potentialAction\":[{\"@type\":\"ReadAction\",\"target\":[\"https:\/\/content.carib-export.com\/fr\/resources\/funding\/angel-investing\/angel-groups\/\"]}]},{\"@type\":\"ImageObject\",\"inLanguage\":\"fr-FR\",\"@id\":\"https:\/\/content.carib-export.com\/fr\/resources\/funding\/angel-investing\/angel-groups\/#primaryimage\",\"url\":\"https:\/\/content.carib-export.com\/wp-content\/uploads\/2017\/03\/alphaangels_logo.png\",\"contentUrl\":\"https:\/\/content.carib-export.com\/wp-content\/uploads\/2017\/03\/alphaangels_logo.png\"},{\"@type\":\"BreadcrumbList\",\"@id\":\"https:\/\/content.carib-export.com\/fr\/resources\/funding\/angel-investing\/angel-groups\/#breadcrumb\",\"itemListElement\":[{\"@type\":\"ListItem\",\"position\":1,\"name\":\"Accueil\",\"item\":\"https:\/\/content.carib-export.com\/fr\/home\/\"},{\"@type\":\"ListItem\",\"position\":2,\"name\":\"Ressources\",\"item\":\"https:\/\/content.carib-export.com\/fr\/resources\/\"},{\"@type\":\"ListItem\",\"position\":3,\"name\":\"Subventions\",\"item\":\"https:\/\/content.carib-export.com\/fr\/resources\/funding\/\"},{\"@type\":\"ListItem\",\"position\":4,\"name\":\"Investissement providentiel\",\"item\":\"https:\/\/content.carib-export.com\/fr\/resources\/funding\/angel-investing\/\"},{\"@type\":\"ListItem\",\"position\":5,\"name\":\"Groupes d&rsquo;anges\"}]},{\"@type\":\"WebSite\",\"@id\":\"https:\/\/content.carib-export.com\/fr\/#website\",\"url\":\"https:\/\/content.carib-export.com\/fr\/\",\"name\":\"Exportation Cara\u00efbes\",\"description\":\"La seule agence r\u00e9gionale de promotion du commerce et des investissements du groupe Afrique, Cara\u00efbes et Pacifique.\",\"publisher\":{\"@id\":\"https:\/\/content.carib-export.com\/fr\/#organization\"},\"potentialAction\":[{\"@type\":\"SearchAction\",\"target\":{\"@type\":\"EntryPoint\",\"urlTemplate\":\"https:\/\/content.carib-export.com\/fr\/?s={search_term_string}\"},\"query-input\":{\"@type\":\"PropertyValueSpecification\",\"valueRequired\":true,\"valueName\":\"search_term_string\"}}],\"inLanguage\":\"fr-FR\"},{\"@type\":\"Organization\",\"@id\":\"https:\/\/content.carib-export.com\/fr\/#organization\",\"name\":\"Agence carib\u00e9enne de d\u00e9veloppement des exportations\",\"url\":\"https:\/\/content.carib-export.com\/fr\/\",\"logo\":{\"@type\":\"ImageObject\",\"inLanguage\":\"fr-FR\",\"@id\":\"https:\/\/content.carib-export.com\/fr\/#\/schema\/logo\/image\/\",\"url\":\"https:\/\/content.carib-export.com\/wp-content\/uploads\/2013\/03\/CE-Logo-2013.jpg\",\"contentUrl\":\"https:\/\/content.carib-export.com\/wp-content\/uploads\/2013\/03\/CE-Logo-2013.jpg\",\"width\":1024,\"height\":244,\"caption\":\"Agence carib\u00e9enne de d\u00e9veloppement des exportations\"},\"image\":{\"@id\":\"https:\/\/content.carib-export.com\/fr\/#\/schema\/logo\/image\/\"},\"sameAs\":[\"https:\/\/www.facebook.com\/CaribbeanExport\",\"https:\/\/x.com\/CaribXport\",\"https:\/\/www.instagram.com\/caribbeanexport\",\"https:\/\/www.linkedin.com\/company\/caribbeanexport\",\"https:\/\/www.youtube.com\/user\/TheCaribbeanExport\"]}]}<\/script>\n<!-- \/ Yoast SEO plugin. -->","yoast_head_json":{"title":"de Groupes d'anges - Exportation Cara\u00efbes","robots":{"index":"index","follow":"follow","max-snippet":"max-snippet:-1","max-image-preview":"max-image-preview:large","max-video-preview":"max-video-preview:-1"},"canonical":"https:\/\/content.carib-export.com\/fr\/resources\/funding\/angel-investing\/angel-groups\/","og_locale":"fr_FR","og_type":"article","og_title":"de Groupes d'anges - Exportation Cara\u00efbes","og_description":"Dans les Cara\u00efbes, il existe un certain nombre de groupes d&rsquo;investisseurs providentiels qui soutiennent les entreprises en d\u00e9marrage et en d\u00e9marrage. Connectez-vous avec un groupe d&rsquo;anges dans votre pays. Alpha Angels est un r\u00e9seau d&rsquo;investisseurs leaders de la communaut\u00e9 entrepreneuriale dans les Cara\u00efbes. Le groupe est principalement bas\u00e9 \u00e0 Montego Bay et encourage la croissance [&hellip;]","og_url":"https:\/\/content.carib-export.com\/fr\/resources\/funding\/angel-investing\/angel-groups\/","og_site_name":"Exportation Cara\u00efbes","article_publisher":"https:\/\/www.facebook.com\/CaribbeanExport","article_modified_time":"2025-02-06T15:03:31+00:00","og_image":[{"width":1000,"height":1000,"url":"https:\/\/content.carib-export.com\/wp-content\/uploads\/2019\/06\/CEDA-default-square.jpg","type":"image\/jpeg"}],"twitter_card":"summary_large_image","twitter_site":"@CaribXport","twitter_misc":{"Dur\u00e9e de lecture estim\u00e9e":"2 minutes"},"schema":{"@context":"https:\/\/schema.org","@graph":[{"@type":"WebPage","@id":"https:\/\/content.carib-export.com\/fr\/resources\/funding\/angel-investing\/angel-groups\/","url":"https:\/\/content.carib-export.com\/fr\/resources\/funding\/angel-investing\/angel-groups\/","name":"de Groupes d'anges - Exportation Cara\u00efbes","isPartOf":{"@id":"https:\/\/content.carib-export.com\/fr\/#website"},"primaryImageOfPage":{"@id":"https:\/\/content.carib-export.com\/fr\/resources\/funding\/angel-investing\/angel-groups\/#primaryimage"},"image":{"@id":"https:\/\/content.carib-export.com\/fr\/resources\/funding\/angel-investing\/angel-groups\/#primaryimage"},"thumbnailUrl":"https:\/\/content.carib-export.com\/wp-content\/uploads\/2017\/03\/alphaangels_logo.png","datePublished":"2020-02-21T16:00:23+00:00","dateModified":"2025-02-06T15:03:31+00:00","breadcrumb":{"@id":"https:\/\/content.carib-export.com\/fr\/resources\/funding\/angel-investing\/angel-groups\/#breadcrumb"},"inLanguage":"fr-FR","potentialAction":[{"@type":"ReadAction","target":["https:\/\/content.carib-export.com\/fr\/resources\/funding\/angel-investing\/angel-groups\/"]}]},{"@type":"ImageObject","inLanguage":"fr-FR","@id":"https:\/\/content.carib-export.com\/fr\/resources\/funding\/angel-investing\/angel-groups\/#primaryimage","url":"https:\/\/content.carib-export.com\/wp-content\/uploads\/2017\/03\/alphaangels_logo.png","contentUrl":"https:\/\/content.carib-export.com\/wp-content\/uploads\/2017\/03\/alphaangels_logo.png"},{"@type":"BreadcrumbList","@id":"https:\/\/content.carib-export.com\/fr\/resources\/funding\/angel-investing\/angel-groups\/#breadcrumb","itemListElement":[{"@type":"ListItem","position":1,"name":"Accueil","item":"https:\/\/content.carib-export.com\/fr\/home\/"},{"@type":"ListItem","position":2,"name":"Ressources","item":"https:\/\/content.carib-export.com\/fr\/resources\/"},{"@type":"ListItem","position":3,"name":"Subventions","item":"https:\/\/content.carib-export.com\/fr\/resources\/funding\/"},{"@type":"ListItem","position":4,"name":"Investissement providentiel","item":"https:\/\/content.carib-export.com\/fr\/resources\/funding\/angel-investing\/"},{"@type":"ListItem","position":5,"name":"Groupes d&rsquo;anges"}]},{"@type":"WebSite","@id":"https:\/\/content.carib-export.com\/fr\/#website","url":"https:\/\/content.carib-export.com\/fr\/","name":"Exportation Cara\u00efbes","description":"La seule agence r\u00e9gionale de promotion du commerce et des investissements du groupe Afrique, Cara\u00efbes et Pacifique.","publisher":{"@id":"https:\/\/content.carib-export.com\/fr\/#organization"},"potentialAction":[{"@type":"SearchAction","target":{"@type":"EntryPoint","urlTemplate":"https:\/\/content.carib-export.com\/fr\/?s={search_term_string}"},"query-input":{"@type":"PropertyValueSpecification","valueRequired":true,"valueName":"search_term_string"}}],"inLanguage":"fr-FR"},{"@type":"Organization","@id":"https:\/\/content.carib-export.com\/fr\/#organization","name":"Agence carib\u00e9enne de d\u00e9veloppement des exportations","url":"https:\/\/content.carib-export.com\/fr\/","logo":{"@type":"ImageObject","inLanguage":"fr-FR","@id":"https:\/\/content.carib-export.com\/fr\/#\/schema\/logo\/image\/","url":"https:\/\/content.carib-export.com\/wp-content\/uploads\/2013\/03\/CE-Logo-2013.jpg","contentUrl":"https:\/\/content.carib-export.com\/wp-content\/uploads\/2013\/03\/CE-Logo-2013.jpg","width":1024,"height":244,"caption":"Agence carib\u00e9enne de d\u00e9veloppement des exportations"},"image":{"@id":"https:\/\/content.carib-export.com\/fr\/#\/schema\/logo\/image\/"},"sameAs":["https:\/\/www.facebook.com\/CaribbeanExport","https:\/\/x.com\/CaribXport","https:\/\/www.instagram.com\/caribbeanexport","https:\/\/www.linkedin.com\/company\/caribbeanexport","https:\/\/www.youtube.com\/user\/TheCaribbeanExport"]}]}},"_links":{"self":[{"href":"https:\/\/content.carib-export.com\/fr\/wp-json\/wp\/v2\/pages\/280749","targetHints":{"allow":["GET"]}}],"collection":[{"href":"https:\/\/content.carib-export.com\/fr\/wp-json\/wp\/v2\/pages"}],"about":[{"href":"https:\/\/content.carib-export.com\/fr\/wp-json\/wp\/v2\/types\/page"}],"author":[{"embeddable":true,"href":"https:\/\/content.carib-export.com\/fr\/wp-json\/wp\/v2\/users\/10"}],"replies":[{"embeddable":true,"href":"https:\/\/content.carib-export.com\/fr\/wp-json\/wp\/v2\/comments?post=280749"}],"version-history":[{"count":0,"href":"https:\/\/content.carib-export.com\/fr\/wp-json\/wp\/v2\/pages\/280749\/revisions"}],"up":[{"embeddable":true,"href":"https:\/\/content.carib-export.com\/fr\/wp-json\/wp\/v2\/pages\/270178"}],"wp:attachment":[{"href":"https:\/\/content.carib-export.com\/fr\/wp-json\/wp\/v2\/media?parent=280749"}],"wp:term":[{"taxonomy":"post_tag","embeddable":true,"href":"https:\/\/content.carib-export.com\/fr\/wp-json\/wp\/v2\/tags?post=280749"}],"curies":[{"name":"wp","href":"https:\/\/api.w.org\/{rel}","templated":true}]}}