{"id":280771,"date":"2020-02-20T12:51:40","date_gmt":"2020-02-20T16:51:40","guid":{"rendered":"https:\/\/content.carib-export.com\/exporters\/funding\/angel-investing\/caribbean-business-angel-network\/"},"modified":"2025-02-06T11:08:54","modified_gmt":"2025-02-06T15:08:54","slug":"caribbean-business-angel-network","status":"publish","type":"page","link":"https:\/\/content.carib-export.com\/fr\/resources\/funding\/angel-investing\/caribbean-business-angel-network\/","title":{"rendered":"R\u00e9seau des Business Angels des Cara\u00efbes"},"content":{"rendered":"\n<blockquote class=\"wp-block-quote is-layout-flow wp-block-quote-is-layout-flow\">\n<p><strong>UNE COMMUNAUT\u00c9 O\u00d9 LES INVESTISSEURS PEUVENT SE CONNECTER AUX PETITES ET MOYENNES ENTREPRISES DES CARA\u00cfBES<\/strong><\/p>\n<\/blockquote>\n\n<p>Bien que les investisseurs providentiels individuels soient extr\u00eamement importants, peu d&rsquo;investisseurs providentiels potentiels ont le temps, le savoir-faire ou les ressources financi\u00e8res pour participer \u00e0 de multiples investissements en agissant seuls. En cons\u00e9quence, les r\u00e9seaux d&rsquo;anges sont apparus comme une m\u00e9thode pour fournir un service d&rsquo;introduction aux offres potentielles, connecter des personnes partageant les m\u00eames id\u00e9es pour partager la charge de travail, acc\u00e9der \u00e0 la sagesse collective des autres et \u00e0 la syndication des offres. En tant que tels, les r\u00e9seaux d&rsquo;anges surmontent souvent les nombreux d\u00e9fis associ\u00e9s \u00e0 l&rsquo;investissement en solo et \u00e0 l&rsquo;investissement dans des environnements \u00e0 risque, tels que les march\u00e9s \u00e9mergents comme les Cara\u00efbes.<\/p>\n\n<p><strong>Le Caribbean Business Angel Network (CBAN)<\/strong> vise \u00e0 am\u00e9liorer l&rsquo;acc\u00e8s aux opportunit\u00e9s d&rsquo;investissement dans les Cara\u00efbes, pour les investisseurs providentiels. Il se concentre sur la mise en relation des investisseurs avec des entreprises en d\u00e9marrage, en d\u00e9marrage et en croissance \u00e0 la recherche de financements ; augmentation du flux de transactions dans les Cara\u00efbes.<\/p>\n\n<p>Si vous \u00eates un investisseur int\u00e9ress\u00e9 par l&rsquo;investissement providentiel et que vous souhaitez en savoir plus sur la formation d&rsquo;un groupe d&rsquo;investisseurs locaux dans votre r\u00e9gion, Caribbean Export (via CBAN) peut offrir une assistance technique ou un soutien consultatif. Veuillez nous contacter via <a href=\"mailto:Dsinanan@carib-export.com\">Dsinanan@carib-export.com<\/a> si vous \u00eates int\u00e9ress\u00e9.<\/p>\n\n<p>Les investisseurs devraient rejoindre CBAN car il se concentre sur le soutien aux investisseurs \u00e0 la recherche d&rsquo;entrepreneurs prometteurs dans les Cara\u00efbes. <\/p>\n\n<h2 class=\"wp-block-heading\">Pourquoi rejoindre le RCAB ?<\/h2>\n\n<h3 class=\"wp-block-heading\">LES INVESTISSEURS REJOIGNANT CBAN :<\/h3>\n\n<ul class=\"wp-block-list\">\n<li>Acc\u00e9dez au flux de transactions pan-carib\u00e9enne pr\u00e9s\u00e9lectionn\u00e9<\/li>\n\n\n\n<li>R\u00e9seautez avec des investisseurs partageant les m\u00eames id\u00e9es via la plateforme en ligne ainsi que lors d&rsquo;\u00e9v\u00e9nements p\u00e9riodiques tels que des ateliers et des conf\u00e9rences sur l&rsquo;investissement providentiel<\/li>\n\n\n\n<li>Acc\u00e9dez \u00e0 des ressources pour les investisseurs providentiels, y compris des exemples de documents d&rsquo;investissement, des documents sur les meilleures pratiques et d&rsquo;autres ressources de connaissances<\/li>\n\n\n\n<li>Recevoir de l&rsquo;aide pour la formation et le d\u00e9veloppement de nouveaux groupes<\/li>\n<\/ul>\n\n<div style=\"height:40px\" aria-hidden=\"true\" class=\"wp-block-spacer\"><\/div>\n\n<h3 class=\"wp-block-heading\">LES ENTREPRENEURS REJOIGNANT CBAN :<\/h3>\n\n<ul class=\"wp-block-list\">\n<li>Pr\u00e9senter leurs entreprises \u00e0 des investisseurs providentiels accr\u00e9dit\u00e9s<\/li>\n\n\n\n<li>Acc\u00e9dez \u00e0 des connaissances internationales sur l&rsquo;investissement providentiel au niveau de l&rsquo;industrie<\/li>\n\n\n\n<li>Se voir proposer une aide \u00e0 la pr\u00e9paration des pitchs<\/li>\n\n\n\n<li>Recevoir un soutien de suivi pendant la n\u00e9gociation de l&rsquo;accord<\/li>\n<\/ul>\n\n<div style=\"height:40px\" aria-hidden=\"true\" class=\"wp-block-spacer\"><\/div>\n\n<div class=\"wp-block-buttons is-layout-flex wp-block-buttons-is-layout-flex\">\n<div class=\"wp-block-button has-custom-font-size is-style-outline has-medium-font-size is-style-outline--2\"><a class=\"wp-block-button__link wp-element-button\" href=\"mailto:dsinanan@carib-export.com\" style=\"border-radius:0px\" target=\"_blank\" rel=\"noreferrer noopener\">Cliquez ici pour rejoindre le Caribbean Business Angel Network<\/a><\/div>\n<\/div>\n\n<div style=\"height:40px\" aria-hidden=\"true\" class=\"wp-block-spacer\"><\/div>\n\n<h2 class=\"wp-block-heading\">Qui devrait rejoindre le RCAB ?<\/h2>\n\n<ul class=\"wp-block-list\">\n<li><strong>Investisseurs r\u00e9gionaux ou internationaux, notamment :<\/strong>\n<ul class=\"wp-block-list\">\n<li>Groupes et r\u00e9seaux d&rsquo;investisseurs providentiels : les individus doivent \u00eatre membres d&rsquo;un groupe\/r\u00e9seau d&rsquo;investisseurs providentiels compos\u00e9 d&rsquo;investisseurs qualifi\u00e9s <a href=\"#_ftn1\">[1]<\/a> ; <\/li>\n\n\n\n<li>Les investisseurs institutionnels en phase de d\u00e9marrage, y compris, mais sans s&rsquo;y limiter, les soci\u00e9t\u00e9s de capital-risque, les fonds de PME et les investisseurs d&rsquo;impact ; et<\/li>\n\n\n\n<li>Investisseurs\/syndicats individuels accr\u00e9dit\u00e9s selon les normes \u00e9tablies dans le pays dans lequel l&rsquo;investissement doit \u00eatre r\u00e9alis\u00e9 et \u00eatre en mesure de passer une v\u00e9rification des ant\u00e9c\u00e9dents.<\/li>\n<\/ul>\n<\/li>\n\n\n\n<li><strong>Start-ups ou entreprises qui :<\/strong>\n<ul class=\"wp-block-list\">\n<li>Sont l\u00e9galement enregistr\u00e9s et\/ou op\u00e8rent dans un pays du CARIFORUM ;<\/li>\n\n\n\n<li>recherchent activement des investissements providentiels ou d&rsquo;autres investissements priv\u00e9s ;<\/li>\n\n\n\n<li>Avoir le potentiel de se d\u00e9velopper rapidement et avoir un plan d&rsquo;action clair pour le faire ; et<\/li>\n\n\n\n<li>Poss\u00e8de un produit\/service presque pr\u00eat \u00e0 \u00eatre mis sur le march\u00e9 et peut d\u00e9montrer la demande des clients.<\/li>\n<\/ul>\n<\/li>\n<\/ul>\n\n<div style=\"height:40px\" aria-hidden=\"true\" class=\"wp-block-spacer\"><\/div>\n\n<div class=\"wp-block-buttons is-layout-flex wp-block-buttons-is-layout-flex\">\n<div class=\"wp-block-button has-custom-font-size is-style-outline has-medium-font-size is-style-outline--3\"><a class=\"wp-block-button__link wp-element-button\" href=\"mailto:dsinanan@carib-export.com\" style=\"border-radius:0px\" target=\"_blank\" rel=\"noreferrer noopener\">Cliquez ici pour rejoindre le Caribbean Business Angel Network<\/a><\/div>\n<\/div>\n\n<div style=\"height:40px\" aria-hidden=\"true\" class=\"wp-block-spacer\"><\/div>\n\n<hr class=\"wp-block-separator has-css-opacity\"\/>\n\n<p>[<a href=\"#_ftnref1\">1]<\/a> Un investisseur accr\u00e9dit\u00e9\n, dans le contexte d&rsquo;une personne physique, comprend toute personne qui\na gagn\u00e9 un niveau de revenu ou poss\u00e8de une valeur nette accumul\u00e9e suffisante pour r\u00e9pondre aux\nnormes \u00e9tablies dans un pays sp\u00e9cifique. Les seuils varient selon les pays. Pour les besoins\ndu RCAB, les normes seront appliqu\u00e9es sur la base de celles du pays\ndans lequel l&rsquo;entreprise investie est domicili\u00e9e\/enregistr\u00e9e. Si le pays ne dispose pas de\nnormes de r\u00e9glementation, les normes d\u00e9finies dans les lois de la Barbade, o\u00f9\nCaribbean Export et le RCAB sont domicili\u00e9s, seront appliqu\u00e9es. <\/p>\n","protected":false},"excerpt":{"rendered":"<p>UNE COMMUNAUT\u00c9 O\u00d9 LES INVESTISSEURS PEUVENT SE CONNECTER AUX PETITES ET MOYENNES ENTREPRISES DES CARA\u00cfBES Bien que les investisseurs providentiels individuels soient extr\u00eamement importants, peu d&rsquo;investisseurs providentiels potentiels ont le temps, le savoir-faire ou les ressources financi\u00e8res pour participer \u00e0 de multiples investissements en agissant seuls. En cons\u00e9quence, les r\u00e9seaux d&rsquo;anges sont apparus comme une [&hellip;]<\/p>\n","protected":false},"author":10,"featured_media":249465,"parent":270178,"menu_order":0,"comment_status":"closed","ping_status":"closed","template":"","meta":{"_acf_changed":false,"inline_featured_image":false,"footnotes":""},"tags":[],"class_list":["post-280771","page","type-page","status-publish","has-post-thumbnail","hentry"],"acf":[],"yoast_head":"<!-- This site is optimized with the Yoast SEO plugin v27.1.1 - https:\/\/yoast.com\/product\/yoast-seo-wordpress\/ -->\n<title>de R\u00e9seau des Business Angels des Cara\u00efbes - Exportation Cara\u00efbes<\/title>\n<meta name=\"robots\" content=\"index, follow, max-snippet:-1, max-image-preview:large, max-video-preview:-1\" \/>\n<link rel=\"canonical\" href=\"https:\/\/content.carib-export.com\/fr\/resources\/funding\/angel-investing\/caribbean-business-angel-network\/\" \/>\n<meta property=\"og:locale\" content=\"fr_FR\" \/>\n<meta property=\"og:type\" content=\"article\" \/>\n<meta property=\"og:title\" content=\"de R\u00e9seau des Business Angels des Cara\u00efbes - Exportation Cara\u00efbes\" \/>\n<meta property=\"og:description\" content=\"UNE COMMUNAUT\u00c9 O\u00d9 LES INVESTISSEURS PEUVENT SE CONNECTER AUX PETITES ET MOYENNES ENTREPRISES DES CARA\u00cfBES Bien que les investisseurs providentiels individuels soient extr\u00eamement importants, peu d&rsquo;investisseurs providentiels potentiels ont le temps, le savoir-faire ou les ressources financi\u00e8res pour participer \u00e0 de multiples investissements en agissant seuls. En cons\u00e9quence, les r\u00e9seaux d&rsquo;anges sont apparus comme une [&hellip;]\" \/>\n<meta property=\"og:url\" content=\"https:\/\/content.carib-export.com\/fr\/resources\/funding\/angel-investing\/caribbean-business-angel-network\/\" \/>\n<meta property=\"og:site_name\" content=\"Exportation Cara\u00efbes\" \/>\n<meta property=\"article:publisher\" content=\"https:\/\/www.facebook.com\/CaribbeanExport\" \/>\n<meta property=\"article:modified_time\" content=\"2025-02-06T15:08:54+00:00\" \/>\n<meta property=\"og:image\" content=\"https:\/\/content.carib-export.com\/wp-content\/uploads\/2017\/03\/CBAN.png\" \/>\n\t<meta property=\"og:image:width\" content=\"1000\" \/>\n\t<meta property=\"og:image:height\" content=\"376\" \/>\n\t<meta property=\"og:image:type\" content=\"image\/png\" \/>\n<meta name=\"twitter:card\" content=\"summary_large_image\" \/>\n<meta name=\"twitter:site\" content=\"@CaribXport\" \/>\n<meta name=\"twitter:label1\" content=\"Dur\u00e9e de lecture estim\u00e9e\" \/>\n\t<meta name=\"twitter:data1\" content=\"3 minutes\" \/>\n<script type=\"application\/ld+json\" class=\"yoast-schema-graph\">{\"@context\":\"https:\/\/schema.org\",\"@graph\":[{\"@type\":\"WebPage\",\"@id\":\"https:\/\/content.carib-export.com\/fr\/resources\/funding\/angel-investing\/caribbean-business-angel-network\/\",\"url\":\"https:\/\/content.carib-export.com\/fr\/resources\/funding\/angel-investing\/caribbean-business-angel-network\/\",\"name\":\"de R\u00e9seau des Business Angels des Cara\u00efbes - Exportation Cara\u00efbes\",\"isPartOf\":{\"@id\":\"https:\/\/content.carib-export.com\/fr\/#website\"},\"primaryImageOfPage\":{\"@id\":\"https:\/\/content.carib-export.com\/fr\/resources\/funding\/angel-investing\/caribbean-business-angel-network\/#primaryimage\"},\"image\":{\"@id\":\"https:\/\/content.carib-export.com\/fr\/resources\/funding\/angel-investing\/caribbean-business-angel-network\/#primaryimage\"},\"thumbnailUrl\":\"https:\/\/content.carib-export.com\/wp-content\/uploads\/2017\/03\/CBAN.png\",\"datePublished\":\"2020-02-20T16:51:40+00:00\",\"dateModified\":\"2025-02-06T15:08:54+00:00\",\"breadcrumb\":{\"@id\":\"https:\/\/content.carib-export.com\/fr\/resources\/funding\/angel-investing\/caribbean-business-angel-network\/#breadcrumb\"},\"inLanguage\":\"fr-FR\",\"potentialAction\":[{\"@type\":\"ReadAction\",\"target\":[\"https:\/\/content.carib-export.com\/fr\/resources\/funding\/angel-investing\/caribbean-business-angel-network\/\"]}]},{\"@type\":\"ImageObject\",\"inLanguage\":\"fr-FR\",\"@id\":\"https:\/\/content.carib-export.com\/fr\/resources\/funding\/angel-investing\/caribbean-business-angel-network\/#primaryimage\",\"url\":\"https:\/\/content.carib-export.com\/wp-content\/uploads\/2017\/03\/CBAN.png\",\"contentUrl\":\"https:\/\/content.carib-export.com\/wp-content\/uploads\/2017\/03\/CBAN.png\",\"width\":1000,\"height\":376,\"caption\":\"R\u00e9seau des Business Angels des Cara\u00efbes\"},{\"@type\":\"BreadcrumbList\",\"@id\":\"https:\/\/content.carib-export.com\/fr\/resources\/funding\/angel-investing\/caribbean-business-angel-network\/#breadcrumb\",\"itemListElement\":[{\"@type\":\"ListItem\",\"position\":1,\"name\":\"Accueil\",\"item\":\"https:\/\/content.carib-export.com\/fr\/home\/\"},{\"@type\":\"ListItem\",\"position\":2,\"name\":\"Ressources\",\"item\":\"https:\/\/content.carib-export.com\/fr\/resources\/\"},{\"@type\":\"ListItem\",\"position\":3,\"name\":\"Subventions\",\"item\":\"https:\/\/content.carib-export.com\/fr\/resources\/funding\/\"},{\"@type\":\"ListItem\",\"position\":4,\"name\":\"Investissement providentiel\",\"item\":\"https:\/\/content.carib-export.com\/fr\/resources\/funding\/angel-investing\/\"},{\"@type\":\"ListItem\",\"position\":5,\"name\":\"R\u00e9seau des Business Angels des Cara\u00efbes\"}]},{\"@type\":\"WebSite\",\"@id\":\"https:\/\/content.carib-export.com\/fr\/#website\",\"url\":\"https:\/\/content.carib-export.com\/fr\/\",\"name\":\"Exportation Cara\u00efbes\",\"description\":\"La seule agence r\u00e9gionale de promotion du commerce et des investissements du groupe Afrique, Cara\u00efbes et Pacifique.\",\"publisher\":{\"@id\":\"https:\/\/content.carib-export.com\/fr\/#organization\"},\"potentialAction\":[{\"@type\":\"SearchAction\",\"target\":{\"@type\":\"EntryPoint\",\"urlTemplate\":\"https:\/\/content.carib-export.com\/fr\/?s={search_term_string}\"},\"query-input\":{\"@type\":\"PropertyValueSpecification\",\"valueRequired\":true,\"valueName\":\"search_term_string\"}}],\"inLanguage\":\"fr-FR\"},{\"@type\":\"Organization\",\"@id\":\"https:\/\/content.carib-export.com\/fr\/#organization\",\"name\":\"Agence carib\u00e9enne de d\u00e9veloppement des exportations\",\"url\":\"https:\/\/content.carib-export.com\/fr\/\",\"logo\":{\"@type\":\"ImageObject\",\"inLanguage\":\"fr-FR\",\"@id\":\"https:\/\/content.carib-export.com\/fr\/#\/schema\/logo\/image\/\",\"url\":\"https:\/\/content.carib-export.com\/wp-content\/uploads\/2013\/03\/CE-Logo-2013.jpg\",\"contentUrl\":\"https:\/\/content.carib-export.com\/wp-content\/uploads\/2013\/03\/CE-Logo-2013.jpg\",\"width\":1024,\"height\":244,\"caption\":\"Agence carib\u00e9enne de d\u00e9veloppement des exportations\"},\"image\":{\"@id\":\"https:\/\/content.carib-export.com\/fr\/#\/schema\/logo\/image\/\"},\"sameAs\":[\"https:\/\/www.facebook.com\/CaribbeanExport\",\"https:\/\/x.com\/CaribXport\",\"https:\/\/www.instagram.com\/caribbeanexport\",\"https:\/\/www.linkedin.com\/company\/caribbeanexport\",\"https:\/\/www.youtube.com\/user\/TheCaribbeanExport\"]}]}<\/script>\n<!-- \/ Yoast SEO plugin. -->","yoast_head_json":{"title":"de R\u00e9seau des Business Angels des Cara\u00efbes - Exportation Cara\u00efbes","robots":{"index":"index","follow":"follow","max-snippet":"max-snippet:-1","max-image-preview":"max-image-preview:large","max-video-preview":"max-video-preview:-1"},"canonical":"https:\/\/content.carib-export.com\/fr\/resources\/funding\/angel-investing\/caribbean-business-angel-network\/","og_locale":"fr_FR","og_type":"article","og_title":"de R\u00e9seau des Business Angels des Cara\u00efbes - Exportation Cara\u00efbes","og_description":"UNE COMMUNAUT\u00c9 O\u00d9 LES INVESTISSEURS PEUVENT SE CONNECTER AUX PETITES ET MOYENNES ENTREPRISES DES CARA\u00cfBES Bien que les investisseurs providentiels individuels soient extr\u00eamement importants, peu d&rsquo;investisseurs providentiels potentiels ont le temps, le savoir-faire ou les ressources financi\u00e8res pour participer \u00e0 de multiples investissements en agissant seuls. En cons\u00e9quence, les r\u00e9seaux d&rsquo;anges sont apparus comme une [&hellip;]","og_url":"https:\/\/content.carib-export.com\/fr\/resources\/funding\/angel-investing\/caribbean-business-angel-network\/","og_site_name":"Exportation Cara\u00efbes","article_publisher":"https:\/\/www.facebook.com\/CaribbeanExport","article_modified_time":"2025-02-06T15:08:54+00:00","og_image":[{"width":1000,"height":376,"url":"https:\/\/content.carib-export.com\/wp-content\/uploads\/2017\/03\/CBAN.png","type":"image\/png"}],"twitter_card":"summary_large_image","twitter_site":"@CaribXport","twitter_misc":{"Dur\u00e9e de lecture estim\u00e9e":"3 minutes"},"schema":{"@context":"https:\/\/schema.org","@graph":[{"@type":"WebPage","@id":"https:\/\/content.carib-export.com\/fr\/resources\/funding\/angel-investing\/caribbean-business-angel-network\/","url":"https:\/\/content.carib-export.com\/fr\/resources\/funding\/angel-investing\/caribbean-business-angel-network\/","name":"de R\u00e9seau des Business Angels des Cara\u00efbes - Exportation Cara\u00efbes","isPartOf":{"@id":"https:\/\/content.carib-export.com\/fr\/#website"},"primaryImageOfPage":{"@id":"https:\/\/content.carib-export.com\/fr\/resources\/funding\/angel-investing\/caribbean-business-angel-network\/#primaryimage"},"image":{"@id":"https:\/\/content.carib-export.com\/fr\/resources\/funding\/angel-investing\/caribbean-business-angel-network\/#primaryimage"},"thumbnailUrl":"https:\/\/content.carib-export.com\/wp-content\/uploads\/2017\/03\/CBAN.png","datePublished":"2020-02-20T16:51:40+00:00","dateModified":"2025-02-06T15:08:54+00:00","breadcrumb":{"@id":"https:\/\/content.carib-export.com\/fr\/resources\/funding\/angel-investing\/caribbean-business-angel-network\/#breadcrumb"},"inLanguage":"fr-FR","potentialAction":[{"@type":"ReadAction","target":["https:\/\/content.carib-export.com\/fr\/resources\/funding\/angel-investing\/caribbean-business-angel-network\/"]}]},{"@type":"ImageObject","inLanguage":"fr-FR","@id":"https:\/\/content.carib-export.com\/fr\/resources\/funding\/angel-investing\/caribbean-business-angel-network\/#primaryimage","url":"https:\/\/content.carib-export.com\/wp-content\/uploads\/2017\/03\/CBAN.png","contentUrl":"https:\/\/content.carib-export.com\/wp-content\/uploads\/2017\/03\/CBAN.png","width":1000,"height":376,"caption":"R\u00e9seau des Business Angels des Cara\u00efbes"},{"@type":"BreadcrumbList","@id":"https:\/\/content.carib-export.com\/fr\/resources\/funding\/angel-investing\/caribbean-business-angel-network\/#breadcrumb","itemListElement":[{"@type":"ListItem","position":1,"name":"Accueil","item":"https:\/\/content.carib-export.com\/fr\/home\/"},{"@type":"ListItem","position":2,"name":"Ressources","item":"https:\/\/content.carib-export.com\/fr\/resources\/"},{"@type":"ListItem","position":3,"name":"Subventions","item":"https:\/\/content.carib-export.com\/fr\/resources\/funding\/"},{"@type":"ListItem","position":4,"name":"Investissement providentiel","item":"https:\/\/content.carib-export.com\/fr\/resources\/funding\/angel-investing\/"},{"@type":"ListItem","position":5,"name":"R\u00e9seau des Business Angels des Cara\u00efbes"}]},{"@type":"WebSite","@id":"https:\/\/content.carib-export.com\/fr\/#website","url":"https:\/\/content.carib-export.com\/fr\/","name":"Exportation Cara\u00efbes","description":"La seule agence r\u00e9gionale de promotion du commerce et des investissements du groupe Afrique, Cara\u00efbes et Pacifique.","publisher":{"@id":"https:\/\/content.carib-export.com\/fr\/#organization"},"potentialAction":[{"@type":"SearchAction","target":{"@type":"EntryPoint","urlTemplate":"https:\/\/content.carib-export.com\/fr\/?s={search_term_string}"},"query-input":{"@type":"PropertyValueSpecification","valueRequired":true,"valueName":"search_term_string"}}],"inLanguage":"fr-FR"},{"@type":"Organization","@id":"https:\/\/content.carib-export.com\/fr\/#organization","name":"Agence carib\u00e9enne de d\u00e9veloppement des exportations","url":"https:\/\/content.carib-export.com\/fr\/","logo":{"@type":"ImageObject","inLanguage":"fr-FR","@id":"https:\/\/content.carib-export.com\/fr\/#\/schema\/logo\/image\/","url":"https:\/\/content.carib-export.com\/wp-content\/uploads\/2013\/03\/CE-Logo-2013.jpg","contentUrl":"https:\/\/content.carib-export.com\/wp-content\/uploads\/2013\/03\/CE-Logo-2013.jpg","width":1024,"height":244,"caption":"Agence carib\u00e9enne de d\u00e9veloppement des exportations"},"image":{"@id":"https:\/\/content.carib-export.com\/fr\/#\/schema\/logo\/image\/"},"sameAs":["https:\/\/www.facebook.com\/CaribbeanExport","https:\/\/x.com\/CaribXport","https:\/\/www.instagram.com\/caribbeanexport","https:\/\/www.linkedin.com\/company\/caribbeanexport","https:\/\/www.youtube.com\/user\/TheCaribbeanExport"]}]}},"_links":{"self":[{"href":"https:\/\/content.carib-export.com\/fr\/wp-json\/wp\/v2\/pages\/280771","targetHints":{"allow":["GET"]}}],"collection":[{"href":"https:\/\/content.carib-export.com\/fr\/wp-json\/wp\/v2\/pages"}],"about":[{"href":"https:\/\/content.carib-export.com\/fr\/wp-json\/wp\/v2\/types\/page"}],"author":[{"embeddable":true,"href":"https:\/\/content.carib-export.com\/fr\/wp-json\/wp\/v2\/users\/10"}],"replies":[{"embeddable":true,"href":"https:\/\/content.carib-export.com\/fr\/wp-json\/wp\/v2\/comments?post=280771"}],"version-history":[{"count":0,"href":"https:\/\/content.carib-export.com\/fr\/wp-json\/wp\/v2\/pages\/280771\/revisions"}],"up":[{"embeddable":true,"href":"https:\/\/content.carib-export.com\/fr\/wp-json\/wp\/v2\/pages\/270178"}],"wp:featuredmedia":[{"embeddable":true,"href":"https:\/\/content.carib-export.com\/fr\/wp-json\/wp\/v2\/media\/249465"}],"wp:attachment":[{"href":"https:\/\/content.carib-export.com\/fr\/wp-json\/wp\/v2\/media?parent=280771"}],"wp:term":[{"taxonomy":"post_tag","embeddable":true,"href":"https:\/\/content.carib-export.com\/fr\/wp-json\/wp\/v2\/tags?post=280771"}],"curies":[{"name":"wp","href":"https:\/\/api.w.org\/{rel}","templated":true}]}}