{"id":280782,"date":"2016-06-29T16:01:54","date_gmt":"2016-06-29T20:01:54","guid":{"rendered":"https:\/\/content.carib-export.com\/exporters\/funding\/angel-investing\/is-angel-investment-right-for-your-business\/"},"modified":"2025-02-06T11:13:22","modified_gmt":"2025-02-06T15:13:22","slug":"is-angel-investment-right-for-your-business","status":"publish","type":"page","link":"https:\/\/content.carib-export.com\/fr\/resources\/funding\/angel-investing\/is-angel-investment-right-for-your-business\/","title":{"rendered":"L&rsquo;investissement providentiel convient-il \u00e0 votre entreprise ?"},"content":{"rendered":"\n<p class=\"has-text-align-center\"><strong>UNE COMMUNAUT\u00c9 O\u00d9 LES INVESTISSEURS PEUVENT SE CONNECTER AUX PETITES ET MOYENNES ENTREPRISES DES CARA\u00cfBES<\/strong><\/p>\n\n<p>L&rsquo;id\u00e9e de recevoir une injection de fonds dans votre entreprise est toujours attrayante, et lorsqu&rsquo;il s&rsquo;agit d&rsquo;exp\u00e9rience et de connaissances, l&rsquo;attrait est encore plus grand. Souvent appel\u00e9 \u00ab argent SMART \u00bb en raison de la combinaison de capital financier et intellectuel, malgr\u00e9 l&rsquo;attrait de l&rsquo;investissement providentiel, il existe un certain nombre de consid\u00e9rations \u00e0 ne pas n\u00e9gliger.<\/p>\n\n<div style=\"height:40px\" aria-hidden=\"true\" class=\"wp-block-spacer\"><\/div>\n\n<ul class=\"wp-block-list\">\n<li>\u00cates-vous pr\u00eat \u00e0 prendre un partenaire commercial?<\/li>\n\n\n\n<li>\u00cates-vous pr\u00eat \u00e0 vendre des actions dans votre entreprise et \u00e0 partager le contr\u00f4le en \u00e9change d&rsquo;un financement et d&rsquo;un mentorat ?<\/li>\n\n\n\n<li>Votre entreprise pourrait-elle utiliser les connaissances d&rsquo;un homme d&rsquo;affaires exp\u00e9riment\u00e9 ?<\/li>\n\n\n\n<li>Avez-vous une entreprise innovante \u00e0 forte croissance qui peut \u00e9voluer vers les march\u00e9s \u00e9trangers (potentiel d&rsquo;exportation) ?<\/li>\n\n\n\n<li>Votre entreprise pourrait-elle cro\u00eetre de fa\u00e7on exponentielle avec un investissement en esp\u00e8ces suppl\u00e9mentaire ?<\/li>\n\n\n\n<li>Pouvez-vous d\u00e9montrer que votre entreprise peut g\u00e9n\u00e9rer des rendements significatifs pour les investisseurs en 5 ans ?<\/li>\n\n\n\n<li>Pouvez-vous articuler la strat\u00e9gie de sortie pour l&rsquo;investisseur ? (Comment obtiendraient-ils un retour sur leur investissement)<\/li>\n<\/ul>\n\n<p><strong>Le Caribbean Business Angel Network (CBAN)<\/strong> vise \u00e0 am\u00e9liorer l&rsquo;acc\u00e8s aux opportunit\u00e9s d&rsquo;investissement dans les Cara\u00efbes, pour les investisseurs providentiels. Il se concentre sur la mise en relation des investisseurs avec des entreprises en d\u00e9marrage, en d\u00e9marrage et en croissance \u00e0 la recherche de financements ; augmentation du flux de transactions dans les Cara\u00efbes.<\/p>\n\n<h2 class=\"wp-block-heading\">LES ENTREPRENEURS REJOIGNANT CBAN :<\/h2>\n\n<ul class=\"wp-block-list\">\n<li>Pr\u00e9senter leurs entreprises \u00e0 des investisseurs providentiels accr\u00e9dit\u00e9s<\/li>\n\n\n\n<li>Acc\u00e9dez \u00e0 des connaissances internationales sur l&rsquo;investissement providentiel au niveau de l&rsquo;industrie<\/li>\n\n\n\n<li>Se voir proposer une aide \u00e0 la pr\u00e9paration des pitchs<\/li>\n\n\n\n<li>Recevoir un soutien de suivi pendant la n\u00e9gociation de l&rsquo;accord<\/li>\n<\/ul>\n\n<div style=\"height:40px\" aria-hidden=\"true\" class=\"wp-block-spacer\"><\/div>\n\n<div class=\"wp-block-buttons is-layout-flex wp-block-buttons-is-layout-flex\">\n<div class=\"wp-block-button has-custom-font-size is-style-outline has-medium-font-size is-style-outline--2\"><a class=\"wp-block-button__link wp-element-button\" href=\"mailto:dsinanan@carib-export.com\" style=\"border-radius:0px\" target=\"_blank\" rel=\"noreferrer noopener\">Cliquez ici pour rejoindre le Caribbean Business Angel Network<\/a><\/div>\n<\/div>\n","protected":false},"excerpt":{"rendered":"<p>UNE COMMUNAUT\u00c9 O\u00d9 LES INVESTISSEURS PEUVENT SE CONNECTER AUX PETITES ET MOYENNES ENTREPRISES DES CARA\u00cfBES L&rsquo;id\u00e9e de recevoir une injection de fonds dans votre entreprise est toujours attrayante, et lorsqu&rsquo;il s&rsquo;agit d&rsquo;exp\u00e9rience et de connaissances, l&rsquo;attrait est encore plus grand. Souvent appel\u00e9 \u00ab argent SMART \u00bb en raison de la combinaison de capital financier et [&hellip;]<\/p>\n","protected":false},"author":3,"featured_media":0,"parent":270178,"menu_order":0,"comment_status":"closed","ping_status":"closed","template":"","meta":{"_acf_changed":false,"inline_featured_image":false,"footnotes":""},"tags":[15318],"class_list":["post-280782","page","type-page","status-publish","hentry","tag-angel-investing-fr"],"acf":[],"yoast_head":"<!-- This site is optimized with the Yoast SEO plugin v27.1.1 - https:\/\/yoast.com\/product\/yoast-seo-wordpress\/ -->\n<title>de L&#039;investissement providentiel convient-il \u00e0 votre entreprise ? - Exportation Cara\u00efbes<\/title>\n<meta name=\"robots\" content=\"index, follow, max-snippet:-1, max-image-preview:large, max-video-preview:-1\" \/>\n<link rel=\"canonical\" href=\"https:\/\/content.carib-export.com\/fr\/resources\/funding\/angel-investing\/is-angel-investment-right-for-your-business\/\" \/>\n<meta property=\"og:locale\" content=\"fr_FR\" \/>\n<meta property=\"og:type\" content=\"article\" \/>\n<meta property=\"og:title\" content=\"de L&#039;investissement providentiel convient-il \u00e0 votre entreprise ? - Exportation Cara\u00efbes\" \/>\n<meta property=\"og:description\" content=\"UNE COMMUNAUT\u00c9 O\u00d9 LES INVESTISSEURS PEUVENT SE CONNECTER AUX PETITES ET MOYENNES ENTREPRISES DES CARA\u00cfBES L&rsquo;id\u00e9e de recevoir une injection de fonds dans votre entreprise est toujours attrayante, et lorsqu&rsquo;il s&rsquo;agit d&rsquo;exp\u00e9rience et de connaissances, l&rsquo;attrait est encore plus grand. Souvent appel\u00e9 \u00ab argent SMART \u00bb en raison de la combinaison de capital financier et [&hellip;]\" \/>\n<meta property=\"og:url\" content=\"https:\/\/content.carib-export.com\/fr\/resources\/funding\/angel-investing\/is-angel-investment-right-for-your-business\/\" \/>\n<meta property=\"og:site_name\" content=\"Exportation Cara\u00efbes\" \/>\n<meta property=\"article:publisher\" content=\"https:\/\/www.facebook.com\/CaribbeanExport\" \/>\n<meta property=\"article:modified_time\" content=\"2025-02-06T15:13:22+00:00\" \/>\n<meta property=\"og:image\" content=\"https:\/\/content.carib-export.com\/wp-content\/uploads\/2019\/06\/CEDA-default-square.jpg\" \/>\n\t<meta property=\"og:image:width\" content=\"1000\" \/>\n\t<meta property=\"og:image:height\" content=\"1000\" \/>\n\t<meta property=\"og:image:type\" content=\"image\/jpeg\" \/>\n<meta name=\"twitter:card\" content=\"summary_large_image\" \/>\n<meta name=\"twitter:site\" content=\"@CaribXport\" \/>\n<meta name=\"twitter:label1\" content=\"Dur\u00e9e de lecture estim\u00e9e\" \/>\n\t<meta name=\"twitter:data1\" content=\"1 minute\" \/>\n<script type=\"application\/ld+json\" class=\"yoast-schema-graph\">{\"@context\":\"https:\/\/schema.org\",\"@graph\":[{\"@type\":\"WebPage\",\"@id\":\"https:\/\/content.carib-export.com\/fr\/resources\/funding\/angel-investing\/is-angel-investment-right-for-your-business\/\",\"url\":\"https:\/\/content.carib-export.com\/fr\/resources\/funding\/angel-investing\/is-angel-investment-right-for-your-business\/\",\"name\":\"de L'investissement providentiel convient-il \u00e0 votre entreprise ? - Exportation Cara\u00efbes\",\"isPartOf\":{\"@id\":\"https:\/\/content.carib-export.com\/fr\/#website\"},\"datePublished\":\"2016-06-29T20:01:54+00:00\",\"dateModified\":\"2025-02-06T15:13:22+00:00\",\"breadcrumb\":{\"@id\":\"https:\/\/content.carib-export.com\/fr\/resources\/funding\/angel-investing\/is-angel-investment-right-for-your-business\/#breadcrumb\"},\"inLanguage\":\"fr-FR\",\"potentialAction\":[{\"@type\":\"ReadAction\",\"target\":[\"https:\/\/content.carib-export.com\/fr\/resources\/funding\/angel-investing\/is-angel-investment-right-for-your-business\/\"]}]},{\"@type\":\"BreadcrumbList\",\"@id\":\"https:\/\/content.carib-export.com\/fr\/resources\/funding\/angel-investing\/is-angel-investment-right-for-your-business\/#breadcrumb\",\"itemListElement\":[{\"@type\":\"ListItem\",\"position\":1,\"name\":\"Accueil\",\"item\":\"https:\/\/content.carib-export.com\/fr\/home\/\"},{\"@type\":\"ListItem\",\"position\":2,\"name\":\"Ressources\",\"item\":\"https:\/\/content.carib-export.com\/fr\/resources\/\"},{\"@type\":\"ListItem\",\"position\":3,\"name\":\"Subventions\",\"item\":\"https:\/\/content.carib-export.com\/fr\/resources\/funding\/\"},{\"@type\":\"ListItem\",\"position\":4,\"name\":\"Investissement providentiel\",\"item\":\"https:\/\/content.carib-export.com\/fr\/resources\/funding\/angel-investing\/\"},{\"@type\":\"ListItem\",\"position\":5,\"name\":\"L&rsquo;investissement providentiel convient-il \u00e0 votre entreprise ?\"}]},{\"@type\":\"WebSite\",\"@id\":\"https:\/\/content.carib-export.com\/fr\/#website\",\"url\":\"https:\/\/content.carib-export.com\/fr\/\",\"name\":\"Exportation Cara\u00efbes\",\"description\":\"La seule agence r\u00e9gionale de promotion du commerce et des investissements du groupe Afrique, Cara\u00efbes et Pacifique.\",\"publisher\":{\"@id\":\"https:\/\/content.carib-export.com\/fr\/#organization\"},\"potentialAction\":[{\"@type\":\"SearchAction\",\"target\":{\"@type\":\"EntryPoint\",\"urlTemplate\":\"https:\/\/content.carib-export.com\/fr\/?s={search_term_string}\"},\"query-input\":{\"@type\":\"PropertyValueSpecification\",\"valueRequired\":true,\"valueName\":\"search_term_string\"}}],\"inLanguage\":\"fr-FR\"},{\"@type\":\"Organization\",\"@id\":\"https:\/\/content.carib-export.com\/fr\/#organization\",\"name\":\"Agence carib\u00e9enne de d\u00e9veloppement des exportations\",\"url\":\"https:\/\/content.carib-export.com\/fr\/\",\"logo\":{\"@type\":\"ImageObject\",\"inLanguage\":\"fr-FR\",\"@id\":\"https:\/\/content.carib-export.com\/fr\/#\/schema\/logo\/image\/\",\"url\":\"https:\/\/content.carib-export.com\/wp-content\/uploads\/2013\/03\/CE-Logo-2013.jpg\",\"contentUrl\":\"https:\/\/content.carib-export.com\/wp-content\/uploads\/2013\/03\/CE-Logo-2013.jpg\",\"width\":1024,\"height\":244,\"caption\":\"Agence carib\u00e9enne de d\u00e9veloppement des exportations\"},\"image\":{\"@id\":\"https:\/\/content.carib-export.com\/fr\/#\/schema\/logo\/image\/\"},\"sameAs\":[\"https:\/\/www.facebook.com\/CaribbeanExport\",\"https:\/\/x.com\/CaribXport\",\"https:\/\/www.instagram.com\/caribbeanexport\",\"https:\/\/www.linkedin.com\/company\/caribbeanexport\",\"https:\/\/www.youtube.com\/user\/TheCaribbeanExport\"]}]}<\/script>\n<!-- \/ Yoast SEO plugin. -->","yoast_head_json":{"title":"de L'investissement providentiel convient-il \u00e0 votre entreprise ? - Exportation Cara\u00efbes","robots":{"index":"index","follow":"follow","max-snippet":"max-snippet:-1","max-image-preview":"max-image-preview:large","max-video-preview":"max-video-preview:-1"},"canonical":"https:\/\/content.carib-export.com\/fr\/resources\/funding\/angel-investing\/is-angel-investment-right-for-your-business\/","og_locale":"fr_FR","og_type":"article","og_title":"de L'investissement providentiel convient-il \u00e0 votre entreprise ? - Exportation Cara\u00efbes","og_description":"UNE COMMUNAUT\u00c9 O\u00d9 LES INVESTISSEURS PEUVENT SE CONNECTER AUX PETITES ET MOYENNES ENTREPRISES DES CARA\u00cfBES L&rsquo;id\u00e9e de recevoir une injection de fonds dans votre entreprise est toujours attrayante, et lorsqu&rsquo;il s&rsquo;agit d&rsquo;exp\u00e9rience et de connaissances, l&rsquo;attrait est encore plus grand. Souvent appel\u00e9 \u00ab argent SMART \u00bb en raison de la combinaison de capital financier et [&hellip;]","og_url":"https:\/\/content.carib-export.com\/fr\/resources\/funding\/angel-investing\/is-angel-investment-right-for-your-business\/","og_site_name":"Exportation Cara\u00efbes","article_publisher":"https:\/\/www.facebook.com\/CaribbeanExport","article_modified_time":"2025-02-06T15:13:22+00:00","og_image":[{"width":1000,"height":1000,"url":"https:\/\/content.carib-export.com\/wp-content\/uploads\/2019\/06\/CEDA-default-square.jpg","type":"image\/jpeg"}],"twitter_card":"summary_large_image","twitter_site":"@CaribXport","twitter_misc":{"Dur\u00e9e de lecture estim\u00e9e":"1 minute"},"schema":{"@context":"https:\/\/schema.org","@graph":[{"@type":"WebPage","@id":"https:\/\/content.carib-export.com\/fr\/resources\/funding\/angel-investing\/is-angel-investment-right-for-your-business\/","url":"https:\/\/content.carib-export.com\/fr\/resources\/funding\/angel-investing\/is-angel-investment-right-for-your-business\/","name":"de L'investissement providentiel convient-il \u00e0 votre entreprise ? - Exportation Cara\u00efbes","isPartOf":{"@id":"https:\/\/content.carib-export.com\/fr\/#website"},"datePublished":"2016-06-29T20:01:54+00:00","dateModified":"2025-02-06T15:13:22+00:00","breadcrumb":{"@id":"https:\/\/content.carib-export.com\/fr\/resources\/funding\/angel-investing\/is-angel-investment-right-for-your-business\/#breadcrumb"},"inLanguage":"fr-FR","potentialAction":[{"@type":"ReadAction","target":["https:\/\/content.carib-export.com\/fr\/resources\/funding\/angel-investing\/is-angel-investment-right-for-your-business\/"]}]},{"@type":"BreadcrumbList","@id":"https:\/\/content.carib-export.com\/fr\/resources\/funding\/angel-investing\/is-angel-investment-right-for-your-business\/#breadcrumb","itemListElement":[{"@type":"ListItem","position":1,"name":"Accueil","item":"https:\/\/content.carib-export.com\/fr\/home\/"},{"@type":"ListItem","position":2,"name":"Ressources","item":"https:\/\/content.carib-export.com\/fr\/resources\/"},{"@type":"ListItem","position":3,"name":"Subventions","item":"https:\/\/content.carib-export.com\/fr\/resources\/funding\/"},{"@type":"ListItem","position":4,"name":"Investissement providentiel","item":"https:\/\/content.carib-export.com\/fr\/resources\/funding\/angel-investing\/"},{"@type":"ListItem","position":5,"name":"L&rsquo;investissement providentiel convient-il \u00e0 votre entreprise ?"}]},{"@type":"WebSite","@id":"https:\/\/content.carib-export.com\/fr\/#website","url":"https:\/\/content.carib-export.com\/fr\/","name":"Exportation Cara\u00efbes","description":"La seule agence r\u00e9gionale de promotion du commerce et des investissements du groupe Afrique, Cara\u00efbes et Pacifique.","publisher":{"@id":"https:\/\/content.carib-export.com\/fr\/#organization"},"potentialAction":[{"@type":"SearchAction","target":{"@type":"EntryPoint","urlTemplate":"https:\/\/content.carib-export.com\/fr\/?s={search_term_string}"},"query-input":{"@type":"PropertyValueSpecification","valueRequired":true,"valueName":"search_term_string"}}],"inLanguage":"fr-FR"},{"@type":"Organization","@id":"https:\/\/content.carib-export.com\/fr\/#organization","name":"Agence carib\u00e9enne de d\u00e9veloppement des exportations","url":"https:\/\/content.carib-export.com\/fr\/","logo":{"@type":"ImageObject","inLanguage":"fr-FR","@id":"https:\/\/content.carib-export.com\/fr\/#\/schema\/logo\/image\/","url":"https:\/\/content.carib-export.com\/wp-content\/uploads\/2013\/03\/CE-Logo-2013.jpg","contentUrl":"https:\/\/content.carib-export.com\/wp-content\/uploads\/2013\/03\/CE-Logo-2013.jpg","width":1024,"height":244,"caption":"Agence carib\u00e9enne de d\u00e9veloppement des exportations"},"image":{"@id":"https:\/\/content.carib-export.com\/fr\/#\/schema\/logo\/image\/"},"sameAs":["https:\/\/www.facebook.com\/CaribbeanExport","https:\/\/x.com\/CaribXport","https:\/\/www.instagram.com\/caribbeanexport","https:\/\/www.linkedin.com\/company\/caribbeanexport","https:\/\/www.youtube.com\/user\/TheCaribbeanExport"]}]}},"_links":{"self":[{"href":"https:\/\/content.carib-export.com\/fr\/wp-json\/wp\/v2\/pages\/280782","targetHints":{"allow":["GET"]}}],"collection":[{"href":"https:\/\/content.carib-export.com\/fr\/wp-json\/wp\/v2\/pages"}],"about":[{"href":"https:\/\/content.carib-export.com\/fr\/wp-json\/wp\/v2\/types\/page"}],"author":[{"embeddable":true,"href":"https:\/\/content.carib-export.com\/fr\/wp-json\/wp\/v2\/users\/3"}],"replies":[{"embeddable":true,"href":"https:\/\/content.carib-export.com\/fr\/wp-json\/wp\/v2\/comments?post=280782"}],"version-history":[{"count":0,"href":"https:\/\/content.carib-export.com\/fr\/wp-json\/wp\/v2\/pages\/280782\/revisions"}],"up":[{"embeddable":true,"href":"https:\/\/content.carib-export.com\/fr\/wp-json\/wp\/v2\/pages\/270178"}],"wp:attachment":[{"href":"https:\/\/content.carib-export.com\/fr\/wp-json\/wp\/v2\/media?parent=280782"}],"wp:term":[{"taxonomy":"post_tag","embeddable":true,"href":"https:\/\/content.carib-export.com\/fr\/wp-json\/wp\/v2\/tags?post=280782"}],"curies":[{"name":"wp","href":"https:\/\/api.w.org\/{rel}","templated":true}]}}