{"id":280792,"date":"2017-05-08T11:03:50","date_gmt":"2017-05-08T15:03:50","guid":{"rendered":"https:\/\/content.carib-export.com\/exporters\/funding\/angel-investing\/link-caribbean-2\/"},"modified":"2025-02-06T11:18:05","modified_gmt":"2025-02-06T15:18:05","slug":"link-caribbean-2","status":"publish","type":"page","link":"https:\/\/content.carib-export.com\/fr\/resources\/funding\/angel-investing\/link-caribbean-2\/","title":{"rendered":"LIEN-Cara\u00efbes"},"content":{"rendered":"\n<p>LINK-Caribbean aide les entreprises en d\u00e9marrage \u00e0 lever des fonds dans les Cara\u00efbes, am\u00e9liorant ainsi l&rsquo;acc\u00e8s aux capitaux indispensables.<\/p>\n\n<p>LINK-Caribbean a deux objectifs principaux :<\/p>\n\n<ul class=\"wp-block-list\"><li>permettre aux entrepreneurs de lever des capitaux aupr\u00e8s d&rsquo;investisseurs priv\u00e9s, principalement des investisseurs providentiels,<\/li><li>d\u00e9velopper une communaut\u00e9 d&rsquo;investissement pan-carib\u00e9enne en phase de d\u00e9marrage, en mettant l&rsquo;accent sur les investisseurs providentiels de la r\u00e9gion, les investisseurs institutionnels et les investisseurs de la diaspora via la cr\u00e9ation d&rsquo;un Caribbean Business Angel Network (CBAN).<\/li><\/ul>\n\n<p>Dans les Cara\u00efbes, les entreprises en phase de d\u00e9marrage et de croissance jouent un r\u00f4le essentiel dans le d\u00e9veloppement \u00e9conomique et social durable. Ils favorisent la croissance, l&rsquo;innovation et la prosp\u00e9rit\u00e9 et sont flexibles et rapides \u00e0 r\u00e9agir aux changements du march\u00e9, tels que l&rsquo;\u00e9volution des go\u00fbts des consommateurs. C&rsquo;est un atout important dans une \u00e9conomie mondialis\u00e9e o\u00f9 les consommateurs sont de plus en plus avertis et inform\u00e9s, et de plus en plus \u00e0 la recherche de biens et services plus personnalis\u00e9s.<\/p>\n\n<p><a href=\"http:\/\/link-caribbean.com\/\" target=\"_blank\" rel=\"noopener noreferrer\">Visitez notre site Web LINK-Caribbean pour en savoir plus sur le programme et pour rejoindre CBAN<\/a><\/p>\n\n<p>LINK-Caribbean est un projet de facilitation des investissements qui vise \u00e0 am\u00e9liorer l&rsquo;acc\u00e8s des entrepreneurs \u00e0 des capitaux indispensables avec deux objectifs principaux : 1) permettre aux entrepreneurs de lever des capitaux aupr\u00e8s d&rsquo;investisseurs priv\u00e9s, principalement des investisseurs providentiels, et 2) d\u00e9velopper une communaut\u00e9 d&rsquo;investissement pan-carib\u00e9enne en phase de d\u00e9marrage, en mettant l&rsquo;accent sur les investisseurs providentiels de la r\u00e9gion, les investisseurs institutionnels et les investisseurs de la diaspora via la cr\u00e9ation d&rsquo;un Caribbean Business Angel Network (CBAN).<\/p>\n\n<p>Dans les Cara\u00efbes, les entreprises en phase de d\u00e9marrage et de croissance jouent un r\u00f4le essentiel dans le d\u00e9veloppement \u00e9conomique et social durable. Ils favorisent la croissance, l&rsquo;innovation et la prosp\u00e9rit\u00e9 et sont flexibles et rapides \u00e0 r\u00e9agir aux changements du march\u00e9, tels que l&rsquo;\u00e9volution des go\u00fbts des consommateurs. C&rsquo;est un atout important dans une \u00e9conomie mondialis\u00e9e o\u00f9 les consommateurs sont de plus en plus avertis et inform\u00e9s, et de plus en plus \u00e0 la recherche de biens et services plus personnalis\u00e9s.<\/p>\n\n<p>Le mandat de Caribbean Export vise \u00e0 accro\u00eetre la comp\u00e9titivit\u00e9 des pays des Cara\u00efbes en se concentrant sur le d\u00e9veloppement ax\u00e9 sur les exportations et la promotion des investissements. L&rsquo;am\u00e9lioration de l&rsquo;acc\u00e8s au financement pour le secteur priv\u00e9 en est un \u00e9l\u00e9ment cl\u00e9. Dans les \u00e9conomies d\u00e9velopp\u00e9es et \u00e9mergentes, le financement par capital-investissement, en particulier les investissements providentiels, a jou\u00e9 un r\u00f4le important dans l&rsquo;augmentation du succ\u00e8s des entreprises, en particulier celles qui en sont aux premiers stades de d\u00e9veloppement. Dans les Cara\u00efbes, il y a eu une croissance significative des initiatives qui soutiennent le d\u00e9veloppement de l&rsquo;entrepreneuriat, telles que les incubateurs et les acc\u00e9l\u00e9rateurs. Il y a \u00e9galement eu une \u00e9volution des services, passant du soutien g\u00e9n\u00e9ral aux entreprises au travail personnel avec les entrepreneurs.<\/p>\n\n<p>C&rsquo;est dans ce contexte que l&rsquo;Agence carib\u00e9enne de d\u00e9veloppement des exportations, en collaboration avec le Groupe de la Banque mondiale, a d\u00e9velopp\u00e9 LINK-Caribbean.<\/p>\n","protected":false},"excerpt":{"rendered":"<p>LINK-Caribbean aide les entreprises en d\u00e9marrage \u00e0 lever des fonds dans les Cara\u00efbes, am\u00e9liorant ainsi l&rsquo;acc\u00e8s aux capitaux indispensables. LINK-Caribbean a deux objectifs principaux : permettre aux entrepreneurs de lever des capitaux aupr\u00e8s d&rsquo;investisseurs priv\u00e9s, principalement des investisseurs providentiels, d\u00e9velopper une communaut\u00e9 d&rsquo;investissement pan-carib\u00e9enne en phase de d\u00e9marrage, en mettant l&rsquo;accent sur les investisseurs providentiels [&hellip;]<\/p>\n","protected":false},"author":3,"featured_media":0,"parent":270178,"menu_order":0,"comment_status":"closed","ping_status":"closed","template":"","meta":{"_acf_changed":false,"inline_featured_image":false,"footnotes":""},"tags":[],"class_list":["post-280792","page","type-page","status-publish","hentry"],"acf":[],"yoast_head":"<!-- This site is optimized with the Yoast SEO plugin v27.1.1 - https:\/\/yoast.com\/product\/yoast-seo-wordpress\/ -->\n<title>de LIEN-Cara\u00efbes - Exportation Cara\u00efbes<\/title>\n<meta name=\"robots\" content=\"index, follow, max-snippet:-1, max-image-preview:large, max-video-preview:-1\" \/>\n<link rel=\"canonical\" href=\"https:\/\/content.carib-export.com\/fr\/resources\/funding\/angel-investing\/link-caribbean-2\/\" \/>\n<meta property=\"og:locale\" content=\"fr_FR\" \/>\n<meta property=\"og:type\" content=\"article\" \/>\n<meta property=\"og:title\" content=\"de LIEN-Cara\u00efbes - Exportation Cara\u00efbes\" \/>\n<meta property=\"og:description\" content=\"LINK-Caribbean aide les entreprises en d\u00e9marrage \u00e0 lever des fonds dans les Cara\u00efbes, am\u00e9liorant ainsi l&rsquo;acc\u00e8s aux capitaux indispensables. LINK-Caribbean a deux objectifs principaux : permettre aux entrepreneurs de lever des capitaux aupr\u00e8s d&rsquo;investisseurs priv\u00e9s, principalement des investisseurs providentiels, d\u00e9velopper une communaut\u00e9 d&rsquo;investissement pan-carib\u00e9enne en phase de d\u00e9marrage, en mettant l&rsquo;accent sur les investisseurs providentiels [&hellip;]\" \/>\n<meta property=\"og:url\" content=\"https:\/\/content.carib-export.com\/fr\/resources\/funding\/angel-investing\/link-caribbean-2\/\" \/>\n<meta property=\"og:site_name\" content=\"Exportation Cara\u00efbes\" \/>\n<meta property=\"article:publisher\" content=\"https:\/\/www.facebook.com\/CaribbeanExport\" \/>\n<meta property=\"article:modified_time\" content=\"2025-02-06T15:18:05+00:00\" \/>\n<meta property=\"og:image\" content=\"https:\/\/content.carib-export.com\/wp-content\/uploads\/2019\/06\/CEDA-default-square.jpg\" \/>\n\t<meta property=\"og:image:width\" content=\"1000\" \/>\n\t<meta property=\"og:image:height\" content=\"1000\" \/>\n\t<meta property=\"og:image:type\" content=\"image\/jpeg\" \/>\n<meta name=\"twitter:card\" content=\"summary_large_image\" \/>\n<meta name=\"twitter:site\" content=\"@CaribXport\" \/>\n<meta name=\"twitter:label1\" content=\"Dur\u00e9e de lecture estim\u00e9e\" \/>\n\t<meta name=\"twitter:data1\" content=\"3 minutes\" \/>\n<script type=\"application\/ld+json\" class=\"yoast-schema-graph\">{\"@context\":\"https:\/\/schema.org\",\"@graph\":[{\"@type\":\"WebPage\",\"@id\":\"https:\/\/content.carib-export.com\/fr\/resources\/funding\/angel-investing\/link-caribbean-2\/\",\"url\":\"https:\/\/content.carib-export.com\/fr\/resources\/funding\/angel-investing\/link-caribbean-2\/\",\"name\":\"de LIEN-Cara\u00efbes - Exportation Cara\u00efbes\",\"isPartOf\":{\"@id\":\"https:\/\/content.carib-export.com\/fr\/#website\"},\"datePublished\":\"2017-05-08T15:03:50+00:00\",\"dateModified\":\"2025-02-06T15:18:05+00:00\",\"breadcrumb\":{\"@id\":\"https:\/\/content.carib-export.com\/fr\/resources\/funding\/angel-investing\/link-caribbean-2\/#breadcrumb\"},\"inLanguage\":\"fr-FR\",\"potentialAction\":[{\"@type\":\"ReadAction\",\"target\":[\"https:\/\/content.carib-export.com\/fr\/resources\/funding\/angel-investing\/link-caribbean-2\/\"]}]},{\"@type\":\"BreadcrumbList\",\"@id\":\"https:\/\/content.carib-export.com\/fr\/resources\/funding\/angel-investing\/link-caribbean-2\/#breadcrumb\",\"itemListElement\":[{\"@type\":\"ListItem\",\"position\":1,\"name\":\"Accueil\",\"item\":\"https:\/\/content.carib-export.com\/fr\/home\/\"},{\"@type\":\"ListItem\",\"position\":2,\"name\":\"Ressources\",\"item\":\"https:\/\/content.carib-export.com\/fr\/resources\/\"},{\"@type\":\"ListItem\",\"position\":3,\"name\":\"Subventions\",\"item\":\"https:\/\/content.carib-export.com\/fr\/resources\/funding\/\"},{\"@type\":\"ListItem\",\"position\":4,\"name\":\"Investissement providentiel\",\"item\":\"https:\/\/content.carib-export.com\/fr\/resources\/funding\/angel-investing\/\"},{\"@type\":\"ListItem\",\"position\":5,\"name\":\"LIEN-Cara\u00efbes\"}]},{\"@type\":\"WebSite\",\"@id\":\"https:\/\/content.carib-export.com\/fr\/#website\",\"url\":\"https:\/\/content.carib-export.com\/fr\/\",\"name\":\"Exportation Cara\u00efbes\",\"description\":\"La seule agence r\u00e9gionale de promotion du commerce et des investissements du groupe Afrique, Cara\u00efbes et Pacifique.\",\"publisher\":{\"@id\":\"https:\/\/content.carib-export.com\/fr\/#organization\"},\"potentialAction\":[{\"@type\":\"SearchAction\",\"target\":{\"@type\":\"EntryPoint\",\"urlTemplate\":\"https:\/\/content.carib-export.com\/fr\/?s={search_term_string}\"},\"query-input\":{\"@type\":\"PropertyValueSpecification\",\"valueRequired\":true,\"valueName\":\"search_term_string\"}}],\"inLanguage\":\"fr-FR\"},{\"@type\":\"Organization\",\"@id\":\"https:\/\/content.carib-export.com\/fr\/#organization\",\"name\":\"Agence carib\u00e9enne de d\u00e9veloppement des exportations\",\"url\":\"https:\/\/content.carib-export.com\/fr\/\",\"logo\":{\"@type\":\"ImageObject\",\"inLanguage\":\"fr-FR\",\"@id\":\"https:\/\/content.carib-export.com\/fr\/#\/schema\/logo\/image\/\",\"url\":\"https:\/\/content.carib-export.com\/wp-content\/uploads\/2013\/03\/CE-Logo-2013.jpg\",\"contentUrl\":\"https:\/\/content.carib-export.com\/wp-content\/uploads\/2013\/03\/CE-Logo-2013.jpg\",\"width\":1024,\"height\":244,\"caption\":\"Agence carib\u00e9enne de d\u00e9veloppement des exportations\"},\"image\":{\"@id\":\"https:\/\/content.carib-export.com\/fr\/#\/schema\/logo\/image\/\"},\"sameAs\":[\"https:\/\/www.facebook.com\/CaribbeanExport\",\"https:\/\/x.com\/CaribXport\",\"https:\/\/www.instagram.com\/caribbeanexport\",\"https:\/\/www.linkedin.com\/company\/caribbeanexport\",\"https:\/\/www.youtube.com\/user\/TheCaribbeanExport\"]}]}<\/script>\n<!-- \/ Yoast SEO plugin. -->","yoast_head_json":{"title":"de LIEN-Cara\u00efbes - Exportation Cara\u00efbes","robots":{"index":"index","follow":"follow","max-snippet":"max-snippet:-1","max-image-preview":"max-image-preview:large","max-video-preview":"max-video-preview:-1"},"canonical":"https:\/\/content.carib-export.com\/fr\/resources\/funding\/angel-investing\/link-caribbean-2\/","og_locale":"fr_FR","og_type":"article","og_title":"de LIEN-Cara\u00efbes - Exportation Cara\u00efbes","og_description":"LINK-Caribbean aide les entreprises en d\u00e9marrage \u00e0 lever des fonds dans les Cara\u00efbes, am\u00e9liorant ainsi l&rsquo;acc\u00e8s aux capitaux indispensables. LINK-Caribbean a deux objectifs principaux : permettre aux entrepreneurs de lever des capitaux aupr\u00e8s d&rsquo;investisseurs priv\u00e9s, principalement des investisseurs providentiels, d\u00e9velopper une communaut\u00e9 d&rsquo;investissement pan-carib\u00e9enne en phase de d\u00e9marrage, en mettant l&rsquo;accent sur les investisseurs providentiels [&hellip;]","og_url":"https:\/\/content.carib-export.com\/fr\/resources\/funding\/angel-investing\/link-caribbean-2\/","og_site_name":"Exportation Cara\u00efbes","article_publisher":"https:\/\/www.facebook.com\/CaribbeanExport","article_modified_time":"2025-02-06T15:18:05+00:00","og_image":[{"width":1000,"height":1000,"url":"https:\/\/content.carib-export.com\/wp-content\/uploads\/2019\/06\/CEDA-default-square.jpg","type":"image\/jpeg"}],"twitter_card":"summary_large_image","twitter_site":"@CaribXport","twitter_misc":{"Dur\u00e9e de lecture estim\u00e9e":"3 minutes"},"schema":{"@context":"https:\/\/schema.org","@graph":[{"@type":"WebPage","@id":"https:\/\/content.carib-export.com\/fr\/resources\/funding\/angel-investing\/link-caribbean-2\/","url":"https:\/\/content.carib-export.com\/fr\/resources\/funding\/angel-investing\/link-caribbean-2\/","name":"de LIEN-Cara\u00efbes - Exportation Cara\u00efbes","isPartOf":{"@id":"https:\/\/content.carib-export.com\/fr\/#website"},"datePublished":"2017-05-08T15:03:50+00:00","dateModified":"2025-02-06T15:18:05+00:00","breadcrumb":{"@id":"https:\/\/content.carib-export.com\/fr\/resources\/funding\/angel-investing\/link-caribbean-2\/#breadcrumb"},"inLanguage":"fr-FR","potentialAction":[{"@type":"ReadAction","target":["https:\/\/content.carib-export.com\/fr\/resources\/funding\/angel-investing\/link-caribbean-2\/"]}]},{"@type":"BreadcrumbList","@id":"https:\/\/content.carib-export.com\/fr\/resources\/funding\/angel-investing\/link-caribbean-2\/#breadcrumb","itemListElement":[{"@type":"ListItem","position":1,"name":"Accueil","item":"https:\/\/content.carib-export.com\/fr\/home\/"},{"@type":"ListItem","position":2,"name":"Ressources","item":"https:\/\/content.carib-export.com\/fr\/resources\/"},{"@type":"ListItem","position":3,"name":"Subventions","item":"https:\/\/content.carib-export.com\/fr\/resources\/funding\/"},{"@type":"ListItem","position":4,"name":"Investissement providentiel","item":"https:\/\/content.carib-export.com\/fr\/resources\/funding\/angel-investing\/"},{"@type":"ListItem","position":5,"name":"LIEN-Cara\u00efbes"}]},{"@type":"WebSite","@id":"https:\/\/content.carib-export.com\/fr\/#website","url":"https:\/\/content.carib-export.com\/fr\/","name":"Exportation Cara\u00efbes","description":"La seule agence r\u00e9gionale de promotion du commerce et des investissements du groupe Afrique, Cara\u00efbes et Pacifique.","publisher":{"@id":"https:\/\/content.carib-export.com\/fr\/#organization"},"potentialAction":[{"@type":"SearchAction","target":{"@type":"EntryPoint","urlTemplate":"https:\/\/content.carib-export.com\/fr\/?s={search_term_string}"},"query-input":{"@type":"PropertyValueSpecification","valueRequired":true,"valueName":"search_term_string"}}],"inLanguage":"fr-FR"},{"@type":"Organization","@id":"https:\/\/content.carib-export.com\/fr\/#organization","name":"Agence carib\u00e9enne de d\u00e9veloppement des exportations","url":"https:\/\/content.carib-export.com\/fr\/","logo":{"@type":"ImageObject","inLanguage":"fr-FR","@id":"https:\/\/content.carib-export.com\/fr\/#\/schema\/logo\/image\/","url":"https:\/\/content.carib-export.com\/wp-content\/uploads\/2013\/03\/CE-Logo-2013.jpg","contentUrl":"https:\/\/content.carib-export.com\/wp-content\/uploads\/2013\/03\/CE-Logo-2013.jpg","width":1024,"height":244,"caption":"Agence carib\u00e9enne de d\u00e9veloppement des exportations"},"image":{"@id":"https:\/\/content.carib-export.com\/fr\/#\/schema\/logo\/image\/"},"sameAs":["https:\/\/www.facebook.com\/CaribbeanExport","https:\/\/x.com\/CaribXport","https:\/\/www.instagram.com\/caribbeanexport","https:\/\/www.linkedin.com\/company\/caribbeanexport","https:\/\/www.youtube.com\/user\/TheCaribbeanExport"]}]}},"_links":{"self":[{"href":"https:\/\/content.carib-export.com\/fr\/wp-json\/wp\/v2\/pages\/280792","targetHints":{"allow":["GET"]}}],"collection":[{"href":"https:\/\/content.carib-export.com\/fr\/wp-json\/wp\/v2\/pages"}],"about":[{"href":"https:\/\/content.carib-export.com\/fr\/wp-json\/wp\/v2\/types\/page"}],"author":[{"embeddable":true,"href":"https:\/\/content.carib-export.com\/fr\/wp-json\/wp\/v2\/users\/3"}],"replies":[{"embeddable":true,"href":"https:\/\/content.carib-export.com\/fr\/wp-json\/wp\/v2\/comments?post=280792"}],"version-history":[{"count":0,"href":"https:\/\/content.carib-export.com\/fr\/wp-json\/wp\/v2\/pages\/280792\/revisions"}],"up":[{"embeddable":true,"href":"https:\/\/content.carib-export.com\/fr\/wp-json\/wp\/v2\/pages\/270178"}],"wp:attachment":[{"href":"https:\/\/content.carib-export.com\/fr\/wp-json\/wp\/v2\/media?parent=280792"}],"wp:term":[{"taxonomy":"post_tag","embeddable":true,"href":"https:\/\/content.carib-export.com\/fr\/wp-json\/wp\/v2\/tags?post=280792"}],"curies":[{"name":"wp","href":"https:\/\/api.w.org\/{rel}","templated":true}]}}