{"id":280861,"date":"2016-06-29T15:47:23","date_gmt":"2016-06-29T19:47:23","guid":{"rendered":"https:\/\/content.carib-export.com\/exporters\/funding\/angel-investing\/what-is-angel-investing\/"},"modified":"2025-02-06T11:28:55","modified_gmt":"2025-02-06T15:28:55","slug":"what-is-angel-investing","status":"publish","type":"page","link":"https:\/\/content.carib-export.com\/fr\/resources\/funding\/angel-investing\/what-is-angel-investing\/","title":{"rendered":"Qu&rsquo;est-ce que l&rsquo;investissement providentiel ?"},"content":{"rendered":"\n<p class=\"has-text-align-center\"><strong>UNE COMMUNAUT\u00c9 O\u00d9 LES INVESTISSEURS PEUVENT SE CONNECTER AUX PETITES ET MOYENNES ENTREPRISES DES CARA\u00cfBES<\/strong><\/p>\n\n<p>L&rsquo;investissement providentiel implique g\u00e9n\u00e9ralement des personnes fortun\u00e9es (entrepreneurs prosp\u00e8res, industriels, dirigeants d&rsquo;entreprises et d&rsquo;entreprises et investisseurs) qui investissent leur propre capital et leur temps dans des entreprises en d\u00e9marrage et en d\u00e9marrage, dans le but \u00e0 la fois de r\u00e9aliser un rendement financier et contribuer au d\u00e9veloppement des communaut\u00e9s entrepreneuriales.<\/p>\n\n<p>\u00c0 l&rsquo;\u00e9chelle mondiale &#8211; tant dans les pays d\u00e9velopp\u00e9s que de plus en plus dans les pays en d\u00e9veloppement &#8211; l&rsquo;investissement providentiel est souvent une forme de capital favorable pour les entreprises d&rsquo;amor\u00e7age et de d\u00e9marrage, car les anges comprennent g\u00e9n\u00e9ralement les risques inh\u00e9rents associ\u00e9s aux entreprises en d\u00e9marrage et ont une tol\u00e9rance au risque plus \u00e9lev\u00e9e. . De plus, les investisseurs providentiels peuvent ajouter une s\u00e9rie de soutiens non financiers aux entreprises dirig\u00e9es par des entrepreneurs.<\/p>\n\n<div class=\"wp-block-buttons is-layout-flex wp-block-buttons-is-layout-flex\">\n<div class=\"wp-block-button has-custom-font-size is-style-outline has-medium-font-size is-style-outline--2\"><a class=\"wp-block-button__link wp-element-button\" href=\"mailto:dsinanan@carib-export.com\" style=\"border-radius:0px\" target=\"_blank\" rel=\"noreferrer noopener\">Cliquez ici pour rejoindre le Caribbean Business Angel Network<\/a><\/div>\n<\/div>\n","protected":false},"excerpt":{"rendered":"<p>UNE COMMUNAUT\u00c9 O\u00d9 LES INVESTISSEURS PEUVENT SE CONNECTER AUX PETITES ET MOYENNES ENTREPRISES DES CARA\u00cfBES L&rsquo;investissement providentiel implique g\u00e9n\u00e9ralement des personnes fortun\u00e9es (entrepreneurs prosp\u00e8res, industriels, dirigeants d&rsquo;entreprises et d&rsquo;entreprises et investisseurs) qui investissent leur propre capital et leur temps dans des entreprises en d\u00e9marrage et en d\u00e9marrage, dans le but \u00e0 la fois de r\u00e9aliser [&hellip;]<\/p>\n","protected":false},"author":3,"featured_media":0,"parent":270178,"menu_order":0,"comment_status":"closed","ping_status":"closed","template":"","meta":{"_acf_changed":false,"inline_featured_image":false,"footnotes":""},"tags":[15318,15322],"class_list":["post-280861","page","type-page","status-publish","hentry","tag-angel-investing-fr","tag-cban-fr"],"acf":[],"yoast_head":"<!-- This site is optimized with the Yoast SEO plugin v27.1.1 - https:\/\/yoast.com\/product\/yoast-seo-wordpress\/ -->\n<title>de Qu&#039;est-ce que l&#039;investissement providentiel ? - Exportation Cara\u00efbes<\/title>\n<meta name=\"robots\" content=\"index, follow, max-snippet:-1, max-image-preview:large, max-video-preview:-1\" \/>\n<link rel=\"canonical\" href=\"https:\/\/content.carib-export.com\/fr\/resources\/funding\/angel-investing\/what-is-angel-investing\/\" \/>\n<meta property=\"og:locale\" content=\"fr_FR\" \/>\n<meta property=\"og:type\" content=\"article\" \/>\n<meta property=\"og:title\" content=\"de Qu&#039;est-ce que l&#039;investissement providentiel ? - Exportation Cara\u00efbes\" \/>\n<meta property=\"og:description\" content=\"UNE COMMUNAUT\u00c9 O\u00d9 LES INVESTISSEURS PEUVENT SE CONNECTER AUX PETITES ET MOYENNES ENTREPRISES DES CARA\u00cfBES L&rsquo;investissement providentiel implique g\u00e9n\u00e9ralement des personnes fortun\u00e9es (entrepreneurs prosp\u00e8res, industriels, dirigeants d&rsquo;entreprises et d&rsquo;entreprises et investisseurs) qui investissent leur propre capital et leur temps dans des entreprises en d\u00e9marrage et en d\u00e9marrage, dans le but \u00e0 la fois de r\u00e9aliser [&hellip;]\" \/>\n<meta property=\"og:url\" content=\"https:\/\/content.carib-export.com\/fr\/resources\/funding\/angel-investing\/what-is-angel-investing\/\" \/>\n<meta property=\"og:site_name\" content=\"Exportation Cara\u00efbes\" \/>\n<meta property=\"article:publisher\" content=\"https:\/\/www.facebook.com\/CaribbeanExport\" \/>\n<meta property=\"article:modified_time\" content=\"2025-02-06T15:28:55+00:00\" \/>\n<meta property=\"og:image\" content=\"https:\/\/content.carib-export.com\/wp-content\/uploads\/2019\/06\/CEDA-default-square.jpg\" \/>\n\t<meta property=\"og:image:width\" content=\"1000\" \/>\n\t<meta property=\"og:image:height\" content=\"1000\" \/>\n\t<meta property=\"og:image:type\" content=\"image\/jpeg\" \/>\n<meta name=\"twitter:card\" content=\"summary_large_image\" \/>\n<meta name=\"twitter:site\" content=\"@CaribXport\" \/>\n<meta name=\"twitter:label1\" content=\"Dur\u00e9e de lecture estim\u00e9e\" \/>\n\t<meta name=\"twitter:data1\" content=\"1 minute\" \/>\n<script type=\"application\/ld+json\" class=\"yoast-schema-graph\">{\"@context\":\"https:\/\/schema.org\",\"@graph\":[{\"@type\":\"WebPage\",\"@id\":\"https:\/\/content.carib-export.com\/fr\/resources\/funding\/angel-investing\/what-is-angel-investing\/\",\"url\":\"https:\/\/content.carib-export.com\/fr\/resources\/funding\/angel-investing\/what-is-angel-investing\/\",\"name\":\"de Qu'est-ce que l'investissement providentiel ? - Exportation Cara\u00efbes\",\"isPartOf\":{\"@id\":\"https:\/\/content.carib-export.com\/fr\/#website\"},\"datePublished\":\"2016-06-29T19:47:23+00:00\",\"dateModified\":\"2025-02-06T15:28:55+00:00\",\"breadcrumb\":{\"@id\":\"https:\/\/content.carib-export.com\/fr\/resources\/funding\/angel-investing\/what-is-angel-investing\/#breadcrumb\"},\"inLanguage\":\"fr-FR\",\"potentialAction\":[{\"@type\":\"ReadAction\",\"target\":[\"https:\/\/content.carib-export.com\/fr\/resources\/funding\/angel-investing\/what-is-angel-investing\/\"]}]},{\"@type\":\"BreadcrumbList\",\"@id\":\"https:\/\/content.carib-export.com\/fr\/resources\/funding\/angel-investing\/what-is-angel-investing\/#breadcrumb\",\"itemListElement\":[{\"@type\":\"ListItem\",\"position\":1,\"name\":\"Accueil\",\"item\":\"https:\/\/content.carib-export.com\/fr\/home\/\"},{\"@type\":\"ListItem\",\"position\":2,\"name\":\"Ressources\",\"item\":\"https:\/\/content.carib-export.com\/fr\/resources\/\"},{\"@type\":\"ListItem\",\"position\":3,\"name\":\"Subventions\",\"item\":\"https:\/\/content.carib-export.com\/fr\/resources\/funding\/\"},{\"@type\":\"ListItem\",\"position\":4,\"name\":\"Investissement providentiel\",\"item\":\"https:\/\/content.carib-export.com\/fr\/resources\/funding\/angel-investing\/\"},{\"@type\":\"ListItem\",\"position\":5,\"name\":\"Qu&rsquo;est-ce que l&rsquo;investissement providentiel ?\"}]},{\"@type\":\"WebSite\",\"@id\":\"https:\/\/content.carib-export.com\/fr\/#website\",\"url\":\"https:\/\/content.carib-export.com\/fr\/\",\"name\":\"Exportation Cara\u00efbes\",\"description\":\"La seule agence r\u00e9gionale de promotion du commerce et des investissements du groupe Afrique, Cara\u00efbes et Pacifique.\",\"publisher\":{\"@id\":\"https:\/\/content.carib-export.com\/fr\/#organization\"},\"potentialAction\":[{\"@type\":\"SearchAction\",\"target\":{\"@type\":\"EntryPoint\",\"urlTemplate\":\"https:\/\/content.carib-export.com\/fr\/?s={search_term_string}\"},\"query-input\":{\"@type\":\"PropertyValueSpecification\",\"valueRequired\":true,\"valueName\":\"search_term_string\"}}],\"inLanguage\":\"fr-FR\"},{\"@type\":\"Organization\",\"@id\":\"https:\/\/content.carib-export.com\/fr\/#organization\",\"name\":\"Agence carib\u00e9enne de d\u00e9veloppement des exportations\",\"url\":\"https:\/\/content.carib-export.com\/fr\/\",\"logo\":{\"@type\":\"ImageObject\",\"inLanguage\":\"fr-FR\",\"@id\":\"https:\/\/content.carib-export.com\/fr\/#\/schema\/logo\/image\/\",\"url\":\"https:\/\/content.carib-export.com\/wp-content\/uploads\/2013\/03\/CE-Logo-2013.jpg\",\"contentUrl\":\"https:\/\/content.carib-export.com\/wp-content\/uploads\/2013\/03\/CE-Logo-2013.jpg\",\"width\":1024,\"height\":244,\"caption\":\"Agence carib\u00e9enne de d\u00e9veloppement des exportations\"},\"image\":{\"@id\":\"https:\/\/content.carib-export.com\/fr\/#\/schema\/logo\/image\/\"},\"sameAs\":[\"https:\/\/www.facebook.com\/CaribbeanExport\",\"https:\/\/x.com\/CaribXport\",\"https:\/\/www.instagram.com\/caribbeanexport\",\"https:\/\/www.linkedin.com\/company\/caribbeanexport\",\"https:\/\/www.youtube.com\/user\/TheCaribbeanExport\"]}]}<\/script>\n<!-- \/ Yoast SEO plugin. -->","yoast_head_json":{"title":"de Qu'est-ce que l'investissement providentiel ? - Exportation Cara\u00efbes","robots":{"index":"index","follow":"follow","max-snippet":"max-snippet:-1","max-image-preview":"max-image-preview:large","max-video-preview":"max-video-preview:-1"},"canonical":"https:\/\/content.carib-export.com\/fr\/resources\/funding\/angel-investing\/what-is-angel-investing\/","og_locale":"fr_FR","og_type":"article","og_title":"de Qu'est-ce que l'investissement providentiel ? - Exportation Cara\u00efbes","og_description":"UNE COMMUNAUT\u00c9 O\u00d9 LES INVESTISSEURS PEUVENT SE CONNECTER AUX PETITES ET MOYENNES ENTREPRISES DES CARA\u00cfBES L&rsquo;investissement providentiel implique g\u00e9n\u00e9ralement des personnes fortun\u00e9es (entrepreneurs prosp\u00e8res, industriels, dirigeants d&rsquo;entreprises et d&rsquo;entreprises et investisseurs) qui investissent leur propre capital et leur temps dans des entreprises en d\u00e9marrage et en d\u00e9marrage, dans le but \u00e0 la fois de r\u00e9aliser [&hellip;]","og_url":"https:\/\/content.carib-export.com\/fr\/resources\/funding\/angel-investing\/what-is-angel-investing\/","og_site_name":"Exportation Cara\u00efbes","article_publisher":"https:\/\/www.facebook.com\/CaribbeanExport","article_modified_time":"2025-02-06T15:28:55+00:00","og_image":[{"width":1000,"height":1000,"url":"https:\/\/content.carib-export.com\/wp-content\/uploads\/2019\/06\/CEDA-default-square.jpg","type":"image\/jpeg"}],"twitter_card":"summary_large_image","twitter_site":"@CaribXport","twitter_misc":{"Dur\u00e9e de lecture estim\u00e9e":"1 minute"},"schema":{"@context":"https:\/\/schema.org","@graph":[{"@type":"WebPage","@id":"https:\/\/content.carib-export.com\/fr\/resources\/funding\/angel-investing\/what-is-angel-investing\/","url":"https:\/\/content.carib-export.com\/fr\/resources\/funding\/angel-investing\/what-is-angel-investing\/","name":"de Qu'est-ce que l'investissement providentiel ? - Exportation Cara\u00efbes","isPartOf":{"@id":"https:\/\/content.carib-export.com\/fr\/#website"},"datePublished":"2016-06-29T19:47:23+00:00","dateModified":"2025-02-06T15:28:55+00:00","breadcrumb":{"@id":"https:\/\/content.carib-export.com\/fr\/resources\/funding\/angel-investing\/what-is-angel-investing\/#breadcrumb"},"inLanguage":"fr-FR","potentialAction":[{"@type":"ReadAction","target":["https:\/\/content.carib-export.com\/fr\/resources\/funding\/angel-investing\/what-is-angel-investing\/"]}]},{"@type":"BreadcrumbList","@id":"https:\/\/content.carib-export.com\/fr\/resources\/funding\/angel-investing\/what-is-angel-investing\/#breadcrumb","itemListElement":[{"@type":"ListItem","position":1,"name":"Accueil","item":"https:\/\/content.carib-export.com\/fr\/home\/"},{"@type":"ListItem","position":2,"name":"Ressources","item":"https:\/\/content.carib-export.com\/fr\/resources\/"},{"@type":"ListItem","position":3,"name":"Subventions","item":"https:\/\/content.carib-export.com\/fr\/resources\/funding\/"},{"@type":"ListItem","position":4,"name":"Investissement providentiel","item":"https:\/\/content.carib-export.com\/fr\/resources\/funding\/angel-investing\/"},{"@type":"ListItem","position":5,"name":"Qu&rsquo;est-ce que l&rsquo;investissement providentiel ?"}]},{"@type":"WebSite","@id":"https:\/\/content.carib-export.com\/fr\/#website","url":"https:\/\/content.carib-export.com\/fr\/","name":"Exportation Cara\u00efbes","description":"La seule agence r\u00e9gionale de promotion du commerce et des investissements du groupe Afrique, Cara\u00efbes et Pacifique.","publisher":{"@id":"https:\/\/content.carib-export.com\/fr\/#organization"},"potentialAction":[{"@type":"SearchAction","target":{"@type":"EntryPoint","urlTemplate":"https:\/\/content.carib-export.com\/fr\/?s={search_term_string}"},"query-input":{"@type":"PropertyValueSpecification","valueRequired":true,"valueName":"search_term_string"}}],"inLanguage":"fr-FR"},{"@type":"Organization","@id":"https:\/\/content.carib-export.com\/fr\/#organization","name":"Agence carib\u00e9enne de d\u00e9veloppement des exportations","url":"https:\/\/content.carib-export.com\/fr\/","logo":{"@type":"ImageObject","inLanguage":"fr-FR","@id":"https:\/\/content.carib-export.com\/fr\/#\/schema\/logo\/image\/","url":"https:\/\/content.carib-export.com\/wp-content\/uploads\/2013\/03\/CE-Logo-2013.jpg","contentUrl":"https:\/\/content.carib-export.com\/wp-content\/uploads\/2013\/03\/CE-Logo-2013.jpg","width":1024,"height":244,"caption":"Agence carib\u00e9enne de d\u00e9veloppement des exportations"},"image":{"@id":"https:\/\/content.carib-export.com\/fr\/#\/schema\/logo\/image\/"},"sameAs":["https:\/\/www.facebook.com\/CaribbeanExport","https:\/\/x.com\/CaribXport","https:\/\/www.instagram.com\/caribbeanexport","https:\/\/www.linkedin.com\/company\/caribbeanexport","https:\/\/www.youtube.com\/user\/TheCaribbeanExport"]}]}},"_links":{"self":[{"href":"https:\/\/content.carib-export.com\/fr\/wp-json\/wp\/v2\/pages\/280861","targetHints":{"allow":["GET"]}}],"collection":[{"href":"https:\/\/content.carib-export.com\/fr\/wp-json\/wp\/v2\/pages"}],"about":[{"href":"https:\/\/content.carib-export.com\/fr\/wp-json\/wp\/v2\/types\/page"}],"author":[{"embeddable":true,"href":"https:\/\/content.carib-export.com\/fr\/wp-json\/wp\/v2\/users\/3"}],"replies":[{"embeddable":true,"href":"https:\/\/content.carib-export.com\/fr\/wp-json\/wp\/v2\/comments?post=280861"}],"version-history":[{"count":0,"href":"https:\/\/content.carib-export.com\/fr\/wp-json\/wp\/v2\/pages\/280861\/revisions"}],"up":[{"embeddable":true,"href":"https:\/\/content.carib-export.com\/fr\/wp-json\/wp\/v2\/pages\/270178"}],"wp:attachment":[{"href":"https:\/\/content.carib-export.com\/fr\/wp-json\/wp\/v2\/media?parent=280861"}],"wp:term":[{"taxonomy":"post_tag","embeddable":true,"href":"https:\/\/content.carib-export.com\/fr\/wp-json\/wp\/v2\/tags?post=280861"}],"curies":[{"name":"wp","href":"https:\/\/api.w.org\/{rel}","templated":true}]}}