{"id":280883,"date":"2016-06-29T15:46:36","date_gmt":"2016-06-29T19:46:36","guid":{"rendered":"https:\/\/content.carib-export.com\/exporters\/funding\/angel-investing\/why-have-an-angel-network\/"},"modified":"2025-02-06T11:40:06","modified_gmt":"2025-02-06T15:40:06","slug":"why-have-an-angel-network","status":"publish","type":"page","link":"https:\/\/content.carib-export.com\/fr\/resources\/funding\/angel-investing\/why-have-an-angel-network\/","title":{"rendered":"Pourquoi avoir un r\u00e9seau d&rsquo;anges ?"},"content":{"rendered":"\n<p>Alors que les anges individuels sont extr\u00eamement importants, peu d&rsquo;anges ont le temps ou les ressources financi\u00e8res pour trouver et financer enti\u00e8rement un portefeuille de 10 entreprises ou plus par eux-m\u00eames. Au lieu de cela, ils cherchent souvent \u00e0 se connecter avec d&rsquo;autres anges partageant les m\u00eames id\u00e9es pour partager le travail et mettre en commun les ressources. En cons\u00e9quence, les r\u00e9seaux Angel se sont consid\u00e9rablement d\u00e9velopp\u00e9s ; en 1996, il y avait environ 10 r\u00e9seaux providentiels aux \u00c9tats-Unis, et en 2006, ce chiffre est pass\u00e9 \u00e0 un peu plus de 200 <a name=\"_ftnref1\" href=\"#_ftn1\"><sup><sup>[1]<\/sup><\/sup><\/a> .<\/p>\n\n<p>Les r\u00e9seaux providentiels, qui mettent en commun les ressources et les connaissances de leurs membres, surmontent souvent bon nombre des d\u00e9fis associ\u00e9s \u00e0 l&rsquo;investissement en solo et \u00e0 l&rsquo;investissement dans des environnements \u00e9mergents, tels que ceux qui existent dans les Cara\u00efbes.<\/p>\n\n<h2 class=\"wp-block-heading\">Pourquoi les investisseurs rejoignent CBAN ?<\/h2>\n\n<p>CBAN s&rsquo;attache \u00e0 aider les investisseurs \u00e0 en faire plus en :<\/p>\n\n<ul class=\"wp-block-list\">\n<li>Fournir un flux de transactions accru et meilleur ;<\/li>\n\n\n\n<li>Permettre une utilisation plus efficace du temps des investisseurs ;<\/li>\n\n\n\n<li>Offrir des opportunit\u00e9s pr\u00e9s\u00e9lectionn\u00e9es ;<\/li>\n\n\n\n<li>Permettre la diversification des risques (10 petites transactions contre 1 grosse transaction) ;<\/li>\n\n\n\n<li>Fournir un acc\u00e8s \u00e0 des connaissances et \u00e0 des mod\u00e8les internationaux au niveau de l&rsquo;industrie ;<\/li>\n\n\n\n<li>Pr\u00e9senter les investisseurs de diff\u00e9rents pays les uns aux autres ;<\/li>\n\n\n\n<li>Aider les investisseurs \u00e0 former de nouveaux groupes et syndicats ;<\/li>\n\n\n\n<li>Assurer une due diligence collective \u2013 avec de multiples comp\u00e9tences et expertises dans le r\u00e9seau ;<\/li>\n\n\n\n<li>Offrir le potentiel pour des transactions transfrontali\u00e8res ;<\/li>\n\n\n\n<li>Fournir des avantages sociaux &#8211; interagir avec des personnes partageant les m\u00eames id\u00e9es ;<\/li>\n<\/ul>\n\n<h2 class=\"wp-block-heading\">Pourquoi les entrepreneurs rejoignent le CBAN ?<\/h2>\n\n<p>CBAN se concentre sur le soutien aux entrepreneurs en :<\/p>\n\n<ul class=\"wp-block-list\">\n<li>Accompagner les entreprises dans leur pr\u00e9paration pour \u00eatre plac\u00e9es sur la plateforme de visualisation par les investisseurs providentiels ;<\/li>\n\n\n\n<li>Offrir une formation sur \u00ab\u00a0Comment pitcher\u00a0\u00bb \u00e0 un investisseur providentiel<\/li>\n\n\n\n<li>Pr\u00e9senter leurs entreprises aux investisseurs providentiels accr\u00e9dit\u00e9s et aux institutions financi\u00e8res des Cara\u00efbes et de la diaspora ;<\/li>\n\n\n\n<li>Fournir un acc\u00e8s aux connaissances internationales de l&rsquo;industrie sur l&rsquo;investissement providentiel et les mod\u00e8les correspondants ;<\/li>\n\n\n\n<li>Fournir un soutien de suivi lors des n\u00e9gociations d&rsquo;accords<\/li>\n<\/ul>\n\n<div style=\"height:40px\" aria-hidden=\"true\" class=\"wp-block-spacer\"><\/div>\n\n<div class=\"wp-block-buttons is-layout-flex wp-block-buttons-is-layout-flex\">\n<div class=\"wp-block-button has-custom-font-size is-style-outline has-medium-font-size is-style-outline--2\"><a class=\"wp-block-button__link wp-element-button\" href=\"mailto:dsinanan@carib-export.com\" style=\"border-radius:0px\" target=\"_blank\" rel=\"noreferrer noopener\">Cliquez ici pour rejoindre le Caribbean Business Angel Network<\/a><\/div>\n<\/div>\n\n<p><a href=\"https:\/\/content.carib-export.com\/exporters\/funding\/angel-investing\/\">RETOUR \u00c0 LA MAISON ANGEL INVESTING<\/a><\/p>\n\n<p><a href=\"#_ftnref1\" name=\"_ftn1\">[1]<\/a> <em>Jeanne Lee, Magazine Fortune Small Business 31 mai 2006<\/em><\/p>\n\n<p class=\"has-text-align-center\">\u00a0<\/p>\n","protected":false},"excerpt":{"rendered":"<p>Alors que les anges individuels sont extr\u00eamement importants, peu d&rsquo;anges ont le temps ou les ressources financi\u00e8res pour trouver et financer enti\u00e8rement un portefeuille de 10 entreprises ou plus par eux-m\u00eames. Au lieu de cela, ils cherchent souvent \u00e0 se connecter avec d&rsquo;autres anges partageant les m\u00eames id\u00e9es pour partager le travail et mettre en [&hellip;]<\/p>\n","protected":false},"author":3,"featured_media":0,"parent":270178,"menu_order":0,"comment_status":"closed","ping_status":"closed","template":"","meta":{"_acf_changed":false,"inline_featured_image":false,"footnotes":""},"tags":[],"class_list":["post-280883","page","type-page","status-publish","hentry"],"acf":[],"yoast_head":"<!-- This site is optimized with the Yoast SEO plugin v27.1.1 - https:\/\/yoast.com\/product\/yoast-seo-wordpress\/ -->\n<title>de Pourquoi avoir un r\u00e9seau d&#039;anges ? - Exportation Cara\u00efbes<\/title>\n<meta name=\"robots\" content=\"index, follow, max-snippet:-1, max-image-preview:large, max-video-preview:-1\" \/>\n<link rel=\"canonical\" href=\"https:\/\/content.carib-export.com\/fr\/resources\/funding\/angel-investing\/why-have-an-angel-network\/\" \/>\n<meta property=\"og:locale\" content=\"fr_FR\" \/>\n<meta property=\"og:type\" content=\"article\" \/>\n<meta property=\"og:title\" content=\"de Pourquoi avoir un r\u00e9seau d&#039;anges ? - Exportation Cara\u00efbes\" \/>\n<meta property=\"og:description\" content=\"Alors que les anges individuels sont extr\u00eamement importants, peu d&rsquo;anges ont le temps ou les ressources financi\u00e8res pour trouver et financer enti\u00e8rement un portefeuille de 10 entreprises ou plus par eux-m\u00eames. Au lieu de cela, ils cherchent souvent \u00e0 se connecter avec d&rsquo;autres anges partageant les m\u00eames id\u00e9es pour partager le travail et mettre en [&hellip;]\" \/>\n<meta property=\"og:url\" content=\"https:\/\/content.carib-export.com\/fr\/resources\/funding\/angel-investing\/why-have-an-angel-network\/\" \/>\n<meta property=\"og:site_name\" content=\"Exportation Cara\u00efbes\" \/>\n<meta property=\"article:publisher\" content=\"https:\/\/www.facebook.com\/CaribbeanExport\" \/>\n<meta property=\"article:modified_time\" content=\"2025-02-06T15:40:06+00:00\" \/>\n<meta property=\"og:image\" content=\"https:\/\/content.carib-export.com\/wp-content\/uploads\/2019\/06\/CEDA-default-square.jpg\" \/>\n\t<meta property=\"og:image:width\" content=\"1000\" \/>\n\t<meta property=\"og:image:height\" content=\"1000\" \/>\n\t<meta property=\"og:image:type\" content=\"image\/jpeg\" \/>\n<meta name=\"twitter:card\" content=\"summary_large_image\" \/>\n<meta name=\"twitter:site\" content=\"@CaribXport\" \/>\n<meta name=\"twitter:label1\" content=\"Dur\u00e9e de lecture estim\u00e9e\" \/>\n\t<meta name=\"twitter:data1\" content=\"2 minutes\" \/>\n<script type=\"application\/ld+json\" class=\"yoast-schema-graph\">{\"@context\":\"https:\/\/schema.org\",\"@graph\":[{\"@type\":\"WebPage\",\"@id\":\"https:\/\/content.carib-export.com\/fr\/resources\/funding\/angel-investing\/why-have-an-angel-network\/\",\"url\":\"https:\/\/content.carib-export.com\/fr\/resources\/funding\/angel-investing\/why-have-an-angel-network\/\",\"name\":\"de Pourquoi avoir un r\u00e9seau d'anges ? - Exportation Cara\u00efbes\",\"isPartOf\":{\"@id\":\"https:\/\/content.carib-export.com\/fr\/#website\"},\"datePublished\":\"2016-06-29T19:46:36+00:00\",\"dateModified\":\"2025-02-06T15:40:06+00:00\",\"breadcrumb\":{\"@id\":\"https:\/\/content.carib-export.com\/fr\/resources\/funding\/angel-investing\/why-have-an-angel-network\/#breadcrumb\"},\"inLanguage\":\"fr-FR\",\"potentialAction\":[{\"@type\":\"ReadAction\",\"target\":[\"https:\/\/content.carib-export.com\/fr\/resources\/funding\/angel-investing\/why-have-an-angel-network\/\"]}]},{\"@type\":\"BreadcrumbList\",\"@id\":\"https:\/\/content.carib-export.com\/fr\/resources\/funding\/angel-investing\/why-have-an-angel-network\/#breadcrumb\",\"itemListElement\":[{\"@type\":\"ListItem\",\"position\":1,\"name\":\"Accueil\",\"item\":\"https:\/\/content.carib-export.com\/fr\/home\/\"},{\"@type\":\"ListItem\",\"position\":2,\"name\":\"Ressources\",\"item\":\"https:\/\/content.carib-export.com\/fr\/resources\/\"},{\"@type\":\"ListItem\",\"position\":3,\"name\":\"Subventions\",\"item\":\"https:\/\/content.carib-export.com\/fr\/resources\/funding\/\"},{\"@type\":\"ListItem\",\"position\":4,\"name\":\"Investissement providentiel\",\"item\":\"https:\/\/content.carib-export.com\/fr\/resources\/funding\/angel-investing\/\"},{\"@type\":\"ListItem\",\"position\":5,\"name\":\"Pourquoi avoir un r\u00e9seau d&rsquo;anges ?\"}]},{\"@type\":\"WebSite\",\"@id\":\"https:\/\/content.carib-export.com\/fr\/#website\",\"url\":\"https:\/\/content.carib-export.com\/fr\/\",\"name\":\"Exportation Cara\u00efbes\",\"description\":\"La seule agence r\u00e9gionale de promotion du commerce et des investissements du groupe Afrique, Cara\u00efbes et Pacifique.\",\"publisher\":{\"@id\":\"https:\/\/content.carib-export.com\/fr\/#organization\"},\"potentialAction\":[{\"@type\":\"SearchAction\",\"target\":{\"@type\":\"EntryPoint\",\"urlTemplate\":\"https:\/\/content.carib-export.com\/fr\/?s={search_term_string}\"},\"query-input\":{\"@type\":\"PropertyValueSpecification\",\"valueRequired\":true,\"valueName\":\"search_term_string\"}}],\"inLanguage\":\"fr-FR\"},{\"@type\":\"Organization\",\"@id\":\"https:\/\/content.carib-export.com\/fr\/#organization\",\"name\":\"Agence carib\u00e9enne de d\u00e9veloppement des exportations\",\"url\":\"https:\/\/content.carib-export.com\/fr\/\",\"logo\":{\"@type\":\"ImageObject\",\"inLanguage\":\"fr-FR\",\"@id\":\"https:\/\/content.carib-export.com\/fr\/#\/schema\/logo\/image\/\",\"url\":\"https:\/\/content.carib-export.com\/wp-content\/uploads\/2013\/03\/CE-Logo-2013.jpg\",\"contentUrl\":\"https:\/\/content.carib-export.com\/wp-content\/uploads\/2013\/03\/CE-Logo-2013.jpg\",\"width\":1024,\"height\":244,\"caption\":\"Agence carib\u00e9enne de d\u00e9veloppement des exportations\"},\"image\":{\"@id\":\"https:\/\/content.carib-export.com\/fr\/#\/schema\/logo\/image\/\"},\"sameAs\":[\"https:\/\/www.facebook.com\/CaribbeanExport\",\"https:\/\/x.com\/CaribXport\",\"https:\/\/www.instagram.com\/caribbeanexport\",\"https:\/\/www.linkedin.com\/company\/caribbeanexport\",\"https:\/\/www.youtube.com\/user\/TheCaribbeanExport\"]}]}<\/script>\n<!-- \/ Yoast SEO plugin. -->","yoast_head_json":{"title":"de Pourquoi avoir un r\u00e9seau d'anges ? - Exportation Cara\u00efbes","robots":{"index":"index","follow":"follow","max-snippet":"max-snippet:-1","max-image-preview":"max-image-preview:large","max-video-preview":"max-video-preview:-1"},"canonical":"https:\/\/content.carib-export.com\/fr\/resources\/funding\/angel-investing\/why-have-an-angel-network\/","og_locale":"fr_FR","og_type":"article","og_title":"de Pourquoi avoir un r\u00e9seau d'anges ? - Exportation Cara\u00efbes","og_description":"Alors que les anges individuels sont extr\u00eamement importants, peu d&rsquo;anges ont le temps ou les ressources financi\u00e8res pour trouver et financer enti\u00e8rement un portefeuille de 10 entreprises ou plus par eux-m\u00eames. Au lieu de cela, ils cherchent souvent \u00e0 se connecter avec d&rsquo;autres anges partageant les m\u00eames id\u00e9es pour partager le travail et mettre en [&hellip;]","og_url":"https:\/\/content.carib-export.com\/fr\/resources\/funding\/angel-investing\/why-have-an-angel-network\/","og_site_name":"Exportation Cara\u00efbes","article_publisher":"https:\/\/www.facebook.com\/CaribbeanExport","article_modified_time":"2025-02-06T15:40:06+00:00","og_image":[{"width":1000,"height":1000,"url":"https:\/\/content.carib-export.com\/wp-content\/uploads\/2019\/06\/CEDA-default-square.jpg","type":"image\/jpeg"}],"twitter_card":"summary_large_image","twitter_site":"@CaribXport","twitter_misc":{"Dur\u00e9e de lecture estim\u00e9e":"2 minutes"},"schema":{"@context":"https:\/\/schema.org","@graph":[{"@type":"WebPage","@id":"https:\/\/content.carib-export.com\/fr\/resources\/funding\/angel-investing\/why-have-an-angel-network\/","url":"https:\/\/content.carib-export.com\/fr\/resources\/funding\/angel-investing\/why-have-an-angel-network\/","name":"de Pourquoi avoir un r\u00e9seau d'anges ? - Exportation Cara\u00efbes","isPartOf":{"@id":"https:\/\/content.carib-export.com\/fr\/#website"},"datePublished":"2016-06-29T19:46:36+00:00","dateModified":"2025-02-06T15:40:06+00:00","breadcrumb":{"@id":"https:\/\/content.carib-export.com\/fr\/resources\/funding\/angel-investing\/why-have-an-angel-network\/#breadcrumb"},"inLanguage":"fr-FR","potentialAction":[{"@type":"ReadAction","target":["https:\/\/content.carib-export.com\/fr\/resources\/funding\/angel-investing\/why-have-an-angel-network\/"]}]},{"@type":"BreadcrumbList","@id":"https:\/\/content.carib-export.com\/fr\/resources\/funding\/angel-investing\/why-have-an-angel-network\/#breadcrumb","itemListElement":[{"@type":"ListItem","position":1,"name":"Accueil","item":"https:\/\/content.carib-export.com\/fr\/home\/"},{"@type":"ListItem","position":2,"name":"Ressources","item":"https:\/\/content.carib-export.com\/fr\/resources\/"},{"@type":"ListItem","position":3,"name":"Subventions","item":"https:\/\/content.carib-export.com\/fr\/resources\/funding\/"},{"@type":"ListItem","position":4,"name":"Investissement providentiel","item":"https:\/\/content.carib-export.com\/fr\/resources\/funding\/angel-investing\/"},{"@type":"ListItem","position":5,"name":"Pourquoi avoir un r\u00e9seau d&rsquo;anges ?"}]},{"@type":"WebSite","@id":"https:\/\/content.carib-export.com\/fr\/#website","url":"https:\/\/content.carib-export.com\/fr\/","name":"Exportation Cara\u00efbes","description":"La seule agence r\u00e9gionale de promotion du commerce et des investissements du groupe Afrique, Cara\u00efbes et Pacifique.","publisher":{"@id":"https:\/\/content.carib-export.com\/fr\/#organization"},"potentialAction":[{"@type":"SearchAction","target":{"@type":"EntryPoint","urlTemplate":"https:\/\/content.carib-export.com\/fr\/?s={search_term_string}"},"query-input":{"@type":"PropertyValueSpecification","valueRequired":true,"valueName":"search_term_string"}}],"inLanguage":"fr-FR"},{"@type":"Organization","@id":"https:\/\/content.carib-export.com\/fr\/#organization","name":"Agence carib\u00e9enne de d\u00e9veloppement des exportations","url":"https:\/\/content.carib-export.com\/fr\/","logo":{"@type":"ImageObject","inLanguage":"fr-FR","@id":"https:\/\/content.carib-export.com\/fr\/#\/schema\/logo\/image\/","url":"https:\/\/content.carib-export.com\/wp-content\/uploads\/2013\/03\/CE-Logo-2013.jpg","contentUrl":"https:\/\/content.carib-export.com\/wp-content\/uploads\/2013\/03\/CE-Logo-2013.jpg","width":1024,"height":244,"caption":"Agence carib\u00e9enne de d\u00e9veloppement des exportations"},"image":{"@id":"https:\/\/content.carib-export.com\/fr\/#\/schema\/logo\/image\/"},"sameAs":["https:\/\/www.facebook.com\/CaribbeanExport","https:\/\/x.com\/CaribXport","https:\/\/www.instagram.com\/caribbeanexport","https:\/\/www.linkedin.com\/company\/caribbeanexport","https:\/\/www.youtube.com\/user\/TheCaribbeanExport"]}]}},"_links":{"self":[{"href":"https:\/\/content.carib-export.com\/fr\/wp-json\/wp\/v2\/pages\/280883","targetHints":{"allow":["GET"]}}],"collection":[{"href":"https:\/\/content.carib-export.com\/fr\/wp-json\/wp\/v2\/pages"}],"about":[{"href":"https:\/\/content.carib-export.com\/fr\/wp-json\/wp\/v2\/types\/page"}],"author":[{"embeddable":true,"href":"https:\/\/content.carib-export.com\/fr\/wp-json\/wp\/v2\/users\/3"}],"replies":[{"embeddable":true,"href":"https:\/\/content.carib-export.com\/fr\/wp-json\/wp\/v2\/comments?post=280883"}],"version-history":[{"count":0,"href":"https:\/\/content.carib-export.com\/fr\/wp-json\/wp\/v2\/pages\/280883\/revisions"}],"up":[{"embeddable":true,"href":"https:\/\/content.carib-export.com\/fr\/wp-json\/wp\/v2\/pages\/270178"}],"wp:attachment":[{"href":"https:\/\/content.carib-export.com\/fr\/wp-json\/wp\/v2\/media?parent=280883"}],"wp:term":[{"taxonomy":"post_tag","embeddable":true,"href":"https:\/\/content.carib-export.com\/fr\/wp-json\/wp\/v2\/tags?post=280883"}],"curies":[{"name":"wp","href":"https:\/\/api.w.org\/{rel}","templated":true}]}}