{"id":283794,"date":"2022-04-02T11:07:36","date_gmt":"2022-04-02T15:07:36","guid":{"rendered":"https:\/\/content.carib-export.com\/about\/who-we-are\/"},"modified":"2025-02-17T07:58:01","modified_gmt":"2025-02-17T11:58:01","slug":"who-we-are","status":"publish","type":"page","link":"https:\/\/content.carib-export.com\/fr\/about\/who-we-are\/","title":{"rendered":"Qui nous sommes"},"content":{"rendered":"\n<p>Caribbean Export est l&rsquo;agence r\u00e9gionale de promotion du commerce et des investissements ax\u00e9e sur la construction d&rsquo;une Cara\u00efbe r\u00e9siliente en fournissant un soutien de pointe et \u00e0 fort impact au secteur priv\u00e9. En travaillant en \u00e9troite collaboration avec les entreprises pour accro\u00eetre les exportations et attirer les investissements, nous contribuons \u00e0 la cr\u00e9ation d&#8217;emplois, \u00e0 la transformation de nos \u00e9conomies et aidons les Cara\u00efbes \u00e0 atteindre les objectifs de d\u00e9veloppement durable.<\/p>\n","protected":false},"excerpt":{"rendered":"<p>Nous mettons en \u0153uvre une gamme d&rsquo;initiatives innovantes et cibl\u00e9es con\u00e7ues pour faciliter l&rsquo;expansion des entreprises des Cara\u00efbes aux niveaux national, r\u00e9gional et international sur des march\u00e9s \u00e0 forte valeur tout en profitant d&rsquo;un acc\u00e8s sp\u00e9cial au march\u00e9. Nous aidons les entreprises qui ont un potentiel d&rsquo;exportation ou qui exportent d\u00e9j\u00e0 \u00e0 accro\u00eetre leur capacit\u00e9 et leur comp\u00e9titivit\u00e9, \u00e0 augmenter leurs recettes d&rsquo;exportation et \u00e0 cr\u00e9er de pr\u00e9cieux emplois.<\/p>\n","protected":false},"author":9,"featured_media":0,"parent":255382,"menu_order":0,"comment_status":"closed","ping_status":"closed","template":"","meta":{"_acf_changed":false,"inline_featured_image":false,"footnotes":""},"tags":[],"class_list":["post-283794","page","type-page","status-publish","hentry"],"acf":[],"yoast_head":"<!-- This site is optimized with the Yoast SEO plugin v27.1.1 - https:\/\/yoast.com\/product\/yoast-seo-wordpress\/ -->\n<title>60<\/title>\n<meta name=\"description\" content=\"false\" \/>\n<meta name=\"robots\" content=\"index, follow, max-snippet:-1, max-image-preview:large, max-video-preview:-1\" \/>\n<link rel=\"canonical\" href=\"https:\/\/content.carib-export.com\/fr\/about\/who-we-are\/\" \/>\n<meta property=\"og:locale\" content=\"fr_FR\" \/>\n<meta property=\"og:type\" content=\"article\" \/>\n<meta property=\"og:title\" content=\"60\" \/>\n<meta property=\"og:description\" content=\"false\" \/>\n<meta property=\"og:url\" content=\"https:\/\/content.carib-export.com\/fr\/about\/who-we-are\/\" \/>\n<meta property=\"og:site_name\" content=\"Exportation Cara\u00efbes\" \/>\n<meta property=\"article:publisher\" content=\"https:\/\/www.facebook.com\/CaribbeanExport\" \/>\n<meta property=\"article:modified_time\" content=\"2025-02-17T11:58:01+00:00\" \/>\n<meta property=\"og:image\" content=\"http:\/\/Who%20We%20Are\" \/>\n<meta name=\"twitter:card\" content=\"summary_large_image\" \/>\n<meta name=\"twitter:site\" content=\"@CaribXport\" \/>\n<script type=\"application\/ld+json\" class=\"yoast-schema-graph\">{\"@context\":\"https:\/\/schema.org\",\"@graph\":[{\"@type\":\"WebPage\",\"@id\":\"https:\/\/content.carib-export.com\/fr\/about\/who-we-are\/\",\"url\":\"https:\/\/content.carib-export.com\/fr\/about\/who-we-are\/\",\"name\":\"60\",\"isPartOf\":{\"@id\":\"https:\/\/content.carib-export.com\/fr\/#website\"},\"datePublished\":\"2022-04-02T15:07:36+00:00\",\"dateModified\":\"2025-02-17T11:58:01+00:00\",\"description\":\"false\",\"breadcrumb\":{\"@id\":\"https:\/\/content.carib-export.com\/fr\/about\/who-we-are\/#breadcrumb\"},\"inLanguage\":\"fr-FR\",\"potentialAction\":[{\"@type\":\"ReadAction\",\"target\":[\"https:\/\/content.carib-export.com\/fr\/about\/who-we-are\/\"]}]},{\"@type\":\"BreadcrumbList\",\"@id\":\"https:\/\/content.carib-export.com\/fr\/about\/who-we-are\/#breadcrumb\",\"itemListElement\":[{\"@type\":\"ListItem\",\"position\":1,\"name\":\"Accueil\",\"item\":\"https:\/\/content.carib-export.com\/fr\/home\/\"},{\"@type\":\"ListItem\",\"position\":2,\"name\":\"Sur\",\"item\":\"https:\/\/content.carib-export.com\/fr\/about\/\"},{\"@type\":\"ListItem\",\"position\":3,\"name\":\"Qui nous sommes\"}]},{\"@type\":\"WebSite\",\"@id\":\"https:\/\/content.carib-export.com\/fr\/#website\",\"url\":\"https:\/\/content.carib-export.com\/fr\/\",\"name\":\"Exportation Cara\u00efbes\",\"description\":\"La seule agence r\u00e9gionale de promotion du commerce et des investissements du groupe Afrique, Cara\u00efbes et Pacifique.\",\"publisher\":{\"@id\":\"https:\/\/content.carib-export.com\/fr\/#organization\"},\"potentialAction\":[{\"@type\":\"SearchAction\",\"target\":{\"@type\":\"EntryPoint\",\"urlTemplate\":\"https:\/\/content.carib-export.com\/fr\/?s={search_term_string}\"},\"query-input\":{\"@type\":\"PropertyValueSpecification\",\"valueRequired\":true,\"valueName\":\"search_term_string\"}}],\"inLanguage\":\"fr-FR\"},{\"@type\":\"Organization\",\"@id\":\"https:\/\/content.carib-export.com\/fr\/#organization\",\"name\":\"Agence carib\u00e9enne de d\u00e9veloppement des exportations\",\"url\":\"https:\/\/content.carib-export.com\/fr\/\",\"logo\":{\"@type\":\"ImageObject\",\"inLanguage\":\"fr-FR\",\"@id\":\"https:\/\/content.carib-export.com\/fr\/#\/schema\/logo\/image\/\",\"url\":\"https:\/\/content.carib-export.com\/wp-content\/uploads\/2013\/03\/CE-Logo-2013.jpg\",\"contentUrl\":\"https:\/\/content.carib-export.com\/wp-content\/uploads\/2013\/03\/CE-Logo-2013.jpg\",\"width\":1024,\"height\":244,\"caption\":\"Agence carib\u00e9enne de d\u00e9veloppement des exportations\"},\"image\":{\"@id\":\"https:\/\/content.carib-export.com\/fr\/#\/schema\/logo\/image\/\"},\"sameAs\":[\"https:\/\/www.facebook.com\/CaribbeanExport\",\"https:\/\/x.com\/CaribXport\",\"https:\/\/www.instagram.com\/caribbeanexport\",\"https:\/\/www.linkedin.com\/company\/caribbeanexport\",\"https:\/\/www.youtube.com\/user\/TheCaribbeanExport\"]}]}<\/script>\n<!-- \/ Yoast SEO plugin. -->","yoast_head_json":{"title":"60","description":"false","robots":{"index":"index","follow":"follow","max-snippet":"max-snippet:-1","max-image-preview":"max-image-preview:large","max-video-preview":"max-video-preview:-1"},"canonical":"https:\/\/content.carib-export.com\/fr\/about\/who-we-are\/","og_locale":"fr_FR","og_type":"article","og_title":"60","og_description":"false","og_url":"https:\/\/content.carib-export.com\/fr\/about\/who-we-are\/","og_site_name":"Exportation Cara\u00efbes","article_publisher":"https:\/\/www.facebook.com\/CaribbeanExport","article_modified_time":"2025-02-17T11:58:01+00:00","og_image":[{"url":"Who We Are","type":"","width":"","height":""}],"twitter_card":"summary_large_image","twitter_site":"@CaribXport","schema":{"@context":"https:\/\/schema.org","@graph":[{"@type":"WebPage","@id":"https:\/\/content.carib-export.com\/fr\/about\/who-we-are\/","url":"https:\/\/content.carib-export.com\/fr\/about\/who-we-are\/","name":"60","isPartOf":{"@id":"https:\/\/content.carib-export.com\/fr\/#website"},"datePublished":"2022-04-02T15:07:36+00:00","dateModified":"2025-02-17T11:58:01+00:00","description":"false","breadcrumb":{"@id":"https:\/\/content.carib-export.com\/fr\/about\/who-we-are\/#breadcrumb"},"inLanguage":"fr-FR","potentialAction":[{"@type":"ReadAction","target":["https:\/\/content.carib-export.com\/fr\/about\/who-we-are\/"]}]},{"@type":"BreadcrumbList","@id":"https:\/\/content.carib-export.com\/fr\/about\/who-we-are\/#breadcrumb","itemListElement":[{"@type":"ListItem","position":1,"name":"Accueil","item":"https:\/\/content.carib-export.com\/fr\/home\/"},{"@type":"ListItem","position":2,"name":"Sur","item":"https:\/\/content.carib-export.com\/fr\/about\/"},{"@type":"ListItem","position":3,"name":"Qui nous sommes"}]},{"@type":"WebSite","@id":"https:\/\/content.carib-export.com\/fr\/#website","url":"https:\/\/content.carib-export.com\/fr\/","name":"Exportation Cara\u00efbes","description":"La seule agence r\u00e9gionale de promotion du commerce et des investissements du groupe Afrique, Cara\u00efbes et Pacifique.","publisher":{"@id":"https:\/\/content.carib-export.com\/fr\/#organization"},"potentialAction":[{"@type":"SearchAction","target":{"@type":"EntryPoint","urlTemplate":"https:\/\/content.carib-export.com\/fr\/?s={search_term_string}"},"query-input":{"@type":"PropertyValueSpecification","valueRequired":true,"valueName":"search_term_string"}}],"inLanguage":"fr-FR"},{"@type":"Organization","@id":"https:\/\/content.carib-export.com\/fr\/#organization","name":"Agence carib\u00e9enne de d\u00e9veloppement des exportations","url":"https:\/\/content.carib-export.com\/fr\/","logo":{"@type":"ImageObject","inLanguage":"fr-FR","@id":"https:\/\/content.carib-export.com\/fr\/#\/schema\/logo\/image\/","url":"https:\/\/content.carib-export.com\/wp-content\/uploads\/2013\/03\/CE-Logo-2013.jpg","contentUrl":"https:\/\/content.carib-export.com\/wp-content\/uploads\/2013\/03\/CE-Logo-2013.jpg","width":1024,"height":244,"caption":"Agence carib\u00e9enne de d\u00e9veloppement des exportations"},"image":{"@id":"https:\/\/content.carib-export.com\/fr\/#\/schema\/logo\/image\/"},"sameAs":["https:\/\/www.facebook.com\/CaribbeanExport","https:\/\/x.com\/CaribXport","https:\/\/www.instagram.com\/caribbeanexport","https:\/\/www.linkedin.com\/company\/caribbeanexport","https:\/\/www.youtube.com\/user\/TheCaribbeanExport"]}]}},"_links":{"self":[{"href":"https:\/\/content.carib-export.com\/fr\/wp-json\/wp\/v2\/pages\/283794","targetHints":{"allow":["GET"]}}],"collection":[{"href":"https:\/\/content.carib-export.com\/fr\/wp-json\/wp\/v2\/pages"}],"about":[{"href":"https:\/\/content.carib-export.com\/fr\/wp-json\/wp\/v2\/types\/page"}],"author":[{"embeddable":true,"href":"https:\/\/content.carib-export.com\/fr\/wp-json\/wp\/v2\/users\/9"}],"replies":[{"embeddable":true,"href":"https:\/\/content.carib-export.com\/fr\/wp-json\/wp\/v2\/comments?post=283794"}],"version-history":[{"count":0,"href":"https:\/\/content.carib-export.com\/fr\/wp-json\/wp\/v2\/pages\/283794\/revisions"}],"up":[{"embeddable":true,"href":"https:\/\/content.carib-export.com\/fr\/wp-json\/wp\/v2\/pages\/255382"}],"wp:attachment":[{"href":"https:\/\/content.carib-export.com\/fr\/wp-json\/wp\/v2\/media?parent=283794"}],"wp:term":[{"taxonomy":"post_tag","embeddable":true,"href":"https:\/\/content.carib-export.com\/fr\/wp-json\/wp\/v2\/tags?post=283794"}],"curies":[{"name":"wp","href":"https:\/\/api.w.org\/{rel}","templated":true}]}}