{"id":299105,"date":"2009-06-25T18:38:34","date_gmt":"2009-06-25T22:38:34","guid":{"rendered":"https:\/\/content.carib-export.com\/terms-of-use\/"},"modified":"2025-02-04T20:22:14","modified_gmt":"2025-02-05T00:22:14","slug":"terms-of-use","status":"publish","type":"page","link":"https:\/\/content.carib-export.com\/fr\/terms-of-use\/","title":{"rendered":"Conditions d&rsquo;utilisation"},"content":{"rendered":"\n<p>VEUILLEZ LIRE ATTENTIVEMENT CES CONDITIONS D&rsquo;UTILISATION. CES CONDITIONS G\u00c9N\u00c9RALES PEUVENT AVOIR CHANG\u00c9 DEPUIS VOTRE DERNI\u00c8RE VISITE SUR CE SITE. EN UTILISANT CE SITE, VOUS INDIQUEZ VOTRE ACCEPTATION DE CES TERMES ET CONDITIONS. SI VOUS N&rsquo;ACCEPTEZ PAS CES TERMES ET CONDITIONS, ALORS N&rsquo;UTILISEZ PAS CE SITE.<\/p>\n\n<p><a href=\"#TERMS\">TERMES ET CONDITIONS<\/a><br\/><a href=\"#USERS\">UTILISATEURS\/PARTICIPANTS<\/a><br\/><a href=\"#COOKIES\">BISCUITS<\/a><br\/><a href=\"#TRADEMARKS\">MARQUES COMMERCIALES, DROITS D&rsquo;AUTEUR ET RESTRICTIONS<\/a><br\/><a href=\"#LINKS\">LIENS<\/a><br\/><a href=\"#PRIVACY\">PROBL\u00c8MES DE CONFIDENTIALIT\u00c9<\/a><br\/><a href=\"#DISCLAIMERS\">AVIS DE NON-RESPONSABILIT\u00c9 ET INDEMNIT\u00c9S<\/a><br\/><a href=\"#LIMITATIONS\">LIMITATION DE RESPONSABILIT\u00c9<\/a><br\/><a href=\"#TERMINATION\">R\u00c9SILIATION<\/a><br\/><a href=\"#JURISDICTION\">JURIDICTION<\/a><br\/><a href=\"#COMMENTS\">COMMENTAIRES, PLAINTES ET QUESTIONS<\/a><\/p>\n\n<p id=\"TERMS\"><br\/><strong>CONDITIONS D<\/strong>&lsquo;UTILISATION<br\/>Le site web de Caribbean Export Interactive (\u00ab\u00a0l&rsquo;entreprise\u00a0\u00bb) est actuellement mis gratuitement \u00e0 la disposition des utilisateurs qui acceptent de se conformer aux conditions d&rsquo;utilisation du pr\u00e9sent accord. La soci\u00e9t\u00e9 se r\u00e9serve le droit de modifier la nature de cette relation \u00e0 tout moment et de r\u00e9viser ces directives et conditions g\u00e9n\u00e9rales de temps \u00e0 autre comme la soci\u00e9t\u00e9 le juge appropri\u00e9. Les utilisateurs qui enfreignent les termes du pr\u00e9sent accord verront leur acc\u00e8s annul\u00e9 et ils pourront \u00eatre d\u00e9finitivement interdits d&rsquo;utiliser le site et tous les services interactifs.<\/p>\n\n<p>Les utilisateurs doivent v\u00e9rifier ces termes et conditions p\u00e9riodiquement. En utilisant le Site apr\u00e8s que nous ayons publi\u00e9 des modifications \u00e0 ces Termes et Conditions, vous vous engagez \u00e0 accepter ces modifications, que vous les ayez r\u00e9ellement examin\u00e9es ou non.<\/p>\n\n<p>L&rsquo;entr\u00e9e sur le Site constituera votre acceptation de ces Termes et Conditions. Si vous n&rsquo;acceptez pas de respecter ces conditions, veuillez ne pas entrer sur le site.<\/p>\n\n<p><a href=\"#Top\">retour au sommet<\/a><\/p>\n\n<p id=\"USERS\"><a><\/a><strong>UTILISATEURS\/PARTICIPANTS<\/strong><br\/>Nous ne pratiquons aucune discrimination fond\u00e9e sur l&rsquo;\u00e2ge, la race, l&rsquo;origine nationale, le sexe, l&rsquo;orientation sexuelle ou la religion.<br\/>Aucune personne \u00e2g\u00e9e de moins de 13 ans ne doit utiliser le site sans le consentement de ses parents ou de son tuteur l\u00e9gal. Nous encourageons fortement tous les parents et tuteurs \u00e0 surveiller l&rsquo;utilisation d&rsquo;Internet par leurs enfants. L&rsquo;utilisation du Site par tout utilisateur sera consid\u00e9r\u00e9e comme une repr\u00e9sentation que l&rsquo;utilisateur est \u00e2g\u00e9 de 13 ans ou plus.<\/p>\n\n<p><a href=\"#Top\">retour au sommet<\/a><\/p>\n\n<p id=\"COOKIES\"><a><\/a><strong>COOKIES<\/strong><br\/>Les \u00ab\u00a0cookies\u00a0\u00bb sont de petits fichiers de donn\u00e9es crypt\u00e9es (contenant des r\u00e9f\u00e9rences aux informations d&rsquo;identification de l&rsquo;utilisateur fournies par ce dernier et stock\u00e9es sur notre serveur s\u00e9curis\u00e9) qui peuvent s&rsquo;inscrire sur votre disque dur une fois que vous avez acc\u00e9d\u00e9 \u00e0 un site. La soci\u00e9t\u00e9 utilise des cookies pour am\u00e9liorer votre exp\u00e9rience utilisateur avec nous.<\/p>\n\n<p><a href=\"#Top\">retour au sommet<\/a><\/p>\n\n<p id=\"TRADEMARKS\"><a><\/a><strong>MARQUES DE COMMERCE, DROITS D&rsquo;AUTEUR ET RESTRICTIONS<\/strong><br\/>Ce site et tous les \u00e9l\u00e9ments qu&rsquo;il contient, y compris, mais sans s&rsquo;y limiter, les images, les illustrations, les messages, les clips audio et vid\u00e9o (les \u00ab\u00a0\u00e9l\u00e9ments\u00a0\u00bb) sont la propri\u00e9t\u00e9 de la Soci\u00e9t\u00e9, de ses filiales et de ses conc\u00e9dants de licence et sont prot\u00e9g\u00e9s contre la copie et la diffusion non autoris\u00e9es par les droits d&rsquo;auteur d\u00e9tenus ou conc\u00e9d\u00e9s par la Soci\u00e9t\u00e9 et par la l\u00e9gislation sur les droits d&rsquo;auteur, la l\u00e9gislation sur les marques de commerce, les conventions internationales et d&rsquo;autres lois sur la propri\u00e9t\u00e9 intellectuelle. Vous ne pouvez pas reproduire, ex\u00e9cuter, cr\u00e9er des \u0153uvres d\u00e9riv\u00e9es \u00e0 partir de, republier, t\u00e9l\u00e9charger, publier, transmettre ou distribuer de quelque mani\u00e8re que ce soit tout mat\u00e9riel de <a href=\"https:\/\/www.carib-export.com\/\">Caribbean Export<\/a> ou de tout autre site Web d\u00e9tenu ou exploit\u00e9 par la soci\u00e9t\u00e9 sans l&rsquo;autorisation \u00e9crite pr\u00e9alable de la soci\u00e9t\u00e9. . Cependant, vous pouvez t\u00e9l\u00e9charger ou faire une copie des Mat\u00e9riels et autres \u00e9l\u00e9ments t\u00e9l\u00e9chargeables affich\u00e9s sur le Site, \u00e0 condition qu&rsquo;ils ne soient pas utilis\u00e9s \u00e0 des fins commerciales, distribu\u00e9s \u00e0 des tiers ou propos\u00e9s \u00e0 la vente \u00e0 des tiers, et \u00e0 condition en outre que tous les droits d&rsquo;auteur et autres avis contenus dans les Mat\u00e9riels sont laiss\u00e9s intacts. Toute modification du Mat\u00e9riel, ou de toute partie de celui-ci, ou l&rsquo;utilisation du Mat\u00e9riel \u00e0 toute autre fin constitue une violation des droits d&rsquo;auteur et autres droits de propri\u00e9t\u00e9 de la Soci\u00e9t\u00e9. L&rsquo;utilisation de ce mat\u00e9riel sur tout autre site web ou dans tout autre environnement informatique en r\u00e9seau est interdite sans l&rsquo;autorisation \u00e9crite pr\u00e9alable de la Soci\u00e9t\u00e9.<br\/>Aucun \u00e9l\u00e9ment contenu dans ce site ne doit \u00eatre interpr\u00e9t\u00e9 comme accordant, par implication, pr\u00e9clusion ou autre, une licence ou un droit d&rsquo;utilisation de ce site ou de toute information affich\u00e9e sur ce site, par le biais de l&rsquo;utilisation du cadrage ou autre, \u00e0 l&rsquo;exception de : (a) comme express\u00e9ment autoris\u00e9 par les pr\u00e9sentes conditions g\u00e9n\u00e9rales ; ou (b) avec l&rsquo;autorisation \u00e9crite pr\u00e9alable de la Soci\u00e9t\u00e9 ou d&rsquo;un tiers qui peut d\u00e9tenir la marque ou le droit d&rsquo;auteur des informations affich\u00e9es sur ce Site.<\/p>\n\n<p><a href=\"#Top\">retour au sommet<\/a><\/p>\n\n<p id=\"LINKS\"><strong>LIENS<\/strong><br\/>La Soci\u00e9t\u00e9 n&rsquo;est pas responsable du contenu des sites qui peuvent \u00eatre li\u00e9s \u00e0 ou \u00e0 partir de <a href=\"https:\/\/www.carib-export.com\/\">Caribbean Export<\/a>, ou de tout tableau d&rsquo;affichage associ\u00e9 \u00e0 la Soci\u00e9t\u00e9. Ces liens sont fournis uniquement pour votre commodit\u00e9 et vous y acc\u00e9dez \u00e0 vos risques et p\u00e9rils. Tout autre site Web accessible \u00e0 partir de ce Site est ind\u00e9pendant de la Soci\u00e9t\u00e9, et la Soci\u00e9t\u00e9 n&rsquo;a aucun contr\u00f4le sur le contenu de cet autre site Web. En outre, un lien vers un autre site Web n&rsquo;implique pas que la Soci\u00e9t\u00e9 approuve ou accepte la responsabilit\u00e9 du contenu ou de l&rsquo;utilisation de cet autre site Web.<br\/>En aucun cas une r\u00e9f\u00e9rence \u00e0 un tiers ou \u00e0 un produit ou service tiers ne peut \u00eatre interpr\u00e9t\u00e9e comme une approbation ou un soutien par la Soci\u00e9t\u00e9 de ce tiers ou de tout produit ou service fourni par un tiers.<\/p>\n\n<p><a href=\"#Top\">retour au sommet<\/a><\/p>\n\n<p id=\"PRIVACY\"><a><\/a><strong>QUESTIONS DE CONFIDENTIALIT\u00c9<\/strong><br\/>L&rsquo;entreprise se pr\u00e9occupe des questions de confidentialit\u00e9 pour ses clients. Veuillez consulter notre politique de confidentialit\u00e9.<\/p>\n\n<p><a href=\"#Top\">retour au sommet<\/a><\/p>\n\n<p id=\"DISCLAIMERS\"><a><\/a><strong>D\u00c9NONCIATIONS ET INDEMNIT\u00c9<\/strong><br\/>En utilisant le site et\/ou en publiant du mat\u00e9riel, vous acceptez d&rsquo;indemniser la Soci\u00e9t\u00e9, ses dirigeants, administrateurs, employ\u00e9s, successeurs, agents, distributeurs et affili\u00e9s pour toute r\u00e9clamation, tout dommage, toute perte et toute cause d&rsquo;action (y compris les honoraires d&rsquo;avocat) d\u00e9coulant de ou li\u00e9s \u00e0 votre violation ou violation pr\u00e9sum\u00e9e du pr\u00e9sent accord (y compris, sans s&rsquo;y limiter, les r\u00e9clamations faites par des tiers pour violation des droits de propri\u00e9t\u00e9 intellectuelle), ou pour tout contenu fourni par vous (ou par l&rsquo;interm\u00e9diaire de votre identifiant et\/ou de votre mot de passe). Vous acceptez de coop\u00e9rer aussi pleinement que raisonnablement n\u00e9cessaire \u00e0 la d\u00e9fense de toute r\u00e9clamation. La Soci\u00e9t\u00e9 se r\u00e9serve le droit d&rsquo;assumer la d\u00e9fense et le contr\u00f4le exclusifs de toute question faisant l&rsquo;objet d&rsquo;une indemnisation de votre part.<br\/>Les informations contenues dans le pr\u00e9sent site sont fournies \u00e0 titre d&rsquo;orientation g\u00e9n\u00e9rale sur des sujets s\u00e9lectionn\u00e9s par la Soci\u00e9t\u00e9. Ces informations sont fournies \u00e0 l&rsquo;aveugle, sans aucune connaissance de votre secteur d&rsquo;activit\u00e9, de votre identit\u00e9 ou de circonstances sp\u00e9cifiques. L&rsquo;application et l&rsquo;impact des lois pertinentes varieront d&rsquo;une juridiction \u00e0 l&rsquo;autre. Il peut \u00e9galement y avoir des retards, des omissions ou des inexactitudes dans les informations contenues dans ce site. Les informations sur ce site sont fournies avec la compr\u00e9hension que la soci\u00e9t\u00e9 et divers auteurs et \u00e9diteurs fournissant ces informations ne sont pas engag\u00e9s, et que la fourniture de ces informations ne constitue pas la prestation de conseils ou de services juridiques, comptables, fiscaux, professionnels ou autres. . En tant que telles, les informations sur ce site ne doivent pas \u00eatre invoqu\u00e9es ou utilis\u00e9es comme substitut \u00e0 une consultation directe avec des conseillers professionnels.<\/p>\n\n<p>CE SITE CONTIENT DES FAITS, DES POINTS DE VUE, DES OPINIONS, DES D\u00c9CLARATIONS ET DES RECOMMANDATIONS D&rsquo;INDIVIDUELS ET D&rsquo;ORGANISATIONS TIERS. AUCUN D&rsquo;EUX NI Caribbean Export INTEACTIVE (ET SES ENTIT\u00c9S AFFILI\u00c9ES, ENSEMBLE \u00ab\u00a0LA SOCI\u00c9T\u00c9\u00a0\u00bb) NE REPR\u00c9SENTENT OU N&rsquo;APPROUVENT L&rsquo;EXACTITUDE, L&rsquo;ACTUALIT\u00c9 OU LA FIABILIT\u00c9 DE TOUT CONSEIL, OPINION, D\u00c9CLARATION OU AUTRE INFORMATION AFFICH\u00c9E, T\u00c9L\u00c9CHARG\u00c9E OU DISTRIBU\u00c9E PAR L&rsquo;INTERM\u00c9DIAIRE DU SITE. VOUS RECONNAISSEZ QUE TOUTE CONFIANCE \u00c0 UN TEL AVIS, AVIS, D\u00c9CLARATION OU INFORMATION SERA \u00c0 VOS PROPRES RISQUES. LE MAT\u00c9RIEL SUR CE SITE SONT TRANSMIS ET DISTRIBU\u00c9S \u00ab\u00a0TELS QUELS\u00a0\u00bb ET APPARAISSENT SUR LE SITE SANS GARANTIES EXPRESSES OU IMPLICITES D&rsquo;AUCUNE SORTE, Y COMPRIS, MAIS SANS S&rsquo;Y LIMITER, LES GARANTIES DE TITRE, LES GARANTIES IMPLICITES DE QUALIT\u00c9 MARCHANDE OU D&rsquo;AD\u00c9QUATION \u00c0 UN USAGE PARTICULIER. IL N&rsquo;Y A AUCUNE GARANTIE QUANT \u00c0 LA QUALIT\u00c9, L&rsquo;EXACTITUDE, L&rsquo;EXHAUSTIVIT\u00c9 ET LA VALIDIT\u00c9 DE TOUT MAT\u00c9RIEL SUR LE SITE WEB, ET AUCUNE GARANTIE QUE LES FONCTIONS CONTENUES SUR LE SITE WEB SERONT ININTERROMPUES OU SANS ERREUR, OU QUE LES D\u00c9FAUTS SERONT CORRIG\u00c9S.<\/p>\n\n<p>Lorsque la loi applicable ne permet pas l&rsquo;exclusion des garanties implicites, les exclusions pr\u00e9c\u00e9dentes peuvent ne pas s&rsquo;appliquer \u00e0 vous. Cette clause de non-responsabilit\u00e9 s&rsquo;applique \u00e0 tous les contenus, marchandises et services disponibles sur ce site.<\/p>\n\n<p><a href=\"#Top\">retour au sommet<\/a><\/p>\n\n<p id=\"LIMITATION\"><a><\/a><strong>LIMITATION DE RESPONSABILIT\u00c9<\/strong><br\/>NI LA SOCI\u00c9T\u00c9, NI SES DIRIGEANTS, ADMINISTRATEURS, EMPLOY\u00c9S, AGENTS, SUCCESSEURS, FILIALES, DISTRIBUTEURS, AFFILI\u00c9S OU TIERS FOURNISSANT DES INFORMATIONS SUR CE SITE NE SONT RESPONSABLES DES DOMMAGES SP\u00c9CIAUX, ACCESSOIRES, CONS\u00c9CUTIFS, PUNITIFS OU AUTRES DOMMAGES INDIRECTS R\u00c9SULTANT DE L&rsquo;UTILISATION OU DE L&rsquo;IMPOSSIBILIT\u00c9 D&rsquo;UTILISER CE SITE OU LES INFORMATIONS QU&rsquo;IL CONTIENT, M\u00caME SI LA SOCI\u00c9T\u00c9 (OU TOUT TIERS PUBLIANT DES INFORMATIONS SUR CE SITE) A \u00c9T\u00c9 INFORM\u00c9E DE L&rsquo;\u00c9VENTUALIT\u00c9 DE TELS DOMMAGES. EN AUCUN CAS LA RESPONSABILIT\u00c9 TOTALE DE LA SOCI\u00c9T\u00c9 (OU LA RESPONSABILIT\u00c9 TOTALE DE TOUT TIERS FOURNISSANT DES INFORMATIONS SUR CE SITE) ENVERS VOUS POUR TOUS DOMMAGES, PERTES ET CAUSES D&rsquo;ACTION R\u00c9SULTANT DE VOTRE UTILISATION DE CE SITE, QUE CE SOIT CONTRACTUEL, D\u00c9LICTUEL (Y COMPRIS, MAIS SANS S&rsquo;Y LIMITER, LA N\u00c9GLIGENCE) OU AUTREMENT, D\u00c9PASSER UN DOLLAR (1,00 $ BDS).<\/p>\n\n<p id=\"TERMINATION\"><a><\/a><strong>R\u00c9SILIATION<\/strong><br\/>La Soci\u00e9t\u00e9 peut, \u00e0 sa seule discr\u00e9tion, r\u00e9silier ou suspendre votre acc\u00e8s \u00e0 tout ou partie du Site, y compris, mais sans s&rsquo;y limiter, \u00e0 tout forum de discussion sur le Site, pour quelque raison que ce soit, y compris, mais sans s&rsquo;y limiter, la violation du pr\u00e9sent Accord. En cas de r\u00e9siliation du pr\u00e9sent accord, les restrictions concernant les \u00e9l\u00e9ments apparaissant sur le site, ainsi que les d\u00e9clarations et garanties, indemnit\u00e9s et limitations de responsabilit\u00e9 \u00e9nonc\u00e9es dans le pr\u00e9sent accord survivront \u00e0 la r\u00e9siliation. Si vous n&rsquo;\u00eates pas satisfait des services fournis par la Soci\u00e9t\u00e9, votre seul recours est de r\u00e9silier le pr\u00e9sent Contrat.<\/p>\n\n<p><a href=\"#Top\">retour au sommet<\/a><\/p>\n\n<p id=\"JURISDICTION\"><strong>JURIDICTION<\/strong><br\/>La Soci\u00e9t\u00e9 exploite le Site \u00e0 partir de ses bureaux situ\u00e9s \u00e0 la Barbade. La soci\u00e9t\u00e9 ne fait aucune d\u00e9claration selon laquelle le contenu et les \u00e9l\u00e9ments du site sont l\u00e9gaux ou appropri\u00e9s pour une utilisation en dehors de la Barbade. Si vous choisissez d&rsquo;acc\u00e9der au site \u00e0 partir d&rsquo;autres endroits, vous le faites \u00e0 vos risques et p\u00e9rils et \u00eates responsable du respect de toutes les lois locales. Vous ne pouvez pas utiliser le Site en violation des lois et r\u00e8glements de la Barbade en mati\u00e8re d&rsquo;exportation.<br\/>Le pr\u00e9sent accord est r\u00e9gi et interpr\u00e9t\u00e9 conform\u00e9ment aux lois de la Barbade. Toute r\u00e9clamation ou cause d&rsquo;action que vous avez concernant l&rsquo;utilisation du site doit \u00eatre intent\u00e9e dans un d\u00e9lai d&rsquo;un (1) an apr\u00e8s la survenance de la r\u00e9clamation. Si une disposition du pr\u00e9sent accord est jug\u00e9e nulle, ill\u00e9gale ou autrement inapplicable pour quelque raison que ce soit, cette disposition sera supprim\u00e9e du pr\u00e9sent accord et les autres dispositions du pr\u00e9sent accord resteront en vigueur. Le pr\u00e9sent Accord constitue l&rsquo;int\u00e9gralit\u00e9 de l&rsquo;accord entre vous et la Soci\u00e9t\u00e9 concernant votre utilisation du Site, et l&rsquo;Accord ne sera pas modifi\u00e9, sauf par \u00e9crit, sign\u00e9 par les deux parties.<\/p>\n\n<p><a href=\"#Top\">retour au sommet<\/a><\/p>\n\n<p id=\"COMMENTS\"><a><\/a><strong>COMMENTAIRES, PLAINTES ET QUESTIONS<\/strong><br\/>Vos commentaires sur le Site sont les bienvenus. Toutefois, tous les commentaires, id\u00e9es, notes, messages, suggestions ou autres communications envoy\u00e9s au Site seront et resteront la propri\u00e9t\u00e9 exclusive de la Soci\u00e9t\u00e9, et nous pourrons utiliser toutes ces communications de quelque mani\u00e8re que ce soit, y compris en les reproduisant, en les divulguant et en les publiant, le tout sans aucune compensation pour vous.<br\/>Si vous avez des questions ou des plaintes concernant des violations du pr\u00e9sent accord, veuillez nous contacter. <\/p>\n\n<p><a href=\"#Top\">retour au sommet<\/a><\/p>\n","protected":false},"excerpt":{"rendered":"<p>VEUILLEZ LIRE ATTENTIVEMENT CES CONDITIONS D&rsquo;UTILISATION. CES CONDITIONS G\u00c9N\u00c9RALES PEUVENT AVOIR CHANG\u00c9 DEPUIS VOTRE DERNI\u00c8RE VISITE SUR CE SITE. EN UTILISANT CE SITE, VOUS INDIQUEZ VOTRE ACCEPTATION DE CES TERMES ET CONDITIONS. SI VOUS N&rsquo;ACCEPTEZ PAS CES TERMES ET CONDITIONS, ALORS N&rsquo;UTILISEZ PAS CE SITE. TERMES ET CONDITIONSUTILISATEURS\/PARTICIPANTSBISCUITSMARQUES COMMERCIALES, DROITS D&rsquo;AUTEUR ET RESTRICTIONSLIENSPROBL\u00c8MES DE CONFIDENTIALIT\u00c9AVIS [&hellip;]<\/p>\n","protected":false},"author":3,"featured_media":0,"parent":0,"menu_order":0,"comment_status":"closed","ping_status":"closed","template":"","meta":{"_acf_changed":false,"inline_featured_image":false,"footnotes":""},"tags":[],"class_list":["post-299105","page","type-page","status-publish","hentry"],"acf":[],"yoast_head":"<!-- This site is optimized with the Yoast SEO plugin v27.1.1 - https:\/\/yoast.com\/product\/yoast-seo-wordpress\/ -->\n<title>de Conditions d&#039;utilisation - Exportation Cara\u00efbes<\/title>\n<meta name=\"robots\" content=\"index, follow, max-snippet:-1, max-image-preview:large, max-video-preview:-1\" \/>\n<link rel=\"canonical\" href=\"https:\/\/content.carib-export.com\/fr\/terms-of-use\/\" \/>\n<meta property=\"og:locale\" content=\"fr_FR\" \/>\n<meta property=\"og:type\" content=\"article\" \/>\n<meta property=\"og:title\" content=\"de Conditions d&#039;utilisation - Exportation Cara\u00efbes\" \/>\n<meta property=\"og:description\" content=\"VEUILLEZ LIRE ATTENTIVEMENT CES CONDITIONS D&rsquo;UTILISATION. CES CONDITIONS G\u00c9N\u00c9RALES PEUVENT AVOIR CHANG\u00c9 DEPUIS VOTRE DERNI\u00c8RE VISITE SUR CE SITE. EN UTILISANT CE SITE, VOUS INDIQUEZ VOTRE ACCEPTATION DE CES TERMES ET CONDITIONS. SI VOUS N&rsquo;ACCEPTEZ PAS CES TERMES ET CONDITIONS, ALORS N&rsquo;UTILISEZ PAS CE SITE. TERMES ET CONDITIONSUTILISATEURS\/PARTICIPANTSBISCUITSMARQUES COMMERCIALES, DROITS D&rsquo;AUTEUR ET RESTRICTIONSLIENSPROBL\u00c8MES DE CONFIDENTIALIT\u00c9AVIS [&hellip;]\" \/>\n<meta property=\"og:url\" content=\"https:\/\/content.carib-export.com\/fr\/terms-of-use\/\" \/>\n<meta property=\"og:site_name\" content=\"Exportation Cara\u00efbes\" \/>\n<meta property=\"article:publisher\" content=\"https:\/\/www.facebook.com\/CaribbeanExport\" \/>\n<meta property=\"article:modified_time\" content=\"2025-02-05T00:22:14+00:00\" \/>\n<meta property=\"og:image\" content=\"https:\/\/content.carib-export.com\/wp-content\/uploads\/2019\/06\/CEDA-default-square.jpg\" \/>\n\t<meta property=\"og:image:width\" content=\"1000\" \/>\n\t<meta property=\"og:image:height\" content=\"1000\" \/>\n\t<meta property=\"og:image:type\" content=\"image\/jpeg\" \/>\n<meta name=\"twitter:card\" content=\"summary_large_image\" \/>\n<meta name=\"twitter:site\" content=\"@CaribXport\" \/>\n<meta name=\"twitter:label1\" content=\"Dur\u00e9e de lecture estim\u00e9e\" \/>\n\t<meta name=\"twitter:data1\" content=\"10 minutes\" \/>\n<script type=\"application\/ld+json\" class=\"yoast-schema-graph\">{\"@context\":\"https:\/\/schema.org\",\"@graph\":[{\"@type\":\"WebPage\",\"@id\":\"https:\/\/content.carib-export.com\/fr\/terms-of-use\/\",\"url\":\"https:\/\/content.carib-export.com\/fr\/terms-of-use\/\",\"name\":\"de Conditions d'utilisation - Exportation Cara\u00efbes\",\"isPartOf\":{\"@id\":\"https:\/\/content.carib-export.com\/fr\/#website\"},\"datePublished\":\"2009-06-25T22:38:34+00:00\",\"dateModified\":\"2025-02-05T00:22:14+00:00\",\"breadcrumb\":{\"@id\":\"https:\/\/content.carib-export.com\/fr\/terms-of-use\/#breadcrumb\"},\"inLanguage\":\"fr-FR\",\"potentialAction\":[{\"@type\":\"ReadAction\",\"target\":[\"https:\/\/content.carib-export.com\/fr\/terms-of-use\/\"]}]},{\"@type\":\"BreadcrumbList\",\"@id\":\"https:\/\/content.carib-export.com\/fr\/terms-of-use\/#breadcrumb\",\"itemListElement\":[{\"@type\":\"ListItem\",\"position\":1,\"name\":\"Accueil\",\"item\":\"https:\/\/content.carib-export.com\/fr\/home\/\"},{\"@type\":\"ListItem\",\"position\":2,\"name\":\"Conditions d&rsquo;utilisation\"}]},{\"@type\":\"WebSite\",\"@id\":\"https:\/\/content.carib-export.com\/fr\/#website\",\"url\":\"https:\/\/content.carib-export.com\/fr\/\",\"name\":\"Exportation Cara\u00efbes\",\"description\":\"La seule agence r\u00e9gionale de promotion du commerce et des investissements du groupe Afrique, Cara\u00efbes et Pacifique.\",\"publisher\":{\"@id\":\"https:\/\/content.carib-export.com\/fr\/#organization\"},\"potentialAction\":[{\"@type\":\"SearchAction\",\"target\":{\"@type\":\"EntryPoint\",\"urlTemplate\":\"https:\/\/content.carib-export.com\/fr\/?s={search_term_string}\"},\"query-input\":{\"@type\":\"PropertyValueSpecification\",\"valueRequired\":true,\"valueName\":\"search_term_string\"}}],\"inLanguage\":\"fr-FR\"},{\"@type\":\"Organization\",\"@id\":\"https:\/\/content.carib-export.com\/fr\/#organization\",\"name\":\"Agence carib\u00e9enne de d\u00e9veloppement des exportations\",\"url\":\"https:\/\/content.carib-export.com\/fr\/\",\"logo\":{\"@type\":\"ImageObject\",\"inLanguage\":\"fr-FR\",\"@id\":\"https:\/\/content.carib-export.com\/fr\/#\/schema\/logo\/image\/\",\"url\":\"https:\/\/content.carib-export.com\/wp-content\/uploads\/2013\/03\/CE-Logo-2013.jpg\",\"contentUrl\":\"https:\/\/content.carib-export.com\/wp-content\/uploads\/2013\/03\/CE-Logo-2013.jpg\",\"width\":1024,\"height\":244,\"caption\":\"Agence carib\u00e9enne de d\u00e9veloppement des exportations\"},\"image\":{\"@id\":\"https:\/\/content.carib-export.com\/fr\/#\/schema\/logo\/image\/\"},\"sameAs\":[\"https:\/\/www.facebook.com\/CaribbeanExport\",\"https:\/\/x.com\/CaribXport\",\"https:\/\/www.instagram.com\/caribbeanexport\",\"https:\/\/www.linkedin.com\/company\/caribbeanexport\",\"https:\/\/www.youtube.com\/user\/TheCaribbeanExport\"]}]}<\/script>\n<!-- \/ Yoast SEO plugin. -->","yoast_head_json":{"title":"de Conditions d'utilisation - Exportation Cara\u00efbes","robots":{"index":"index","follow":"follow","max-snippet":"max-snippet:-1","max-image-preview":"max-image-preview:large","max-video-preview":"max-video-preview:-1"},"canonical":"https:\/\/content.carib-export.com\/fr\/terms-of-use\/","og_locale":"fr_FR","og_type":"article","og_title":"de Conditions d'utilisation - Exportation Cara\u00efbes","og_description":"VEUILLEZ LIRE ATTENTIVEMENT CES CONDITIONS D&rsquo;UTILISATION. CES CONDITIONS G\u00c9N\u00c9RALES PEUVENT AVOIR CHANG\u00c9 DEPUIS VOTRE DERNI\u00c8RE VISITE SUR CE SITE. EN UTILISANT CE SITE, VOUS INDIQUEZ VOTRE ACCEPTATION DE CES TERMES ET CONDITIONS. SI VOUS N&rsquo;ACCEPTEZ PAS CES TERMES ET CONDITIONS, ALORS N&rsquo;UTILISEZ PAS CE SITE. TERMES ET CONDITIONSUTILISATEURS\/PARTICIPANTSBISCUITSMARQUES COMMERCIALES, DROITS D&rsquo;AUTEUR ET RESTRICTIONSLIENSPROBL\u00c8MES DE CONFIDENTIALIT\u00c9AVIS [&hellip;]","og_url":"https:\/\/content.carib-export.com\/fr\/terms-of-use\/","og_site_name":"Exportation Cara\u00efbes","article_publisher":"https:\/\/www.facebook.com\/CaribbeanExport","article_modified_time":"2025-02-05T00:22:14+00:00","og_image":[{"width":1000,"height":1000,"url":"https:\/\/content.carib-export.com\/wp-content\/uploads\/2019\/06\/CEDA-default-square.jpg","type":"image\/jpeg"}],"twitter_card":"summary_large_image","twitter_site":"@CaribXport","twitter_misc":{"Dur\u00e9e de lecture estim\u00e9e":"10 minutes"},"schema":{"@context":"https:\/\/schema.org","@graph":[{"@type":"WebPage","@id":"https:\/\/content.carib-export.com\/fr\/terms-of-use\/","url":"https:\/\/content.carib-export.com\/fr\/terms-of-use\/","name":"de Conditions d'utilisation - Exportation Cara\u00efbes","isPartOf":{"@id":"https:\/\/content.carib-export.com\/fr\/#website"},"datePublished":"2009-06-25T22:38:34+00:00","dateModified":"2025-02-05T00:22:14+00:00","breadcrumb":{"@id":"https:\/\/content.carib-export.com\/fr\/terms-of-use\/#breadcrumb"},"inLanguage":"fr-FR","potentialAction":[{"@type":"ReadAction","target":["https:\/\/content.carib-export.com\/fr\/terms-of-use\/"]}]},{"@type":"BreadcrumbList","@id":"https:\/\/content.carib-export.com\/fr\/terms-of-use\/#breadcrumb","itemListElement":[{"@type":"ListItem","position":1,"name":"Accueil","item":"https:\/\/content.carib-export.com\/fr\/home\/"},{"@type":"ListItem","position":2,"name":"Conditions d&rsquo;utilisation"}]},{"@type":"WebSite","@id":"https:\/\/content.carib-export.com\/fr\/#website","url":"https:\/\/content.carib-export.com\/fr\/","name":"Exportation Cara\u00efbes","description":"La seule agence r\u00e9gionale de promotion du commerce et des investissements du groupe Afrique, Cara\u00efbes et Pacifique.","publisher":{"@id":"https:\/\/content.carib-export.com\/fr\/#organization"},"potentialAction":[{"@type":"SearchAction","target":{"@type":"EntryPoint","urlTemplate":"https:\/\/content.carib-export.com\/fr\/?s={search_term_string}"},"query-input":{"@type":"PropertyValueSpecification","valueRequired":true,"valueName":"search_term_string"}}],"inLanguage":"fr-FR"},{"@type":"Organization","@id":"https:\/\/content.carib-export.com\/fr\/#organization","name":"Agence carib\u00e9enne de d\u00e9veloppement des exportations","url":"https:\/\/content.carib-export.com\/fr\/","logo":{"@type":"ImageObject","inLanguage":"fr-FR","@id":"https:\/\/content.carib-export.com\/fr\/#\/schema\/logo\/image\/","url":"https:\/\/content.carib-export.com\/wp-content\/uploads\/2013\/03\/CE-Logo-2013.jpg","contentUrl":"https:\/\/content.carib-export.com\/wp-content\/uploads\/2013\/03\/CE-Logo-2013.jpg","width":1024,"height":244,"caption":"Agence carib\u00e9enne de d\u00e9veloppement des exportations"},"image":{"@id":"https:\/\/content.carib-export.com\/fr\/#\/schema\/logo\/image\/"},"sameAs":["https:\/\/www.facebook.com\/CaribbeanExport","https:\/\/x.com\/CaribXport","https:\/\/www.instagram.com\/caribbeanexport","https:\/\/www.linkedin.com\/company\/caribbeanexport","https:\/\/www.youtube.com\/user\/TheCaribbeanExport"]}]}},"_links":{"self":[{"href":"https:\/\/content.carib-export.com\/fr\/wp-json\/wp\/v2\/pages\/299105","targetHints":{"allow":["GET"]}}],"collection":[{"href":"https:\/\/content.carib-export.com\/fr\/wp-json\/wp\/v2\/pages"}],"about":[{"href":"https:\/\/content.carib-export.com\/fr\/wp-json\/wp\/v2\/types\/page"}],"author":[{"embeddable":true,"href":"https:\/\/content.carib-export.com\/fr\/wp-json\/wp\/v2\/users\/3"}],"replies":[{"embeddable":true,"href":"https:\/\/content.carib-export.com\/fr\/wp-json\/wp\/v2\/comments?post=299105"}],"version-history":[{"count":0,"href":"https:\/\/content.carib-export.com\/fr\/wp-json\/wp\/v2\/pages\/299105\/revisions"}],"wp:attachment":[{"href":"https:\/\/content.carib-export.com\/fr\/wp-json\/wp\/v2\/media?parent=299105"}],"wp:term":[{"taxonomy":"post_tag","embeddable":true,"href":"https:\/\/content.carib-export.com\/fr\/wp-json\/wp\/v2\/tags?post=299105"}],"curies":[{"name":"wp","href":"https:\/\/api.w.org\/{rel}","templated":true}]}}