{"id":300732,"date":"2022-08-29T17:19:13","date_gmt":"2022-08-29T21:19:13","guid":{"rendered":"https:\/\/content.carib-export.com\/about\/governance\/"},"modified":"2025-03-02T10:34:58","modified_gmt":"2025-03-02T14:34:58","slug":"compliance","status":"publish","type":"page","link":"https:\/\/content.carib-export.com\/fr\/about\/compliance\/","title":{"rendered":"Conformit\u00e9"},"content":{"rendered":"\n<p>Caribbean Export s&rsquo;engage \u00e0 respecter les normes les plus strictes en mati\u00e8re d&rsquo;int\u00e9grit\u00e9, de transparence et de responsabilit\u00e9 dans toutes ses activit\u00e9s.<\/p>\n\n<p>C&rsquo;est pourquoi Caribbean Export, son conseil d&rsquo;administration, sa direction et son personnel adoptent une approche de tol\u00e9rance z\u00e9ro \u00e0 l&rsquo;\u00e9gard de la fraude, de la corruption, de la mauvaise gestion financi\u00e8re et d&rsquo;autres activit\u00e9s interdites et s&rsquo;engagent \u00e0 agir de mani\u00e8re professionnelle, \u00e9quitable et int\u00e8gre dans toutes leurs relations et transactions commerciales. Toutes les all\u00e9gations d&rsquo;activit\u00e9s ill\u00e9gales pr\u00e9sum\u00e9es feront l&rsquo;objet d&rsquo;une enqu\u00eate approfondie. \u00c0 l&rsquo;issue de l&rsquo;enqu\u00eate, des mesures disciplinaires peuvent \u00eatre prises \u00e0 l&rsquo;encontre du personnel impliqu\u00e9, conform\u00e9ment au manuel des op\u00e9rations de Caribbean Export. Dans le cas des entrepreneurs, cela peut entra\u00eener la r\u00e9siliation d&rsquo;un contrat et\/ou des poursuites conform\u00e9ment \u00e0 la loi. Tous les employ\u00e9s, fournisseurs, clients et partenaires commerciaux sont encourag\u00e9s \u00e0 signaler les cas de suspicion de corruption ou d&rsquo;activit\u00e9s ill\u00e9gales \u00e0 l&rsquo;adresse <a href=\"mailto:complaints@carib-export.com\" target=\"_blank\" rel=\"noreferrer noopener\">complaints@carib-export.com<\/a>.<\/p>\n\n<p>Cette section fournit une liste de documents, de politiques et de proc\u00e9dures que Caribbean Export met en \u0153uvre pour garantir la conformit\u00e9 avec les exigences de ses partenaires.<\/p>\n\n<p><\/p>\n","protected":false},"excerpt":{"rendered":"<p>Caribbean Export s&rsquo;engage \u00e0 respecter les normes les plus strictes en mati\u00e8re d&rsquo;int\u00e9grit\u00e9, de transparence et de responsabilit\u00e9 dans toutes ses activit\u00e9s.<\/p>\n","protected":false},"author":9,"featured_media":0,"parent":255382,"menu_order":7,"comment_status":"closed","ping_status":"closed","template":"hub.php","meta":{"_acf_changed":false,"inline_featured_image":false,"footnotes":""},"tags":[],"class_list":["post-300732","page","type-page","status-publish","hentry"],"acf":[],"yoast_head":"<!-- This site is optimized with the Yoast SEO plugin v27.1.1 - https:\/\/yoast.com\/product\/yoast-seo-wordpress\/ -->\n<title>de Conformit\u00e9 - Exportation Cara\u00efbes<\/title>\n<meta name=\"description\" content=\"Un recueil des documents, politiques et proc\u00e9dures que Caribbean Export met en \u0153uvre pour assurer la conformit\u00e9 aux exigences de ses partenaires.\" \/>\n<meta name=\"robots\" content=\"index, follow, max-snippet:-1, max-image-preview:large, max-video-preview:-1\" \/>\n<link rel=\"canonical\" href=\"https:\/\/content.carib-export.com\/fr\/about\/compliance\/\" \/>\n<meta property=\"og:locale\" content=\"fr_FR\" \/>\n<meta property=\"og:type\" content=\"article\" \/>\n<meta property=\"og:title\" content=\"de Conformit\u00e9 - Exportation Cara\u00efbes\" \/>\n<meta property=\"og:description\" content=\"Un recueil des documents, politiques et proc\u00e9dures que Caribbean Export met en \u0153uvre pour assurer la conformit\u00e9 aux exigences de ses partenaires.\" \/>\n<meta property=\"og:url\" content=\"https:\/\/content.carib-export.com\/fr\/about\/compliance\/\" \/>\n<meta property=\"og:site_name\" content=\"Exportation Cara\u00efbes\" \/>\n<meta property=\"article:publisher\" content=\"https:\/\/www.facebook.com\/CaribbeanExport\" \/>\n<meta property=\"article:modified_time\" content=\"2025-03-02T14:34:58+00:00\" \/>\n<meta property=\"og:image\" content=\"https:\/\/content.carib-export.com\/wp-content\/uploads\/2019\/06\/CEDA-default-square.jpg\" \/>\n\t<meta property=\"og:image:width\" content=\"1000\" \/>\n\t<meta property=\"og:image:height\" content=\"1000\" \/>\n\t<meta property=\"og:image:type\" content=\"image\/jpeg\" \/>\n<meta name=\"twitter:card\" content=\"summary_large_image\" \/>\n<meta name=\"twitter:site\" content=\"@CaribXport\" \/>\n<meta name=\"twitter:label1\" content=\"Dur\u00e9e de lecture estim\u00e9e\" \/>\n\t<meta name=\"twitter:data1\" content=\"1 minute\" \/>\n<script type=\"application\/ld+json\" class=\"yoast-schema-graph\">{\"@context\":\"https:\/\/schema.org\",\"@graph\":[{\"@type\":\"WebPage\",\"@id\":\"https:\/\/content.carib-export.com\/fr\/about\/compliance\/\",\"url\":\"https:\/\/content.carib-export.com\/fr\/about\/compliance\/\",\"name\":\"de Conformit\u00e9 - Exportation Cara\u00efbes\",\"isPartOf\":{\"@id\":\"https:\/\/content.carib-export.com\/fr\/#website\"},\"datePublished\":\"2022-08-29T21:19:13+00:00\",\"dateModified\":\"2025-03-02T14:34:58+00:00\",\"description\":\"Un recueil des documents, politiques et proc\u00e9dures que Caribbean Export met en \u0153uvre pour assurer la conformit\u00e9 aux exigences de ses partenaires.\",\"breadcrumb\":{\"@id\":\"https:\/\/content.carib-export.com\/fr\/about\/compliance\/#breadcrumb\"},\"inLanguage\":\"fr-FR\",\"potentialAction\":[{\"@type\":\"ReadAction\",\"target\":[\"https:\/\/content.carib-export.com\/fr\/about\/compliance\/\"]}]},{\"@type\":\"BreadcrumbList\",\"@id\":\"https:\/\/content.carib-export.com\/fr\/about\/compliance\/#breadcrumb\",\"itemListElement\":[{\"@type\":\"ListItem\",\"position\":1,\"name\":\"Accueil\",\"item\":\"https:\/\/content.carib-export.com\/fr\/home\/\"},{\"@type\":\"ListItem\",\"position\":2,\"name\":\"Sur\",\"item\":\"https:\/\/content.carib-export.com\/fr\/about\/\"},{\"@type\":\"ListItem\",\"position\":3,\"name\":\"Conformit\u00e9\"}]},{\"@type\":\"WebSite\",\"@id\":\"https:\/\/content.carib-export.com\/fr\/#website\",\"url\":\"https:\/\/content.carib-export.com\/fr\/\",\"name\":\"Exportation Cara\u00efbes\",\"description\":\"La seule agence r\u00e9gionale de promotion du commerce et des investissements du groupe Afrique, Cara\u00efbes et Pacifique.\",\"publisher\":{\"@id\":\"https:\/\/content.carib-export.com\/fr\/#organization\"},\"potentialAction\":[{\"@type\":\"SearchAction\",\"target\":{\"@type\":\"EntryPoint\",\"urlTemplate\":\"https:\/\/content.carib-export.com\/fr\/?s={search_term_string}\"},\"query-input\":{\"@type\":\"PropertyValueSpecification\",\"valueRequired\":true,\"valueName\":\"search_term_string\"}}],\"inLanguage\":\"fr-FR\"},{\"@type\":\"Organization\",\"@id\":\"https:\/\/content.carib-export.com\/fr\/#organization\",\"name\":\"Agence carib\u00e9enne de d\u00e9veloppement des exportations\",\"url\":\"https:\/\/content.carib-export.com\/fr\/\",\"logo\":{\"@type\":\"ImageObject\",\"inLanguage\":\"fr-FR\",\"@id\":\"https:\/\/content.carib-export.com\/fr\/#\/schema\/logo\/image\/\",\"url\":\"https:\/\/content.carib-export.com\/wp-content\/uploads\/2013\/03\/CE-Logo-2013.jpg\",\"contentUrl\":\"https:\/\/content.carib-export.com\/wp-content\/uploads\/2013\/03\/CE-Logo-2013.jpg\",\"width\":1024,\"height\":244,\"caption\":\"Agence carib\u00e9enne de d\u00e9veloppement des exportations\"},\"image\":{\"@id\":\"https:\/\/content.carib-export.com\/fr\/#\/schema\/logo\/image\/\"},\"sameAs\":[\"https:\/\/www.facebook.com\/CaribbeanExport\",\"https:\/\/x.com\/CaribXport\",\"https:\/\/www.instagram.com\/caribbeanexport\",\"https:\/\/www.linkedin.com\/company\/caribbeanexport\",\"https:\/\/www.youtube.com\/user\/TheCaribbeanExport\"]}]}<\/script>\n<!-- \/ Yoast SEO plugin. -->","yoast_head_json":{"title":"de Conformit\u00e9 - Exportation Cara\u00efbes","description":"Un recueil des documents, politiques et proc\u00e9dures que Caribbean Export met en \u0153uvre pour assurer la conformit\u00e9 aux exigences de ses partenaires.","robots":{"index":"index","follow":"follow","max-snippet":"max-snippet:-1","max-image-preview":"max-image-preview:large","max-video-preview":"max-video-preview:-1"},"canonical":"https:\/\/content.carib-export.com\/fr\/about\/compliance\/","og_locale":"fr_FR","og_type":"article","og_title":"de Conformit\u00e9 - Exportation Cara\u00efbes","og_description":"Un recueil des documents, politiques et proc\u00e9dures que Caribbean Export met en \u0153uvre pour assurer la conformit\u00e9 aux exigences de ses partenaires.","og_url":"https:\/\/content.carib-export.com\/fr\/about\/compliance\/","og_site_name":"Exportation Cara\u00efbes","article_publisher":"https:\/\/www.facebook.com\/CaribbeanExport","article_modified_time":"2025-03-02T14:34:58+00:00","og_image":[{"width":1000,"height":1000,"url":"https:\/\/content.carib-export.com\/wp-content\/uploads\/2019\/06\/CEDA-default-square.jpg","type":"image\/jpeg"}],"twitter_card":"summary_large_image","twitter_site":"@CaribXport","twitter_misc":{"Dur\u00e9e de lecture estim\u00e9e":"1 minute"},"schema":{"@context":"https:\/\/schema.org","@graph":[{"@type":"WebPage","@id":"https:\/\/content.carib-export.com\/fr\/about\/compliance\/","url":"https:\/\/content.carib-export.com\/fr\/about\/compliance\/","name":"de Conformit\u00e9 - Exportation Cara\u00efbes","isPartOf":{"@id":"https:\/\/content.carib-export.com\/fr\/#website"},"datePublished":"2022-08-29T21:19:13+00:00","dateModified":"2025-03-02T14:34:58+00:00","description":"Un recueil des documents, politiques et proc\u00e9dures que Caribbean Export met en \u0153uvre pour assurer la conformit\u00e9 aux exigences de ses partenaires.","breadcrumb":{"@id":"https:\/\/content.carib-export.com\/fr\/about\/compliance\/#breadcrumb"},"inLanguage":"fr-FR","potentialAction":[{"@type":"ReadAction","target":["https:\/\/content.carib-export.com\/fr\/about\/compliance\/"]}]},{"@type":"BreadcrumbList","@id":"https:\/\/content.carib-export.com\/fr\/about\/compliance\/#breadcrumb","itemListElement":[{"@type":"ListItem","position":1,"name":"Accueil","item":"https:\/\/content.carib-export.com\/fr\/home\/"},{"@type":"ListItem","position":2,"name":"Sur","item":"https:\/\/content.carib-export.com\/fr\/about\/"},{"@type":"ListItem","position":3,"name":"Conformit\u00e9"}]},{"@type":"WebSite","@id":"https:\/\/content.carib-export.com\/fr\/#website","url":"https:\/\/content.carib-export.com\/fr\/","name":"Exportation Cara\u00efbes","description":"La seule agence r\u00e9gionale de promotion du commerce et des investissements du groupe Afrique, Cara\u00efbes et Pacifique.","publisher":{"@id":"https:\/\/content.carib-export.com\/fr\/#organization"},"potentialAction":[{"@type":"SearchAction","target":{"@type":"EntryPoint","urlTemplate":"https:\/\/content.carib-export.com\/fr\/?s={search_term_string}"},"query-input":{"@type":"PropertyValueSpecification","valueRequired":true,"valueName":"search_term_string"}}],"inLanguage":"fr-FR"},{"@type":"Organization","@id":"https:\/\/content.carib-export.com\/fr\/#organization","name":"Agence carib\u00e9enne de d\u00e9veloppement des exportations","url":"https:\/\/content.carib-export.com\/fr\/","logo":{"@type":"ImageObject","inLanguage":"fr-FR","@id":"https:\/\/content.carib-export.com\/fr\/#\/schema\/logo\/image\/","url":"https:\/\/content.carib-export.com\/wp-content\/uploads\/2013\/03\/CE-Logo-2013.jpg","contentUrl":"https:\/\/content.carib-export.com\/wp-content\/uploads\/2013\/03\/CE-Logo-2013.jpg","width":1024,"height":244,"caption":"Agence carib\u00e9enne de d\u00e9veloppement des exportations"},"image":{"@id":"https:\/\/content.carib-export.com\/fr\/#\/schema\/logo\/image\/"},"sameAs":["https:\/\/www.facebook.com\/CaribbeanExport","https:\/\/x.com\/CaribXport","https:\/\/www.instagram.com\/caribbeanexport","https:\/\/www.linkedin.com\/company\/caribbeanexport","https:\/\/www.youtube.com\/user\/TheCaribbeanExport"]}]}},"_links":{"self":[{"href":"https:\/\/content.carib-export.com\/fr\/wp-json\/wp\/v2\/pages\/300732","targetHints":{"allow":["GET"]}}],"collection":[{"href":"https:\/\/content.carib-export.com\/fr\/wp-json\/wp\/v2\/pages"}],"about":[{"href":"https:\/\/content.carib-export.com\/fr\/wp-json\/wp\/v2\/types\/page"}],"author":[{"embeddable":true,"href":"https:\/\/content.carib-export.com\/fr\/wp-json\/wp\/v2\/users\/9"}],"replies":[{"embeddable":true,"href":"https:\/\/content.carib-export.com\/fr\/wp-json\/wp\/v2\/comments?post=300732"}],"version-history":[{"count":0,"href":"https:\/\/content.carib-export.com\/fr\/wp-json\/wp\/v2\/pages\/300732\/revisions"}],"up":[{"embeddable":true,"href":"https:\/\/content.carib-export.com\/fr\/wp-json\/wp\/v2\/pages\/255382"}],"wp:attachment":[{"href":"https:\/\/content.carib-export.com\/fr\/wp-json\/wp\/v2\/media?parent=300732"}],"wp:term":[{"taxonomy":"post_tag","embeddable":true,"href":"https:\/\/content.carib-export.com\/fr\/wp-json\/wp\/v2\/tags?post=300732"}],"curies":[{"name":"wp","href":"https:\/\/api.w.org\/{rel}","templated":true}]}}