{"id":321616,"date":"2012-07-24T15:26:25","date_gmt":"2012-07-24T19:26:25","guid":{"rendered":"https:\/\/content.carib-export.com\/about\/our-team\/"},"modified":"2025-12-19T14:27:44","modified_gmt":"2025-12-19T18:27:44","slug":"our-team","status":"publish","type":"page","link":"https:\/\/content.carib-export.com\/fr\/about\/our-team\/","title":{"rendered":"Notre \u00e9quipe"},"content":{"rendered":"\n<p>Chez Caribbean Export, notre \u00e9quipe refl\u00e8te la diversit\u00e9 de notre r\u00e9gion CARIFORUM. Nous apportons une approche et une exp\u00e9rience multidisciplinaires \u00e0 la mise en \u0153uvre de notre programme. Et nos consultants externes nous aident \u00e0 r\u00e9pondre aux besoins sp\u00e9cialis\u00e9s de nos parties prenantes et de nos clients. <\/p>\n\n<p>En plus de l&rsquo;\u00e9quipe de direction, chaque responsable technique a des responsabilit\u00e9s au niveau sectoriel et national. Cela permet l&rsquo;utilisation de leurs comp\u00e9tences techniques dans toute la r\u00e9gion, ainsi qu&rsquo;une approche int\u00e9gr\u00e9e des activit\u00e9s au niveau national \u2013 tout cela au profit de nos clients.<\/p>\n","protected":false},"excerpt":{"rendered":"<p>Chez Caribbean Export, notre \u00e9quipe refl\u00e8te la diversit\u00e9 de notre r\u00e9gion CARIFORUM. Nous apportons une approche et une exp\u00e9rience multidisciplinaires \u00e0 la mise en \u0153uvre de notre programme. Et nos consultants externes nous aident \u00e0 r\u00e9pondre aux besoins sp\u00e9cialis\u00e9s de nos parties prenantes et de nos clients. En plus de l&rsquo;\u00e9quipe de direction, chaque responsable technique a des responsabilit\u00e9s au niveau sectoriel et national. Cela permet l&rsquo;utilisation de leurs comp\u00e9tences techniques dans toute la r\u00e9gion, ainsi qu&rsquo;une approche int\u00e9gr\u00e9e des activit\u00e9s au niveau national \u2013 tout cela au profit de nos clients.<\/p>\n","protected":false},"author":3,"featured_media":0,"parent":255382,"menu_order":2,"comment_status":"closed","ping_status":"closed","template":"","meta":{"_acf_changed":false,"inline_featured_image":false,"footnotes":""},"tags":[],"class_list":["post-321616","page","type-page","status-publish","hentry"],"acf":[],"yoast_head":"<!-- This site is optimized with the Yoast SEO plugin v27.1.1 - https:\/\/yoast.com\/product\/yoast-seo-wordpress\/ -->\n<title>de Notre \u00e9quipe - Exportation Cara\u00efbes<\/title>\n<meta name=\"robots\" content=\"index, follow, max-snippet:-1, max-image-preview:large, max-video-preview:-1\" \/>\n<link rel=\"canonical\" href=\"https:\/\/content.carib-export.com\/fr\/about\/our-team\/\" \/>\n<meta property=\"og:locale\" content=\"fr_FR\" \/>\n<meta property=\"og:type\" content=\"article\" \/>\n<meta property=\"og:title\" content=\"de Notre \u00e9quipe - Exportation Cara\u00efbes\" \/>\n<meta property=\"og:description\" content=\"Chez Caribbean Export, notre \u00e9quipe refl\u00e8te la diversit\u00e9 de notre r\u00e9gion CARIFORUM. Nous apportons une approche et une exp\u00e9rience multidisciplinaires \u00e0 la mise en \u0153uvre de notre programme. Et nos consultants externes nous aident \u00e0 r\u00e9pondre aux besoins sp\u00e9cialis\u00e9s de nos parties prenantes et de nos clients. En plus de l&#039;\u00e9quipe de direction, chaque responsable technique a des responsabilit\u00e9s au niveau sectoriel et national. Cela permet l&#039;utilisation de leurs comp\u00e9tences techniques dans toute la r\u00e9gion, ainsi qu&#039;une approche int\u00e9gr\u00e9e des activit\u00e9s au niveau national \u2013 tout cela au profit de nos clients.\" \/>\n<meta property=\"og:url\" content=\"https:\/\/content.carib-export.com\/fr\/about\/our-team\/\" \/>\n<meta property=\"og:site_name\" content=\"Exportation Cara\u00efbes\" \/>\n<meta property=\"article:publisher\" content=\"https:\/\/www.facebook.com\/CaribbeanExport\" \/>\n<meta property=\"article:modified_time\" content=\"2025-12-19T18:27:44+00:00\" \/>\n<meta property=\"og:image\" content=\"https:\/\/content.carib-export.com\/wp-content\/uploads\/2019\/06\/CEDA-default-square.jpg\" \/>\n\t<meta property=\"og:image:width\" content=\"1000\" \/>\n\t<meta property=\"og:image:height\" content=\"1000\" \/>\n\t<meta property=\"og:image:type\" content=\"image\/jpeg\" \/>\n<meta name=\"twitter:card\" content=\"summary_large_image\" \/>\n<meta name=\"twitter:site\" content=\"@CaribXport\" \/>\n<meta name=\"twitter:label1\" content=\"Dur\u00e9e de lecture estim\u00e9e\" \/>\n\t<meta name=\"twitter:data1\" content=\"1 minute\" \/>\n<script type=\"application\/ld+json\" class=\"yoast-schema-graph\">{\"@context\":\"https:\/\/schema.org\",\"@graph\":[{\"@type\":\"WebPage\",\"@id\":\"https:\/\/content.carib-export.com\/fr\/about\/our-team\/\",\"url\":\"https:\/\/content.carib-export.com\/fr\/about\/our-team\/\",\"name\":\"de Notre \u00e9quipe - Exportation Cara\u00efbes\",\"isPartOf\":{\"@id\":\"https:\/\/content.carib-export.com\/fr\/#website\"},\"datePublished\":\"2012-07-24T19:26:25+00:00\",\"dateModified\":\"2025-12-19T18:27:44+00:00\",\"breadcrumb\":{\"@id\":\"https:\/\/content.carib-export.com\/fr\/about\/our-team\/#breadcrumb\"},\"inLanguage\":\"fr-FR\",\"potentialAction\":[{\"@type\":\"ReadAction\",\"target\":[\"https:\/\/content.carib-export.com\/fr\/about\/our-team\/\"]}]},{\"@type\":\"BreadcrumbList\",\"@id\":\"https:\/\/content.carib-export.com\/fr\/about\/our-team\/#breadcrumb\",\"itemListElement\":[{\"@type\":\"ListItem\",\"position\":1,\"name\":\"Accueil\",\"item\":\"https:\/\/content.carib-export.com\/fr\/home\/\"},{\"@type\":\"ListItem\",\"position\":2,\"name\":\"Sur\",\"item\":\"https:\/\/content.carib-export.com\/fr\/about\/\"},{\"@type\":\"ListItem\",\"position\":3,\"name\":\"Notre \u00e9quipe\"}]},{\"@type\":\"WebSite\",\"@id\":\"https:\/\/content.carib-export.com\/fr\/#website\",\"url\":\"https:\/\/content.carib-export.com\/fr\/\",\"name\":\"Exportation Cara\u00efbes\",\"description\":\"La seule agence r\u00e9gionale de promotion du commerce et des investissements du groupe Afrique, Cara\u00efbes et Pacifique.\",\"publisher\":{\"@id\":\"https:\/\/content.carib-export.com\/fr\/#organization\"},\"potentialAction\":[{\"@type\":\"SearchAction\",\"target\":{\"@type\":\"EntryPoint\",\"urlTemplate\":\"https:\/\/content.carib-export.com\/fr\/?s={search_term_string}\"},\"query-input\":{\"@type\":\"PropertyValueSpecification\",\"valueRequired\":true,\"valueName\":\"search_term_string\"}}],\"inLanguage\":\"fr-FR\"},{\"@type\":\"Organization\",\"@id\":\"https:\/\/content.carib-export.com\/fr\/#organization\",\"name\":\"Agence carib\u00e9enne de d\u00e9veloppement des exportations\",\"url\":\"https:\/\/content.carib-export.com\/fr\/\",\"logo\":{\"@type\":\"ImageObject\",\"inLanguage\":\"fr-FR\",\"@id\":\"https:\/\/content.carib-export.com\/fr\/#\/schema\/logo\/image\/\",\"url\":\"https:\/\/content.carib-export.com\/wp-content\/uploads\/2013\/03\/CE-Logo-2013.jpg\",\"contentUrl\":\"https:\/\/content.carib-export.com\/wp-content\/uploads\/2013\/03\/CE-Logo-2013.jpg\",\"width\":1024,\"height\":244,\"caption\":\"Agence carib\u00e9enne de d\u00e9veloppement des exportations\"},\"image\":{\"@id\":\"https:\/\/content.carib-export.com\/fr\/#\/schema\/logo\/image\/\"},\"sameAs\":[\"https:\/\/www.facebook.com\/CaribbeanExport\",\"https:\/\/x.com\/CaribXport\",\"https:\/\/www.instagram.com\/caribbeanexport\",\"https:\/\/www.linkedin.com\/company\/caribbeanexport\",\"https:\/\/www.youtube.com\/user\/TheCaribbeanExport\"]}]}<\/script>\n<!-- \/ Yoast SEO plugin. -->","yoast_head_json":{"title":"de Notre \u00e9quipe - Exportation Cara\u00efbes","robots":{"index":"index","follow":"follow","max-snippet":"max-snippet:-1","max-image-preview":"max-image-preview:large","max-video-preview":"max-video-preview:-1"},"canonical":"https:\/\/content.carib-export.com\/fr\/about\/our-team\/","og_locale":"fr_FR","og_type":"article","og_title":"de Notre \u00e9quipe - Exportation Cara\u00efbes","og_description":"Chez Caribbean Export, notre \u00e9quipe refl\u00e8te la diversit\u00e9 de notre r\u00e9gion CARIFORUM. Nous apportons une approche et une exp\u00e9rience multidisciplinaires \u00e0 la mise en \u0153uvre de notre programme. Et nos consultants externes nous aident \u00e0 r\u00e9pondre aux besoins sp\u00e9cialis\u00e9s de nos parties prenantes et de nos clients. En plus de l'\u00e9quipe de direction, chaque responsable technique a des responsabilit\u00e9s au niveau sectoriel et national. Cela permet l'utilisation de leurs comp\u00e9tences techniques dans toute la r\u00e9gion, ainsi qu'une approche int\u00e9gr\u00e9e des activit\u00e9s au niveau national \u2013 tout cela au profit de nos clients.","og_url":"https:\/\/content.carib-export.com\/fr\/about\/our-team\/","og_site_name":"Exportation Cara\u00efbes","article_publisher":"https:\/\/www.facebook.com\/CaribbeanExport","article_modified_time":"2025-12-19T18:27:44+00:00","og_image":[{"width":1000,"height":1000,"url":"https:\/\/content.carib-export.com\/wp-content\/uploads\/2019\/06\/CEDA-default-square.jpg","type":"image\/jpeg"}],"twitter_card":"summary_large_image","twitter_site":"@CaribXport","twitter_misc":{"Dur\u00e9e de lecture estim\u00e9e":"1 minute"},"schema":{"@context":"https:\/\/schema.org","@graph":[{"@type":"WebPage","@id":"https:\/\/content.carib-export.com\/fr\/about\/our-team\/","url":"https:\/\/content.carib-export.com\/fr\/about\/our-team\/","name":"de Notre \u00e9quipe - Exportation Cara\u00efbes","isPartOf":{"@id":"https:\/\/content.carib-export.com\/fr\/#website"},"datePublished":"2012-07-24T19:26:25+00:00","dateModified":"2025-12-19T18:27:44+00:00","breadcrumb":{"@id":"https:\/\/content.carib-export.com\/fr\/about\/our-team\/#breadcrumb"},"inLanguage":"fr-FR","potentialAction":[{"@type":"ReadAction","target":["https:\/\/content.carib-export.com\/fr\/about\/our-team\/"]}]},{"@type":"BreadcrumbList","@id":"https:\/\/content.carib-export.com\/fr\/about\/our-team\/#breadcrumb","itemListElement":[{"@type":"ListItem","position":1,"name":"Accueil","item":"https:\/\/content.carib-export.com\/fr\/home\/"},{"@type":"ListItem","position":2,"name":"Sur","item":"https:\/\/content.carib-export.com\/fr\/about\/"},{"@type":"ListItem","position":3,"name":"Notre \u00e9quipe"}]},{"@type":"WebSite","@id":"https:\/\/content.carib-export.com\/fr\/#website","url":"https:\/\/content.carib-export.com\/fr\/","name":"Exportation Cara\u00efbes","description":"La seule agence r\u00e9gionale de promotion du commerce et des investissements du groupe Afrique, Cara\u00efbes et Pacifique.","publisher":{"@id":"https:\/\/content.carib-export.com\/fr\/#organization"},"potentialAction":[{"@type":"SearchAction","target":{"@type":"EntryPoint","urlTemplate":"https:\/\/content.carib-export.com\/fr\/?s={search_term_string}"},"query-input":{"@type":"PropertyValueSpecification","valueRequired":true,"valueName":"search_term_string"}}],"inLanguage":"fr-FR"},{"@type":"Organization","@id":"https:\/\/content.carib-export.com\/fr\/#organization","name":"Agence carib\u00e9enne de d\u00e9veloppement des exportations","url":"https:\/\/content.carib-export.com\/fr\/","logo":{"@type":"ImageObject","inLanguage":"fr-FR","@id":"https:\/\/content.carib-export.com\/fr\/#\/schema\/logo\/image\/","url":"https:\/\/content.carib-export.com\/wp-content\/uploads\/2013\/03\/CE-Logo-2013.jpg","contentUrl":"https:\/\/content.carib-export.com\/wp-content\/uploads\/2013\/03\/CE-Logo-2013.jpg","width":1024,"height":244,"caption":"Agence carib\u00e9enne de d\u00e9veloppement des exportations"},"image":{"@id":"https:\/\/content.carib-export.com\/fr\/#\/schema\/logo\/image\/"},"sameAs":["https:\/\/www.facebook.com\/CaribbeanExport","https:\/\/x.com\/CaribXport","https:\/\/www.instagram.com\/caribbeanexport","https:\/\/www.linkedin.com\/company\/caribbeanexport","https:\/\/www.youtube.com\/user\/TheCaribbeanExport"]}]}},"_links":{"self":[{"href":"https:\/\/content.carib-export.com\/fr\/wp-json\/wp\/v2\/pages\/321616","targetHints":{"allow":["GET"]}}],"collection":[{"href":"https:\/\/content.carib-export.com\/fr\/wp-json\/wp\/v2\/pages"}],"about":[{"href":"https:\/\/content.carib-export.com\/fr\/wp-json\/wp\/v2\/types\/page"}],"author":[{"embeddable":true,"href":"https:\/\/content.carib-export.com\/fr\/wp-json\/wp\/v2\/users\/3"}],"replies":[{"embeddable":true,"href":"https:\/\/content.carib-export.com\/fr\/wp-json\/wp\/v2\/comments?post=321616"}],"version-history":[{"count":0,"href":"https:\/\/content.carib-export.com\/fr\/wp-json\/wp\/v2\/pages\/321616\/revisions"}],"up":[{"embeddable":true,"href":"https:\/\/content.carib-export.com\/fr\/wp-json\/wp\/v2\/pages\/255382"}],"wp:attachment":[{"href":"https:\/\/content.carib-export.com\/fr\/wp-json\/wp\/v2\/media?parent=321616"}],"wp:term":[{"taxonomy":"post_tag","embeddable":true,"href":"https:\/\/content.carib-export.com\/fr\/wp-json\/wp\/v2\/tags?post=321616"}],"curies":[{"name":"wp","href":"https:\/\/api.w.org\/{rel}","templated":true}]}}