{"id":373502,"date":"2025-01-30T12:17:57","date_gmt":"2025-01-30T16:17:57","guid":{"rendered":"https:\/\/demo.content.carib-export.com\/our-work\/projects\/digital-transformation\/"},"modified":"2025-02-17T19:39:28","modified_gmt":"2025-02-17T23:39:28","slug":"digital-transformation","status":"publish","type":"page","link":"https:\/\/content.carib-export.com\/fr\/our-work\/projects\/digital-transformation\/","title":{"rendered":"Transformation num\u00e9rique"},"content":{"rendered":"\n<p>Favoriser l&rsquo;innovation : Transformation num\u00e9rique dans les Cara\u00efbes<\/p>\n\n<p>Dans une \u00e9conomie mondiale qui \u00e9volue rapidement, il est essentiel d&rsquo;adopter la transformation num\u00e9rique pour rester comp\u00e9titif. Nous sommes d\u00e9termin\u00e9s \u00e0 donner aux entreprises des Cara\u00efbes les moyens d&rsquo;agir gr\u00e2ce \u00e0 des technologies et des strat\u00e9gies num\u00e9riques de pointe. Qu&rsquo;il s&rsquo;agisse d&rsquo;am\u00e9liorer les capacit\u00e9s de commerce \u00e9lectronique ou de rationaliser les op\u00e9rations \u00e0 l&rsquo;aide d&rsquo;outils num\u00e9riques, nos initiatives visent \u00e0 encourager l&rsquo;innovation, \u00e0 accro\u00eetre l&rsquo;efficacit\u00e9 et \u00e0 ouvrir de nouveaux march\u00e9s. D\u00e9couvrez comment nous pouvons vous aider \u00e0 naviguer dans le paysage num\u00e9rique et \u00e0 transformer votre entreprise pour l&rsquo;avenir.   <\/p>\n","protected":false},"excerpt":{"rendered":"<p>Favoriser l&rsquo;innovation : Transformation num\u00e9rique dans les Cara\u00efbes Dans une \u00e9conomie mondiale qui \u00e9volue rapidement, il est essentiel d&rsquo;adopter la transformation num\u00e9rique pour rester comp\u00e9titif. Nous sommes d\u00e9termin\u00e9s \u00e0 donner aux entreprises des Cara\u00efbes les moyens d&rsquo;agir gr\u00e2ce \u00e0 des technologies et des strat\u00e9gies num\u00e9riques de pointe. Qu&rsquo;il s&rsquo;agisse d&rsquo;am\u00e9liorer les capacit\u00e9s de commerce \u00e9lectronique [&hellip;]<\/p>\n","protected":false},"author":8,"featured_media":325611,"parent":308504,"menu_order":0,"comment_status":"closed","ping_status":"closed","template":"project-section.php","meta":{"_acf_changed":false,"inline_featured_image":false,"footnotes":""},"tags":[],"class_list":["post-373502","page","type-page","status-publish","has-post-thumbnail","hentry"],"acf":[],"yoast_head":"<!-- This site is optimized with the Yoast SEO plugin v27.1.1 - https:\/\/yoast.com\/product\/yoast-seo-wordpress\/ -->\n<title>de Transformation num\u00e9rique - Exportation Cara\u00efbes<\/title>\n<meta name=\"robots\" content=\"index, follow, max-snippet:-1, max-image-preview:large, max-video-preview:-1\" \/>\n<link rel=\"canonical\" href=\"https:\/\/content.carib-export.com\/fr\/our-work\/projects\/digital-transformation\/\" \/>\n<meta property=\"og:locale\" content=\"fr_FR\" \/>\n<meta property=\"og:type\" content=\"article\" \/>\n<meta property=\"og:title\" content=\"de Transformation num\u00e9rique - Exportation Cara\u00efbes\" \/>\n<meta property=\"og:description\" content=\"Favoriser l&rsquo;innovation : Transformation num\u00e9rique dans les Cara\u00efbes Dans une \u00e9conomie mondiale qui \u00e9volue rapidement, il est essentiel d&rsquo;adopter la transformation num\u00e9rique pour rester comp\u00e9titif. Nous sommes d\u00e9termin\u00e9s \u00e0 donner aux entreprises des Cara\u00efbes les moyens d&rsquo;agir gr\u00e2ce \u00e0 des technologies et des strat\u00e9gies num\u00e9riques de pointe. Qu&rsquo;il s&rsquo;agisse d&rsquo;am\u00e9liorer les capacit\u00e9s de commerce \u00e9lectronique [&hellip;]\" \/>\n<meta property=\"og:url\" content=\"https:\/\/content.carib-export.com\/fr\/our-work\/projects\/digital-transformation\/\" \/>\n<meta property=\"og:site_name\" content=\"Exportation Cara\u00efbes\" \/>\n<meta property=\"article:publisher\" content=\"https:\/\/www.facebook.com\/CaribbeanExport\" \/>\n<meta property=\"article:modified_time\" content=\"2025-02-17T23:39:28+00:00\" \/>\n<meta property=\"og:image\" content=\"https:\/\/content.carib-export.com\/wp-content\/uploads\/2024\/11\/New-website-featured-image-1500-x-1125-69.jpg\" \/>\n\t<meta property=\"og:image:width\" content=\"1500\" \/>\n\t<meta property=\"og:image:height\" content=\"1125\" \/>\n\t<meta property=\"og:image:type\" content=\"image\/jpeg\" \/>\n<meta name=\"twitter:card\" content=\"summary_large_image\" \/>\n<meta name=\"twitter:site\" content=\"@CaribXport\" \/>\n<meta name=\"twitter:label1\" content=\"Dur\u00e9e de lecture estim\u00e9e\" \/>\n\t<meta name=\"twitter:data1\" content=\"1 minute\" \/>\n<script type=\"application\/ld+json\" class=\"yoast-schema-graph\">{\"@context\":\"https:\/\/schema.org\",\"@graph\":[{\"@type\":\"WebPage\",\"@id\":\"https:\/\/content.carib-export.com\/fr\/our-work\/projects\/digital-transformation\/\",\"url\":\"https:\/\/content.carib-export.com\/fr\/our-work\/projects\/digital-transformation\/\",\"name\":\"de Transformation num\u00e9rique - Exportation Cara\u00efbes\",\"isPartOf\":{\"@id\":\"https:\/\/content.carib-export.com\/fr\/#website\"},\"primaryImageOfPage\":{\"@id\":\"https:\/\/content.carib-export.com\/fr\/our-work\/projects\/digital-transformation\/#primaryimage\"},\"image\":{\"@id\":\"https:\/\/content.carib-export.com\/fr\/our-work\/projects\/digital-transformation\/#primaryimage\"},\"thumbnailUrl\":\"https:\/\/content.carib-export.com\/wp-content\/uploads\/2024\/11\/New-website-featured-image-1500-x-1125-69.jpg\",\"datePublished\":\"2025-01-30T16:17:57+00:00\",\"dateModified\":\"2025-02-17T23:39:28+00:00\",\"breadcrumb\":{\"@id\":\"https:\/\/content.carib-export.com\/fr\/our-work\/projects\/digital-transformation\/#breadcrumb\"},\"inLanguage\":\"fr-FR\",\"potentialAction\":[{\"@type\":\"ReadAction\",\"target\":[\"https:\/\/content.carib-export.com\/fr\/our-work\/projects\/digital-transformation\/\"]}]},{\"@type\":\"ImageObject\",\"inLanguage\":\"fr-FR\",\"@id\":\"https:\/\/content.carib-export.com\/fr\/our-work\/projects\/digital-transformation\/#primaryimage\",\"url\":\"https:\/\/content.carib-export.com\/wp-content\/uploads\/2024\/11\/New-website-featured-image-1500-x-1125-69.jpg\",\"contentUrl\":\"https:\/\/content.carib-export.com\/wp-content\/uploads\/2024\/11\/New-website-featured-image-1500-x-1125-69.jpg\",\"width\":1500,\"height\":1125},{\"@type\":\"BreadcrumbList\",\"@id\":\"https:\/\/content.carib-export.com\/fr\/our-work\/projects\/digital-transformation\/#breadcrumb\",\"itemListElement\":[{\"@type\":\"ListItem\",\"position\":1,\"name\":\"Accueil\",\"item\":\"https:\/\/content.carib-export.com\/fr\/home\/\"},{\"@type\":\"ListItem\",\"position\":2,\"name\":\"Notre travail\",\"item\":\"https:\/\/content.carib-export.com\/fr\/our-work\/\"},{\"@type\":\"ListItem\",\"position\":3,\"name\":\"Projets\",\"item\":\"https:\/\/content.carib-export.com\/fr\/our-work\/projects\/\"},{\"@type\":\"ListItem\",\"position\":4,\"name\":\"Transformation num\u00e9rique\"}]},{\"@type\":\"WebSite\",\"@id\":\"https:\/\/content.carib-export.com\/fr\/#website\",\"url\":\"https:\/\/content.carib-export.com\/fr\/\",\"name\":\"Exportation Cara\u00efbes\",\"description\":\"La seule agence r\u00e9gionale de promotion du commerce et des investissements du groupe Afrique, Cara\u00efbes et Pacifique.\",\"publisher\":{\"@id\":\"https:\/\/content.carib-export.com\/fr\/#organization\"},\"potentialAction\":[{\"@type\":\"SearchAction\",\"target\":{\"@type\":\"EntryPoint\",\"urlTemplate\":\"https:\/\/content.carib-export.com\/fr\/?s={search_term_string}\"},\"query-input\":{\"@type\":\"PropertyValueSpecification\",\"valueRequired\":true,\"valueName\":\"search_term_string\"}}],\"inLanguage\":\"fr-FR\"},{\"@type\":\"Organization\",\"@id\":\"https:\/\/content.carib-export.com\/fr\/#organization\",\"name\":\"Agence carib\u00e9enne de d\u00e9veloppement des exportations\",\"url\":\"https:\/\/content.carib-export.com\/fr\/\",\"logo\":{\"@type\":\"ImageObject\",\"inLanguage\":\"fr-FR\",\"@id\":\"https:\/\/content.carib-export.com\/fr\/#\/schema\/logo\/image\/\",\"url\":\"https:\/\/content.carib-export.com\/wp-content\/uploads\/2013\/03\/CE-Logo-2013.jpg\",\"contentUrl\":\"https:\/\/content.carib-export.com\/wp-content\/uploads\/2013\/03\/CE-Logo-2013.jpg\",\"width\":1024,\"height\":244,\"caption\":\"Agence carib\u00e9enne de d\u00e9veloppement des exportations\"},\"image\":{\"@id\":\"https:\/\/content.carib-export.com\/fr\/#\/schema\/logo\/image\/\"},\"sameAs\":[\"https:\/\/www.facebook.com\/CaribbeanExport\",\"https:\/\/x.com\/CaribXport\",\"https:\/\/www.instagram.com\/caribbeanexport\",\"https:\/\/www.linkedin.com\/company\/caribbeanexport\",\"https:\/\/www.youtube.com\/user\/TheCaribbeanExport\"]}]}<\/script>\n<!-- \/ Yoast SEO plugin. -->","yoast_head_json":{"title":"de Transformation num\u00e9rique - Exportation Cara\u00efbes","robots":{"index":"index","follow":"follow","max-snippet":"max-snippet:-1","max-image-preview":"max-image-preview:large","max-video-preview":"max-video-preview:-1"},"canonical":"https:\/\/content.carib-export.com\/fr\/our-work\/projects\/digital-transformation\/","og_locale":"fr_FR","og_type":"article","og_title":"de Transformation num\u00e9rique - Exportation Cara\u00efbes","og_description":"Favoriser l&rsquo;innovation : Transformation num\u00e9rique dans les Cara\u00efbes Dans une \u00e9conomie mondiale qui \u00e9volue rapidement, il est essentiel d&rsquo;adopter la transformation num\u00e9rique pour rester comp\u00e9titif. Nous sommes d\u00e9termin\u00e9s \u00e0 donner aux entreprises des Cara\u00efbes les moyens d&rsquo;agir gr\u00e2ce \u00e0 des technologies et des strat\u00e9gies num\u00e9riques de pointe. Qu&rsquo;il s&rsquo;agisse d&rsquo;am\u00e9liorer les capacit\u00e9s de commerce \u00e9lectronique [&hellip;]","og_url":"https:\/\/content.carib-export.com\/fr\/our-work\/projects\/digital-transformation\/","og_site_name":"Exportation Cara\u00efbes","article_publisher":"https:\/\/www.facebook.com\/CaribbeanExport","article_modified_time":"2025-02-17T23:39:28+00:00","og_image":[{"width":1500,"height":1125,"url":"https:\/\/content.carib-export.com\/wp-content\/uploads\/2024\/11\/New-website-featured-image-1500-x-1125-69.jpg","type":"image\/jpeg"}],"twitter_card":"summary_large_image","twitter_site":"@CaribXport","twitter_misc":{"Dur\u00e9e de lecture estim\u00e9e":"1 minute"},"schema":{"@context":"https:\/\/schema.org","@graph":[{"@type":"WebPage","@id":"https:\/\/content.carib-export.com\/fr\/our-work\/projects\/digital-transformation\/","url":"https:\/\/content.carib-export.com\/fr\/our-work\/projects\/digital-transformation\/","name":"de Transformation num\u00e9rique - Exportation Cara\u00efbes","isPartOf":{"@id":"https:\/\/content.carib-export.com\/fr\/#website"},"primaryImageOfPage":{"@id":"https:\/\/content.carib-export.com\/fr\/our-work\/projects\/digital-transformation\/#primaryimage"},"image":{"@id":"https:\/\/content.carib-export.com\/fr\/our-work\/projects\/digital-transformation\/#primaryimage"},"thumbnailUrl":"https:\/\/content.carib-export.com\/wp-content\/uploads\/2024\/11\/New-website-featured-image-1500-x-1125-69.jpg","datePublished":"2025-01-30T16:17:57+00:00","dateModified":"2025-02-17T23:39:28+00:00","breadcrumb":{"@id":"https:\/\/content.carib-export.com\/fr\/our-work\/projects\/digital-transformation\/#breadcrumb"},"inLanguage":"fr-FR","potentialAction":[{"@type":"ReadAction","target":["https:\/\/content.carib-export.com\/fr\/our-work\/projects\/digital-transformation\/"]}]},{"@type":"ImageObject","inLanguage":"fr-FR","@id":"https:\/\/content.carib-export.com\/fr\/our-work\/projects\/digital-transformation\/#primaryimage","url":"https:\/\/content.carib-export.com\/wp-content\/uploads\/2024\/11\/New-website-featured-image-1500-x-1125-69.jpg","contentUrl":"https:\/\/content.carib-export.com\/wp-content\/uploads\/2024\/11\/New-website-featured-image-1500-x-1125-69.jpg","width":1500,"height":1125},{"@type":"BreadcrumbList","@id":"https:\/\/content.carib-export.com\/fr\/our-work\/projects\/digital-transformation\/#breadcrumb","itemListElement":[{"@type":"ListItem","position":1,"name":"Accueil","item":"https:\/\/content.carib-export.com\/fr\/home\/"},{"@type":"ListItem","position":2,"name":"Notre travail","item":"https:\/\/content.carib-export.com\/fr\/our-work\/"},{"@type":"ListItem","position":3,"name":"Projets","item":"https:\/\/content.carib-export.com\/fr\/our-work\/projects\/"},{"@type":"ListItem","position":4,"name":"Transformation num\u00e9rique"}]},{"@type":"WebSite","@id":"https:\/\/content.carib-export.com\/fr\/#website","url":"https:\/\/content.carib-export.com\/fr\/","name":"Exportation Cara\u00efbes","description":"La seule agence r\u00e9gionale de promotion du commerce et des investissements du groupe Afrique, Cara\u00efbes et Pacifique.","publisher":{"@id":"https:\/\/content.carib-export.com\/fr\/#organization"},"potentialAction":[{"@type":"SearchAction","target":{"@type":"EntryPoint","urlTemplate":"https:\/\/content.carib-export.com\/fr\/?s={search_term_string}"},"query-input":{"@type":"PropertyValueSpecification","valueRequired":true,"valueName":"search_term_string"}}],"inLanguage":"fr-FR"},{"@type":"Organization","@id":"https:\/\/content.carib-export.com\/fr\/#organization","name":"Agence carib\u00e9enne de d\u00e9veloppement des exportations","url":"https:\/\/content.carib-export.com\/fr\/","logo":{"@type":"ImageObject","inLanguage":"fr-FR","@id":"https:\/\/content.carib-export.com\/fr\/#\/schema\/logo\/image\/","url":"https:\/\/content.carib-export.com\/wp-content\/uploads\/2013\/03\/CE-Logo-2013.jpg","contentUrl":"https:\/\/content.carib-export.com\/wp-content\/uploads\/2013\/03\/CE-Logo-2013.jpg","width":1024,"height":244,"caption":"Agence carib\u00e9enne de d\u00e9veloppement des exportations"},"image":{"@id":"https:\/\/content.carib-export.com\/fr\/#\/schema\/logo\/image\/"},"sameAs":["https:\/\/www.facebook.com\/CaribbeanExport","https:\/\/x.com\/CaribXport","https:\/\/www.instagram.com\/caribbeanexport","https:\/\/www.linkedin.com\/company\/caribbeanexport","https:\/\/www.youtube.com\/user\/TheCaribbeanExport"]}]}},"_links":{"self":[{"href":"https:\/\/content.carib-export.com\/fr\/wp-json\/wp\/v2\/pages\/373502","targetHints":{"allow":["GET"]}}],"collection":[{"href":"https:\/\/content.carib-export.com\/fr\/wp-json\/wp\/v2\/pages"}],"about":[{"href":"https:\/\/content.carib-export.com\/fr\/wp-json\/wp\/v2\/types\/page"}],"author":[{"embeddable":true,"href":"https:\/\/content.carib-export.com\/fr\/wp-json\/wp\/v2\/users\/8"}],"replies":[{"embeddable":true,"href":"https:\/\/content.carib-export.com\/fr\/wp-json\/wp\/v2\/comments?post=373502"}],"version-history":[{"count":0,"href":"https:\/\/content.carib-export.com\/fr\/wp-json\/wp\/v2\/pages\/373502\/revisions"}],"up":[{"embeddable":true,"href":"https:\/\/content.carib-export.com\/fr\/wp-json\/wp\/v2\/pages\/308504"}],"wp:featuredmedia":[{"embeddable":true,"href":"https:\/\/content.carib-export.com\/fr\/wp-json\/wp\/v2\/media\/325611"}],"wp:attachment":[{"href":"https:\/\/content.carib-export.com\/fr\/wp-json\/wp\/v2\/media?parent=373502"}],"wp:term":[{"taxonomy":"post_tag","embeddable":true,"href":"https:\/\/content.carib-export.com\/fr\/wp-json\/wp\/v2\/tags?post=373502"}],"curies":[{"name":"wp","href":"https:\/\/api.w.org\/{rel}","templated":true}]}}