{"id":373532,"date":"2025-01-30T12:19:38","date_gmt":"2025-01-30T16:19:38","guid":{"rendered":"https:\/\/demo.content.carib-export.com\/our-work\/projects\/sustainable-development\/"},"modified":"2025-02-17T19:42:43","modified_gmt":"2025-02-17T23:42:43","slug":"sustainable-development","status":"publish","type":"page","link":"https:\/\/content.carib-export.com\/fr\/our-work\/projects\/sustainable-development\/","title":{"rendered":"D\u00e9veloppement durable"},"content":{"rendered":"\n<p>Construire un avenir durable pour les Cara\u00efbes<\/p>\n\n<p>\u00c0 l&rsquo;Agence de d\u00e9veloppement des exportations des Cara\u00efbes, nous favorisons la transition vers une \u00e9conomie carib\u00e9enne plus durable et plus inclusive. Gr\u00e2ce \u00e0 nos programmes de d\u00e9veloppement durable, nous aidons les entreprises \u00e0 adopter des pratiques responsables qui concilient la croissance \u00e9conomique avec le bien-\u00eatre social et la gestion de l&rsquo;environnement. Nos initiatives se concentrent sur le d\u00e9veloppement des industries vertes, la promotion de la r\u00e9silience climatique et l&rsquo;int\u00e9gration de la durabilit\u00e9 dans les strat\u00e9gies de commerce et d&rsquo;investissement. En donnant aux entreprises les outils et les connaissances n\u00e9cessaires pour fonctionner de mani\u00e8re durable, nous cr\u00e9ons un avenir o\u00f9 les entreprises carib\u00e9ennes prosp\u00e8rent tout en pr\u00e9servant nos ressources naturelles pour les g\u00e9n\u00e9rations \u00e0 venir. Rejoignez-nous pour fa\u00e7onner une Cara\u00efbe r\u00e9siliente et prosp\u00e8re.    <\/p>\n","protected":false},"excerpt":{"rendered":"<p>Construire un avenir durable pour les Cara\u00efbes \u00c0 l&rsquo;Agence de d\u00e9veloppement des exportations des Cara\u00efbes, nous favorisons la transition vers une \u00e9conomie carib\u00e9enne plus durable et plus inclusive. Gr\u00e2ce \u00e0 nos programmes de d\u00e9veloppement durable, nous aidons les entreprises \u00e0 adopter des pratiques responsables qui concilient la croissance \u00e9conomique avec le bien-\u00eatre social et la [&hellip;]<\/p>\n","protected":false},"author":8,"featured_media":325291,"parent":308504,"menu_order":2,"comment_status":"closed","ping_status":"closed","template":"project-section.php","meta":{"_acf_changed":false,"inline_featured_image":false,"footnotes":""},"tags":[],"class_list":["post-373532","page","type-page","status-publish","has-post-thumbnail","hentry"],"acf":[],"yoast_head":"<!-- This site is optimized with the Yoast SEO plugin v27.1.1 - https:\/\/yoast.com\/product\/yoast-seo-wordpress\/ -->\n<title>de D\u00e9veloppement durable - Exportation Cara\u00efbes<\/title>\n<meta name=\"robots\" content=\"index, follow, max-snippet:-1, max-image-preview:large, max-video-preview:-1\" \/>\n<link rel=\"canonical\" href=\"https:\/\/content.carib-export.com\/fr\/our-work\/projects\/sustainable-development\/\" \/>\n<meta property=\"og:locale\" content=\"fr_FR\" \/>\n<meta property=\"og:type\" content=\"article\" \/>\n<meta property=\"og:title\" content=\"de D\u00e9veloppement durable - Exportation Cara\u00efbes\" \/>\n<meta property=\"og:description\" content=\"Construire un avenir durable pour les Cara\u00efbes \u00c0 l&rsquo;Agence de d\u00e9veloppement des exportations des Cara\u00efbes, nous favorisons la transition vers une \u00e9conomie carib\u00e9enne plus durable et plus inclusive. Gr\u00e2ce \u00e0 nos programmes de d\u00e9veloppement durable, nous aidons les entreprises \u00e0 adopter des pratiques responsables qui concilient la croissance \u00e9conomique avec le bien-\u00eatre social et la [&hellip;]\" \/>\n<meta property=\"og:url\" content=\"https:\/\/content.carib-export.com\/fr\/our-work\/projects\/sustainable-development\/\" \/>\n<meta property=\"og:site_name\" content=\"Exportation Cara\u00efbes\" \/>\n<meta property=\"article:publisher\" content=\"https:\/\/www.facebook.com\/CaribbeanExport\" \/>\n<meta property=\"article:modified_time\" content=\"2025-02-17T23:42:43+00:00\" \/>\n<meta property=\"og:image\" content=\"https:\/\/content.carib-export.com\/wp-content\/uploads\/2024\/10\/New-website-featured-image-1500-x-1125-64.jpg\" \/>\n\t<meta property=\"og:image:width\" content=\"1500\" \/>\n\t<meta property=\"og:image:height\" content=\"1125\" \/>\n\t<meta property=\"og:image:type\" content=\"image\/jpeg\" \/>\n<meta name=\"twitter:card\" content=\"summary_large_image\" \/>\n<meta name=\"twitter:site\" content=\"@CaribXport\" \/>\n<meta name=\"twitter:label1\" content=\"Dur\u00e9e de lecture estim\u00e9e\" \/>\n\t<meta name=\"twitter:data1\" content=\"1 minute\" \/>\n<script type=\"application\/ld+json\" class=\"yoast-schema-graph\">{\"@context\":\"https:\/\/schema.org\",\"@graph\":[{\"@type\":\"WebPage\",\"@id\":\"https:\/\/content.carib-export.com\/fr\/our-work\/projects\/sustainable-development\/\",\"url\":\"https:\/\/content.carib-export.com\/fr\/our-work\/projects\/sustainable-development\/\",\"name\":\"de D\u00e9veloppement durable - Exportation Cara\u00efbes\",\"isPartOf\":{\"@id\":\"https:\/\/content.carib-export.com\/fr\/#website\"},\"primaryImageOfPage\":{\"@id\":\"https:\/\/content.carib-export.com\/fr\/our-work\/projects\/sustainable-development\/#primaryimage\"},\"image\":{\"@id\":\"https:\/\/content.carib-export.com\/fr\/our-work\/projects\/sustainable-development\/#primaryimage\"},\"thumbnailUrl\":\"https:\/\/content.carib-export.com\/wp-content\/uploads\/2024\/10\/New-website-featured-image-1500-x-1125-64.jpg\",\"datePublished\":\"2025-01-30T16:19:38+00:00\",\"dateModified\":\"2025-02-17T23:42:43+00:00\",\"breadcrumb\":{\"@id\":\"https:\/\/content.carib-export.com\/fr\/our-work\/projects\/sustainable-development\/#breadcrumb\"},\"inLanguage\":\"fr-FR\",\"potentialAction\":[{\"@type\":\"ReadAction\",\"target\":[\"https:\/\/content.carib-export.com\/fr\/our-work\/projects\/sustainable-development\/\"]}]},{\"@type\":\"ImageObject\",\"inLanguage\":\"fr-FR\",\"@id\":\"https:\/\/content.carib-export.com\/fr\/our-work\/projects\/sustainable-development\/#primaryimage\",\"url\":\"https:\/\/content.carib-export.com\/wp-content\/uploads\/2024\/10\/New-website-featured-image-1500-x-1125-64.jpg\",\"contentUrl\":\"https:\/\/content.carib-export.com\/wp-content\/uploads\/2024\/10\/New-website-featured-image-1500-x-1125-64.jpg\",\"width\":1500,\"height\":1125},{\"@type\":\"BreadcrumbList\",\"@id\":\"https:\/\/content.carib-export.com\/fr\/our-work\/projects\/sustainable-development\/#breadcrumb\",\"itemListElement\":[{\"@type\":\"ListItem\",\"position\":1,\"name\":\"Accueil\",\"item\":\"https:\/\/content.carib-export.com\/fr\/home\/\"},{\"@type\":\"ListItem\",\"position\":2,\"name\":\"Notre travail\",\"item\":\"https:\/\/content.carib-export.com\/fr\/our-work\/\"},{\"@type\":\"ListItem\",\"position\":3,\"name\":\"Projets\",\"item\":\"https:\/\/content.carib-export.com\/fr\/our-work\/projects\/\"},{\"@type\":\"ListItem\",\"position\":4,\"name\":\"D\u00e9veloppement durable\"}]},{\"@type\":\"WebSite\",\"@id\":\"https:\/\/content.carib-export.com\/fr\/#website\",\"url\":\"https:\/\/content.carib-export.com\/fr\/\",\"name\":\"Exportation Cara\u00efbes\",\"description\":\"La seule agence r\u00e9gionale de promotion du commerce et des investissements du groupe Afrique, Cara\u00efbes et Pacifique.\",\"publisher\":{\"@id\":\"https:\/\/content.carib-export.com\/fr\/#organization\"},\"potentialAction\":[{\"@type\":\"SearchAction\",\"target\":{\"@type\":\"EntryPoint\",\"urlTemplate\":\"https:\/\/content.carib-export.com\/fr\/?s={search_term_string}\"},\"query-input\":{\"@type\":\"PropertyValueSpecification\",\"valueRequired\":true,\"valueName\":\"search_term_string\"}}],\"inLanguage\":\"fr-FR\"},{\"@type\":\"Organization\",\"@id\":\"https:\/\/content.carib-export.com\/fr\/#organization\",\"name\":\"Agence carib\u00e9enne de d\u00e9veloppement des exportations\",\"url\":\"https:\/\/content.carib-export.com\/fr\/\",\"logo\":{\"@type\":\"ImageObject\",\"inLanguage\":\"fr-FR\",\"@id\":\"https:\/\/content.carib-export.com\/fr\/#\/schema\/logo\/image\/\",\"url\":\"https:\/\/content.carib-export.com\/wp-content\/uploads\/2013\/03\/CE-Logo-2013.jpg\",\"contentUrl\":\"https:\/\/content.carib-export.com\/wp-content\/uploads\/2013\/03\/CE-Logo-2013.jpg\",\"width\":1024,\"height\":244,\"caption\":\"Agence carib\u00e9enne de d\u00e9veloppement des exportations\"},\"image\":{\"@id\":\"https:\/\/content.carib-export.com\/fr\/#\/schema\/logo\/image\/\"},\"sameAs\":[\"https:\/\/www.facebook.com\/CaribbeanExport\",\"https:\/\/x.com\/CaribXport\",\"https:\/\/www.instagram.com\/caribbeanexport\",\"https:\/\/www.linkedin.com\/company\/caribbeanexport\",\"https:\/\/www.youtube.com\/user\/TheCaribbeanExport\"]}]}<\/script>\n<!-- \/ Yoast SEO plugin. -->","yoast_head_json":{"title":"de D\u00e9veloppement durable - Exportation Cara\u00efbes","robots":{"index":"index","follow":"follow","max-snippet":"max-snippet:-1","max-image-preview":"max-image-preview:large","max-video-preview":"max-video-preview:-1"},"canonical":"https:\/\/content.carib-export.com\/fr\/our-work\/projects\/sustainable-development\/","og_locale":"fr_FR","og_type":"article","og_title":"de D\u00e9veloppement durable - Exportation Cara\u00efbes","og_description":"Construire un avenir durable pour les Cara\u00efbes \u00c0 l&rsquo;Agence de d\u00e9veloppement des exportations des Cara\u00efbes, nous favorisons la transition vers une \u00e9conomie carib\u00e9enne plus durable et plus inclusive. Gr\u00e2ce \u00e0 nos programmes de d\u00e9veloppement durable, nous aidons les entreprises \u00e0 adopter des pratiques responsables qui concilient la croissance \u00e9conomique avec le bien-\u00eatre social et la [&hellip;]","og_url":"https:\/\/content.carib-export.com\/fr\/our-work\/projects\/sustainable-development\/","og_site_name":"Exportation Cara\u00efbes","article_publisher":"https:\/\/www.facebook.com\/CaribbeanExport","article_modified_time":"2025-02-17T23:42:43+00:00","og_image":[{"width":1500,"height":1125,"url":"https:\/\/content.carib-export.com\/wp-content\/uploads\/2024\/10\/New-website-featured-image-1500-x-1125-64.jpg","type":"image\/jpeg"}],"twitter_card":"summary_large_image","twitter_site":"@CaribXport","twitter_misc":{"Dur\u00e9e de lecture estim\u00e9e":"1 minute"},"schema":{"@context":"https:\/\/schema.org","@graph":[{"@type":"WebPage","@id":"https:\/\/content.carib-export.com\/fr\/our-work\/projects\/sustainable-development\/","url":"https:\/\/content.carib-export.com\/fr\/our-work\/projects\/sustainable-development\/","name":"de D\u00e9veloppement durable - Exportation Cara\u00efbes","isPartOf":{"@id":"https:\/\/content.carib-export.com\/fr\/#website"},"primaryImageOfPage":{"@id":"https:\/\/content.carib-export.com\/fr\/our-work\/projects\/sustainable-development\/#primaryimage"},"image":{"@id":"https:\/\/content.carib-export.com\/fr\/our-work\/projects\/sustainable-development\/#primaryimage"},"thumbnailUrl":"https:\/\/content.carib-export.com\/wp-content\/uploads\/2024\/10\/New-website-featured-image-1500-x-1125-64.jpg","datePublished":"2025-01-30T16:19:38+00:00","dateModified":"2025-02-17T23:42:43+00:00","breadcrumb":{"@id":"https:\/\/content.carib-export.com\/fr\/our-work\/projects\/sustainable-development\/#breadcrumb"},"inLanguage":"fr-FR","potentialAction":[{"@type":"ReadAction","target":["https:\/\/content.carib-export.com\/fr\/our-work\/projects\/sustainable-development\/"]}]},{"@type":"ImageObject","inLanguage":"fr-FR","@id":"https:\/\/content.carib-export.com\/fr\/our-work\/projects\/sustainable-development\/#primaryimage","url":"https:\/\/content.carib-export.com\/wp-content\/uploads\/2024\/10\/New-website-featured-image-1500-x-1125-64.jpg","contentUrl":"https:\/\/content.carib-export.com\/wp-content\/uploads\/2024\/10\/New-website-featured-image-1500-x-1125-64.jpg","width":1500,"height":1125},{"@type":"BreadcrumbList","@id":"https:\/\/content.carib-export.com\/fr\/our-work\/projects\/sustainable-development\/#breadcrumb","itemListElement":[{"@type":"ListItem","position":1,"name":"Accueil","item":"https:\/\/content.carib-export.com\/fr\/home\/"},{"@type":"ListItem","position":2,"name":"Notre travail","item":"https:\/\/content.carib-export.com\/fr\/our-work\/"},{"@type":"ListItem","position":3,"name":"Projets","item":"https:\/\/content.carib-export.com\/fr\/our-work\/projects\/"},{"@type":"ListItem","position":4,"name":"D\u00e9veloppement durable"}]},{"@type":"WebSite","@id":"https:\/\/content.carib-export.com\/fr\/#website","url":"https:\/\/content.carib-export.com\/fr\/","name":"Exportation Cara\u00efbes","description":"La seule agence r\u00e9gionale de promotion du commerce et des investissements du groupe Afrique, Cara\u00efbes et Pacifique.","publisher":{"@id":"https:\/\/content.carib-export.com\/fr\/#organization"},"potentialAction":[{"@type":"SearchAction","target":{"@type":"EntryPoint","urlTemplate":"https:\/\/content.carib-export.com\/fr\/?s={search_term_string}"},"query-input":{"@type":"PropertyValueSpecification","valueRequired":true,"valueName":"search_term_string"}}],"inLanguage":"fr-FR"},{"@type":"Organization","@id":"https:\/\/content.carib-export.com\/fr\/#organization","name":"Agence carib\u00e9enne de d\u00e9veloppement des exportations","url":"https:\/\/content.carib-export.com\/fr\/","logo":{"@type":"ImageObject","inLanguage":"fr-FR","@id":"https:\/\/content.carib-export.com\/fr\/#\/schema\/logo\/image\/","url":"https:\/\/content.carib-export.com\/wp-content\/uploads\/2013\/03\/CE-Logo-2013.jpg","contentUrl":"https:\/\/content.carib-export.com\/wp-content\/uploads\/2013\/03\/CE-Logo-2013.jpg","width":1024,"height":244,"caption":"Agence carib\u00e9enne de d\u00e9veloppement des exportations"},"image":{"@id":"https:\/\/content.carib-export.com\/fr\/#\/schema\/logo\/image\/"},"sameAs":["https:\/\/www.facebook.com\/CaribbeanExport","https:\/\/x.com\/CaribXport","https:\/\/www.instagram.com\/caribbeanexport","https:\/\/www.linkedin.com\/company\/caribbeanexport","https:\/\/www.youtube.com\/user\/TheCaribbeanExport"]}]}},"_links":{"self":[{"href":"https:\/\/content.carib-export.com\/fr\/wp-json\/wp\/v2\/pages\/373532","targetHints":{"allow":["GET"]}}],"collection":[{"href":"https:\/\/content.carib-export.com\/fr\/wp-json\/wp\/v2\/pages"}],"about":[{"href":"https:\/\/content.carib-export.com\/fr\/wp-json\/wp\/v2\/types\/page"}],"author":[{"embeddable":true,"href":"https:\/\/content.carib-export.com\/fr\/wp-json\/wp\/v2\/users\/8"}],"replies":[{"embeddable":true,"href":"https:\/\/content.carib-export.com\/fr\/wp-json\/wp\/v2\/comments?post=373532"}],"version-history":[{"count":0,"href":"https:\/\/content.carib-export.com\/fr\/wp-json\/wp\/v2\/pages\/373532\/revisions"}],"up":[{"embeddable":true,"href":"https:\/\/content.carib-export.com\/fr\/wp-json\/wp\/v2\/pages\/308504"}],"wp:featuredmedia":[{"embeddable":true,"href":"https:\/\/content.carib-export.com\/fr\/wp-json\/wp\/v2\/media\/325291"}],"wp:attachment":[{"href":"https:\/\/content.carib-export.com\/fr\/wp-json\/wp\/v2\/media?parent=373532"}],"wp:term":[{"taxonomy":"post_tag","embeddable":true,"href":"https:\/\/content.carib-export.com\/fr\/wp-json\/wp\/v2\/tags?post=373532"}],"curies":[{"name":"wp","href":"https:\/\/api.w.org\/{rel}","templated":true}]}}