{"id":373541,"date":"2025-01-30T12:16:12","date_gmt":"2025-01-30T16:16:12","guid":{"rendered":"https:\/\/demo.content.carib-export.com\/our-work\/projects\/transition-to-a-green-economy\/"},"modified":"2025-03-02T00:02:58","modified_gmt":"2025-03-02T04:02:58","slug":"transition-to-a-green-economy","status":"publish","type":"page","link":"https:\/\/content.carib-export.com\/fr\/our-work\/projects\/transition-to-a-green-economy\/","title":{"rendered":"Transition vers une \u00e9conomie verte"},"content":{"rendered":"\n<p>Ouvrir la voie : Transition vers une \u00e9conomie verte dans les Cara\u00efbes <\/p>\n\n<p>La transition vers une \u00e9conomie verte n&rsquo;est pas seulement une n\u00e9cessit\u00e9 ; c&rsquo;est une opportunit\u00e9 pour la croissance durable et l&rsquo;innovation. Nous nous engageons \u00e0 guider les Cara\u00efbes vers un mod\u00e8le \u00e9conomique plus durable et plus inclusif. Gr\u00e2ce \u00e0 nos programmes, nous aidons les entreprises \u00e0 adopter des pratiques respectueuses de l&rsquo;environnement, \u00e0 investir dans les \u00e9nergies renouvelables et \u00e0 d\u00e9velopper des industries vertes. Rejoignez-nous sur la voie d&rsquo;un avenir dynamique, r\u00e9silient et durable o\u00f9 le d\u00e9veloppement \u00e9conomique va de pair avec la gestion de l&rsquo;environnement.    <\/p>\n","protected":false},"excerpt":{"rendered":"<p>Ouvrir la voie : Transition vers une \u00e9conomie verte dans les Cara\u00efbes La transition vers une \u00e9conomie verte n&rsquo;est pas seulement une n\u00e9cessit\u00e9 ; c&rsquo;est une opportunit\u00e9 pour la croissance durable et l&rsquo;innovation. Nous nous engageons \u00e0 guider les Cara\u00efbes vers un mod\u00e8le \u00e9conomique plus durable et plus inclusif. Gr\u00e2ce \u00e0 nos programmes, nous aidons [&hellip;]<\/p>\n","protected":false},"author":8,"featured_media":376398,"parent":308504,"menu_order":3,"comment_status":"closed","ping_status":"closed","template":"project-section.php","meta":{"_acf_changed":false,"inline_featured_image":false,"footnotes":""},"tags":[],"class_list":["post-373541","page","type-page","status-publish","has-post-thumbnail","hentry"],"acf":[],"yoast_head":"<!-- This site is optimized with the Yoast SEO plugin v27.1.1 - https:\/\/yoast.com\/product\/yoast-seo-wordpress\/ -->\n<title>de Transition vers une \u00e9conomie verte - Exportation Cara\u00efbes<\/title>\n<meta name=\"robots\" content=\"index, follow, max-snippet:-1, max-image-preview:large, max-video-preview:-1\" \/>\n<link rel=\"canonical\" href=\"https:\/\/content.carib-export.com\/fr\/our-work\/projects\/transition-to-a-green-economy\/\" \/>\n<meta property=\"og:locale\" content=\"fr_FR\" \/>\n<meta property=\"og:type\" content=\"article\" \/>\n<meta property=\"og:title\" content=\"de Transition vers une \u00e9conomie verte - Exportation Cara\u00efbes\" \/>\n<meta property=\"og:description\" content=\"Ouvrir la voie : Transition vers une \u00e9conomie verte dans les Cara\u00efbes La transition vers une \u00e9conomie verte n&rsquo;est pas seulement une n\u00e9cessit\u00e9 ; c&rsquo;est une opportunit\u00e9 pour la croissance durable et l&rsquo;innovation. Nous nous engageons \u00e0 guider les Cara\u00efbes vers un mod\u00e8le \u00e9conomique plus durable et plus inclusif. Gr\u00e2ce \u00e0 nos programmes, nous aidons [&hellip;]\" \/>\n<meta property=\"og:url\" content=\"https:\/\/content.carib-export.com\/fr\/our-work\/projects\/transition-to-a-green-economy\/\" \/>\n<meta property=\"og:site_name\" content=\"Exportation Cara\u00efbes\" \/>\n<meta property=\"article:publisher\" content=\"https:\/\/www.facebook.com\/CaribbeanExport\" \/>\n<meta property=\"article:modified_time\" content=\"2025-03-02T04:02:58+00:00\" \/>\n<meta property=\"og:image\" content=\"https:\/\/content.carib-export.com\/wp-content\/uploads\/2025\/03\/Environmental-and-Social-Safeguards-Policy-1024x768.png\" \/>\n\t<meta property=\"og:image:width\" content=\"1024\" \/>\n\t<meta property=\"og:image:height\" content=\"768\" \/>\n\t<meta property=\"og:image:type\" content=\"image\/png\" \/>\n<meta name=\"twitter:card\" content=\"summary_large_image\" \/>\n<meta name=\"twitter:site\" content=\"@CaribXport\" \/>\n<script type=\"application\/ld+json\" class=\"yoast-schema-graph\">{\"@context\":\"https:\/\/schema.org\",\"@graph\":[{\"@type\":\"WebPage\",\"@id\":\"https:\/\/content.carib-export.com\/fr\/our-work\/projects\/transition-to-a-green-economy\/\",\"url\":\"https:\/\/content.carib-export.com\/fr\/our-work\/projects\/transition-to-a-green-economy\/\",\"name\":\"de Transition vers une \u00e9conomie verte - Exportation Cara\u00efbes\",\"isPartOf\":{\"@id\":\"https:\/\/content.carib-export.com\/fr\/#website\"},\"primaryImageOfPage\":{\"@id\":\"https:\/\/content.carib-export.com\/fr\/our-work\/projects\/transition-to-a-green-economy\/#primaryimage\"},\"image\":{\"@id\":\"https:\/\/content.carib-export.com\/fr\/our-work\/projects\/transition-to-a-green-economy\/#primaryimage\"},\"thumbnailUrl\":\"https:\/\/content.carib-export.com\/wp-content\/uploads\/2025\/03\/Environmental-and-Social-Safeguards-Policy.png\",\"datePublished\":\"2025-01-30T16:16:12+00:00\",\"dateModified\":\"2025-03-02T04:02:58+00:00\",\"breadcrumb\":{\"@id\":\"https:\/\/content.carib-export.com\/fr\/our-work\/projects\/transition-to-a-green-economy\/#breadcrumb\"},\"inLanguage\":\"fr-FR\",\"potentialAction\":[{\"@type\":\"ReadAction\",\"target\":[\"https:\/\/content.carib-export.com\/fr\/our-work\/projects\/transition-to-a-green-economy\/\"]}]},{\"@type\":\"ImageObject\",\"inLanguage\":\"fr-FR\",\"@id\":\"https:\/\/content.carib-export.com\/fr\/our-work\/projects\/transition-to-a-green-economy\/#primaryimage\",\"url\":\"https:\/\/content.carib-export.com\/wp-content\/uploads\/2025\/03\/Environmental-and-Social-Safeguards-Policy.png\",\"contentUrl\":\"https:\/\/content.carib-export.com\/wp-content\/uploads\/2025\/03\/Environmental-and-Social-Safeguards-Policy.png\",\"width\":1500,\"height\":1125},{\"@type\":\"BreadcrumbList\",\"@id\":\"https:\/\/content.carib-export.com\/fr\/our-work\/projects\/transition-to-a-green-economy\/#breadcrumb\",\"itemListElement\":[{\"@type\":\"ListItem\",\"position\":1,\"name\":\"Accueil\",\"item\":\"https:\/\/content.carib-export.com\/fr\/home\/\"},{\"@type\":\"ListItem\",\"position\":2,\"name\":\"Notre travail\",\"item\":\"https:\/\/content.carib-export.com\/fr\/our-work\/\"},{\"@type\":\"ListItem\",\"position\":3,\"name\":\"Projets\",\"item\":\"https:\/\/content.carib-export.com\/fr\/our-work\/projects\/\"},{\"@type\":\"ListItem\",\"position\":4,\"name\":\"Transition vers une \u00e9conomie verte\"}]},{\"@type\":\"WebSite\",\"@id\":\"https:\/\/content.carib-export.com\/fr\/#website\",\"url\":\"https:\/\/content.carib-export.com\/fr\/\",\"name\":\"Exportation Cara\u00efbes\",\"description\":\"La seule agence r\u00e9gionale de promotion du commerce et des investissements du groupe Afrique, Cara\u00efbes et Pacifique.\",\"publisher\":{\"@id\":\"https:\/\/content.carib-export.com\/fr\/#organization\"},\"potentialAction\":[{\"@type\":\"SearchAction\",\"target\":{\"@type\":\"EntryPoint\",\"urlTemplate\":\"https:\/\/content.carib-export.com\/fr\/?s={search_term_string}\"},\"query-input\":{\"@type\":\"PropertyValueSpecification\",\"valueRequired\":true,\"valueName\":\"search_term_string\"}}],\"inLanguage\":\"fr-FR\"},{\"@type\":\"Organization\",\"@id\":\"https:\/\/content.carib-export.com\/fr\/#organization\",\"name\":\"Agence carib\u00e9enne de d\u00e9veloppement des exportations\",\"url\":\"https:\/\/content.carib-export.com\/fr\/\",\"logo\":{\"@type\":\"ImageObject\",\"inLanguage\":\"fr-FR\",\"@id\":\"https:\/\/content.carib-export.com\/fr\/#\/schema\/logo\/image\/\",\"url\":\"https:\/\/content.carib-export.com\/wp-content\/uploads\/2013\/03\/CE-Logo-2013.jpg\",\"contentUrl\":\"https:\/\/content.carib-export.com\/wp-content\/uploads\/2013\/03\/CE-Logo-2013.jpg\",\"width\":1024,\"height\":244,\"caption\":\"Agence carib\u00e9enne de d\u00e9veloppement des exportations\"},\"image\":{\"@id\":\"https:\/\/content.carib-export.com\/fr\/#\/schema\/logo\/image\/\"},\"sameAs\":[\"https:\/\/www.facebook.com\/CaribbeanExport\",\"https:\/\/x.com\/CaribXport\",\"https:\/\/www.instagram.com\/caribbeanexport\",\"https:\/\/www.linkedin.com\/company\/caribbeanexport\",\"https:\/\/www.youtube.com\/user\/TheCaribbeanExport\"]}]}<\/script>\n<!-- \/ Yoast SEO plugin. -->","yoast_head_json":{"title":"de Transition vers une \u00e9conomie verte - Exportation Cara\u00efbes","robots":{"index":"index","follow":"follow","max-snippet":"max-snippet:-1","max-image-preview":"max-image-preview:large","max-video-preview":"max-video-preview:-1"},"canonical":"https:\/\/content.carib-export.com\/fr\/our-work\/projects\/transition-to-a-green-economy\/","og_locale":"fr_FR","og_type":"article","og_title":"de Transition vers une \u00e9conomie verte - Exportation Cara\u00efbes","og_description":"Ouvrir la voie : Transition vers une \u00e9conomie verte dans les Cara\u00efbes La transition vers une \u00e9conomie verte n&rsquo;est pas seulement une n\u00e9cessit\u00e9 ; c&rsquo;est une opportunit\u00e9 pour la croissance durable et l&rsquo;innovation. Nous nous engageons \u00e0 guider les Cara\u00efbes vers un mod\u00e8le \u00e9conomique plus durable et plus inclusif. Gr\u00e2ce \u00e0 nos programmes, nous aidons [&hellip;]","og_url":"https:\/\/content.carib-export.com\/fr\/our-work\/projects\/transition-to-a-green-economy\/","og_site_name":"Exportation Cara\u00efbes","article_publisher":"https:\/\/www.facebook.com\/CaribbeanExport","article_modified_time":"2025-03-02T04:02:58+00:00","og_image":[{"width":1024,"height":768,"url":"https:\/\/content.carib-export.com\/wp-content\/uploads\/2025\/03\/Environmental-and-Social-Safeguards-Policy-1024x768.png","type":"image\/png"}],"twitter_card":"summary_large_image","twitter_site":"@CaribXport","schema":{"@context":"https:\/\/schema.org","@graph":[{"@type":"WebPage","@id":"https:\/\/content.carib-export.com\/fr\/our-work\/projects\/transition-to-a-green-economy\/","url":"https:\/\/content.carib-export.com\/fr\/our-work\/projects\/transition-to-a-green-economy\/","name":"de Transition vers une \u00e9conomie verte - Exportation Cara\u00efbes","isPartOf":{"@id":"https:\/\/content.carib-export.com\/fr\/#website"},"primaryImageOfPage":{"@id":"https:\/\/content.carib-export.com\/fr\/our-work\/projects\/transition-to-a-green-economy\/#primaryimage"},"image":{"@id":"https:\/\/content.carib-export.com\/fr\/our-work\/projects\/transition-to-a-green-economy\/#primaryimage"},"thumbnailUrl":"https:\/\/content.carib-export.com\/wp-content\/uploads\/2025\/03\/Environmental-and-Social-Safeguards-Policy.png","datePublished":"2025-01-30T16:16:12+00:00","dateModified":"2025-03-02T04:02:58+00:00","breadcrumb":{"@id":"https:\/\/content.carib-export.com\/fr\/our-work\/projects\/transition-to-a-green-economy\/#breadcrumb"},"inLanguage":"fr-FR","potentialAction":[{"@type":"ReadAction","target":["https:\/\/content.carib-export.com\/fr\/our-work\/projects\/transition-to-a-green-economy\/"]}]},{"@type":"ImageObject","inLanguage":"fr-FR","@id":"https:\/\/content.carib-export.com\/fr\/our-work\/projects\/transition-to-a-green-economy\/#primaryimage","url":"https:\/\/content.carib-export.com\/wp-content\/uploads\/2025\/03\/Environmental-and-Social-Safeguards-Policy.png","contentUrl":"https:\/\/content.carib-export.com\/wp-content\/uploads\/2025\/03\/Environmental-and-Social-Safeguards-Policy.png","width":1500,"height":1125},{"@type":"BreadcrumbList","@id":"https:\/\/content.carib-export.com\/fr\/our-work\/projects\/transition-to-a-green-economy\/#breadcrumb","itemListElement":[{"@type":"ListItem","position":1,"name":"Accueil","item":"https:\/\/content.carib-export.com\/fr\/home\/"},{"@type":"ListItem","position":2,"name":"Notre travail","item":"https:\/\/content.carib-export.com\/fr\/our-work\/"},{"@type":"ListItem","position":3,"name":"Projets","item":"https:\/\/content.carib-export.com\/fr\/our-work\/projects\/"},{"@type":"ListItem","position":4,"name":"Transition vers une \u00e9conomie verte"}]},{"@type":"WebSite","@id":"https:\/\/content.carib-export.com\/fr\/#website","url":"https:\/\/content.carib-export.com\/fr\/","name":"Exportation Cara\u00efbes","description":"La seule agence r\u00e9gionale de promotion du commerce et des investissements du groupe Afrique, Cara\u00efbes et Pacifique.","publisher":{"@id":"https:\/\/content.carib-export.com\/fr\/#organization"},"potentialAction":[{"@type":"SearchAction","target":{"@type":"EntryPoint","urlTemplate":"https:\/\/content.carib-export.com\/fr\/?s={search_term_string}"},"query-input":{"@type":"PropertyValueSpecification","valueRequired":true,"valueName":"search_term_string"}}],"inLanguage":"fr-FR"},{"@type":"Organization","@id":"https:\/\/content.carib-export.com\/fr\/#organization","name":"Agence carib\u00e9enne de d\u00e9veloppement des exportations","url":"https:\/\/content.carib-export.com\/fr\/","logo":{"@type":"ImageObject","inLanguage":"fr-FR","@id":"https:\/\/content.carib-export.com\/fr\/#\/schema\/logo\/image\/","url":"https:\/\/content.carib-export.com\/wp-content\/uploads\/2013\/03\/CE-Logo-2013.jpg","contentUrl":"https:\/\/content.carib-export.com\/wp-content\/uploads\/2013\/03\/CE-Logo-2013.jpg","width":1024,"height":244,"caption":"Agence carib\u00e9enne de d\u00e9veloppement des exportations"},"image":{"@id":"https:\/\/content.carib-export.com\/fr\/#\/schema\/logo\/image\/"},"sameAs":["https:\/\/www.facebook.com\/CaribbeanExport","https:\/\/x.com\/CaribXport","https:\/\/www.instagram.com\/caribbeanexport","https:\/\/www.linkedin.com\/company\/caribbeanexport","https:\/\/www.youtube.com\/user\/TheCaribbeanExport"]}]}},"_links":{"self":[{"href":"https:\/\/content.carib-export.com\/fr\/wp-json\/wp\/v2\/pages\/373541","targetHints":{"allow":["GET"]}}],"collection":[{"href":"https:\/\/content.carib-export.com\/fr\/wp-json\/wp\/v2\/pages"}],"about":[{"href":"https:\/\/content.carib-export.com\/fr\/wp-json\/wp\/v2\/types\/page"}],"author":[{"embeddable":true,"href":"https:\/\/content.carib-export.com\/fr\/wp-json\/wp\/v2\/users\/8"}],"replies":[{"embeddable":true,"href":"https:\/\/content.carib-export.com\/fr\/wp-json\/wp\/v2\/comments?post=373541"}],"version-history":[{"count":0,"href":"https:\/\/content.carib-export.com\/fr\/wp-json\/wp\/v2\/pages\/373541\/revisions"}],"up":[{"embeddable":true,"href":"https:\/\/content.carib-export.com\/fr\/wp-json\/wp\/v2\/pages\/308504"}],"wp:featuredmedia":[{"embeddable":true,"href":"https:\/\/content.carib-export.com\/fr\/wp-json\/wp\/v2\/media\/376398"}],"wp:attachment":[{"href":"https:\/\/content.carib-export.com\/fr\/wp-json\/wp\/v2\/media?parent=373541"}],"wp:term":[{"taxonomy":"post_tag","embeddable":true,"href":"https:\/\/content.carib-export.com\/fr\/wp-json\/wp\/v2\/tags?post=373541"}],"curies":[{"name":"wp","href":"https:\/\/api.w.org\/{rel}","templated":true}]}}