{"id":382034,"date":"2025-09-24T15:57:05","date_gmt":"2025-09-24T19:57:05","guid":{"rendered":"https:\/\/content.carib-export.com\/resources\/funding\/building-resilient-innovation-for-digital-green-enterprises-bridge-2025\/"},"modified":"2025-11-03T09:27:27","modified_gmt":"2025-11-03T13:27:27","slug":"bridge","status":"publish","type":"page","link":"https:\/\/content.carib-export.com\/fr\/resources\/funding\/bridge\/","title":{"rendered":"Construire une innovation r\u00e9siliente pour les entreprises num\u00e9riques et vertes (BRIDGE) 2025"},"content":{"rendered":"\n<h2 class=\"wp-block-heading has-black-color has-text-color has-link-color wp-elements-f5163c2cd53a2d32e8a0c21fff503cc0\">Renforcer les entreprises par le cofinancement pour un avenir vert, intelligent et connect\u00e9<\/h2>\n\n<p><\/p>\n\n<p>Le m\u00e9canisme Building Resilient Innovation for Digital &amp; Green Enterprises (BRIDGE) est financ\u00e9 par l&rsquo;Union europ\u00e9enne dans le cadre de l&rsquo;initiative Global Gateway et mis en \u0153uvre par l&rsquo;Agence carib\u00e9enne de d\u00e9veloppement des exportations. Cette facilit\u00e9 fournit un soutien de cofinancement pour aider les entreprises carib\u00e9ennes \u00e0 devenir plus <strong>durables, num\u00e9riques et comp\u00e9titives \u00e0 l&rsquo;\u00e9chelle mondiale<\/strong>. <\/p>\n\n<p>Les entreprises peuvent poser leur candidature dans le cadre de <strong>deux fili\u00e8res sp\u00e9cifiques<\/strong>:<\/p>\n\n<ul class=\"wp-block-list\">\n<li><strong>Transition verte &#8211;<\/strong>soutenir les mod\u00e8les d&rsquo;entreprise durables sur le plan environnemental<\/li>\n\n\n\n<li><strong>Transformation num\u00e9rique &#8211;<\/strong>tirer parti de la technologie num\u00e9rique pour am\u00e9liorer l&rsquo;efficacit\u00e9 de l&rsquo;entreprise  <\/li>\n<\/ul>\n\n<p><\/p>\n\n<p><\/p>\n\n<h3 class=\"wp-block-heading\"><strong>Pourquoi postuler ?<\/strong><\/h3>\n\n<ul class=\"wp-block-list\">\n<li>Obtenir jusqu&rsquo;\u00e0 100 000 euros de <strong>soutien financier<\/strong> de la part de l&rsquo;Union europ\u00e9enne (jusqu&rsquo;\u00e0 60 % des co\u00fbts \u00e9ligibles du projet).  <\/li>\n\n\n\n<li>Renforcer votre comp\u00e9titivit\u00e9 et votre capacit\u00e9 d&rsquo;exportation<\/li>\n\n\n\n<li>Renforcer la r\u00e9silience par la <strong>durabilit\u00e9 et l&rsquo;adoption du num\u00e9rique<\/strong><\/li>\n\n\n\n<li>Soutien aux <strong>entreprises dirig\u00e9es par des femmes, des jeunes et en milieu rural<\/strong><\/li>\n<\/ul>\n\n<p><\/p>\n\n<h3 class=\"wp-block-heading\"><strong><strong>Transition<\/strong> \u00e9cologique<\/strong><\/h3>\n\n<p>Financement de projets visant \u00e0 r\u00e9duire l&rsquo;impact sur l&rsquo;environnement, \u00e0 am\u00e9liorer l&rsquo;efficacit\u00e9 des ressources et \u00e0 d\u00e9velopper l&rsquo;innovation verte.<\/p>\n\n<p><strong>Ce que nous finan\u00e7ons :<\/strong><\/p>\n\n<ul class=\"wp-block-list\">\n<li>\u00c9nergies renouvelables et efficacit\u00e9 \u00e9nerg\u00e9tique<\/li>\n\n\n\n<li>Solutions d&rsquo;\u00e9conomie circulaire (recyclage, valorisation \u00e9nerg\u00e9tique des d\u00e9chets, produits biod\u00e9gradables)<\/li>\n\n\n\n<li>Agriculture durable et agroforesterie<\/li>\n\n\n\n<li>Projets d&rsquo;\u00e9conomie bleue<\/li>\n\n\n\n<li>Certifications vertes et normes ESG<\/li>\n<\/ul>\n\n<p><strong>Financement disponible :<\/strong><\/p>\n\n<ul class=\"wp-block-list\">\n<li>Jusqu&rsquo;\u00e0 100 000 EUR Financement de l&rsquo;UE.  <\/li>\n\n\n\n<li>Jusqu&rsquo;\u00e0 60 % des co\u00fbts \u00e9ligibles.  <\/li>\n\n\n\n<li>Les candidats retenus doivent apporter une contribution d&rsquo;au moins 40 % au titre du cofinancement.<\/li>\n\n\n\n<li>P\u00e9riode de mise en \u0153uvre : jusqu&rsquo;\u00e0 15 mois.<\/li>\n<\/ul>\n\n<h1 class=\"wp-block-heading\"><strong><a href=\"https:\/\/content.carib-export.com\/fr\/opportunities\/green-transition-bridge\/\" target=\"_blank\" rel=\"noreferrer noopener\">Explorer la transition \u00e9cologique<\/a><\/strong><\/h1>\n\n<p><\/p>\n\n<h3 class=\"wp-block-heading\"><strong><strong>Transformation<\/strong> num\u00e9rique<\/strong><\/h3>\n\n<p>Financement de projets qui aident les entreprises \u00e0 adopter les technologies num\u00e9riques, \u00e0 renforcer leur comp\u00e9titivit\u00e9 et \u00e0 \u00e9tendre leur pr\u00e9sence sur le march\u00e9.<\/p>\n\n<p><strong>Ce que nous finan\u00e7ons :<\/strong><\/p>\n\n<ul class=\"wp-block-list\">\n<li>Plates-formes de commerce \u00e9lectronique et marketing num\u00e9rique<\/li>\n\n\n\n<li>Automatisation des processus d&rsquo;entreprise (CRM, ERP, comptabilit\u00e9 en nuage)<\/li>\n\n\n\n<li>Cybers\u00e9curit\u00e9 et protection des donn\u00e9es<\/li>\n\n\n\n<li>Applications mobiles et d\u00e9veloppement de produits num\u00e9riques<\/li>\n\n\n\n<li>Num\u00e9risation de la cha\u00eene d&rsquo;approvisionnement et paiements \u00e9lectroniques<\/li>\n\n\n\n<li>Formation du personnel aux comp\u00e9tences num\u00e9riques<\/li>\n<\/ul>\n\n<p><strong>Financement disponible :<\/strong><\/p>\n\n<ul class=\"wp-block-list\">\n<li>Jusqu&rsquo;\u00e0 50 000 euros Financement de l&rsquo;UE.<\/li>\n\n\n\n<li>Jusqu&rsquo;\u00e0 60 % des co\u00fbts \u00e9ligibles.<\/li>\n\n\n\n<li>Les candidats retenus doivent apporter une contribution d&rsquo;au moins 40 % au titre du cofinancement.<\/li>\n\n\n\n<li>P\u00e9riode de mise en \u0153uvre : jusqu&rsquo;\u00e0 12 mois.<\/li>\n<\/ul>\n\n<h1 class=\"wp-block-heading\"><strong><a href=\"https:\/\/content.carib-export.com\/fr\/opportunities\/digital-transformation-bridge\/\" target=\"_blank\" rel=\"noreferrer noopener\">D\u00e9couvrez la transformation num\u00e9rique<\/a><\/strong><\/h1>\n\n<p><\/p>\n\n<h3 class=\"wp-block-heading\"><strong>Comment postuler<\/strong><\/h3>\n\n<ol start=\"1\" class=\"wp-block-list\">\n<li>S\u00e9lectionnez votre fili\u00e8re pour consulter et compl\u00e9ter l&rsquo;ensemble des lignes directrices et des documents de candidature.<\/li>\n\n\n\n<li>Soumettez votre candidature compl\u00e8te par courrier \u00e9lectronique avant la <strong>date limite &#8211; 2 d\u00e9cembre 2025 16:30 PM AST<\/strong>.*<\/li>\n\n\n\n<li>Objet de l&rsquo;e-mail : <em>\u00ab\u00a0Candidature &#8211; <em>Bourse BRIDGE pour la transition verte\/transformation num\u00e9rique <\/em>&#8211; [Nom du candidat]\u00a0\u00bb.<\/em><\/li>\n<\/ol>\n\n<p><strong><em>*<\/em>Kindly note the deadline has been extended from November 9, to December 2, 2025.<\/strong><\/p>\n\n<p><\/p>\n\n<h3 class=\"wp-block-heading\"><strong>Apprenez-en plus sur BRIDGE gr\u00e2ce \u00e0 nos webinaires en direct !<\/strong><\/h3>\n\n<figure class=\"wp-block-embed is-type-video is-provider-youtube wp-block-embed-youtube wp-embed-aspect-16-9 wp-has-aspect-ratio\"><div class=\"wp-block-embed__wrapper\">\n<iframe loading=\"lazy\" title=\"BRIDGE Grant Sensitisation Webinar\" width=\"640\" height=\"360\" src=\"https:\/\/www.youtube.com\/embed\/IUO1fG5A32Q?feature=oembed\" frameborder=\"0\" allow=\"accelerometer; autoplay; clipboard-write; encrypted-media; gyroscope; picture-in-picture; web-share\" referrerpolicy=\"strict-origin-when-cross-origin\" allowfullscreen><\/iframe>\n<\/div><\/figure>\n","protected":false},"excerpt":{"rendered":"<p>Renforcer les entreprises par le cofinancement pour un avenir vert, intelligent et connect\u00e9 Le m\u00e9canisme Building Resilient Innovation for Digital &amp; Green Enterprises (BRIDGE) est financ\u00e9 par l&rsquo;Union europ\u00e9enne dans le cadre de l&rsquo;initiative Global Gateway et mis en \u0153uvre par l&rsquo;Agence carib\u00e9enne de d\u00e9veloppement des exportations. Cette facilit\u00e9 fournit un soutien de cofinancement pour [&hellip;]<\/p>\n","protected":false},"author":18,"featured_media":381651,"parent":256255,"menu_order":0,"comment_status":"closed","ping_status":"closed","template":"","meta":{"_acf_changed":false,"inline_featured_image":false,"footnotes":""},"tags":[],"class_list":["post-382034","page","type-page","status-publish","has-post-thumbnail","hentry"],"acf":[],"yoast_head":"<!-- This site is optimized with the Yoast SEO plugin v27.1.1 - https:\/\/yoast.com\/product\/yoast-seo-wordpress\/ -->\n<title>de Construire une innovation r\u00e9siliente pour les entreprises num\u00e9riques et vertes (BRIDGE) 2025 - Exportation Cara\u00efbes<\/title>\n<meta name=\"robots\" content=\"index, follow, max-snippet:-1, max-image-preview:large, max-video-preview:-1\" \/>\n<link rel=\"canonical\" href=\"https:\/\/content.carib-export.com\/fr\/resources\/funding\/bridge\/\" \/>\n<meta property=\"og:locale\" content=\"fr_FR\" \/>\n<meta property=\"og:type\" content=\"article\" \/>\n<meta property=\"og:title\" content=\"de Construire une innovation r\u00e9siliente pour les entreprises num\u00e9riques et vertes (BRIDGE) 2025 - Exportation Cara\u00efbes\" \/>\n<meta property=\"og:description\" content=\"Renforcer les entreprises par le cofinancement pour un avenir vert, intelligent et connect\u00e9 Le m\u00e9canisme Building Resilient Innovation for Digital &amp; Green Enterprises (BRIDGE) est financ\u00e9 par l&rsquo;Union europ\u00e9enne dans le cadre de l&rsquo;initiative Global Gateway et mis en \u0153uvre par l&rsquo;Agence carib\u00e9enne de d\u00e9veloppement des exportations. Cette facilit\u00e9 fournit un soutien de cofinancement pour [&hellip;]\" \/>\n<meta property=\"og:url\" content=\"https:\/\/content.carib-export.com\/fr\/resources\/funding\/bridge\/\" \/>\n<meta property=\"og:site_name\" content=\"Exportation Cara\u00efbes\" \/>\n<meta property=\"article:publisher\" content=\"https:\/\/www.facebook.com\/CaribbeanExport\" \/>\n<meta property=\"article:modified_time\" content=\"2025-11-03T13:27:27+00:00\" \/>\n<meta property=\"og:image\" content=\"https:\/\/content.carib-export.com\/wp-content\/uploads\/2025\/09\/BRIDGE-Flyers_Hero-scaled.jpg\" \/>\n\t<meta property=\"og:image:width\" content=\"2560\" \/>\n\t<meta property=\"og:image:height\" content=\"1440\" \/>\n\t<meta property=\"og:image:type\" content=\"image\/jpeg\" \/>\n<meta name=\"twitter:card\" content=\"summary_large_image\" \/>\n<meta name=\"twitter:site\" content=\"@CaribXport\" \/>\n<meta name=\"twitter:label1\" content=\"Dur\u00e9e de lecture estim\u00e9e\" \/>\n\t<meta name=\"twitter:data1\" content=\"2 minutes\" \/>\n<script type=\"application\/ld+json\" class=\"yoast-schema-graph\">{\"@context\":\"https:\/\/schema.org\",\"@graph\":[{\"@type\":\"WebPage\",\"@id\":\"https:\/\/content.carib-export.com\/fr\/resources\/funding\/bridge\/\",\"url\":\"https:\/\/content.carib-export.com\/fr\/resources\/funding\/bridge\/\",\"name\":\"de Construire une innovation r\u00e9siliente pour les entreprises num\u00e9riques et vertes (BRIDGE) 2025 - Exportation Cara\u00efbes\",\"isPartOf\":{\"@id\":\"https:\/\/content.carib-export.com\/fr\/#website\"},\"primaryImageOfPage\":{\"@id\":\"https:\/\/content.carib-export.com\/fr\/resources\/funding\/bridge\/#primaryimage\"},\"image\":{\"@id\":\"https:\/\/content.carib-export.com\/fr\/resources\/funding\/bridge\/#primaryimage\"},\"thumbnailUrl\":\"https:\/\/content.carib-export.com\/wp-content\/uploads\/2025\/09\/BRIDGE-Flyers_Hero-scaled.jpg\",\"datePublished\":\"2025-09-24T19:57:05+00:00\",\"dateModified\":\"2025-11-03T13:27:27+00:00\",\"breadcrumb\":{\"@id\":\"https:\/\/content.carib-export.com\/fr\/resources\/funding\/bridge\/#breadcrumb\"},\"inLanguage\":\"fr-FR\",\"potentialAction\":[{\"@type\":\"ReadAction\",\"target\":[\"https:\/\/content.carib-export.com\/fr\/resources\/funding\/bridge\/\"]}]},{\"@type\":\"ImageObject\",\"inLanguage\":\"fr-FR\",\"@id\":\"https:\/\/content.carib-export.com\/fr\/resources\/funding\/bridge\/#primaryimage\",\"url\":\"https:\/\/content.carib-export.com\/wp-content\/uploads\/2025\/09\/BRIDGE-Flyers_Hero-scaled.jpg\",\"contentUrl\":\"https:\/\/content.carib-export.com\/wp-content\/uploads\/2025\/09\/BRIDGE-Flyers_Hero-scaled.jpg\",\"width\":2560,\"height\":1440},{\"@type\":\"BreadcrumbList\",\"@id\":\"https:\/\/content.carib-export.com\/fr\/resources\/funding\/bridge\/#breadcrumb\",\"itemListElement\":[{\"@type\":\"ListItem\",\"position\":1,\"name\":\"Accueil\",\"item\":\"https:\/\/content.carib-export.com\/fr\/home\/\"},{\"@type\":\"ListItem\",\"position\":2,\"name\":\"Ressources\",\"item\":\"https:\/\/content.carib-export.com\/fr\/resources\/\"},{\"@type\":\"ListItem\",\"position\":3,\"name\":\"Subventions\",\"item\":\"https:\/\/content.carib-export.com\/fr\/resources\/funding\/\"},{\"@type\":\"ListItem\",\"position\":4,\"name\":\"Construire une innovation r\u00e9siliente pour les entreprises num\u00e9riques et vertes (BRIDGE) 2025\"}]},{\"@type\":\"WebSite\",\"@id\":\"https:\/\/content.carib-export.com\/fr\/#website\",\"url\":\"https:\/\/content.carib-export.com\/fr\/\",\"name\":\"Exportation Cara\u00efbes\",\"description\":\"La seule agence r\u00e9gionale de promotion du commerce et des investissements du groupe Afrique, Cara\u00efbes et Pacifique.\",\"publisher\":{\"@id\":\"https:\/\/content.carib-export.com\/fr\/#organization\"},\"potentialAction\":[{\"@type\":\"SearchAction\",\"target\":{\"@type\":\"EntryPoint\",\"urlTemplate\":\"https:\/\/content.carib-export.com\/fr\/?s={search_term_string}\"},\"query-input\":{\"@type\":\"PropertyValueSpecification\",\"valueRequired\":true,\"valueName\":\"search_term_string\"}}],\"inLanguage\":\"fr-FR\"},{\"@type\":\"Organization\",\"@id\":\"https:\/\/content.carib-export.com\/fr\/#organization\",\"name\":\"Agence carib\u00e9enne de d\u00e9veloppement des exportations\",\"url\":\"https:\/\/content.carib-export.com\/fr\/\",\"logo\":{\"@type\":\"ImageObject\",\"inLanguage\":\"fr-FR\",\"@id\":\"https:\/\/content.carib-export.com\/fr\/#\/schema\/logo\/image\/\",\"url\":\"https:\/\/content.carib-export.com\/wp-content\/uploads\/2013\/03\/CE-Logo-2013.jpg\",\"contentUrl\":\"https:\/\/content.carib-export.com\/wp-content\/uploads\/2013\/03\/CE-Logo-2013.jpg\",\"width\":1024,\"height\":244,\"caption\":\"Agence carib\u00e9enne de d\u00e9veloppement des exportations\"},\"image\":{\"@id\":\"https:\/\/content.carib-export.com\/fr\/#\/schema\/logo\/image\/\"},\"sameAs\":[\"https:\/\/www.facebook.com\/CaribbeanExport\",\"https:\/\/x.com\/CaribXport\",\"https:\/\/www.instagram.com\/caribbeanexport\",\"https:\/\/www.linkedin.com\/company\/caribbeanexport\",\"https:\/\/www.youtube.com\/user\/TheCaribbeanExport\"]}]}<\/script>\n<!-- \/ Yoast SEO plugin. -->","yoast_head_json":{"title":"de Construire une innovation r\u00e9siliente pour les entreprises num\u00e9riques et vertes (BRIDGE) 2025 - Exportation Cara\u00efbes","robots":{"index":"index","follow":"follow","max-snippet":"max-snippet:-1","max-image-preview":"max-image-preview:large","max-video-preview":"max-video-preview:-1"},"canonical":"https:\/\/content.carib-export.com\/fr\/resources\/funding\/bridge\/","og_locale":"fr_FR","og_type":"article","og_title":"de Construire une innovation r\u00e9siliente pour les entreprises num\u00e9riques et vertes (BRIDGE) 2025 - Exportation Cara\u00efbes","og_description":"Renforcer les entreprises par le cofinancement pour un avenir vert, intelligent et connect\u00e9 Le m\u00e9canisme Building Resilient Innovation for Digital &amp; Green Enterprises (BRIDGE) est financ\u00e9 par l&rsquo;Union europ\u00e9enne dans le cadre de l&rsquo;initiative Global Gateway et mis en \u0153uvre par l&rsquo;Agence carib\u00e9enne de d\u00e9veloppement des exportations. Cette facilit\u00e9 fournit un soutien de cofinancement pour [&hellip;]","og_url":"https:\/\/content.carib-export.com\/fr\/resources\/funding\/bridge\/","og_site_name":"Exportation Cara\u00efbes","article_publisher":"https:\/\/www.facebook.com\/CaribbeanExport","article_modified_time":"2025-11-03T13:27:27+00:00","og_image":[{"width":2560,"height":1440,"url":"https:\/\/content.carib-export.com\/wp-content\/uploads\/2025\/09\/BRIDGE-Flyers_Hero-scaled.jpg","type":"image\/jpeg"}],"twitter_card":"summary_large_image","twitter_site":"@CaribXport","twitter_misc":{"Dur\u00e9e de lecture estim\u00e9e":"2 minutes"},"schema":{"@context":"https:\/\/schema.org","@graph":[{"@type":"WebPage","@id":"https:\/\/content.carib-export.com\/fr\/resources\/funding\/bridge\/","url":"https:\/\/content.carib-export.com\/fr\/resources\/funding\/bridge\/","name":"de Construire une innovation r\u00e9siliente pour les entreprises num\u00e9riques et vertes (BRIDGE) 2025 - Exportation Cara\u00efbes","isPartOf":{"@id":"https:\/\/content.carib-export.com\/fr\/#website"},"primaryImageOfPage":{"@id":"https:\/\/content.carib-export.com\/fr\/resources\/funding\/bridge\/#primaryimage"},"image":{"@id":"https:\/\/content.carib-export.com\/fr\/resources\/funding\/bridge\/#primaryimage"},"thumbnailUrl":"https:\/\/content.carib-export.com\/wp-content\/uploads\/2025\/09\/BRIDGE-Flyers_Hero-scaled.jpg","datePublished":"2025-09-24T19:57:05+00:00","dateModified":"2025-11-03T13:27:27+00:00","breadcrumb":{"@id":"https:\/\/content.carib-export.com\/fr\/resources\/funding\/bridge\/#breadcrumb"},"inLanguage":"fr-FR","potentialAction":[{"@type":"ReadAction","target":["https:\/\/content.carib-export.com\/fr\/resources\/funding\/bridge\/"]}]},{"@type":"ImageObject","inLanguage":"fr-FR","@id":"https:\/\/content.carib-export.com\/fr\/resources\/funding\/bridge\/#primaryimage","url":"https:\/\/content.carib-export.com\/wp-content\/uploads\/2025\/09\/BRIDGE-Flyers_Hero-scaled.jpg","contentUrl":"https:\/\/content.carib-export.com\/wp-content\/uploads\/2025\/09\/BRIDGE-Flyers_Hero-scaled.jpg","width":2560,"height":1440},{"@type":"BreadcrumbList","@id":"https:\/\/content.carib-export.com\/fr\/resources\/funding\/bridge\/#breadcrumb","itemListElement":[{"@type":"ListItem","position":1,"name":"Accueil","item":"https:\/\/content.carib-export.com\/fr\/home\/"},{"@type":"ListItem","position":2,"name":"Ressources","item":"https:\/\/content.carib-export.com\/fr\/resources\/"},{"@type":"ListItem","position":3,"name":"Subventions","item":"https:\/\/content.carib-export.com\/fr\/resources\/funding\/"},{"@type":"ListItem","position":4,"name":"Construire une innovation r\u00e9siliente pour les entreprises num\u00e9riques et vertes (BRIDGE) 2025"}]},{"@type":"WebSite","@id":"https:\/\/content.carib-export.com\/fr\/#website","url":"https:\/\/content.carib-export.com\/fr\/","name":"Exportation Cara\u00efbes","description":"La seule agence r\u00e9gionale de promotion du commerce et des investissements du groupe Afrique, Cara\u00efbes et Pacifique.","publisher":{"@id":"https:\/\/content.carib-export.com\/fr\/#organization"},"potentialAction":[{"@type":"SearchAction","target":{"@type":"EntryPoint","urlTemplate":"https:\/\/content.carib-export.com\/fr\/?s={search_term_string}"},"query-input":{"@type":"PropertyValueSpecification","valueRequired":true,"valueName":"search_term_string"}}],"inLanguage":"fr-FR"},{"@type":"Organization","@id":"https:\/\/content.carib-export.com\/fr\/#organization","name":"Agence carib\u00e9enne de d\u00e9veloppement des exportations","url":"https:\/\/content.carib-export.com\/fr\/","logo":{"@type":"ImageObject","inLanguage":"fr-FR","@id":"https:\/\/content.carib-export.com\/fr\/#\/schema\/logo\/image\/","url":"https:\/\/content.carib-export.com\/wp-content\/uploads\/2013\/03\/CE-Logo-2013.jpg","contentUrl":"https:\/\/content.carib-export.com\/wp-content\/uploads\/2013\/03\/CE-Logo-2013.jpg","width":1024,"height":244,"caption":"Agence carib\u00e9enne de d\u00e9veloppement des exportations"},"image":{"@id":"https:\/\/content.carib-export.com\/fr\/#\/schema\/logo\/image\/"},"sameAs":["https:\/\/www.facebook.com\/CaribbeanExport","https:\/\/x.com\/CaribXport","https:\/\/www.instagram.com\/caribbeanexport","https:\/\/www.linkedin.com\/company\/caribbeanexport","https:\/\/www.youtube.com\/user\/TheCaribbeanExport"]}]}},"_links":{"self":[{"href":"https:\/\/content.carib-export.com\/fr\/wp-json\/wp\/v2\/pages\/382034","targetHints":{"allow":["GET"]}}],"collection":[{"href":"https:\/\/content.carib-export.com\/fr\/wp-json\/wp\/v2\/pages"}],"about":[{"href":"https:\/\/content.carib-export.com\/fr\/wp-json\/wp\/v2\/types\/page"}],"author":[{"embeddable":true,"href":"https:\/\/content.carib-export.com\/fr\/wp-json\/wp\/v2\/users\/18"}],"replies":[{"embeddable":true,"href":"https:\/\/content.carib-export.com\/fr\/wp-json\/wp\/v2\/comments?post=382034"}],"version-history":[{"count":0,"href":"https:\/\/content.carib-export.com\/fr\/wp-json\/wp\/v2\/pages\/382034\/revisions"}],"up":[{"embeddable":true,"href":"https:\/\/content.carib-export.com\/fr\/wp-json\/wp\/v2\/pages\/256255"}],"wp:featuredmedia":[{"embeddable":true,"href":"https:\/\/content.carib-export.com\/fr\/wp-json\/wp\/v2\/media\/381651"}],"wp:attachment":[{"href":"https:\/\/content.carib-export.com\/fr\/wp-json\/wp\/v2\/media?parent=382034"}],"wp:term":[{"taxonomy":"post_tag","embeddable":true,"href":"https:\/\/content.carib-export.com\/fr\/wp-json\/wp\/v2\/tags?post=382034"}],"curies":[{"name":"wp","href":"https:\/\/api.w.org\/{rel}","templated":true}]}}