{"id":383882,"date":"2026-02-18T11:45:40","date_gmt":"2026-02-18T15:45:40","guid":{"rendered":"https:\/\/content.carib-export.com\/30-years-of-impact\/"},"modified":"2026-02-19T07:26:12","modified_gmt":"2026-02-19T11:26:12","slug":"30-years-of-impact","status":"publish","type":"page","link":"https:\/\/content.carib-export.com\/fr\/home\/30-years-of-impact\/","title":{"rendered":"30 ans d&rsquo;impact"},"content":{"rendered":"\n<p>Depuis trois d\u00e9cennies, Caribbean Export travaille aux c\u00f4t\u00e9s d&rsquo;entreprises, de gouvernements et de partenaires pour transformer l&rsquo;ambition carib\u00e9enne en opportunit\u00e9s mondiales. Qu&rsquo;il s&rsquo;agisse d&rsquo;aider les entreprises \u00e0 se d\u00e9velopper au-del\u00e0 des fronti\u00e8res nationales ou de soutenir les efforts de la r\u00e9gion pour attirer les investissements, renforcer la comp\u00e9titivit\u00e9 et d\u00e9velopper la r\u00e9silience, nos programmes ont contribu\u00e9 \u00e0 fa\u00e7onner une Cara\u00efbe plus connect\u00e9e et plus comp\u00e9titive. <\/p>\n\n<p>\u00c0 l&rsquo;occasion de notre 30e anniversaire, nous c\u00e9l\u00e9brons les personnes, les partenariats et les r\u00e9sultats concrets qui sont \u00e0 l&rsquo;origine de ce voyage. Nous partageons avec vous les histoires d&rsquo;impact, les le\u00e7ons apprises et l&rsquo;\u00e9lan qui nous portera dans le prochain chapitre. Bienvenue \u00e0 <strong>30 ans de Caribbean Export<\/strong>. <\/p>\n\n<figure class=\"wp-block-embed is-type-video is-provider-youtube wp-block-embed-youtube wp-embed-aspect-16-9 wp-has-aspect-ratio\"><div class=\"wp-block-embed__wrapper\">\n<iframe loading=\"lazy\" title=\"The Haiti-Dominican Republic Binational Programme\" width=\"640\" height=\"360\" src=\"https:\/\/www.youtube.com\/embed\/PRAD5AjNYnY?feature=oembed\" frameborder=\"0\" allow=\"accelerometer; autoplay; clipboard-write; encrypted-media; gyroscope; picture-in-picture; web-share\" referrerpolicy=\"strict-origin-when-cross-origin\" allowfullscreen><\/iframe>\n<\/div><\/figure>\n\n<p><\/p>\n","protected":false},"excerpt":{"rendered":"<p>Depuis trois d\u00e9cennies, Caribbean Export travaille aux c\u00f4t\u00e9s d&rsquo;entreprises, de gouvernements et de partenaires pour transformer l&rsquo;ambition carib\u00e9enne en opportunit\u00e9s mondiales. Qu&rsquo;il s&rsquo;agisse d&rsquo;aider les entreprises \u00e0 se d\u00e9velopper au-del\u00e0 des fronti\u00e8res nationales ou de soutenir les efforts de la r\u00e9gion pour attirer les investissements, renforcer la comp\u00e9titivit\u00e9 et d\u00e9velopper la r\u00e9silience, nos programmes ont [&hellip;]<\/p>\n","protected":false},"author":10,"featured_media":0,"parent":269486,"menu_order":0,"comment_status":"closed","ping_status":"closed","template":"campaign.php","meta":{"_acf_changed":false,"inline_featured_image":false,"footnotes":""},"tags":[],"class_list":["post-383882","page","type-page","status-publish","hentry"],"acf":[],"yoast_head":"<!-- This site is optimized with the Yoast SEO plugin v27.1.1 - https:\/\/yoast.com\/product\/yoast-seo-wordpress\/ -->\n<title>de 30 ans d&#039;impact - Exportation Cara\u00efbes<\/title>\n<meta name=\"robots\" content=\"index, follow, max-snippet:-1, max-image-preview:large, max-video-preview:-1\" \/>\n<link rel=\"canonical\" href=\"https:\/\/content.carib-export.com\/fr\/home\/30-years-of-impact\/\" \/>\n<meta property=\"og:locale\" content=\"fr_FR\" \/>\n<meta property=\"og:type\" content=\"article\" \/>\n<meta property=\"og:title\" content=\"de 30 ans d&#039;impact - Exportation Cara\u00efbes\" \/>\n<meta property=\"og:description\" content=\"Depuis trois d\u00e9cennies, Caribbean Export travaille aux c\u00f4t\u00e9s d&rsquo;entreprises, de gouvernements et de partenaires pour transformer l&rsquo;ambition carib\u00e9enne en opportunit\u00e9s mondiales. Qu&rsquo;il s&rsquo;agisse d&rsquo;aider les entreprises \u00e0 se d\u00e9velopper au-del\u00e0 des fronti\u00e8res nationales ou de soutenir les efforts de la r\u00e9gion pour attirer les investissements, renforcer la comp\u00e9titivit\u00e9 et d\u00e9velopper la r\u00e9silience, nos programmes ont [&hellip;]\" \/>\n<meta property=\"og:url\" content=\"https:\/\/content.carib-export.com\/fr\/home\/30-years-of-impact\/\" \/>\n<meta property=\"og:site_name\" content=\"Exportation Cara\u00efbes\" \/>\n<meta property=\"article:publisher\" content=\"https:\/\/www.facebook.com\/CaribbeanExport\" \/>\n<meta property=\"article:modified_time\" content=\"2026-02-19T11:26:12+00:00\" \/>\n<meta property=\"og:image\" content=\"https:\/\/content.carib-export.com\/wp-content\/uploads\/2019\/06\/CEDA-default-square.jpg\" \/>\n\t<meta property=\"og:image:width\" content=\"1000\" \/>\n\t<meta property=\"og:image:height\" content=\"1000\" \/>\n\t<meta property=\"og:image:type\" content=\"image\/jpeg\" \/>\n<meta name=\"twitter:card\" content=\"summary_large_image\" \/>\n<meta name=\"twitter:site\" content=\"@CaribXport\" \/>\n<meta name=\"twitter:label1\" content=\"Dur\u00e9e de lecture estim\u00e9e\" \/>\n\t<meta name=\"twitter:data1\" content=\"1 minute\" \/>\n<script type=\"application\/ld+json\" class=\"yoast-schema-graph\">{\"@context\":\"https:\/\/schema.org\",\"@graph\":[{\"@type\":\"WebPage\",\"@id\":\"https:\/\/content.carib-export.com\/fr\/home\/30-years-of-impact\/\",\"url\":\"https:\/\/content.carib-export.com\/fr\/home\/30-years-of-impact\/\",\"name\":\"de 30 ans d'impact - Exportation Cara\u00efbes\",\"isPartOf\":{\"@id\":\"https:\/\/content.carib-export.com\/fr\/#website\"},\"datePublished\":\"2026-02-18T15:45:40+00:00\",\"dateModified\":\"2026-02-19T11:26:12+00:00\",\"breadcrumb\":{\"@id\":\"https:\/\/content.carib-export.com\/fr\/home\/30-years-of-impact\/#breadcrumb\"},\"inLanguage\":\"fr-FR\",\"potentialAction\":[{\"@type\":\"ReadAction\",\"target\":[\"https:\/\/content.carib-export.com\/fr\/home\/30-years-of-impact\/\"]}]},{\"@type\":\"BreadcrumbList\",\"@id\":\"https:\/\/content.carib-export.com\/fr\/home\/30-years-of-impact\/#breadcrumb\",\"itemListElement\":[{\"@type\":\"ListItem\",\"position\":1,\"name\":\"Accueil\",\"item\":\"https:\/\/content.carib-export.com\/fr\/home\/\"},{\"@type\":\"ListItem\",\"position\":2,\"name\":\"Accueil\",\"item\":\"https:\/\/content.carib-export.com\/fr\/home\/\"},{\"@type\":\"ListItem\",\"position\":3,\"name\":\"30 ans d&rsquo;impact\"}]},{\"@type\":\"WebSite\",\"@id\":\"https:\/\/content.carib-export.com\/fr\/#website\",\"url\":\"https:\/\/content.carib-export.com\/fr\/\",\"name\":\"Exportation Cara\u00efbes\",\"description\":\"La seule agence r\u00e9gionale de promotion du commerce et des investissements du groupe Afrique, Cara\u00efbes et Pacifique.\",\"publisher\":{\"@id\":\"https:\/\/content.carib-export.com\/fr\/#organization\"},\"potentialAction\":[{\"@type\":\"SearchAction\",\"target\":{\"@type\":\"EntryPoint\",\"urlTemplate\":\"https:\/\/content.carib-export.com\/fr\/?s={search_term_string}\"},\"query-input\":{\"@type\":\"PropertyValueSpecification\",\"valueRequired\":true,\"valueName\":\"search_term_string\"}}],\"inLanguage\":\"fr-FR\"},{\"@type\":\"Organization\",\"@id\":\"https:\/\/content.carib-export.com\/fr\/#organization\",\"name\":\"Agence carib\u00e9enne de d\u00e9veloppement des exportations\",\"url\":\"https:\/\/content.carib-export.com\/fr\/\",\"logo\":{\"@type\":\"ImageObject\",\"inLanguage\":\"fr-FR\",\"@id\":\"https:\/\/content.carib-export.com\/fr\/#\/schema\/logo\/image\/\",\"url\":\"https:\/\/content.carib-export.com\/wp-content\/uploads\/2013\/03\/CE-Logo-2013.jpg\",\"contentUrl\":\"https:\/\/content.carib-export.com\/wp-content\/uploads\/2013\/03\/CE-Logo-2013.jpg\",\"width\":1024,\"height\":244,\"caption\":\"Agence carib\u00e9enne de d\u00e9veloppement des exportations\"},\"image\":{\"@id\":\"https:\/\/content.carib-export.com\/fr\/#\/schema\/logo\/image\/\"},\"sameAs\":[\"https:\/\/www.facebook.com\/CaribbeanExport\",\"https:\/\/x.com\/CaribXport\",\"https:\/\/www.instagram.com\/caribbeanexport\",\"https:\/\/www.linkedin.com\/company\/caribbeanexport\",\"https:\/\/www.youtube.com\/user\/TheCaribbeanExport\"]}]}<\/script>\n<!-- \/ Yoast SEO plugin. -->","yoast_head_json":{"title":"de 30 ans d'impact - Exportation Cara\u00efbes","robots":{"index":"index","follow":"follow","max-snippet":"max-snippet:-1","max-image-preview":"max-image-preview:large","max-video-preview":"max-video-preview:-1"},"canonical":"https:\/\/content.carib-export.com\/fr\/home\/30-years-of-impact\/","og_locale":"fr_FR","og_type":"article","og_title":"de 30 ans d'impact - Exportation Cara\u00efbes","og_description":"Depuis trois d\u00e9cennies, Caribbean Export travaille aux c\u00f4t\u00e9s d&rsquo;entreprises, de gouvernements et de partenaires pour transformer l&rsquo;ambition carib\u00e9enne en opportunit\u00e9s mondiales. Qu&rsquo;il s&rsquo;agisse d&rsquo;aider les entreprises \u00e0 se d\u00e9velopper au-del\u00e0 des fronti\u00e8res nationales ou de soutenir les efforts de la r\u00e9gion pour attirer les investissements, renforcer la comp\u00e9titivit\u00e9 et d\u00e9velopper la r\u00e9silience, nos programmes ont [&hellip;]","og_url":"https:\/\/content.carib-export.com\/fr\/home\/30-years-of-impact\/","og_site_name":"Exportation Cara\u00efbes","article_publisher":"https:\/\/www.facebook.com\/CaribbeanExport","article_modified_time":"2026-02-19T11:26:12+00:00","og_image":[{"width":1000,"height":1000,"url":"https:\/\/content.carib-export.com\/wp-content\/uploads\/2019\/06\/CEDA-default-square.jpg","type":"image\/jpeg"}],"twitter_card":"summary_large_image","twitter_site":"@CaribXport","twitter_misc":{"Dur\u00e9e de lecture estim\u00e9e":"1 minute"},"schema":{"@context":"https:\/\/schema.org","@graph":[{"@type":"WebPage","@id":"https:\/\/content.carib-export.com\/fr\/home\/30-years-of-impact\/","url":"https:\/\/content.carib-export.com\/fr\/home\/30-years-of-impact\/","name":"de 30 ans d'impact - Exportation Cara\u00efbes","isPartOf":{"@id":"https:\/\/content.carib-export.com\/fr\/#website"},"datePublished":"2026-02-18T15:45:40+00:00","dateModified":"2026-02-19T11:26:12+00:00","breadcrumb":{"@id":"https:\/\/content.carib-export.com\/fr\/home\/30-years-of-impact\/#breadcrumb"},"inLanguage":"fr-FR","potentialAction":[{"@type":"ReadAction","target":["https:\/\/content.carib-export.com\/fr\/home\/30-years-of-impact\/"]}]},{"@type":"BreadcrumbList","@id":"https:\/\/content.carib-export.com\/fr\/home\/30-years-of-impact\/#breadcrumb","itemListElement":[{"@type":"ListItem","position":1,"name":"Accueil","item":"https:\/\/content.carib-export.com\/fr\/home\/"},{"@type":"ListItem","position":2,"name":"Accueil","item":"https:\/\/content.carib-export.com\/fr\/home\/"},{"@type":"ListItem","position":3,"name":"30 ans d&rsquo;impact"}]},{"@type":"WebSite","@id":"https:\/\/content.carib-export.com\/fr\/#website","url":"https:\/\/content.carib-export.com\/fr\/","name":"Exportation Cara\u00efbes","description":"La seule agence r\u00e9gionale de promotion du commerce et des investissements du groupe Afrique, Cara\u00efbes et Pacifique.","publisher":{"@id":"https:\/\/content.carib-export.com\/fr\/#organization"},"potentialAction":[{"@type":"SearchAction","target":{"@type":"EntryPoint","urlTemplate":"https:\/\/content.carib-export.com\/fr\/?s={search_term_string}"},"query-input":{"@type":"PropertyValueSpecification","valueRequired":true,"valueName":"search_term_string"}}],"inLanguage":"fr-FR"},{"@type":"Organization","@id":"https:\/\/content.carib-export.com\/fr\/#organization","name":"Agence carib\u00e9enne de d\u00e9veloppement des exportations","url":"https:\/\/content.carib-export.com\/fr\/","logo":{"@type":"ImageObject","inLanguage":"fr-FR","@id":"https:\/\/content.carib-export.com\/fr\/#\/schema\/logo\/image\/","url":"https:\/\/content.carib-export.com\/wp-content\/uploads\/2013\/03\/CE-Logo-2013.jpg","contentUrl":"https:\/\/content.carib-export.com\/wp-content\/uploads\/2013\/03\/CE-Logo-2013.jpg","width":1024,"height":244,"caption":"Agence carib\u00e9enne de d\u00e9veloppement des exportations"},"image":{"@id":"https:\/\/content.carib-export.com\/fr\/#\/schema\/logo\/image\/"},"sameAs":["https:\/\/www.facebook.com\/CaribbeanExport","https:\/\/x.com\/CaribXport","https:\/\/www.instagram.com\/caribbeanexport","https:\/\/www.linkedin.com\/company\/caribbeanexport","https:\/\/www.youtube.com\/user\/TheCaribbeanExport"]}]}},"_links":{"self":[{"href":"https:\/\/content.carib-export.com\/fr\/wp-json\/wp\/v2\/pages\/383882","targetHints":{"allow":["GET"]}}],"collection":[{"href":"https:\/\/content.carib-export.com\/fr\/wp-json\/wp\/v2\/pages"}],"about":[{"href":"https:\/\/content.carib-export.com\/fr\/wp-json\/wp\/v2\/types\/page"}],"author":[{"embeddable":true,"href":"https:\/\/content.carib-export.com\/fr\/wp-json\/wp\/v2\/users\/10"}],"replies":[{"embeddable":true,"href":"https:\/\/content.carib-export.com\/fr\/wp-json\/wp\/v2\/comments?post=383882"}],"version-history":[{"count":0,"href":"https:\/\/content.carib-export.com\/fr\/wp-json\/wp\/v2\/pages\/383882\/revisions"}],"up":[{"embeddable":true,"href":"https:\/\/content.carib-export.com\/fr\/wp-json\/wp\/v2\/pages\/269486"}],"wp:attachment":[{"href":"https:\/\/content.carib-export.com\/fr\/wp-json\/wp\/v2\/media?parent=383882"}],"wp:term":[{"taxonomy":"post_tag","embeddable":true,"href":"https:\/\/content.carib-export.com\/fr\/wp-json\/wp\/v2\/tags?post=383882"}],"curies":[{"name":"wp","href":"https:\/\/api.w.org\/{rel}","templated":true}]}}