{"id":383924,"date":"2026-02-23T17:29:15","date_gmt":"2026-02-23T21:29:15","guid":{"rendered":"https:\/\/content.carib-export.com\/resources\/technical-assistance\/grit\/"},"modified":"2026-02-24T05:49:57","modified_gmt":"2026-02-24T09:49:57","slug":"grit","status":"publish","type":"page","link":"https:\/\/content.carib-export.com\/fr\/resources\/technical-assistance\/grit\/","title":{"rendered":"GRIT"},"content":{"rendered":"\n<p>Le projet GRIT (Generating Resilient and Inclusive Trade) des femmes entrepreneurs des Cara\u00efbes est financ\u00e9 par Affaires mondiales Canada (GAC) et mis en \u0153uvre par Caribbean Export. Le projet est con\u00e7u pour accro\u00eetre la productivit\u00e9, la comp\u00e9titivit\u00e9 et la pr\u00e9paration \u00e0 l&rsquo;exportation des entreprises dirig\u00e9es par des femmes dans les Cara\u00efbes (<br\/>). Au-del\u00e0 de ses interventions, GRIT renforce l&rsquo;\u00e9cosyst\u00e8me plus large de l&rsquo;entrepreneuriat f\u00e9minin en s&rsquo;attaquant aux obstacles structurels, en int\u00e9grant des approches sensibles au genre dans le d\u00e9veloppement du commerce et du secteur priv\u00e9, et en positionnant les entreprises dirig\u00e9es par des femmes comme des moteurs cl\u00e9s d&rsquo;une croissance \u00e9conomique durable et inclusive dans les Cara\u00efbes.  <\/p>\n\n<p><a href=\"https:\/\/content.carib-export.com\/download\/grit-factsheet\/?tmstv=1771881696\">T\u00e9l\u00e9chargez la fiche d&rsquo;information GRIT ici<\/a><\/p>\n\n<p class=\"has-vivid-cyan-blue-color has-text-color has-link-color wp-elements-29c7682170bca82858564e68261af688\"><strong>Enqu\u00eate GRIT : Aper\u00e7u des entreprises dirig\u00e9es par des femmes<\/strong><\/p>\n","protected":false},"excerpt":{"rendered":"<p>Le projet GRIT (Generating Resilient and Inclusive Trade) des femmes entrepreneurs des Cara\u00efbes est financ\u00e9 par Affaires mondiales Canada (GAC) et mis en \u0153uvre par Caribbean Export. Le projet est con\u00e7u pour accro\u00eetre la productivit\u00e9, la comp\u00e9titivit\u00e9 et la pr\u00e9paration \u00e0 l&rsquo;exportation des entreprises dirig\u00e9es par des femmes dans les Cara\u00efbes (). Au-del\u00e0 de ses [&hellip;]<\/p>\n","protected":false},"author":10,"featured_media":383921,"parent":256321,"menu_order":0,"comment_status":"closed","ping_status":"closed","template":"project-section.php","meta":{"_acf_changed":false,"inline_featured_image":false,"footnotes":""},"tags":[],"class_list":["post-383924","page","type-page","status-publish","has-post-thumbnail","hentry"],"acf":[],"yoast_head":"<!-- This site is optimized with the Yoast SEO plugin v27.1.1 - https:\/\/yoast.com\/product\/yoast-seo-wordpress\/ -->\n<title>de GRIT - Exportation Cara\u00efbes<\/title>\n<meta name=\"robots\" content=\"index, follow, max-snippet:-1, max-image-preview:large, max-video-preview:-1\" \/>\n<link rel=\"canonical\" href=\"https:\/\/content.carib-export.com\/fr\/resources\/technical-assistance\/grit\/\" \/>\n<meta property=\"og:locale\" content=\"fr_FR\" \/>\n<meta property=\"og:type\" content=\"article\" \/>\n<meta property=\"og:title\" content=\"de GRIT - Exportation Cara\u00efbes\" \/>\n<meta property=\"og:description\" content=\"Le projet GRIT (Generating Resilient and Inclusive Trade) des femmes entrepreneurs des Cara\u00efbes est financ\u00e9 par Affaires mondiales Canada (GAC) et mis en \u0153uvre par Caribbean Export. Le projet est con\u00e7u pour accro\u00eetre la productivit\u00e9, la comp\u00e9titivit\u00e9 et la pr\u00e9paration \u00e0 l&rsquo;exportation des entreprises dirig\u00e9es par des femmes dans les Cara\u00efbes (). Au-del\u00e0 de ses [&hellip;]\" \/>\n<meta property=\"og:url\" content=\"https:\/\/content.carib-export.com\/fr\/resources\/technical-assistance\/grit\/\" \/>\n<meta property=\"og:site_name\" content=\"Exportation Cara\u00efbes\" \/>\n<meta property=\"article:publisher\" content=\"https:\/\/www.facebook.com\/CaribbeanExport\" \/>\n<meta property=\"article:modified_time\" content=\"2026-02-24T09:49:57+00:00\" \/>\n<meta property=\"og:image\" content=\"https:\/\/content.carib-export.com\/wp-content\/uploads\/2026\/02\/CE-GRIT-25-Holding-Screen.jpg\" \/>\n\t<meta property=\"og:image:width\" content=\"1920\" \/>\n\t<meta property=\"og:image:height\" content=\"1080\" \/>\n\t<meta property=\"og:image:type\" content=\"image\/jpeg\" \/>\n<meta name=\"twitter:card\" content=\"summary_large_image\" \/>\n<meta name=\"twitter:site\" content=\"@CaribXport\" \/>\n<meta name=\"twitter:label1\" content=\"Dur\u00e9e de lecture estim\u00e9e\" \/>\n\t<meta name=\"twitter:data1\" content=\"1 minute\" \/>\n<script type=\"application\/ld+json\" class=\"yoast-schema-graph\">{\"@context\":\"https:\/\/schema.org\",\"@graph\":[{\"@type\":\"WebPage\",\"@id\":\"https:\/\/content.carib-export.com\/fr\/resources\/technical-assistance\/grit\/\",\"url\":\"https:\/\/content.carib-export.com\/fr\/resources\/technical-assistance\/grit\/\",\"name\":\"de GRIT - Exportation Cara\u00efbes\",\"isPartOf\":{\"@id\":\"https:\/\/content.carib-export.com\/fr\/#website\"},\"primaryImageOfPage\":{\"@id\":\"https:\/\/content.carib-export.com\/fr\/resources\/technical-assistance\/grit\/#primaryimage\"},\"image\":{\"@id\":\"https:\/\/content.carib-export.com\/fr\/resources\/technical-assistance\/grit\/#primaryimage\"},\"thumbnailUrl\":\"https:\/\/content.carib-export.com\/wp-content\/uploads\/2026\/02\/CE-GRIT-25-Holding-Screen.jpg\",\"datePublished\":\"2026-02-23T21:29:15+00:00\",\"dateModified\":\"2026-02-24T09:49:57+00:00\",\"breadcrumb\":{\"@id\":\"https:\/\/content.carib-export.com\/fr\/resources\/technical-assistance\/grit\/#breadcrumb\"},\"inLanguage\":\"fr-FR\",\"potentialAction\":[{\"@type\":\"ReadAction\",\"target\":[\"https:\/\/content.carib-export.com\/fr\/resources\/technical-assistance\/grit\/\"]}]},{\"@type\":\"ImageObject\",\"inLanguage\":\"fr-FR\",\"@id\":\"https:\/\/content.carib-export.com\/fr\/resources\/technical-assistance\/grit\/#primaryimage\",\"url\":\"https:\/\/content.carib-export.com\/wp-content\/uploads\/2026\/02\/CE-GRIT-25-Holding-Screen.jpg\",\"contentUrl\":\"https:\/\/content.carib-export.com\/wp-content\/uploads\/2026\/02\/CE-GRIT-25-Holding-Screen.jpg\",\"width\":1920,\"height\":1080},{\"@type\":\"BreadcrumbList\",\"@id\":\"https:\/\/content.carib-export.com\/fr\/resources\/technical-assistance\/grit\/#breadcrumb\",\"itemListElement\":[{\"@type\":\"ListItem\",\"position\":1,\"name\":\"Accueil\",\"item\":\"https:\/\/content.carib-export.com\/fr\/home\/\"},{\"@type\":\"ListItem\",\"position\":2,\"name\":\"Ressources\",\"item\":\"https:\/\/content.carib-export.com\/fr\/resources\/\"},{\"@type\":\"ListItem\",\"position\":3,\"name\":\"Assistance technique\",\"item\":\"https:\/\/content.carib-export.com\/fr\/resources\/technical-assistance\/\"},{\"@type\":\"ListItem\",\"position\":4,\"name\":\"GRIT\"}]},{\"@type\":\"WebSite\",\"@id\":\"https:\/\/content.carib-export.com\/fr\/#website\",\"url\":\"https:\/\/content.carib-export.com\/fr\/\",\"name\":\"Exportation Cara\u00efbes\",\"description\":\"La seule agence r\u00e9gionale de promotion du commerce et des investissements du groupe Afrique, Cara\u00efbes et Pacifique.\",\"publisher\":{\"@id\":\"https:\/\/content.carib-export.com\/fr\/#organization\"},\"potentialAction\":[{\"@type\":\"SearchAction\",\"target\":{\"@type\":\"EntryPoint\",\"urlTemplate\":\"https:\/\/content.carib-export.com\/fr\/?s={search_term_string}\"},\"query-input\":{\"@type\":\"PropertyValueSpecification\",\"valueRequired\":true,\"valueName\":\"search_term_string\"}}],\"inLanguage\":\"fr-FR\"},{\"@type\":\"Organization\",\"@id\":\"https:\/\/content.carib-export.com\/fr\/#organization\",\"name\":\"Agence carib\u00e9enne de d\u00e9veloppement des exportations\",\"url\":\"https:\/\/content.carib-export.com\/fr\/\",\"logo\":{\"@type\":\"ImageObject\",\"inLanguage\":\"fr-FR\",\"@id\":\"https:\/\/content.carib-export.com\/fr\/#\/schema\/logo\/image\/\",\"url\":\"https:\/\/content.carib-export.com\/wp-content\/uploads\/2013\/03\/CE-Logo-2013.jpg\",\"contentUrl\":\"https:\/\/content.carib-export.com\/wp-content\/uploads\/2013\/03\/CE-Logo-2013.jpg\",\"width\":1024,\"height\":244,\"caption\":\"Agence carib\u00e9enne de d\u00e9veloppement des exportations\"},\"image\":{\"@id\":\"https:\/\/content.carib-export.com\/fr\/#\/schema\/logo\/image\/\"},\"sameAs\":[\"https:\/\/www.facebook.com\/CaribbeanExport\",\"https:\/\/x.com\/CaribXport\",\"https:\/\/www.instagram.com\/caribbeanexport\",\"https:\/\/www.linkedin.com\/company\/caribbeanexport\",\"https:\/\/www.youtube.com\/user\/TheCaribbeanExport\"]}]}<\/script>\n<!-- \/ Yoast SEO plugin. -->","yoast_head_json":{"title":"de GRIT - Exportation Cara\u00efbes","robots":{"index":"index","follow":"follow","max-snippet":"max-snippet:-1","max-image-preview":"max-image-preview:large","max-video-preview":"max-video-preview:-1"},"canonical":"https:\/\/content.carib-export.com\/fr\/resources\/technical-assistance\/grit\/","og_locale":"fr_FR","og_type":"article","og_title":"de GRIT - Exportation Cara\u00efbes","og_description":"Le projet GRIT (Generating Resilient and Inclusive Trade) des femmes entrepreneurs des Cara\u00efbes est financ\u00e9 par Affaires mondiales Canada (GAC) et mis en \u0153uvre par Caribbean Export. Le projet est con\u00e7u pour accro\u00eetre la productivit\u00e9, la comp\u00e9titivit\u00e9 et la pr\u00e9paration \u00e0 l&rsquo;exportation des entreprises dirig\u00e9es par des femmes dans les Cara\u00efbes (). Au-del\u00e0 de ses [&hellip;]","og_url":"https:\/\/content.carib-export.com\/fr\/resources\/technical-assistance\/grit\/","og_site_name":"Exportation Cara\u00efbes","article_publisher":"https:\/\/www.facebook.com\/CaribbeanExport","article_modified_time":"2026-02-24T09:49:57+00:00","og_image":[{"width":1920,"height":1080,"url":"https:\/\/content.carib-export.com\/wp-content\/uploads\/2026\/02\/CE-GRIT-25-Holding-Screen.jpg","type":"image\/jpeg"}],"twitter_card":"summary_large_image","twitter_site":"@CaribXport","twitter_misc":{"Dur\u00e9e de lecture estim\u00e9e":"1 minute"},"schema":{"@context":"https:\/\/schema.org","@graph":[{"@type":"WebPage","@id":"https:\/\/content.carib-export.com\/fr\/resources\/technical-assistance\/grit\/","url":"https:\/\/content.carib-export.com\/fr\/resources\/technical-assistance\/grit\/","name":"de GRIT - Exportation Cara\u00efbes","isPartOf":{"@id":"https:\/\/content.carib-export.com\/fr\/#website"},"primaryImageOfPage":{"@id":"https:\/\/content.carib-export.com\/fr\/resources\/technical-assistance\/grit\/#primaryimage"},"image":{"@id":"https:\/\/content.carib-export.com\/fr\/resources\/technical-assistance\/grit\/#primaryimage"},"thumbnailUrl":"https:\/\/content.carib-export.com\/wp-content\/uploads\/2026\/02\/CE-GRIT-25-Holding-Screen.jpg","datePublished":"2026-02-23T21:29:15+00:00","dateModified":"2026-02-24T09:49:57+00:00","breadcrumb":{"@id":"https:\/\/content.carib-export.com\/fr\/resources\/technical-assistance\/grit\/#breadcrumb"},"inLanguage":"fr-FR","potentialAction":[{"@type":"ReadAction","target":["https:\/\/content.carib-export.com\/fr\/resources\/technical-assistance\/grit\/"]}]},{"@type":"ImageObject","inLanguage":"fr-FR","@id":"https:\/\/content.carib-export.com\/fr\/resources\/technical-assistance\/grit\/#primaryimage","url":"https:\/\/content.carib-export.com\/wp-content\/uploads\/2026\/02\/CE-GRIT-25-Holding-Screen.jpg","contentUrl":"https:\/\/content.carib-export.com\/wp-content\/uploads\/2026\/02\/CE-GRIT-25-Holding-Screen.jpg","width":1920,"height":1080},{"@type":"BreadcrumbList","@id":"https:\/\/content.carib-export.com\/fr\/resources\/technical-assistance\/grit\/#breadcrumb","itemListElement":[{"@type":"ListItem","position":1,"name":"Accueil","item":"https:\/\/content.carib-export.com\/fr\/home\/"},{"@type":"ListItem","position":2,"name":"Ressources","item":"https:\/\/content.carib-export.com\/fr\/resources\/"},{"@type":"ListItem","position":3,"name":"Assistance technique","item":"https:\/\/content.carib-export.com\/fr\/resources\/technical-assistance\/"},{"@type":"ListItem","position":4,"name":"GRIT"}]},{"@type":"WebSite","@id":"https:\/\/content.carib-export.com\/fr\/#website","url":"https:\/\/content.carib-export.com\/fr\/","name":"Exportation Cara\u00efbes","description":"La seule agence r\u00e9gionale de promotion du commerce et des investissements du groupe Afrique, Cara\u00efbes et Pacifique.","publisher":{"@id":"https:\/\/content.carib-export.com\/fr\/#organization"},"potentialAction":[{"@type":"SearchAction","target":{"@type":"EntryPoint","urlTemplate":"https:\/\/content.carib-export.com\/fr\/?s={search_term_string}"},"query-input":{"@type":"PropertyValueSpecification","valueRequired":true,"valueName":"search_term_string"}}],"inLanguage":"fr-FR"},{"@type":"Organization","@id":"https:\/\/content.carib-export.com\/fr\/#organization","name":"Agence carib\u00e9enne de d\u00e9veloppement des exportations","url":"https:\/\/content.carib-export.com\/fr\/","logo":{"@type":"ImageObject","inLanguage":"fr-FR","@id":"https:\/\/content.carib-export.com\/fr\/#\/schema\/logo\/image\/","url":"https:\/\/content.carib-export.com\/wp-content\/uploads\/2013\/03\/CE-Logo-2013.jpg","contentUrl":"https:\/\/content.carib-export.com\/wp-content\/uploads\/2013\/03\/CE-Logo-2013.jpg","width":1024,"height":244,"caption":"Agence carib\u00e9enne de d\u00e9veloppement des exportations"},"image":{"@id":"https:\/\/content.carib-export.com\/fr\/#\/schema\/logo\/image\/"},"sameAs":["https:\/\/www.facebook.com\/CaribbeanExport","https:\/\/x.com\/CaribXport","https:\/\/www.instagram.com\/caribbeanexport","https:\/\/www.linkedin.com\/company\/caribbeanexport","https:\/\/www.youtube.com\/user\/TheCaribbeanExport"]}]}},"_links":{"self":[{"href":"https:\/\/content.carib-export.com\/fr\/wp-json\/wp\/v2\/pages\/383924","targetHints":{"allow":["GET"]}}],"collection":[{"href":"https:\/\/content.carib-export.com\/fr\/wp-json\/wp\/v2\/pages"}],"about":[{"href":"https:\/\/content.carib-export.com\/fr\/wp-json\/wp\/v2\/types\/page"}],"author":[{"embeddable":true,"href":"https:\/\/content.carib-export.com\/fr\/wp-json\/wp\/v2\/users\/10"}],"replies":[{"embeddable":true,"href":"https:\/\/content.carib-export.com\/fr\/wp-json\/wp\/v2\/comments?post=383924"}],"version-history":[{"count":0,"href":"https:\/\/content.carib-export.com\/fr\/wp-json\/wp\/v2\/pages\/383924\/revisions"}],"up":[{"embeddable":true,"href":"https:\/\/content.carib-export.com\/fr\/wp-json\/wp\/v2\/pages\/256321"}],"wp:featuredmedia":[{"embeddable":true,"href":"https:\/\/content.carib-export.com\/fr\/wp-json\/wp\/v2\/media\/383921"}],"wp:attachment":[{"href":"https:\/\/content.carib-export.com\/fr\/wp-json\/wp\/v2\/media?parent=383924"}],"wp:term":[{"taxonomy":"post_tag","embeddable":true,"href":"https:\/\/content.carib-export.com\/fr\/wp-json\/wp\/v2\/tags?post=383924"}],"curies":[{"name":"wp","href":"https:\/\/api.w.org\/{rel}","templated":true}]}}