{"id":269576,"date":"2022-04-26T14:40:51","date_gmt":"2022-04-26T18:40:51","guid":{"rendered":"https:\/\/content.carib-export.com\/exporters\/bi-national-programme\/digital-design-center\/"},"modified":"2025-02-05T14:15:32","modified_gmt":"2025-02-05T18:15:32","slug":"digital-design-center","status":"publish","type":"page","link":"https:\/\/content.carib-export.com\/nl\/resources\/bi-national-programme\/digital-design-center\/","title":{"rendered":"Digitaal ontwerpcentrum"},"content":{"rendered":"\n<p>Het Digital Design Center bevordert de virtuele omgeving van uitgebreid leren, ontwikkeling van vaardigheden, getalenteerd werk en ontwerpen, 2D, 3D visuele computertechnologie\u00ebn terwijl het een omgeving cre\u00ebert voor effectieve productie van ambachten. <\/p>\n\n<p>In november 2021 volgden 20 juweliers uit Ha\u00efti en de Dominicaanse Republiek een driedaagse opleiding om nieuwe vaardigheden te leren in virtueel juweelontwerp en 3D-modellering.<\/p>\n\n<p>Caribbean Export Development Agency, in samenwerking met het Ministerie van Economie, Planning en Ontwikkeling van de Dominicaanse Republiek (MEPyD), het Bureau van de Nationale Ordonnateur voor Europese Ontwikkelingsfondsen in Ha\u00efti (BONFED), Het Nationaal Centrum voor Handwerk (CENADARTE), Het Directoraat voor de Promotie van Ambachten van het Vice Ministerie van Promotie van MIPYMES van het Ministerie van Industrie, Handel en MIPYMES heeft op woensdag 19 mei 2021 formeel het Digitaal Ontwerp Centrum voor Ambachten (CDDA) geopend dat gevestigd is in een van de klaslokalen van het Nationaal Centrum voor Ambachten (CENADARTE) in Santo Domingo, Dominicaanse Republiek.<\/p>\n","protected":false},"excerpt":{"rendered":"<p>Het Digital Design Center bevordert de virtuele omgeving van uitgebreid leren, ontwikkeling van vaardigheden, getalenteerd werk en ontwerpen, 2D, 3D visuele computertechnologie\u00ebn terwijl het een omgeving cre\u00ebert voor effectieve productie van ambachten. In november 2021 volgden 20 juweliers uit Ha\u00efti en de Dominicaanse Republiek een driedaagse opleiding om nieuwe vaardigheden te leren in virtueel juweelontwerp [&hellip;]<\/p>\n","protected":false},"author":9,"featured_media":0,"parent":256214,"menu_order":0,"comment_status":"closed","ping_status":"closed","template":"","meta":{"_acf_changed":false,"inline_featured_image":false,"footnotes":""},"tags":[],"class_list":["post-269576","page","type-page","status-publish","hentry"],"acf":[],"yoast_head":"<!-- This site is optimized with the Yoast SEO plugin v27.1.1 - https:\/\/yoast.com\/product\/yoast-seo-wordpress\/ -->\n<title>Digitaal ontwerpcentrum - Caribische Export<\/title>\n<meta name=\"robots\" content=\"index, follow, max-snippet:-1, max-image-preview:large, max-video-preview:-1\" \/>\n<link rel=\"canonical\" href=\"https:\/\/content.carib-export.com\/nl\/resources\/bi-national-programme\/digital-design-center\/\" \/>\n<meta property=\"og:locale\" content=\"nl_NL\" \/>\n<meta property=\"og:type\" content=\"article\" \/>\n<meta property=\"og:title\" content=\"Digitaal ontwerpcentrum - Caribische Export\" \/>\n<meta property=\"og:description\" content=\"Het Digital Design Center bevordert de virtuele omgeving van uitgebreid leren, ontwikkeling van vaardigheden, getalenteerd werk en ontwerpen, 2D, 3D visuele computertechnologie\u00ebn terwijl het een omgeving cre\u00ebert voor effectieve productie van ambachten. In november 2021 volgden 20 juweliers uit Ha\u00efti en de Dominicaanse Republiek een driedaagse opleiding om nieuwe vaardigheden te leren in virtueel juweelontwerp [&hellip;]\" \/>\n<meta property=\"og:url\" content=\"https:\/\/content.carib-export.com\/nl\/resources\/bi-national-programme\/digital-design-center\/\" \/>\n<meta property=\"og:site_name\" content=\"Caribische Export\" \/>\n<meta property=\"article:publisher\" content=\"https:\/\/www.facebook.com\/CaribbeanExport\" \/>\n<meta property=\"article:modified_time\" content=\"2025-02-05T18:15:32+00:00\" \/>\n<meta property=\"og:image\" content=\"https:\/\/content.carib-export.com\/wp-content\/uploads\/2019\/06\/CEDA-default-square.jpg\" \/>\n\t<meta property=\"og:image:width\" content=\"1000\" \/>\n\t<meta property=\"og:image:height\" content=\"1000\" \/>\n\t<meta property=\"og:image:type\" content=\"image\/jpeg\" \/>\n<meta name=\"twitter:card\" content=\"summary_large_image\" \/>\n<meta name=\"twitter:site\" content=\"@CaribXport\" \/>\n<meta name=\"twitter:label1\" content=\"Geschatte leestijd\" \/>\n\t<meta name=\"twitter:data1\" content=\"1 minuut\" \/>\n<script type=\"application\/ld+json\" class=\"yoast-schema-graph\">{\"@context\":\"https:\/\/schema.org\",\"@graph\":[{\"@type\":\"WebPage\",\"@id\":\"https:\/\/content.carib-export.com\/nl\/resources\/bi-national-programme\/digital-design-center\/\",\"url\":\"https:\/\/content.carib-export.com\/nl\/resources\/bi-national-programme\/digital-design-center\/\",\"name\":\"Digitaal ontwerpcentrum - Caribische Export\",\"isPartOf\":{\"@id\":\"https:\/\/content.carib-export.com\/nl\/#website\"},\"datePublished\":\"2022-04-26T18:40:51+00:00\",\"dateModified\":\"2025-02-05T18:15:32+00:00\",\"breadcrumb\":{\"@id\":\"https:\/\/content.carib-export.com\/nl\/resources\/bi-national-programme\/digital-design-center\/#breadcrumb\"},\"inLanguage\":\"nl-NL\",\"potentialAction\":[{\"@type\":\"ReadAction\",\"target\":[\"https:\/\/content.carib-export.com\/nl\/resources\/bi-national-programme\/digital-design-center\/\"]}]},{\"@type\":\"BreadcrumbList\",\"@id\":\"https:\/\/content.carib-export.com\/nl\/resources\/bi-national-programme\/digital-design-center\/#breadcrumb\",\"itemListElement\":[{\"@type\":\"ListItem\",\"position\":1,\"name\":\"Huis\",\"item\":\"https:\/\/content.carib-export.com\/nl\/home\/\"},{\"@type\":\"ListItem\",\"position\":2,\"name\":\"Bronnen\",\"item\":\"https:\/\/content.carib-export.com\/nl\/resources\/\"},{\"@type\":\"ListItem\",\"position\":3,\"name\":\"Bi-nationaal programma\",\"item\":\"https:\/\/content.carib-export.com\/nl\/resources\/bi-national-programme\/\"},{\"@type\":\"ListItem\",\"position\":4,\"name\":\"Digitaal ontwerpcentrum\"}]},{\"@type\":\"WebSite\",\"@id\":\"https:\/\/content.carib-export.com\/nl\/#website\",\"url\":\"https:\/\/content.carib-export.com\/nl\/\",\"name\":\"Caribische Export\",\"description\":\"Het enige regionale bureau voor handels- en investeringsbevordering in de groep in Afrika, het Caribisch gebied en de Stille Oceaan.\",\"publisher\":{\"@id\":\"https:\/\/content.carib-export.com\/nl\/#organization\"},\"potentialAction\":[{\"@type\":\"SearchAction\",\"target\":{\"@type\":\"EntryPoint\",\"urlTemplate\":\"https:\/\/content.carib-export.com\/nl\/?s={search_term_string}\"},\"query-input\":{\"@type\":\"PropertyValueSpecification\",\"valueRequired\":true,\"valueName\":\"search_term_string\"}}],\"inLanguage\":\"nl-NL\"},{\"@type\":\"Organization\",\"@id\":\"https:\/\/content.carib-export.com\/nl\/#organization\",\"name\":\"Caribbean Export Development Agency\",\"url\":\"https:\/\/content.carib-export.com\/nl\/\",\"logo\":{\"@type\":\"ImageObject\",\"inLanguage\":\"nl-NL\",\"@id\":\"https:\/\/content.carib-export.com\/nl\/#\/schema\/logo\/image\/\",\"url\":\"https:\/\/content.carib-export.com\/wp-content\/uploads\/2013\/03\/CE-Logo-2013.jpg\",\"contentUrl\":\"https:\/\/content.carib-export.com\/wp-content\/uploads\/2013\/03\/CE-Logo-2013.jpg\",\"width\":1024,\"height\":244,\"caption\":\"Caribbean Export Development Agency\"},\"image\":{\"@id\":\"https:\/\/content.carib-export.com\/nl\/#\/schema\/logo\/image\/\"},\"sameAs\":[\"https:\/\/www.facebook.com\/CaribbeanExport\",\"https:\/\/x.com\/CaribXport\",\"https:\/\/www.instagram.com\/caribbeanexport\",\"https:\/\/www.linkedin.com\/company\/caribbeanexport\",\"https:\/\/www.youtube.com\/user\/TheCaribbeanExport\"]}]}<\/script>\n<!-- \/ Yoast SEO plugin. -->","yoast_head_json":{"title":"Digitaal ontwerpcentrum - Caribische Export","robots":{"index":"index","follow":"follow","max-snippet":"max-snippet:-1","max-image-preview":"max-image-preview:large","max-video-preview":"max-video-preview:-1"},"canonical":"https:\/\/content.carib-export.com\/nl\/resources\/bi-national-programme\/digital-design-center\/","og_locale":"nl_NL","og_type":"article","og_title":"Digitaal ontwerpcentrum - Caribische Export","og_description":"Het Digital Design Center bevordert de virtuele omgeving van uitgebreid leren, ontwikkeling van vaardigheden, getalenteerd werk en ontwerpen, 2D, 3D visuele computertechnologie\u00ebn terwijl het een omgeving cre\u00ebert voor effectieve productie van ambachten. In november 2021 volgden 20 juweliers uit Ha\u00efti en de Dominicaanse Republiek een driedaagse opleiding om nieuwe vaardigheden te leren in virtueel juweelontwerp [&hellip;]","og_url":"https:\/\/content.carib-export.com\/nl\/resources\/bi-national-programme\/digital-design-center\/","og_site_name":"Caribische Export","article_publisher":"https:\/\/www.facebook.com\/CaribbeanExport","article_modified_time":"2025-02-05T18:15:32+00:00","og_image":[{"width":1000,"height":1000,"url":"https:\/\/content.carib-export.com\/wp-content\/uploads\/2019\/06\/CEDA-default-square.jpg","type":"image\/jpeg"}],"twitter_card":"summary_large_image","twitter_site":"@CaribXport","twitter_misc":{"Geschatte leestijd":"1 minuut"},"schema":{"@context":"https:\/\/schema.org","@graph":[{"@type":"WebPage","@id":"https:\/\/content.carib-export.com\/nl\/resources\/bi-national-programme\/digital-design-center\/","url":"https:\/\/content.carib-export.com\/nl\/resources\/bi-national-programme\/digital-design-center\/","name":"Digitaal ontwerpcentrum - Caribische Export","isPartOf":{"@id":"https:\/\/content.carib-export.com\/nl\/#website"},"datePublished":"2022-04-26T18:40:51+00:00","dateModified":"2025-02-05T18:15:32+00:00","breadcrumb":{"@id":"https:\/\/content.carib-export.com\/nl\/resources\/bi-national-programme\/digital-design-center\/#breadcrumb"},"inLanguage":"nl-NL","potentialAction":[{"@type":"ReadAction","target":["https:\/\/content.carib-export.com\/nl\/resources\/bi-national-programme\/digital-design-center\/"]}]},{"@type":"BreadcrumbList","@id":"https:\/\/content.carib-export.com\/nl\/resources\/bi-national-programme\/digital-design-center\/#breadcrumb","itemListElement":[{"@type":"ListItem","position":1,"name":"Huis","item":"https:\/\/content.carib-export.com\/nl\/home\/"},{"@type":"ListItem","position":2,"name":"Bronnen","item":"https:\/\/content.carib-export.com\/nl\/resources\/"},{"@type":"ListItem","position":3,"name":"Bi-nationaal programma","item":"https:\/\/content.carib-export.com\/nl\/resources\/bi-national-programme\/"},{"@type":"ListItem","position":4,"name":"Digitaal ontwerpcentrum"}]},{"@type":"WebSite","@id":"https:\/\/content.carib-export.com\/nl\/#website","url":"https:\/\/content.carib-export.com\/nl\/","name":"Caribische Export","description":"Het enige regionale bureau voor handels- en investeringsbevordering in de groep in Afrika, het Caribisch gebied en de Stille Oceaan.","publisher":{"@id":"https:\/\/content.carib-export.com\/nl\/#organization"},"potentialAction":[{"@type":"SearchAction","target":{"@type":"EntryPoint","urlTemplate":"https:\/\/content.carib-export.com\/nl\/?s={search_term_string}"},"query-input":{"@type":"PropertyValueSpecification","valueRequired":true,"valueName":"search_term_string"}}],"inLanguage":"nl-NL"},{"@type":"Organization","@id":"https:\/\/content.carib-export.com\/nl\/#organization","name":"Caribbean Export Development Agency","url":"https:\/\/content.carib-export.com\/nl\/","logo":{"@type":"ImageObject","inLanguage":"nl-NL","@id":"https:\/\/content.carib-export.com\/nl\/#\/schema\/logo\/image\/","url":"https:\/\/content.carib-export.com\/wp-content\/uploads\/2013\/03\/CE-Logo-2013.jpg","contentUrl":"https:\/\/content.carib-export.com\/wp-content\/uploads\/2013\/03\/CE-Logo-2013.jpg","width":1024,"height":244,"caption":"Caribbean Export Development Agency"},"image":{"@id":"https:\/\/content.carib-export.com\/nl\/#\/schema\/logo\/image\/"},"sameAs":["https:\/\/www.facebook.com\/CaribbeanExport","https:\/\/x.com\/CaribXport","https:\/\/www.instagram.com\/caribbeanexport","https:\/\/www.linkedin.com\/company\/caribbeanexport","https:\/\/www.youtube.com\/user\/TheCaribbeanExport"]}]}},"_links":{"self":[{"href":"https:\/\/content.carib-export.com\/nl\/wp-json\/wp\/v2\/pages\/269576","targetHints":{"allow":["GET"]}}],"collection":[{"href":"https:\/\/content.carib-export.com\/nl\/wp-json\/wp\/v2\/pages"}],"about":[{"href":"https:\/\/content.carib-export.com\/nl\/wp-json\/wp\/v2\/types\/page"}],"author":[{"embeddable":true,"href":"https:\/\/content.carib-export.com\/nl\/wp-json\/wp\/v2\/users\/9"}],"replies":[{"embeddable":true,"href":"https:\/\/content.carib-export.com\/nl\/wp-json\/wp\/v2\/comments?post=269576"}],"version-history":[{"count":0,"href":"https:\/\/content.carib-export.com\/nl\/wp-json\/wp\/v2\/pages\/269576\/revisions"}],"up":[{"embeddable":true,"href":"https:\/\/content.carib-export.com\/nl\/wp-json\/wp\/v2\/pages\/256214"}],"wp:attachment":[{"href":"https:\/\/content.carib-export.com\/nl\/wp-json\/wp\/v2\/media?parent=269576"}],"wp:term":[{"taxonomy":"post_tag","embeddable":true,"href":"https:\/\/content.carib-export.com\/nl\/wp-json\/wp\/v2\/tags?post=269576"}],"curies":[{"name":"wp","href":"https:\/\/api.w.org\/{rel}","templated":true}]}}