{"id":373529,"date":"2025-01-30T12:19:38","date_gmt":"2025-01-30T16:19:38","guid":{"rendered":"https:\/\/demo.content.carib-export.com\/our-work\/projects\/sustainable-development\/"},"modified":"2025-02-17T19:42:00","modified_gmt":"2025-02-17T23:42:00","slug":"sustainable-development","status":"publish","type":"page","link":"https:\/\/content.carib-export.com\/nl\/our-work\/projects\/sustainable-development\/","title":{"rendered":"Duurzame ontwikkeling"},"content":{"rendered":"\n<p>Bouwen aan een duurzame toekomst voor het Caribisch gebied<\/p>\n\n<p>Bij het Caribbean Export Development Agency stimuleren we de overgang naar een meer duurzame en inclusieve Caribische economie. Via onze programma&#8217;s voor duurzame ontwikkeling ondersteunen we bedrijven bij het invoeren van verantwoorde praktijken die economische groei in evenwicht brengen met sociaal welzijn en milieubeheer. Onze initiatieven richten zich op het stimuleren van groene industrie\u00ebn, het bevorderen van klimaatbestendigheid en het integreren van duurzaamheid in handels- en investeringsstrategie\u00ebn. Door bedrijven de middelen en kennis te geven om duurzaam te werken, cre\u00ebren we een toekomst waarin Caribische bedrijven floreren en tegelijkertijd onze natuurlijke hulpbronnen voor toekomstige generaties behouden blijven. Help ons mee vorm te geven aan een veerkrachtig en welvarend Caribisch gebied.    <\/p>\n","protected":false},"excerpt":{"rendered":"<p>Bouwen aan een duurzame toekomst voor het Caribisch gebied Bij het Caribbean Export Development Agency stimuleren we de overgang naar een meer duurzame en inclusieve Caribische economie. Via onze programma&#8217;s voor duurzame ontwikkeling ondersteunen we bedrijven bij het invoeren van verantwoorde praktijken die economische groei in evenwicht brengen met sociaal welzijn en milieubeheer. Onze initiatieven [&hellip;]<\/p>\n","protected":false},"author":8,"featured_media":325290,"parent":308167,"menu_order":2,"comment_status":"closed","ping_status":"closed","template":"project-section.php","meta":{"_acf_changed":false,"inline_featured_image":false,"footnotes":""},"tags":[],"class_list":["post-373529","page","type-page","status-publish","has-post-thumbnail","hentry"],"acf":[],"yoast_head":"<!-- This site is optimized with the Yoast SEO plugin v27.1.1 - https:\/\/yoast.com\/product\/yoast-seo-wordpress\/ -->\n<title>Duurzame ontwikkeling - Caribische Export<\/title>\n<meta name=\"robots\" content=\"index, follow, max-snippet:-1, max-image-preview:large, max-video-preview:-1\" \/>\n<link rel=\"canonical\" href=\"https:\/\/content.carib-export.com\/nl\/our-work\/projects\/sustainable-development\/\" \/>\n<meta property=\"og:locale\" content=\"nl_NL\" \/>\n<meta property=\"og:type\" content=\"article\" \/>\n<meta property=\"og:title\" content=\"Duurzame ontwikkeling - Caribische Export\" \/>\n<meta property=\"og:description\" content=\"Bouwen aan een duurzame toekomst voor het Caribisch gebied Bij het Caribbean Export Development Agency stimuleren we de overgang naar een meer duurzame en inclusieve Caribische economie. Via onze programma&#8217;s voor duurzame ontwikkeling ondersteunen we bedrijven bij het invoeren van verantwoorde praktijken die economische groei in evenwicht brengen met sociaal welzijn en milieubeheer. Onze initiatieven [&hellip;]\" \/>\n<meta property=\"og:url\" content=\"https:\/\/content.carib-export.com\/nl\/our-work\/projects\/sustainable-development\/\" \/>\n<meta property=\"og:site_name\" content=\"Caribische Export\" \/>\n<meta property=\"article:publisher\" content=\"https:\/\/www.facebook.com\/CaribbeanExport\" \/>\n<meta property=\"article:modified_time\" content=\"2025-02-17T23:42:00+00:00\" \/>\n<meta property=\"og:image\" content=\"https:\/\/content.carib-export.com\/wp-content\/uploads\/2024\/10\/New-website-featured-image-1500-x-1125-64.jpg\" \/>\n\t<meta property=\"og:image:width\" content=\"1500\" \/>\n\t<meta property=\"og:image:height\" content=\"1125\" \/>\n\t<meta property=\"og:image:type\" content=\"image\/jpeg\" \/>\n<meta name=\"twitter:card\" content=\"summary_large_image\" \/>\n<meta name=\"twitter:site\" content=\"@CaribXport\" \/>\n<meta name=\"twitter:label1\" content=\"Geschatte leestijd\" \/>\n\t<meta name=\"twitter:data1\" content=\"1 minuut\" \/>\n<script type=\"application\/ld+json\" class=\"yoast-schema-graph\">{\"@context\":\"https:\/\/schema.org\",\"@graph\":[{\"@type\":\"WebPage\",\"@id\":\"https:\/\/content.carib-export.com\/nl\/our-work\/projects\/sustainable-development\/\",\"url\":\"https:\/\/content.carib-export.com\/nl\/our-work\/projects\/sustainable-development\/\",\"name\":\"Duurzame ontwikkeling - Caribische Export\",\"isPartOf\":{\"@id\":\"https:\/\/content.carib-export.com\/nl\/#website\"},\"primaryImageOfPage\":{\"@id\":\"https:\/\/content.carib-export.com\/nl\/our-work\/projects\/sustainable-development\/#primaryimage\"},\"image\":{\"@id\":\"https:\/\/content.carib-export.com\/nl\/our-work\/projects\/sustainable-development\/#primaryimage\"},\"thumbnailUrl\":\"https:\/\/content.carib-export.com\/wp-content\/uploads\/2024\/10\/New-website-featured-image-1500-x-1125-64.jpg\",\"datePublished\":\"2025-01-30T16:19:38+00:00\",\"dateModified\":\"2025-02-17T23:42:00+00:00\",\"breadcrumb\":{\"@id\":\"https:\/\/content.carib-export.com\/nl\/our-work\/projects\/sustainable-development\/#breadcrumb\"},\"inLanguage\":\"nl-NL\",\"potentialAction\":[{\"@type\":\"ReadAction\",\"target\":[\"https:\/\/content.carib-export.com\/nl\/our-work\/projects\/sustainable-development\/\"]}]},{\"@type\":\"ImageObject\",\"inLanguage\":\"nl-NL\",\"@id\":\"https:\/\/content.carib-export.com\/nl\/our-work\/projects\/sustainable-development\/#primaryimage\",\"url\":\"https:\/\/content.carib-export.com\/wp-content\/uploads\/2024\/10\/New-website-featured-image-1500-x-1125-64.jpg\",\"contentUrl\":\"https:\/\/content.carib-export.com\/wp-content\/uploads\/2024\/10\/New-website-featured-image-1500-x-1125-64.jpg\",\"width\":1500,\"height\":1125},{\"@type\":\"BreadcrumbList\",\"@id\":\"https:\/\/content.carib-export.com\/nl\/our-work\/projects\/sustainable-development\/#breadcrumb\",\"itemListElement\":[{\"@type\":\"ListItem\",\"position\":1,\"name\":\"Huis\",\"item\":\"https:\/\/content.carib-export.com\/nl\/home\/\"},{\"@type\":\"ListItem\",\"position\":2,\"name\":\"Ons werk\",\"item\":\"https:\/\/content.carib-export.com\/nl\/our-work\/\"},{\"@type\":\"ListItem\",\"position\":3,\"name\":\"Projecten\",\"item\":\"https:\/\/content.carib-export.com\/nl\/our-work\/projects\/\"},{\"@type\":\"ListItem\",\"position\":4,\"name\":\"Duurzame ontwikkeling\"}]},{\"@type\":\"WebSite\",\"@id\":\"https:\/\/content.carib-export.com\/nl\/#website\",\"url\":\"https:\/\/content.carib-export.com\/nl\/\",\"name\":\"Caribische Export\",\"description\":\"Het enige regionale bureau voor handels- en investeringsbevordering in de groep in Afrika, het Caribisch gebied en de Stille Oceaan.\",\"publisher\":{\"@id\":\"https:\/\/content.carib-export.com\/nl\/#organization\"},\"potentialAction\":[{\"@type\":\"SearchAction\",\"target\":{\"@type\":\"EntryPoint\",\"urlTemplate\":\"https:\/\/content.carib-export.com\/nl\/?s={search_term_string}\"},\"query-input\":{\"@type\":\"PropertyValueSpecification\",\"valueRequired\":true,\"valueName\":\"search_term_string\"}}],\"inLanguage\":\"nl-NL\"},{\"@type\":\"Organization\",\"@id\":\"https:\/\/content.carib-export.com\/nl\/#organization\",\"name\":\"Caribbean Export Development Agency\",\"url\":\"https:\/\/content.carib-export.com\/nl\/\",\"logo\":{\"@type\":\"ImageObject\",\"inLanguage\":\"nl-NL\",\"@id\":\"https:\/\/content.carib-export.com\/nl\/#\/schema\/logo\/image\/\",\"url\":\"https:\/\/content.carib-export.com\/wp-content\/uploads\/2013\/03\/CE-Logo-2013.jpg\",\"contentUrl\":\"https:\/\/content.carib-export.com\/wp-content\/uploads\/2013\/03\/CE-Logo-2013.jpg\",\"width\":1024,\"height\":244,\"caption\":\"Caribbean Export Development Agency\"},\"image\":{\"@id\":\"https:\/\/content.carib-export.com\/nl\/#\/schema\/logo\/image\/\"},\"sameAs\":[\"https:\/\/www.facebook.com\/CaribbeanExport\",\"https:\/\/x.com\/CaribXport\",\"https:\/\/www.instagram.com\/caribbeanexport\",\"https:\/\/www.linkedin.com\/company\/caribbeanexport\",\"https:\/\/www.youtube.com\/user\/TheCaribbeanExport\"]}]}<\/script>\n<!-- \/ Yoast SEO plugin. -->","yoast_head_json":{"title":"Duurzame ontwikkeling - Caribische Export","robots":{"index":"index","follow":"follow","max-snippet":"max-snippet:-1","max-image-preview":"max-image-preview:large","max-video-preview":"max-video-preview:-1"},"canonical":"https:\/\/content.carib-export.com\/nl\/our-work\/projects\/sustainable-development\/","og_locale":"nl_NL","og_type":"article","og_title":"Duurzame ontwikkeling - Caribische Export","og_description":"Bouwen aan een duurzame toekomst voor het Caribisch gebied Bij het Caribbean Export Development Agency stimuleren we de overgang naar een meer duurzame en inclusieve Caribische economie. Via onze programma&#8217;s voor duurzame ontwikkeling ondersteunen we bedrijven bij het invoeren van verantwoorde praktijken die economische groei in evenwicht brengen met sociaal welzijn en milieubeheer. Onze initiatieven [&hellip;]","og_url":"https:\/\/content.carib-export.com\/nl\/our-work\/projects\/sustainable-development\/","og_site_name":"Caribische Export","article_publisher":"https:\/\/www.facebook.com\/CaribbeanExport","article_modified_time":"2025-02-17T23:42:00+00:00","og_image":[{"width":1500,"height":1125,"url":"https:\/\/content.carib-export.com\/wp-content\/uploads\/2024\/10\/New-website-featured-image-1500-x-1125-64.jpg","type":"image\/jpeg"}],"twitter_card":"summary_large_image","twitter_site":"@CaribXport","twitter_misc":{"Geschatte leestijd":"1 minuut"},"schema":{"@context":"https:\/\/schema.org","@graph":[{"@type":"WebPage","@id":"https:\/\/content.carib-export.com\/nl\/our-work\/projects\/sustainable-development\/","url":"https:\/\/content.carib-export.com\/nl\/our-work\/projects\/sustainable-development\/","name":"Duurzame ontwikkeling - Caribische Export","isPartOf":{"@id":"https:\/\/content.carib-export.com\/nl\/#website"},"primaryImageOfPage":{"@id":"https:\/\/content.carib-export.com\/nl\/our-work\/projects\/sustainable-development\/#primaryimage"},"image":{"@id":"https:\/\/content.carib-export.com\/nl\/our-work\/projects\/sustainable-development\/#primaryimage"},"thumbnailUrl":"https:\/\/content.carib-export.com\/wp-content\/uploads\/2024\/10\/New-website-featured-image-1500-x-1125-64.jpg","datePublished":"2025-01-30T16:19:38+00:00","dateModified":"2025-02-17T23:42:00+00:00","breadcrumb":{"@id":"https:\/\/content.carib-export.com\/nl\/our-work\/projects\/sustainable-development\/#breadcrumb"},"inLanguage":"nl-NL","potentialAction":[{"@type":"ReadAction","target":["https:\/\/content.carib-export.com\/nl\/our-work\/projects\/sustainable-development\/"]}]},{"@type":"ImageObject","inLanguage":"nl-NL","@id":"https:\/\/content.carib-export.com\/nl\/our-work\/projects\/sustainable-development\/#primaryimage","url":"https:\/\/content.carib-export.com\/wp-content\/uploads\/2024\/10\/New-website-featured-image-1500-x-1125-64.jpg","contentUrl":"https:\/\/content.carib-export.com\/wp-content\/uploads\/2024\/10\/New-website-featured-image-1500-x-1125-64.jpg","width":1500,"height":1125},{"@type":"BreadcrumbList","@id":"https:\/\/content.carib-export.com\/nl\/our-work\/projects\/sustainable-development\/#breadcrumb","itemListElement":[{"@type":"ListItem","position":1,"name":"Huis","item":"https:\/\/content.carib-export.com\/nl\/home\/"},{"@type":"ListItem","position":2,"name":"Ons werk","item":"https:\/\/content.carib-export.com\/nl\/our-work\/"},{"@type":"ListItem","position":3,"name":"Projecten","item":"https:\/\/content.carib-export.com\/nl\/our-work\/projects\/"},{"@type":"ListItem","position":4,"name":"Duurzame ontwikkeling"}]},{"@type":"WebSite","@id":"https:\/\/content.carib-export.com\/nl\/#website","url":"https:\/\/content.carib-export.com\/nl\/","name":"Caribische Export","description":"Het enige regionale bureau voor handels- en investeringsbevordering in de groep in Afrika, het Caribisch gebied en de Stille Oceaan.","publisher":{"@id":"https:\/\/content.carib-export.com\/nl\/#organization"},"potentialAction":[{"@type":"SearchAction","target":{"@type":"EntryPoint","urlTemplate":"https:\/\/content.carib-export.com\/nl\/?s={search_term_string}"},"query-input":{"@type":"PropertyValueSpecification","valueRequired":true,"valueName":"search_term_string"}}],"inLanguage":"nl-NL"},{"@type":"Organization","@id":"https:\/\/content.carib-export.com\/nl\/#organization","name":"Caribbean Export Development Agency","url":"https:\/\/content.carib-export.com\/nl\/","logo":{"@type":"ImageObject","inLanguage":"nl-NL","@id":"https:\/\/content.carib-export.com\/nl\/#\/schema\/logo\/image\/","url":"https:\/\/content.carib-export.com\/wp-content\/uploads\/2013\/03\/CE-Logo-2013.jpg","contentUrl":"https:\/\/content.carib-export.com\/wp-content\/uploads\/2013\/03\/CE-Logo-2013.jpg","width":1024,"height":244,"caption":"Caribbean Export Development Agency"},"image":{"@id":"https:\/\/content.carib-export.com\/nl\/#\/schema\/logo\/image\/"},"sameAs":["https:\/\/www.facebook.com\/CaribbeanExport","https:\/\/x.com\/CaribXport","https:\/\/www.instagram.com\/caribbeanexport","https:\/\/www.linkedin.com\/company\/caribbeanexport","https:\/\/www.youtube.com\/user\/TheCaribbeanExport"]}]}},"_links":{"self":[{"href":"https:\/\/content.carib-export.com\/nl\/wp-json\/wp\/v2\/pages\/373529","targetHints":{"allow":["GET"]}}],"collection":[{"href":"https:\/\/content.carib-export.com\/nl\/wp-json\/wp\/v2\/pages"}],"about":[{"href":"https:\/\/content.carib-export.com\/nl\/wp-json\/wp\/v2\/types\/page"}],"author":[{"embeddable":true,"href":"https:\/\/content.carib-export.com\/nl\/wp-json\/wp\/v2\/users\/8"}],"replies":[{"embeddable":true,"href":"https:\/\/content.carib-export.com\/nl\/wp-json\/wp\/v2\/comments?post=373529"}],"version-history":[{"count":0,"href":"https:\/\/content.carib-export.com\/nl\/wp-json\/wp\/v2\/pages\/373529\/revisions"}],"up":[{"embeddable":true,"href":"https:\/\/content.carib-export.com\/nl\/wp-json\/wp\/v2\/pages\/308167"}],"wp:featuredmedia":[{"embeddable":true,"href":"https:\/\/content.carib-export.com\/nl\/wp-json\/wp\/v2\/media\/325290"}],"wp:attachment":[{"href":"https:\/\/content.carib-export.com\/nl\/wp-json\/wp\/v2\/media?parent=373529"}],"wp:term":[{"taxonomy":"post_tag","embeddable":true,"href":"https:\/\/content.carib-export.com\/nl\/wp-json\/wp\/v2\/tags?post=373529"}],"curies":[{"name":"wp","href":"https:\/\/api.w.org\/{rel}","templated":true}]}}